{"id":7327,"date":"2015-07-16T12:52:01","date_gmt":"2016-01-04T11:33:15","guid":{"rendered":"https:\/\/svilupporaytech.com\/?post_type=product&#038;p=7327&#038;lang=fr"},"modified":"2016-09-22T09:55:28","modified_gmt":"2016-09-22T09:55:28","slug":"barriere-ignifuge-en-panneaux","status":"publish","type":"product","link":"https:\/\/svilupporaytech.com\/fr\/produit\/basse-tension\/barrieres-ignifuges\/barriere-ignifuge-en-panneaux\/","title":{"rendered":"Barri\u00e8re ignifuge en panneaux"},"content":{"rendered":"<h4><span style=\"color: #009832;\">Fire Stop Panel<br \/>\nBarri\u00e8re ignifuge en\u00a0panneaux<br \/>\n<\/span><\/h4>\n<p>Panneaux ignifuges rev\u00eatus avec mastic qui \u00e9vite la propagation du feu dans les cavit\u00e9s\u00a0de s\u00e9parateurs de cloisons. Ils sont appliqu\u00e9s pour fermer et \u00e9tanchet les ouvertures et les\u00a0vides dans les parois de mani\u00e8re sure et \u00e9conomique.<\/p>\n<ul>\n<li><span style=\"color: #009832;\">Conditionn\u00e9s dans de la laine de roche<\/span><\/li>\n<li><span style=\"color: #009832;\">Rev\u00eatus de mastic\u00a0<\/span><\/li>\n<li><span style=\"color: #009832;\">R\u00e9sistant aux moisissures et aux bact\u00e9ries<\/span><\/li>\n<\/ul>\n","protected":false},"excerpt":{"rendered":"<p>Dimensioni 600x500x52<\/p>\n","protected":false},"featured_media":1521,"template":"","meta":[],"product_cat":[136,137],"product_tag":[],"yoast_head":"<!-- This site is optimized with the Yoast SEO plugin v22.7 - https:\/\/yoast.com\/wordpress\/plugins\/seo\/ -->\n<title>Barri\u00e8re ignifuge en panneaux | Raytech<\/title>\n<meta name=\"robots\" content=\"index, follow, max-snippet:-1, max-image-preview:large, max-video-preview:-1\" \/>\n<link rel=\"canonical\" href=\"https:\/\/svilupporaytech.com\/fr\/produit\/basse-tension\/barrieres-ignifuges\/barriere-ignifuge-en-panneaux\/\" \/>\n<meta property=\"og:locale\" content=\"fr_FR\" \/>\n<meta property=\"og:type\" content=\"article\" \/>\n<meta property=\"og:title\" content=\"Barri\u00e8re ignifuge en panneaux | Raytech\" \/>\n<meta property=\"og:description\" content=\"Dimensioni 600x500x52\" \/>\n<meta property=\"og:url\" content=\"https:\/\/svilupporaytech.com\/fr\/produit\/basse-tension\/barrieres-ignifuges\/barriere-ignifuge-en-panneaux\/\" \/>\n<meta property=\"og:site_name\" content=\"Raytech\" \/>\n<meta property=\"article:modified_time\" content=\"2016-09-22T09:55:28+00:00\" \/>\n<meta property=\"og:image\" content=\"https:\/\/svilupporaytech.com\/wp-content\/uploads\/fire-stop-panel.jpg\" \/>\n\t<meta property=\"og:image:width\" content=\"500\" \/>\n\t<meta property=\"og:image:height\" content=\"500\" \/>\n\t<meta property=\"og:image:type\" content=\"image\/jpeg\" \/>\n<meta name=\"twitter:card\" content=\"summary_large_image\" \/>\n<script type=\"application\/ld+json\" class=\"yoast-schema-graph\">{\"@context\":\"https:\/\/schema.org\",\"@graph\":[{\"@type\":\"WebPage\",\"@id\":\"https:\/\/svilupporaytech.com\/fr\/produit\/basse-tension\/barrieres-ignifuges\/barriere-ignifuge-en-panneaux\/\",\"url\":\"https:\/\/svilupporaytech.com\/fr\/produit\/basse-tension\/barrieres-ignifuges\/barriere-ignifuge-en-panneaux\/\",\"name\":\"Barri\u00e8re ignifuge en panneaux | Raytech\",\"isPartOf\":{\"@id\":\"https:\/\/svilupporaytech.com\/#website\"},\"primaryImageOfPage\":{\"@id\":\"https:\/\/svilupporaytech.com\/fr\/produit\/basse-tension\/barrieres-ignifuges\/barriere-ignifuge-en-panneaux\/#primaryimage\"},\"image\":{\"@id\":\"https:\/\/svilupporaytech.com\/fr\/produit\/basse-tension\/barrieres-ignifuges\/barriere-ignifuge-en-panneaux\/#primaryimage\"},\"thumbnailUrl\":\"https:\/\/svilupporaytech.com\/wp-content\/uploads\/fire-stop-panel.jpg\",\"datePublished\":\"2016-01-04T11:33:15+00:00\",\"dateModified\":\"2016-09-22T09:55:28+00:00\",\"breadcrumb\":{\"@id\":\"https:\/\/svilupporaytech.com\/fr\/produit\/basse-tension\/barrieres-ignifuges\/barriere-ignifuge-en-panneaux\/#breadcrumb\"},\"inLanguage\":\"fr-FR\",\"potentialAction\":[{\"@type\":\"ReadAction\",\"target\":[\"https:\/\/svilupporaytech.com\/fr\/produit\/basse-tension\/barrieres-ignifuges\/barriere-ignifuge-en-panneaux\/\"]}]},{\"@type\":\"ImageObject\",\"inLanguage\":\"fr-FR\",\"@id\":\"https:\/\/svilupporaytech.com\/fr\/produit\/basse-tension\/barrieres-ignifuges\/barriere-ignifuge-en-panneaux\/#primaryimage\",\"url\":\"https:\/\/svilupporaytech.com\/wp-content\/uploads\/fire-stop-panel.jpg\",\"contentUrl\":\"https:\/\/svilupporaytech.com\/wp-content\/uploads\/fire-stop-panel.jpg\",\"width\":500,\"height\":500},{\"@type\":\"BreadcrumbList\",\"@id\":\"https:\/\/svilupporaytech.com\/fr\/produit\/basse-tension\/barrieres-ignifuges\/barriere-ignifuge-en-panneaux\/#breadcrumb\",\"itemListElement\":[{\"@type\":\"ListItem\",\"position\":1,\"name\":\"Home\",\"item\":\"https:\/\/svilupporaytech.com\/fr\/\"},{\"@type\":\"ListItem\",\"position\":2,\"name\":\"Boutique\",\"item\":\"https:\/\/svilupporaytech.com\/fr\/boutique\/\"},{\"@type\":\"ListItem\",\"position\":3,\"name\":\"Barri\u00e8re ignifuge en panneaux\"}]},{\"@type\":\"WebSite\",\"@id\":\"https:\/\/svilupporaytech.com\/#website\",\"url\":\"https:\/\/svilupporaytech.com\/\",\"name\":\"Raytech\",\"description\":\"Cable accessories company\",\"potentialAction\":[{\"@type\":\"SearchAction\",\"target\":{\"@type\":\"EntryPoint\",\"urlTemplate\":\"https:\/\/svilupporaytech.com\/?s={search_term_string}\"},\"query-input\":\"required name=search_term_string\"}],\"inLanguage\":\"fr-FR\"}]}<\/script>\n<!-- \/ Yoast SEO plugin. -->","yoast_head_json":{"title":"Barri\u00e8re ignifuge en panneaux | Raytech","robots":{"index":"index","follow":"follow","max-snippet":"max-snippet:-1","max-image-preview":"max-image-preview:large","max-video-preview":"max-video-preview:-1"},"canonical":"https:\/\/svilupporaytech.com\/fr\/produit\/basse-tension\/barrieres-ignifuges\/barriere-ignifuge-en-panneaux\/","og_locale":"fr_FR","og_type":"article","og_title":"Barri\u00e8re ignifuge en panneaux | Raytech","og_description":"Dimensioni 600x500x52","og_url":"https:\/\/svilupporaytech.com\/fr\/produit\/basse-tension\/barrieres-ignifuges\/barriere-ignifuge-en-panneaux\/","og_site_name":"Raytech","article_modified_time":"2016-09-22T09:55:28+00:00","og_image":[{"width":500,"height":500,"url":"https:\/\/svilupporaytech.com\/wp-content\/uploads\/fire-stop-panel.jpg","type":"image\/jpeg"}],"twitter_card":"summary_large_image","schema":{"@context":"https:\/\/schema.org","@graph":[{"@type":"WebPage","@id":"https:\/\/svilupporaytech.com\/fr\/produit\/basse-tension\/barrieres-ignifuges\/barriere-ignifuge-en-panneaux\/","url":"https:\/\/svilupporaytech.com\/fr\/produit\/basse-tension\/barrieres-ignifuges\/barriere-ignifuge-en-panneaux\/","name":"Barri\u00e8re ignifuge en panneaux | Raytech","isPartOf":{"@id":"https:\/\/svilupporaytech.com\/#website"},"primaryImageOfPage":{"@id":"https:\/\/svilupporaytech.com\/fr\/produit\/basse-tension\/barrieres-ignifuges\/barriere-ignifuge-en-panneaux\/#primaryimage"},"image":{"@id":"https:\/\/svilupporaytech.com\/fr\/produit\/basse-tension\/barrieres-ignifuges\/barriere-ignifuge-en-panneaux\/#primaryimage"},"thumbnailUrl":"https:\/\/svilupporaytech.com\/wp-content\/uploads\/fire-stop-panel.jpg","datePublished":"2016-01-04T11:33:15+00:00","dateModified":"2016-09-22T09:55:28+00:00","breadcrumb":{"@id":"https:\/\/svilupporaytech.com\/fr\/produit\/basse-tension\/barrieres-ignifuges\/barriere-ignifuge-en-panneaux\/#breadcrumb"},"inLanguage":"fr-FR","potentialAction":[{"@type":"ReadAction","target":["https:\/\/svilupporaytech.com\/fr\/produit\/basse-tension\/barrieres-ignifuges\/barriere-ignifuge-en-panneaux\/"]}]},{"@type":"ImageObject","inLanguage":"fr-FR","@id":"https:\/\/svilupporaytech.com\/fr\/produit\/basse-tension\/barrieres-ignifuges\/barriere-ignifuge-en-panneaux\/#primaryimage","url":"https:\/\/svilupporaytech.com\/wp-content\/uploads\/fire-stop-panel.jpg","contentUrl":"https:\/\/svilupporaytech.com\/wp-content\/uploads\/fire-stop-panel.jpg","width":500,"height":500},{"@type":"BreadcrumbList","@id":"https:\/\/svilupporaytech.com\/fr\/produit\/basse-tension\/barrieres-ignifuges\/barriere-ignifuge-en-panneaux\/#breadcrumb","itemListElement":[{"@type":"ListItem","position":1,"name":"Home","item":"https:\/\/svilupporaytech.com\/fr\/"},{"@type":"ListItem","position":2,"name":"Boutique","item":"https:\/\/svilupporaytech.com\/fr\/boutique\/"},{"@type":"ListItem","position":3,"name":"Barri\u00e8re ignifuge en panneaux"}]},{"@type":"WebSite","@id":"https:\/\/svilupporaytech.com\/#website","url":"https:\/\/svilupporaytech.com\/","name":"Raytech","description":"Cable accessories company","potentialAction":[{"@type":"SearchAction","target":{"@type":"EntryPoint","urlTemplate":"https:\/\/svilupporaytech.com\/?s={search_term_string}"},"query-input":"required name=search_term_string"}],"inLanguage":"fr-FR"}]}},"_links":{"self":[{"href":"https:\/\/svilupporaytech.com\/fr\/wp-json\/wp\/v2\/product\/7327"}],"collection":[{"href":"https:\/\/svilupporaytech.com\/fr\/wp-json\/wp\/v2\/product"}],"about":[{"href":"https:\/\/svilupporaytech.com\/fr\/wp-json\/wp\/v2\/types\/product"}],"wp:featuredmedia":[{"embeddable":true,"href":"https:\/\/svilupporaytech.com\/fr\/wp-json\/wp\/v2\/media\/1521"}],"wp:attachment":[{"href":"https:\/\/svilupporaytech.com\/fr\/wp-json\/wp\/v2\/media?parent=7327"}],"wp:term":[{"taxonomy":"product_cat","embeddable":true,"href":"https:\/\/svilupporaytech.com\/fr\/wp-json\/wp\/v2\/product_cat?post=7327"},{"taxonomy":"product_tag","embeddable":true,"href":"https:\/\/svilupporaytech.com\/fr\/wp-json\/wp\/v2\/product_tag?post=7327"}],"curies":[{"name":"wp","href":"https:\/\/api.w.org\/{rel}","templated":true}]}}