{"id":7330,"date":"2015-07-16T12:57:46","date_gmt":"2016-01-04T11:54:07","guid":{"rendered":"https:\/\/svilupporaytech.com\/?post_type=product&#038;p=7330&#038;lang=fr"},"modified":"2017-12-18T10:14:01","modified_gmt":"2017-12-18T10:14:01","slug":"barriera-antifiamma-in-mastice-sigillante-intumescente","status":"publish","type":"product","link":"https:\/\/svilupporaytech.com\/fr\/produit\/basse-tension\/barrieres-ignifuges\/barriera-antifiamma-in-mastice-sigillante-intumescente\/","title":{"rendered":"Barri\u00e8re ignifuge en mastic intumescent pour sceller"},"content":{"rendered":"<h4><span style=\"color: #009832;\">Fire Stop Seal<br \/>\nBarri\u00e8re ignifuge en mastic intumescent pour sceller<\/span><\/h4>\n<p>Mastic intumescent de scellement qui \u00e9vite la propagation du feu dans les petits passages\u00a0entre les parois; il peut \u00eatre aussi utilis\u00e9 avec d\u2019autres types de barri\u00e8re. Il doit \u00eatre appliqu\u00e9\u00a0pour condamner le passage ou pour installer des barri\u00e8res dans les passage du cable.<\/p>\n<ul>\n<li><span style=\"color: #009832;\">Conditionn\u00e9 avec des polym\u00e8res<\/span><\/li>\n<li><span style=\"color: #009832;\">Fibres incombustibles et charges\u00a0intumescentes en solution aqueuse<\/span><\/li>\n<li><span style=\"color: #009832;\">Non-hygroscopiques et thixotropes<\/span><\/li>\n<li><span style=\"color: #009832;\">Peut \u00eatre appliqu\u00e9 \u00e0 la spatule<\/span><\/li>\n<\/ul>\n<h4><span style=\"color: #009832;\">Mastic scellant intumescent pour tuyaux annele\u0301s.<\/span><\/h4>\n<p>Mastic contenant du graphite hautement sensible a\u0300 la chaleur, spe\u0301cifique pour des tuyaux annele\u0301s e\u0301lectriques contenant des ca\u0302bles ; la traverse\u0301e peut contenir jusqu\u2019a\u0300 2 tuyaux annele\u0301s de 25 mm apparie\u0301s dans le me\u0302me trou, avec des ca\u0302bles de section jusqu\u2019a\u0300 10mm<sup>2<\/sup>.<\/p>\n","protected":false},"excerpt":{"rendered":"<p>Fire Stop Seal Barri\u00e8re ignifuge en mastic intumescent pour sceller Mastic intumescent de scellement qui \u00e9vite la propagation du feu dans les petits passages\u00a0entre les parois; il peut \u00eatre aussi<span class=\"excerpt-hellip\"> [\u2026]<\/span><\/p>\n","protected":false},"featured_media":1542,"template":"","meta":[],"product_cat":[136,137],"product_tag":[],"yoast_head":"<!-- This site is optimized with the Yoast SEO plugin v22.7 - https:\/\/yoast.com\/wordpress\/plugins\/seo\/ -->\n<title>Barri\u00e8re ignifuge en mastic intumescent pour sceller | Raytech<\/title>\n<meta name=\"robots\" content=\"index, follow, max-snippet:-1, max-image-preview:large, max-video-preview:-1\" \/>\n<link rel=\"canonical\" href=\"https:\/\/svilupporaytech.com\/fr\/produit\/basse-tension\/barrieres-ignifuges\/barriera-antifiamma-in-mastice-sigillante-intumescente\/\" \/>\n<meta property=\"og:locale\" content=\"fr_FR\" \/>\n<meta property=\"og:type\" content=\"article\" \/>\n<meta property=\"og:title\" content=\"Barri\u00e8re ignifuge en mastic intumescent pour sceller | Raytech\" \/>\n<meta property=\"og:description\" content=\"Fire Stop Seal Barri\u00e8re ignifuge en mastic intumescent pour sceller Mastic intumescent de scellement qui \u00e9vite la propagation du feu dans les petits passages\u00a0entre les parois; il peut \u00eatre aussi [\u2026]\" \/>\n<meta property=\"og:url\" content=\"https:\/\/svilupporaytech.com\/fr\/produit\/basse-tension\/barrieres-ignifuges\/barriera-antifiamma-in-mastice-sigillante-intumescente\/\" \/>\n<meta property=\"og:site_name\" content=\"Raytech\" \/>\n<meta property=\"article:modified_time\" content=\"2017-12-18T10:14:01+00:00\" \/>\n<meta property=\"og:image\" content=\"https:\/\/svilupporaytech.com\/wp-content\/uploads\/fire-stop-seal.jpg\" \/>\n\t<meta property=\"og:image:width\" content=\"500\" \/>\n\t<meta property=\"og:image:height\" content=\"500\" \/>\n\t<meta property=\"og:image:type\" content=\"image\/jpeg\" \/>\n<meta name=\"twitter:card\" content=\"summary_large_image\" \/>\n<meta name=\"twitter:label1\" content=\"Dur\u00e9e de lecture estim\u00e9e\" \/>\n\t<meta name=\"twitter:data1\" content=\"1 minute\" \/>\n<script type=\"application\/ld+json\" class=\"yoast-schema-graph\">{\"@context\":\"https:\/\/schema.org\",\"@graph\":[{\"@type\":\"WebPage\",\"@id\":\"https:\/\/svilupporaytech.com\/fr\/produit\/basse-tension\/barrieres-ignifuges\/barriera-antifiamma-in-mastice-sigillante-intumescente\/\",\"url\":\"https:\/\/svilupporaytech.com\/fr\/produit\/basse-tension\/barrieres-ignifuges\/barriera-antifiamma-in-mastice-sigillante-intumescente\/\",\"name\":\"Barri\u00e8re ignifuge en mastic intumescent pour sceller | Raytech\",\"isPartOf\":{\"@id\":\"https:\/\/svilupporaytech.com\/#website\"},\"primaryImageOfPage\":{\"@id\":\"https:\/\/svilupporaytech.com\/fr\/produit\/basse-tension\/barrieres-ignifuges\/barriera-antifiamma-in-mastice-sigillante-intumescente\/#primaryimage\"},\"image\":{\"@id\":\"https:\/\/svilupporaytech.com\/fr\/produit\/basse-tension\/barrieres-ignifuges\/barriera-antifiamma-in-mastice-sigillante-intumescente\/#primaryimage\"},\"thumbnailUrl\":\"https:\/\/svilupporaytech.com\/wp-content\/uploads\/fire-stop-seal.jpg\",\"datePublished\":\"2016-01-04T11:54:07+00:00\",\"dateModified\":\"2017-12-18T10:14:01+00:00\",\"breadcrumb\":{\"@id\":\"https:\/\/svilupporaytech.com\/fr\/produit\/basse-tension\/barrieres-ignifuges\/barriera-antifiamma-in-mastice-sigillante-intumescente\/#breadcrumb\"},\"inLanguage\":\"fr-FR\",\"potentialAction\":[{\"@type\":\"ReadAction\",\"target\":[\"https:\/\/svilupporaytech.com\/fr\/produit\/basse-tension\/barrieres-ignifuges\/barriera-antifiamma-in-mastice-sigillante-intumescente\/\"]}]},{\"@type\":\"ImageObject\",\"inLanguage\":\"fr-FR\",\"@id\":\"https:\/\/svilupporaytech.com\/fr\/produit\/basse-tension\/barrieres-ignifuges\/barriera-antifiamma-in-mastice-sigillante-intumescente\/#primaryimage\",\"url\":\"https:\/\/svilupporaytech.com\/wp-content\/uploads\/fire-stop-seal.jpg\",\"contentUrl\":\"https:\/\/svilupporaytech.com\/wp-content\/uploads\/fire-stop-seal.jpg\",\"width\":500,\"height\":500},{\"@type\":\"BreadcrumbList\",\"@id\":\"https:\/\/svilupporaytech.com\/fr\/produit\/basse-tension\/barrieres-ignifuges\/barriera-antifiamma-in-mastice-sigillante-intumescente\/#breadcrumb\",\"itemListElement\":[{\"@type\":\"ListItem\",\"position\":1,\"name\":\"Home\",\"item\":\"https:\/\/svilupporaytech.com\/fr\/\"},{\"@type\":\"ListItem\",\"position\":2,\"name\":\"Boutique\",\"item\":\"https:\/\/svilupporaytech.com\/fr\/boutique\/\"},{\"@type\":\"ListItem\",\"position\":3,\"name\":\"Barri\u00e8re ignifuge en mastic intumescent pour sceller\"}]},{\"@type\":\"WebSite\",\"@id\":\"https:\/\/svilupporaytech.com\/#website\",\"url\":\"https:\/\/svilupporaytech.com\/\",\"name\":\"Raytech\",\"description\":\"Cable accessories company\",\"potentialAction\":[{\"@type\":\"SearchAction\",\"target\":{\"@type\":\"EntryPoint\",\"urlTemplate\":\"https:\/\/svilupporaytech.com\/?s={search_term_string}\"},\"query-input\":\"required name=search_term_string\"}],\"inLanguage\":\"fr-FR\"}]}<\/script>\n<!-- \/ Yoast SEO plugin. -->","yoast_head_json":{"title":"Barri\u00e8re ignifuge en mastic intumescent pour sceller | Raytech","robots":{"index":"index","follow":"follow","max-snippet":"max-snippet:-1","max-image-preview":"max-image-preview:large","max-video-preview":"max-video-preview:-1"},"canonical":"https:\/\/svilupporaytech.com\/fr\/produit\/basse-tension\/barrieres-ignifuges\/barriera-antifiamma-in-mastice-sigillante-intumescente\/","og_locale":"fr_FR","og_type":"article","og_title":"Barri\u00e8re ignifuge en mastic intumescent pour sceller | Raytech","og_description":"Fire Stop Seal Barri\u00e8re ignifuge en mastic intumescent pour sceller Mastic intumescent de scellement qui \u00e9vite la propagation du feu dans les petits passages\u00a0entre les parois; il peut \u00eatre aussi [\u2026]","og_url":"https:\/\/svilupporaytech.com\/fr\/produit\/basse-tension\/barrieres-ignifuges\/barriera-antifiamma-in-mastice-sigillante-intumescente\/","og_site_name":"Raytech","article_modified_time":"2017-12-18T10:14:01+00:00","og_image":[{"width":500,"height":500,"url":"https:\/\/svilupporaytech.com\/wp-content\/uploads\/fire-stop-seal.jpg","type":"image\/jpeg"}],"twitter_card":"summary_large_image","twitter_misc":{"Dur\u00e9e de lecture estim\u00e9e":"1 minute"},"schema":{"@context":"https:\/\/schema.org","@graph":[{"@type":"WebPage","@id":"https:\/\/svilupporaytech.com\/fr\/produit\/basse-tension\/barrieres-ignifuges\/barriera-antifiamma-in-mastice-sigillante-intumescente\/","url":"https:\/\/svilupporaytech.com\/fr\/produit\/basse-tension\/barrieres-ignifuges\/barriera-antifiamma-in-mastice-sigillante-intumescente\/","name":"Barri\u00e8re ignifuge en mastic intumescent pour sceller | Raytech","isPartOf":{"@id":"https:\/\/svilupporaytech.com\/#website"},"primaryImageOfPage":{"@id":"https:\/\/svilupporaytech.com\/fr\/produit\/basse-tension\/barrieres-ignifuges\/barriera-antifiamma-in-mastice-sigillante-intumescente\/#primaryimage"},"image":{"@id":"https:\/\/svilupporaytech.com\/fr\/produit\/basse-tension\/barrieres-ignifuges\/barriera-antifiamma-in-mastice-sigillante-intumescente\/#primaryimage"},"thumbnailUrl":"https:\/\/svilupporaytech.com\/wp-content\/uploads\/fire-stop-seal.jpg","datePublished":"2016-01-04T11:54:07+00:00","dateModified":"2017-12-18T10:14:01+00:00","breadcrumb":{"@id":"https:\/\/svilupporaytech.com\/fr\/produit\/basse-tension\/barrieres-ignifuges\/barriera-antifiamma-in-mastice-sigillante-intumescente\/#breadcrumb"},"inLanguage":"fr-FR","potentialAction":[{"@type":"ReadAction","target":["https:\/\/svilupporaytech.com\/fr\/produit\/basse-tension\/barrieres-ignifuges\/barriera-antifiamma-in-mastice-sigillante-intumescente\/"]}]},{"@type":"ImageObject","inLanguage":"fr-FR","@id":"https:\/\/svilupporaytech.com\/fr\/produit\/basse-tension\/barrieres-ignifuges\/barriera-antifiamma-in-mastice-sigillante-intumescente\/#primaryimage","url":"https:\/\/svilupporaytech.com\/wp-content\/uploads\/fire-stop-seal.jpg","contentUrl":"https:\/\/svilupporaytech.com\/wp-content\/uploads\/fire-stop-seal.jpg","width":500,"height":500},{"@type":"BreadcrumbList","@id":"https:\/\/svilupporaytech.com\/fr\/produit\/basse-tension\/barrieres-ignifuges\/barriera-antifiamma-in-mastice-sigillante-intumescente\/#breadcrumb","itemListElement":[{"@type":"ListItem","position":1,"name":"Home","item":"https:\/\/svilupporaytech.com\/fr\/"},{"@type":"ListItem","position":2,"name":"Boutique","item":"https:\/\/svilupporaytech.com\/fr\/boutique\/"},{"@type":"ListItem","position":3,"name":"Barri\u00e8re ignifuge en mastic intumescent pour sceller"}]},{"@type":"WebSite","@id":"https:\/\/svilupporaytech.com\/#website","url":"https:\/\/svilupporaytech.com\/","name":"Raytech","description":"Cable accessories company","potentialAction":[{"@type":"SearchAction","target":{"@type":"EntryPoint","urlTemplate":"https:\/\/svilupporaytech.com\/?s={search_term_string}"},"query-input":"required name=search_term_string"}],"inLanguage":"fr-FR"}]}},"_links":{"self":[{"href":"https:\/\/svilupporaytech.com\/fr\/wp-json\/wp\/v2\/product\/7330"}],"collection":[{"href":"https:\/\/svilupporaytech.com\/fr\/wp-json\/wp\/v2\/product"}],"about":[{"href":"https:\/\/svilupporaytech.com\/fr\/wp-json\/wp\/v2\/types\/product"}],"wp:featuredmedia":[{"embeddable":true,"href":"https:\/\/svilupporaytech.com\/fr\/wp-json\/wp\/v2\/media\/1542"}],"wp:attachment":[{"href":"https:\/\/svilupporaytech.com\/fr\/wp-json\/wp\/v2\/media?parent=7330"}],"wp:term":[{"taxonomy":"product_cat","embeddable":true,"href":"https:\/\/svilupporaytech.com\/fr\/wp-json\/wp\/v2\/product_cat?post=7330"},{"taxonomy":"product_tag","embeddable":true,"href":"https:\/\/svilupporaytech.com\/fr\/wp-json\/wp\/v2\/product_tag?post=7330"}],"curies":[{"name":"wp","href":"https:\/\/api.w.org\/{rel}","templated":true}]}}