{"id":7336,"date":"2015-07-16T13:11:22","date_gmt":"2016-01-04T12:14:41","guid":{"rendered":"https:\/\/svilupporaytech.com\/?post_type=product&#038;p=7336&#038;lang=fr"},"modified":"2016-01-04T12:14:41","modified_gmt":"2016-01-04T12:14:41","slug":"barriere-ignifuge-pour-la-couverture-de-boites","status":"publish","type":"product","link":"https:\/\/svilupporaytech.com\/fr\/produit\/basse-tension\/barrieres-ignifuges\/barriere-ignifuge-pour-la-couverture-de-boites\/","title":{"rendered":"Barri\u00e8re ignifuge pour la couverture de bo\u00eetes"},"content":{"rendered":"<h4><span style=\"color: #009832;\">FSCC<br \/>\nBarri\u00e8re ignifuge pour la couverture de bo\u00eetes<br \/>\n<\/span><\/h4>\n<p>Syst\u00e8me pour la protection du feu de bo\u00eetiers \u00e9lectriques et bo\u00eetes de d\u00e9rivation encastrables\u00a0de type 503, r\u00e9alis\u00e9es avec des enveloppes ignifuges ; il prot\u00e8ge le logement r\u00e9alis\u00e9 dans le\u00a0mur de la chaleur et propagation du feu.<\/p>\n<ul>\n<li><span style=\"color: #009832;\">Conditionn\u00e9s dans un \u00e9tui en silicate\u00a0de calcium<\/span><\/li>\n<li><span style=\"color: #009832;\">Ils contiennent la bo\u00eete de d\u00e9rivation<\/span><\/li>\n<\/ul>\n","protected":false},"excerpt":{"rendered":"<p>Copertura cassette 150X120X75<\/p>\n","protected":false},"featured_media":1584,"template":"","meta":[],"product_cat":[136,137],"product_tag":[],"yoast_head":"<!-- This site is optimized with the Yoast SEO plugin v22.7 - https:\/\/yoast.com\/wordpress\/plugins\/seo\/ -->\n<title>Barri\u00e8re ignifuge pour la couverture de bo\u00eetes | Raytech<\/title>\n<meta name=\"robots\" content=\"index, follow, max-snippet:-1, max-image-preview:large, max-video-preview:-1\" \/>\n<link rel=\"canonical\" href=\"https:\/\/svilupporaytech.com\/fr\/produit\/basse-tension\/barrieres-ignifuges\/barriere-ignifuge-pour-la-couverture-de-boites\/\" \/>\n<meta property=\"og:locale\" content=\"fr_FR\" \/>\n<meta property=\"og:type\" content=\"article\" \/>\n<meta property=\"og:title\" content=\"Barri\u00e8re ignifuge pour la couverture de bo\u00eetes | Raytech\" \/>\n<meta property=\"og:description\" content=\"Copertura cassette 150X120X75\" \/>\n<meta property=\"og:url\" content=\"https:\/\/svilupporaytech.com\/fr\/produit\/basse-tension\/barrieres-ignifuges\/barriere-ignifuge-pour-la-couverture-de-boites\/\" \/>\n<meta property=\"og:site_name\" content=\"Raytech\" \/>\n<meta property=\"og:image\" content=\"https:\/\/svilupporaytech.com\/wp-content\/uploads\/fscc.jpg\" \/>\n\t<meta property=\"og:image:width\" content=\"500\" \/>\n\t<meta property=\"og:image:height\" content=\"500\" \/>\n\t<meta property=\"og:image:type\" content=\"image\/jpeg\" \/>\n<meta name=\"twitter:card\" content=\"summary_large_image\" \/>\n<script type=\"application\/ld+json\" class=\"yoast-schema-graph\">{\"@context\":\"https:\/\/schema.org\",\"@graph\":[{\"@type\":\"WebPage\",\"@id\":\"https:\/\/svilupporaytech.com\/fr\/produit\/basse-tension\/barrieres-ignifuges\/barriere-ignifuge-pour-la-couverture-de-boites\/\",\"url\":\"https:\/\/svilupporaytech.com\/fr\/produit\/basse-tension\/barrieres-ignifuges\/barriere-ignifuge-pour-la-couverture-de-boites\/\",\"name\":\"Barri\u00e8re ignifuge pour la couverture de bo\u00eetes | Raytech\",\"isPartOf\":{\"@id\":\"https:\/\/svilupporaytech.com\/#website\"},\"primaryImageOfPage\":{\"@id\":\"https:\/\/svilupporaytech.com\/fr\/produit\/basse-tension\/barrieres-ignifuges\/barriere-ignifuge-pour-la-couverture-de-boites\/#primaryimage\"},\"image\":{\"@id\":\"https:\/\/svilupporaytech.com\/fr\/produit\/basse-tension\/barrieres-ignifuges\/barriere-ignifuge-pour-la-couverture-de-boites\/#primaryimage\"},\"thumbnailUrl\":\"https:\/\/svilupporaytech.com\/wp-content\/uploads\/fscc.jpg\",\"datePublished\":\"2016-01-04T12:14:41+00:00\",\"dateModified\":\"2016-01-04T12:14:41+00:00\",\"breadcrumb\":{\"@id\":\"https:\/\/svilupporaytech.com\/fr\/produit\/basse-tension\/barrieres-ignifuges\/barriere-ignifuge-pour-la-couverture-de-boites\/#breadcrumb\"},\"inLanguage\":\"fr-FR\",\"potentialAction\":[{\"@type\":\"ReadAction\",\"target\":[\"https:\/\/svilupporaytech.com\/fr\/produit\/basse-tension\/barrieres-ignifuges\/barriere-ignifuge-pour-la-couverture-de-boites\/\"]}]},{\"@type\":\"ImageObject\",\"inLanguage\":\"fr-FR\",\"@id\":\"https:\/\/svilupporaytech.com\/fr\/produit\/basse-tension\/barrieres-ignifuges\/barriere-ignifuge-pour-la-couverture-de-boites\/#primaryimage\",\"url\":\"https:\/\/svilupporaytech.com\/wp-content\/uploads\/fscc.jpg\",\"contentUrl\":\"https:\/\/svilupporaytech.com\/wp-content\/uploads\/fscc.jpg\",\"width\":500,\"height\":500},{\"@type\":\"BreadcrumbList\",\"@id\":\"https:\/\/svilupporaytech.com\/fr\/produit\/basse-tension\/barrieres-ignifuges\/barriere-ignifuge-pour-la-couverture-de-boites\/#breadcrumb\",\"itemListElement\":[{\"@type\":\"ListItem\",\"position\":1,\"name\":\"Home\",\"item\":\"https:\/\/svilupporaytech.com\/fr\/\"},{\"@type\":\"ListItem\",\"position\":2,\"name\":\"Boutique\",\"item\":\"https:\/\/svilupporaytech.com\/fr\/boutique\/\"},{\"@type\":\"ListItem\",\"position\":3,\"name\":\"Barri\u00e8re ignifuge pour la couverture de bo\u00eetes\"}]},{\"@type\":\"WebSite\",\"@id\":\"https:\/\/svilupporaytech.com\/#website\",\"url\":\"https:\/\/svilupporaytech.com\/\",\"name\":\"Raytech\",\"description\":\"Cable accessories company\",\"potentialAction\":[{\"@type\":\"SearchAction\",\"target\":{\"@type\":\"EntryPoint\",\"urlTemplate\":\"https:\/\/svilupporaytech.com\/?s={search_term_string}\"},\"query-input\":\"required name=search_term_string\"}],\"inLanguage\":\"fr-FR\"}]}<\/script>\n<!-- \/ Yoast SEO plugin. -->","yoast_head_json":{"title":"Barri\u00e8re ignifuge pour la couverture de bo\u00eetes | Raytech","robots":{"index":"index","follow":"follow","max-snippet":"max-snippet:-1","max-image-preview":"max-image-preview:large","max-video-preview":"max-video-preview:-1"},"canonical":"https:\/\/svilupporaytech.com\/fr\/produit\/basse-tension\/barrieres-ignifuges\/barriere-ignifuge-pour-la-couverture-de-boites\/","og_locale":"fr_FR","og_type":"article","og_title":"Barri\u00e8re ignifuge pour la couverture de bo\u00eetes | Raytech","og_description":"Copertura cassette 150X120X75","og_url":"https:\/\/svilupporaytech.com\/fr\/produit\/basse-tension\/barrieres-ignifuges\/barriere-ignifuge-pour-la-couverture-de-boites\/","og_site_name":"Raytech","og_image":[{"width":500,"height":500,"url":"https:\/\/svilupporaytech.com\/wp-content\/uploads\/fscc.jpg","type":"image\/jpeg"}],"twitter_card":"summary_large_image","schema":{"@context":"https:\/\/schema.org","@graph":[{"@type":"WebPage","@id":"https:\/\/svilupporaytech.com\/fr\/produit\/basse-tension\/barrieres-ignifuges\/barriere-ignifuge-pour-la-couverture-de-boites\/","url":"https:\/\/svilupporaytech.com\/fr\/produit\/basse-tension\/barrieres-ignifuges\/barriere-ignifuge-pour-la-couverture-de-boites\/","name":"Barri\u00e8re ignifuge pour la couverture de bo\u00eetes | Raytech","isPartOf":{"@id":"https:\/\/svilupporaytech.com\/#website"},"primaryImageOfPage":{"@id":"https:\/\/svilupporaytech.com\/fr\/produit\/basse-tension\/barrieres-ignifuges\/barriere-ignifuge-pour-la-couverture-de-boites\/#primaryimage"},"image":{"@id":"https:\/\/svilupporaytech.com\/fr\/produit\/basse-tension\/barrieres-ignifuges\/barriere-ignifuge-pour-la-couverture-de-boites\/#primaryimage"},"thumbnailUrl":"https:\/\/svilupporaytech.com\/wp-content\/uploads\/fscc.jpg","datePublished":"2016-01-04T12:14:41+00:00","dateModified":"2016-01-04T12:14:41+00:00","breadcrumb":{"@id":"https:\/\/svilupporaytech.com\/fr\/produit\/basse-tension\/barrieres-ignifuges\/barriere-ignifuge-pour-la-couverture-de-boites\/#breadcrumb"},"inLanguage":"fr-FR","potentialAction":[{"@type":"ReadAction","target":["https:\/\/svilupporaytech.com\/fr\/produit\/basse-tension\/barrieres-ignifuges\/barriere-ignifuge-pour-la-couverture-de-boites\/"]}]},{"@type":"ImageObject","inLanguage":"fr-FR","@id":"https:\/\/svilupporaytech.com\/fr\/produit\/basse-tension\/barrieres-ignifuges\/barriere-ignifuge-pour-la-couverture-de-boites\/#primaryimage","url":"https:\/\/svilupporaytech.com\/wp-content\/uploads\/fscc.jpg","contentUrl":"https:\/\/svilupporaytech.com\/wp-content\/uploads\/fscc.jpg","width":500,"height":500},{"@type":"BreadcrumbList","@id":"https:\/\/svilupporaytech.com\/fr\/produit\/basse-tension\/barrieres-ignifuges\/barriere-ignifuge-pour-la-couverture-de-boites\/#breadcrumb","itemListElement":[{"@type":"ListItem","position":1,"name":"Home","item":"https:\/\/svilupporaytech.com\/fr\/"},{"@type":"ListItem","position":2,"name":"Boutique","item":"https:\/\/svilupporaytech.com\/fr\/boutique\/"},{"@type":"ListItem","position":3,"name":"Barri\u00e8re ignifuge pour la couverture de bo\u00eetes"}]},{"@type":"WebSite","@id":"https:\/\/svilupporaytech.com\/#website","url":"https:\/\/svilupporaytech.com\/","name":"Raytech","description":"Cable accessories company","potentialAction":[{"@type":"SearchAction","target":{"@type":"EntryPoint","urlTemplate":"https:\/\/svilupporaytech.com\/?s={search_term_string}"},"query-input":"required name=search_term_string"}],"inLanguage":"fr-FR"}]}},"_links":{"self":[{"href":"https:\/\/svilupporaytech.com\/fr\/wp-json\/wp\/v2\/product\/7336"}],"collection":[{"href":"https:\/\/svilupporaytech.com\/fr\/wp-json\/wp\/v2\/product"}],"about":[{"href":"https:\/\/svilupporaytech.com\/fr\/wp-json\/wp\/v2\/types\/product"}],"wp:featuredmedia":[{"embeddable":true,"href":"https:\/\/svilupporaytech.com\/fr\/wp-json\/wp\/v2\/media\/1584"}],"wp:attachment":[{"href":"https:\/\/svilupporaytech.com\/fr\/wp-json\/wp\/v2\/media?parent=7336"}],"wp:term":[{"taxonomy":"product_cat","embeddable":true,"href":"https:\/\/svilupporaytech.com\/fr\/wp-json\/wp\/v2\/product_cat?post=7336"},{"taxonomy":"product_tag","embeddable":true,"href":"https:\/\/svilupporaytech.com\/fr\/wp-json\/wp\/v2\/product_tag?post=7336"}],"curies":[{"name":"wp","href":"https:\/\/api.w.org\/{rel}","templated":true}]}}