{"id":7339,"date":"2015-07-16T13:19:11","date_gmt":"2016-01-04T13:22:15","guid":{"rendered":"https:\/\/svilupporaytech.com\/?post_type=product&#038;p=7339&#038;lang=fr"},"modified":"2019-12-21T16:46:26","modified_gmt":"2019-12-21T15:46:26","slug":"galactic-protection","status":"publish","type":"product","link":"https:\/\/svilupporaytech.com\/fr\/produit\/basse-tension\/speciaux-fr\/kit-pour-installations-electriques\/galactic-protection\/","title":{"rendered":"Galactic Protection"},"content":{"rendered":"<h4><span style=\"color: #009832;\">Caoutchouc bi-composant pour la protection de circuits\u00a0imprim\u00e9s contre l\u2019intrusion d\u2019animaux<\/span><\/h4>\n<p>Une protection pour les circuits imprim\u00e9s particuli\u00e8rement expos\u00e9s \u00e0 la poussi\u00e8re, aux intrusions\u00a0d\u2019animaux (insectes, limaces, serpents, etc. ex. dans les bo\u00eetiers de portails automatiques).\u00a0Opaque mais l\u00e9g\u00e8rement translucide, il permet de couvrir en formant un voile de protection.\u00a0Il est possible de le retirer (adh\u00e8re sans coller, m\u00eame pour une surface limit\u00e9e pour acc\u00e9der\u00a0au composant en-dessous; ensuite, recouvrir ce qui a \u00e9t\u00e9 remplac\u00e9 par un nouvel apport\u00a0de mat\u00e9riel qui adh\u00e8re parfaitement au pr\u00e9c\u00e9dent. Compos\u00e9 de caoutchouc bi-composant,\u00a0atoxique et s\u00fbr, sans p\u00e9remption de stockage, isolant et r\u00e9sistant aux UV et au vieillissement.<\/p>\n","protected":false},"excerpt":{"rendered":"<p>Caoutchouc bi-composant pour la protection de circuits\u00a0imprim\u00e9s contre l\u2019intrusion d\u2019animaux Une protection pour les circuits imprim\u00e9s particuli\u00e8rement expos\u00e9s \u00e0 la poussi\u00e8re, aux intrusions\u00a0d\u2019animaux (insectes, limaces, serpents, etc. ex. dans les<span class=\"excerpt-hellip\"> [\u2026]<\/span><\/p>\n","protected":false},"featured_media":4115,"template":"","meta":[],"product_cat":[136,157,158],"product_tag":[],"yoast_head":"<!-- This site is optimized with the Yoast SEO plugin v22.7 - https:\/\/yoast.com\/wordpress\/plugins\/seo\/ -->\n<title>Galactic Protection | Raytech<\/title>\n<meta name=\"robots\" content=\"index, follow, max-snippet:-1, max-image-preview:large, max-video-preview:-1\" \/>\n<link rel=\"canonical\" href=\"https:\/\/svilupporaytech.com\/fr\/produit\/basse-tension\/speciaux-fr\/kit-pour-installations-electriques\/galactic-protection\/\" \/>\n<meta property=\"og:locale\" content=\"fr_FR\" \/>\n<meta property=\"og:type\" content=\"article\" \/>\n<meta property=\"og:title\" content=\"Galactic Protection | Raytech\" \/>\n<meta property=\"og:description\" content=\"Caoutchouc bi-composant pour la protection de circuits\u00a0imprim\u00e9s contre l\u2019intrusion d\u2019animaux Une protection pour les circuits imprim\u00e9s particuli\u00e8rement expos\u00e9s \u00e0 la poussi\u00e8re, aux intrusions\u00a0d\u2019animaux (insectes, limaces, serpents, etc. ex. dans les [\u2026]\" \/>\n<meta property=\"og:url\" content=\"https:\/\/svilupporaytech.com\/fr\/produit\/basse-tension\/speciaux-fr\/kit-pour-installations-electriques\/galactic-protection\/\" \/>\n<meta property=\"og:site_name\" content=\"Raytech\" \/>\n<meta property=\"article:modified_time\" content=\"2019-12-21T15:46:26+00:00\" \/>\n<meta property=\"og:image\" content=\"https:\/\/svilupporaytech.com\/wp-content\/uploads\/galactic-protection-1.jpg\" \/>\n\t<meta property=\"og:image:width\" content=\"1024\" \/>\n\t<meta property=\"og:image:height\" content=\"1024\" \/>\n\t<meta property=\"og:image:type\" content=\"image\/jpeg\" \/>\n<meta name=\"twitter:card\" content=\"summary_large_image\" \/>\n<meta name=\"twitter:label1\" content=\"Dur\u00e9e de lecture estim\u00e9e\" \/>\n\t<meta name=\"twitter:data1\" content=\"1 minute\" \/>\n<script type=\"application\/ld+json\" class=\"yoast-schema-graph\">{\"@context\":\"https:\/\/schema.org\",\"@graph\":[{\"@type\":\"WebPage\",\"@id\":\"https:\/\/svilupporaytech.com\/fr\/produit\/basse-tension\/speciaux-fr\/kit-pour-installations-electriques\/galactic-protection\/\",\"url\":\"https:\/\/svilupporaytech.com\/fr\/produit\/basse-tension\/speciaux-fr\/kit-pour-installations-electriques\/galactic-protection\/\",\"name\":\"Galactic Protection | Raytech\",\"isPartOf\":{\"@id\":\"https:\/\/svilupporaytech.com\/#website\"},\"primaryImageOfPage\":{\"@id\":\"https:\/\/svilupporaytech.com\/fr\/produit\/basse-tension\/speciaux-fr\/kit-pour-installations-electriques\/galactic-protection\/#primaryimage\"},\"image\":{\"@id\":\"https:\/\/svilupporaytech.com\/fr\/produit\/basse-tension\/speciaux-fr\/kit-pour-installations-electriques\/galactic-protection\/#primaryimage\"},\"thumbnailUrl\":\"https:\/\/svilupporaytech.com\/wp-content\/uploads\/galactic-protection-1.jpg\",\"datePublished\":\"2016-01-04T13:22:15+00:00\",\"dateModified\":\"2019-12-21T15:46:26+00:00\",\"breadcrumb\":{\"@id\":\"https:\/\/svilupporaytech.com\/fr\/produit\/basse-tension\/speciaux-fr\/kit-pour-installations-electriques\/galactic-protection\/#breadcrumb\"},\"inLanguage\":\"fr-FR\",\"potentialAction\":[{\"@type\":\"ReadAction\",\"target\":[\"https:\/\/svilupporaytech.com\/fr\/produit\/basse-tension\/speciaux-fr\/kit-pour-installations-electriques\/galactic-protection\/\"]}]},{\"@type\":\"ImageObject\",\"inLanguage\":\"fr-FR\",\"@id\":\"https:\/\/svilupporaytech.com\/fr\/produit\/basse-tension\/speciaux-fr\/kit-pour-installations-electriques\/galactic-protection\/#primaryimage\",\"url\":\"https:\/\/svilupporaytech.com\/wp-content\/uploads\/galactic-protection-1.jpg\",\"contentUrl\":\"https:\/\/svilupporaytech.com\/wp-content\/uploads\/galactic-protection-1.jpg\",\"width\":1024,\"height\":1024},{\"@type\":\"BreadcrumbList\",\"@id\":\"https:\/\/svilupporaytech.com\/fr\/produit\/basse-tension\/speciaux-fr\/kit-pour-installations-electriques\/galactic-protection\/#breadcrumb\",\"itemListElement\":[{\"@type\":\"ListItem\",\"position\":1,\"name\":\"Home\",\"item\":\"https:\/\/svilupporaytech.com\/fr\/\"},{\"@type\":\"ListItem\",\"position\":2,\"name\":\"Boutique\",\"item\":\"https:\/\/svilupporaytech.com\/fr\/boutique\/\"},{\"@type\":\"ListItem\",\"position\":3,\"name\":\"Galactic Protection\"}]},{\"@type\":\"WebSite\",\"@id\":\"https:\/\/svilupporaytech.com\/#website\",\"url\":\"https:\/\/svilupporaytech.com\/\",\"name\":\"Raytech\",\"description\":\"Cable accessories company\",\"potentialAction\":[{\"@type\":\"SearchAction\",\"target\":{\"@type\":\"EntryPoint\",\"urlTemplate\":\"https:\/\/svilupporaytech.com\/?s={search_term_string}\"},\"query-input\":\"required name=search_term_string\"}],\"inLanguage\":\"fr-FR\"}]}<\/script>\n<!-- \/ Yoast SEO plugin. -->","yoast_head_json":{"title":"Galactic Protection | Raytech","robots":{"index":"index","follow":"follow","max-snippet":"max-snippet:-1","max-image-preview":"max-image-preview:large","max-video-preview":"max-video-preview:-1"},"canonical":"https:\/\/svilupporaytech.com\/fr\/produit\/basse-tension\/speciaux-fr\/kit-pour-installations-electriques\/galactic-protection\/","og_locale":"fr_FR","og_type":"article","og_title":"Galactic Protection | Raytech","og_description":"Caoutchouc bi-composant pour la protection de circuits\u00a0imprim\u00e9s contre l\u2019intrusion d\u2019animaux Une protection pour les circuits imprim\u00e9s particuli\u00e8rement expos\u00e9s \u00e0 la poussi\u00e8re, aux intrusions\u00a0d\u2019animaux (insectes, limaces, serpents, etc. ex. dans les [\u2026]","og_url":"https:\/\/svilupporaytech.com\/fr\/produit\/basse-tension\/speciaux-fr\/kit-pour-installations-electriques\/galactic-protection\/","og_site_name":"Raytech","article_modified_time":"2019-12-21T15:46:26+00:00","og_image":[{"width":1024,"height":1024,"url":"https:\/\/svilupporaytech.com\/wp-content\/uploads\/galactic-protection-1.jpg","type":"image\/jpeg"}],"twitter_card":"summary_large_image","twitter_misc":{"Dur\u00e9e de lecture estim\u00e9e":"1 minute"},"schema":{"@context":"https:\/\/schema.org","@graph":[{"@type":"WebPage","@id":"https:\/\/svilupporaytech.com\/fr\/produit\/basse-tension\/speciaux-fr\/kit-pour-installations-electriques\/galactic-protection\/","url":"https:\/\/svilupporaytech.com\/fr\/produit\/basse-tension\/speciaux-fr\/kit-pour-installations-electriques\/galactic-protection\/","name":"Galactic Protection | Raytech","isPartOf":{"@id":"https:\/\/svilupporaytech.com\/#website"},"primaryImageOfPage":{"@id":"https:\/\/svilupporaytech.com\/fr\/produit\/basse-tension\/speciaux-fr\/kit-pour-installations-electriques\/galactic-protection\/#primaryimage"},"image":{"@id":"https:\/\/svilupporaytech.com\/fr\/produit\/basse-tension\/speciaux-fr\/kit-pour-installations-electriques\/galactic-protection\/#primaryimage"},"thumbnailUrl":"https:\/\/svilupporaytech.com\/wp-content\/uploads\/galactic-protection-1.jpg","datePublished":"2016-01-04T13:22:15+00:00","dateModified":"2019-12-21T15:46:26+00:00","breadcrumb":{"@id":"https:\/\/svilupporaytech.com\/fr\/produit\/basse-tension\/speciaux-fr\/kit-pour-installations-electriques\/galactic-protection\/#breadcrumb"},"inLanguage":"fr-FR","potentialAction":[{"@type":"ReadAction","target":["https:\/\/svilupporaytech.com\/fr\/produit\/basse-tension\/speciaux-fr\/kit-pour-installations-electriques\/galactic-protection\/"]}]},{"@type":"ImageObject","inLanguage":"fr-FR","@id":"https:\/\/svilupporaytech.com\/fr\/produit\/basse-tension\/speciaux-fr\/kit-pour-installations-electriques\/galactic-protection\/#primaryimage","url":"https:\/\/svilupporaytech.com\/wp-content\/uploads\/galactic-protection-1.jpg","contentUrl":"https:\/\/svilupporaytech.com\/wp-content\/uploads\/galactic-protection-1.jpg","width":1024,"height":1024},{"@type":"BreadcrumbList","@id":"https:\/\/svilupporaytech.com\/fr\/produit\/basse-tension\/speciaux-fr\/kit-pour-installations-electriques\/galactic-protection\/#breadcrumb","itemListElement":[{"@type":"ListItem","position":1,"name":"Home","item":"https:\/\/svilupporaytech.com\/fr\/"},{"@type":"ListItem","position":2,"name":"Boutique","item":"https:\/\/svilupporaytech.com\/fr\/boutique\/"},{"@type":"ListItem","position":3,"name":"Galactic Protection"}]},{"@type":"WebSite","@id":"https:\/\/svilupporaytech.com\/#website","url":"https:\/\/svilupporaytech.com\/","name":"Raytech","description":"Cable accessories company","potentialAction":[{"@type":"SearchAction","target":{"@type":"EntryPoint","urlTemplate":"https:\/\/svilupporaytech.com\/?s={search_term_string}"},"query-input":"required name=search_term_string"}],"inLanguage":"fr-FR"}]}},"_links":{"self":[{"href":"https:\/\/svilupporaytech.com\/fr\/wp-json\/wp\/v2\/product\/7339"}],"collection":[{"href":"https:\/\/svilupporaytech.com\/fr\/wp-json\/wp\/v2\/product"}],"about":[{"href":"https:\/\/svilupporaytech.com\/fr\/wp-json\/wp\/v2\/types\/product"}],"wp:featuredmedia":[{"embeddable":true,"href":"https:\/\/svilupporaytech.com\/fr\/wp-json\/wp\/v2\/media\/4115"}],"wp:attachment":[{"href":"https:\/\/svilupporaytech.com\/fr\/wp-json\/wp\/v2\/media?parent=7339"}],"wp:term":[{"taxonomy":"product_cat","embeddable":true,"href":"https:\/\/svilupporaytech.com\/fr\/wp-json\/wp\/v2\/product_cat?post=7339"},{"taxonomy":"product_tag","embeddable":true,"href":"https:\/\/svilupporaytech.com\/fr\/wp-json\/wp\/v2\/product_tag?post=7339"}],"curies":[{"name":"wp","href":"https:\/\/api.w.org\/{rel}","templated":true}]}}