{"id":7340,"date":"2015-07-16T13:17:24","date_gmt":"2016-01-04T13:21:04","guid":{"rendered":"https:\/\/svilupporaytech.com\/?post_type=product&#038;p=7340&#038;lang=fr"},"modified":"2019-12-21T16:43:31","modified_gmt":"2019-12-21T15:43:31","slug":"galactic-mammut-security","status":"publish","type":"product","link":"https:\/\/svilupporaytech.com\/fr\/produit\/basse-tension\/speciaux-fr\/kit-pour-installations-electriques\/galactic-mammut-security\/","title":{"rendered":"Galactic Mammut Security"},"content":{"rendered":"<h4><span style=\"color: #009832;\">Cache-mammut\u00a0pr\u00e9rempli en gel<\/span><\/h4>\n<p>Galactic Mammut Security est un accessoire extr\u00eamement compact, en mesure de r\u00e9soudre\u00a0tous les probl\u00e8mes d\u2019isolation, scellement et mise en s\u00e9curit\u00e9 des connexions r\u00e9alis\u00e9es avec\u00a0des borniers de type Mammut ou \u00e0 tortillon. Il est fourni avec des connexions Mammut de 4\u00a0mm\u00b2, pour la jonction rapide et s\u00fbre des conducteurs. Conseill\u00e9 pour chaque type d\u2019installation,\u00a0domestique ou industrielle, pour s\u00e9curiser les connexions, les r\u00e9parations rapides de c\u00e2bles et\u00a0les rallonges endommag\u00e9es, pour la s\u00e9curit\u00e9 des installations dans les jardins, dans les bo\u00eetiers\u00a0\u00e9lectriques, sous les appareils \u00e9lectrom\u00e9nagers de la cuisine, etc. Atoxique, sans p\u00e9remption,\u00a0facilement r\u00e9-accessible, parfaitement scellant, sans p\u00e9remption de stockage. Une fois ferm\u00e9,\u00a0la connexion interne est imm\u00e9diatement fix\u00e9e. Galactic Mammut est \u00e9galement indispensable\u00a0dans les cuisines ou dans les locaux de service, particuli\u00e8rement si la zone est humide.<\/p>\n<ul>\n<li><span style=\"color: #009832;\">Fini les enchev\u00eatrements de fils et de connecteurs nus<\/span><\/li>\n<li><span style=\"color: #009832;\">Les solutions sures, fiables et rapides s\u2019appellent\u00a0Galactic Mammut Security!<\/span><\/li>\n<\/ul>\n","protected":false},"excerpt":{"rendered":"<p>Cache-mammut\u00a0pr\u00e9rempli en gel Galactic Mammut Security est un accessoire extr\u00eamement compact, en mesure de r\u00e9soudre\u00a0tous les probl\u00e8mes d\u2019isolation, scellement et mise en s\u00e9curit\u00e9 des connexions r\u00e9alis\u00e9es avec\u00a0des borniers de type<span class=\"excerpt-hellip\"> [\u2026]<\/span><\/p>\n","protected":false},"featured_media":4049,"template":"","meta":[],"product_cat":[136,157,158],"product_tag":[],"yoast_head":"<!-- This site is optimized with the Yoast SEO plugin v22.7 - https:\/\/yoast.com\/wordpress\/plugins\/seo\/ -->\n<title>Galactic Mammut Security | Raytech<\/title>\n<meta name=\"robots\" content=\"index, follow, max-snippet:-1, max-image-preview:large, max-video-preview:-1\" \/>\n<link rel=\"canonical\" href=\"https:\/\/svilupporaytech.com\/fr\/produit\/basse-tension\/speciaux-fr\/kit-pour-installations-electriques\/galactic-mammut-security\/\" \/>\n<meta property=\"og:locale\" content=\"fr_FR\" \/>\n<meta property=\"og:type\" content=\"article\" \/>\n<meta property=\"og:title\" content=\"Galactic Mammut Security | Raytech\" \/>\n<meta property=\"og:description\" content=\"Cache-mammut\u00a0pr\u00e9rempli en gel Galactic Mammut Security est un accessoire extr\u00eamement compact, en mesure de r\u00e9soudre\u00a0tous les probl\u00e8mes d\u2019isolation, scellement et mise en s\u00e9curit\u00e9 des connexions r\u00e9alis\u00e9es avec\u00a0des borniers de type [\u2026]\" \/>\n<meta property=\"og:url\" content=\"https:\/\/svilupporaytech.com\/fr\/produit\/basse-tension\/speciaux-fr\/kit-pour-installations-electriques\/galactic-mammut-security\/\" \/>\n<meta property=\"og:site_name\" content=\"Raytech\" \/>\n<meta property=\"article:modified_time\" content=\"2019-12-21T15:43:31+00:00\" \/>\n<meta property=\"og:image\" content=\"https:\/\/svilupporaytech.com\/wp-content\/uploads\/galactic-mammut-security-1.jpg\" \/>\n\t<meta property=\"og:image:width\" content=\"1024\" \/>\n\t<meta property=\"og:image:height\" content=\"1024\" \/>\n\t<meta property=\"og:image:type\" content=\"image\/jpeg\" \/>\n<meta name=\"twitter:card\" content=\"summary_large_image\" \/>\n<meta name=\"twitter:label1\" content=\"Dur\u00e9e de lecture estim\u00e9e\" \/>\n\t<meta name=\"twitter:data1\" content=\"1 minute\" \/>\n<script type=\"application\/ld+json\" class=\"yoast-schema-graph\">{\"@context\":\"https:\/\/schema.org\",\"@graph\":[{\"@type\":\"WebPage\",\"@id\":\"https:\/\/svilupporaytech.com\/fr\/produit\/basse-tension\/speciaux-fr\/kit-pour-installations-electriques\/galactic-mammut-security\/\",\"url\":\"https:\/\/svilupporaytech.com\/fr\/produit\/basse-tension\/speciaux-fr\/kit-pour-installations-electriques\/galactic-mammut-security\/\",\"name\":\"Galactic Mammut Security | Raytech\",\"isPartOf\":{\"@id\":\"https:\/\/svilupporaytech.com\/#website\"},\"primaryImageOfPage\":{\"@id\":\"https:\/\/svilupporaytech.com\/fr\/produit\/basse-tension\/speciaux-fr\/kit-pour-installations-electriques\/galactic-mammut-security\/#primaryimage\"},\"image\":{\"@id\":\"https:\/\/svilupporaytech.com\/fr\/produit\/basse-tension\/speciaux-fr\/kit-pour-installations-electriques\/galactic-mammut-security\/#primaryimage\"},\"thumbnailUrl\":\"https:\/\/svilupporaytech.com\/wp-content\/uploads\/galactic-mammut-security-1.jpg\",\"datePublished\":\"2016-01-04T13:21:04+00:00\",\"dateModified\":\"2019-12-21T15:43:31+00:00\",\"breadcrumb\":{\"@id\":\"https:\/\/svilupporaytech.com\/fr\/produit\/basse-tension\/speciaux-fr\/kit-pour-installations-electriques\/galactic-mammut-security\/#breadcrumb\"},\"inLanguage\":\"fr-FR\",\"potentialAction\":[{\"@type\":\"ReadAction\",\"target\":[\"https:\/\/svilupporaytech.com\/fr\/produit\/basse-tension\/speciaux-fr\/kit-pour-installations-electriques\/galactic-mammut-security\/\"]}]},{\"@type\":\"ImageObject\",\"inLanguage\":\"fr-FR\",\"@id\":\"https:\/\/svilupporaytech.com\/fr\/produit\/basse-tension\/speciaux-fr\/kit-pour-installations-electriques\/galactic-mammut-security\/#primaryimage\",\"url\":\"https:\/\/svilupporaytech.com\/wp-content\/uploads\/galactic-mammut-security-1.jpg\",\"contentUrl\":\"https:\/\/svilupporaytech.com\/wp-content\/uploads\/galactic-mammut-security-1.jpg\",\"width\":1024,\"height\":1024},{\"@type\":\"BreadcrumbList\",\"@id\":\"https:\/\/svilupporaytech.com\/fr\/produit\/basse-tension\/speciaux-fr\/kit-pour-installations-electriques\/galactic-mammut-security\/#breadcrumb\",\"itemListElement\":[{\"@type\":\"ListItem\",\"position\":1,\"name\":\"Home\",\"item\":\"https:\/\/svilupporaytech.com\/fr\/\"},{\"@type\":\"ListItem\",\"position\":2,\"name\":\"Boutique\",\"item\":\"https:\/\/svilupporaytech.com\/fr\/boutique\/\"},{\"@type\":\"ListItem\",\"position\":3,\"name\":\"Galactic Mammut Security\"}]},{\"@type\":\"WebSite\",\"@id\":\"https:\/\/svilupporaytech.com\/#website\",\"url\":\"https:\/\/svilupporaytech.com\/\",\"name\":\"Raytech\",\"description\":\"Cable accessories company\",\"potentialAction\":[{\"@type\":\"SearchAction\",\"target\":{\"@type\":\"EntryPoint\",\"urlTemplate\":\"https:\/\/svilupporaytech.com\/?s={search_term_string}\"},\"query-input\":\"required name=search_term_string\"}],\"inLanguage\":\"fr-FR\"}]}<\/script>\n<!-- \/ Yoast SEO plugin. -->","yoast_head_json":{"title":"Galactic Mammut Security | Raytech","robots":{"index":"index","follow":"follow","max-snippet":"max-snippet:-1","max-image-preview":"max-image-preview:large","max-video-preview":"max-video-preview:-1"},"canonical":"https:\/\/svilupporaytech.com\/fr\/produit\/basse-tension\/speciaux-fr\/kit-pour-installations-electriques\/galactic-mammut-security\/","og_locale":"fr_FR","og_type":"article","og_title":"Galactic Mammut Security | Raytech","og_description":"Cache-mammut\u00a0pr\u00e9rempli en gel Galactic Mammut Security est un accessoire extr\u00eamement compact, en mesure de r\u00e9soudre\u00a0tous les probl\u00e8mes d\u2019isolation, scellement et mise en s\u00e9curit\u00e9 des connexions r\u00e9alis\u00e9es avec\u00a0des borniers de type [\u2026]","og_url":"https:\/\/svilupporaytech.com\/fr\/produit\/basse-tension\/speciaux-fr\/kit-pour-installations-electriques\/galactic-mammut-security\/","og_site_name":"Raytech","article_modified_time":"2019-12-21T15:43:31+00:00","og_image":[{"width":1024,"height":1024,"url":"https:\/\/svilupporaytech.com\/wp-content\/uploads\/galactic-mammut-security-1.jpg","type":"image\/jpeg"}],"twitter_card":"summary_large_image","twitter_misc":{"Dur\u00e9e de lecture estim\u00e9e":"1 minute"},"schema":{"@context":"https:\/\/schema.org","@graph":[{"@type":"WebPage","@id":"https:\/\/svilupporaytech.com\/fr\/produit\/basse-tension\/speciaux-fr\/kit-pour-installations-electriques\/galactic-mammut-security\/","url":"https:\/\/svilupporaytech.com\/fr\/produit\/basse-tension\/speciaux-fr\/kit-pour-installations-electriques\/galactic-mammut-security\/","name":"Galactic Mammut Security | Raytech","isPartOf":{"@id":"https:\/\/svilupporaytech.com\/#website"},"primaryImageOfPage":{"@id":"https:\/\/svilupporaytech.com\/fr\/produit\/basse-tension\/speciaux-fr\/kit-pour-installations-electriques\/galactic-mammut-security\/#primaryimage"},"image":{"@id":"https:\/\/svilupporaytech.com\/fr\/produit\/basse-tension\/speciaux-fr\/kit-pour-installations-electriques\/galactic-mammut-security\/#primaryimage"},"thumbnailUrl":"https:\/\/svilupporaytech.com\/wp-content\/uploads\/galactic-mammut-security-1.jpg","datePublished":"2016-01-04T13:21:04+00:00","dateModified":"2019-12-21T15:43:31+00:00","breadcrumb":{"@id":"https:\/\/svilupporaytech.com\/fr\/produit\/basse-tension\/speciaux-fr\/kit-pour-installations-electriques\/galactic-mammut-security\/#breadcrumb"},"inLanguage":"fr-FR","potentialAction":[{"@type":"ReadAction","target":["https:\/\/svilupporaytech.com\/fr\/produit\/basse-tension\/speciaux-fr\/kit-pour-installations-electriques\/galactic-mammut-security\/"]}]},{"@type":"ImageObject","inLanguage":"fr-FR","@id":"https:\/\/svilupporaytech.com\/fr\/produit\/basse-tension\/speciaux-fr\/kit-pour-installations-electriques\/galactic-mammut-security\/#primaryimage","url":"https:\/\/svilupporaytech.com\/wp-content\/uploads\/galactic-mammut-security-1.jpg","contentUrl":"https:\/\/svilupporaytech.com\/wp-content\/uploads\/galactic-mammut-security-1.jpg","width":1024,"height":1024},{"@type":"BreadcrumbList","@id":"https:\/\/svilupporaytech.com\/fr\/produit\/basse-tension\/speciaux-fr\/kit-pour-installations-electriques\/galactic-mammut-security\/#breadcrumb","itemListElement":[{"@type":"ListItem","position":1,"name":"Home","item":"https:\/\/svilupporaytech.com\/fr\/"},{"@type":"ListItem","position":2,"name":"Boutique","item":"https:\/\/svilupporaytech.com\/fr\/boutique\/"},{"@type":"ListItem","position":3,"name":"Galactic Mammut Security"}]},{"@type":"WebSite","@id":"https:\/\/svilupporaytech.com\/#website","url":"https:\/\/svilupporaytech.com\/","name":"Raytech","description":"Cable accessories company","potentialAction":[{"@type":"SearchAction","target":{"@type":"EntryPoint","urlTemplate":"https:\/\/svilupporaytech.com\/?s={search_term_string}"},"query-input":"required name=search_term_string"}],"inLanguage":"fr-FR"}]}},"_links":{"self":[{"href":"https:\/\/svilupporaytech.com\/fr\/wp-json\/wp\/v2\/product\/7340"}],"collection":[{"href":"https:\/\/svilupporaytech.com\/fr\/wp-json\/wp\/v2\/product"}],"about":[{"href":"https:\/\/svilupporaytech.com\/fr\/wp-json\/wp\/v2\/types\/product"}],"wp:featuredmedia":[{"embeddable":true,"href":"https:\/\/svilupporaytech.com\/fr\/wp-json\/wp\/v2\/media\/4049"}],"wp:attachment":[{"href":"https:\/\/svilupporaytech.com\/fr\/wp-json\/wp\/v2\/media?parent=7340"}],"wp:term":[{"taxonomy":"product_cat","embeddable":true,"href":"https:\/\/svilupporaytech.com\/fr\/wp-json\/wp\/v2\/product_cat?post=7340"},{"taxonomy":"product_tag","embeddable":true,"href":"https:\/\/svilupporaytech.com\/fr\/wp-json\/wp\/v2\/product_tag?post=7340"}],"curies":[{"name":"wp","href":"https:\/\/api.w.org\/{rel}","templated":true}]}}