{"id":7353,"date":"2015-07-16T13:40:06","date_gmt":"2016-01-04T13:54:01","guid":{"rendered":"https:\/\/svilupporaytech.com\/?post_type=product&#038;p=7353&#038;lang=fr"},"modified":"2019-12-21T17:10:05","modified_gmt":"2019-12-21T16:10:05","slug":"ray-rtv","status":"publish","type":"product","link":"https:\/\/svilupporaytech.com\/fr\/produit\/basse-tension\/speciaux-fr\/caoutchouc-bi-composants\/ray-rtv\/","title":{"rendered":"Ray RTV"},"content":{"rendered":"<h4><span style=\"color: #009832;\">Caoutchouc en silicone bi-composant \u00e0 r\u00e9ticulation\u00a0rapide avec des caract\u00e9ristiques m\u00e9caniques, thermiques\u00a0et \u00e9lastiques \u00e9lev\u00e9es<\/span><\/h4>\n<p>Ray-RTV r\u00e9ticule rapidement \u00e0 temp\u00e9rature ambiante, en se transformant en un caoutchouc aux\u00a0caract\u00e9ristiques m\u00e9caniques, thermiques et \u00e9lastiques \u00e9lev\u00e9es. Disponible en sachets monodose,\u00a0pots, bidons et tonnelets, dans les duret\u00e9s standards 30 Shore A pour le noir et 15 Shore\u00a0A pour le rose. A r\u00e9ticulation rapide (moins de 8 minutes \u00e0 30\u00b0C), il est facilement r\u00e9-accessible.<\/p>\n<ul>\n<li><span style=\"color: #009832;\">Tr\u00e8s r\u00e9sistant, anti-adh\u00e9rant, isolant et scellant<\/span><\/li>\n<li><span style=\"color: #009832;\">Sans date de p\u00e9remption<\/span><\/li>\n<\/ul>\n","protected":false},"excerpt":{"rendered":"<p>Caoutchouc en silicone bi-composant \u00e0 r\u00e9ticulation\u00a0rapide avec des caract\u00e9ristiques m\u00e9caniques, thermiques\u00a0et \u00e9lastiques \u00e9lev\u00e9es Ray-RTV r\u00e9ticule rapidement \u00e0 temp\u00e9rature ambiante, en se transformant en un caoutchouc aux\u00a0caract\u00e9ristiques m\u00e9caniques, thermiques et \u00e9lastiques<span class=\"excerpt-hellip\"> [\u2026]<\/span><\/p>\n","protected":false},"featured_media":4267,"template":"","meta":[],"product_cat":[136,157,159],"product_tag":[],"yoast_head":"<!-- This site is optimized with the Yoast SEO plugin v22.7 - https:\/\/yoast.com\/wordpress\/plugins\/seo\/ -->\n<title>Ray RTV | Raytech<\/title>\n<meta name=\"robots\" content=\"index, follow, max-snippet:-1, max-image-preview:large, max-video-preview:-1\" \/>\n<link rel=\"canonical\" href=\"https:\/\/svilupporaytech.com\/fr\/produit\/basse-tension\/speciaux-fr\/caoutchouc-bi-composants\/ray-rtv\/\" \/>\n<meta property=\"og:locale\" content=\"fr_FR\" \/>\n<meta property=\"og:type\" content=\"article\" \/>\n<meta property=\"og:title\" content=\"Ray RTV | Raytech\" \/>\n<meta property=\"og:description\" content=\"Caoutchouc en silicone bi-composant \u00e0 r\u00e9ticulation\u00a0rapide avec des caract\u00e9ristiques m\u00e9caniques, thermiques\u00a0et \u00e9lastiques \u00e9lev\u00e9es Ray-RTV r\u00e9ticule rapidement \u00e0 temp\u00e9rature ambiante, en se transformant en un caoutchouc aux\u00a0caract\u00e9ristiques m\u00e9caniques, thermiques et \u00e9lastiques [\u2026]\" \/>\n<meta property=\"og:url\" content=\"https:\/\/svilupporaytech.com\/fr\/produit\/basse-tension\/speciaux-fr\/caoutchouc-bi-composants\/ray-rtv\/\" \/>\n<meta property=\"og:site_name\" content=\"Raytech\" \/>\n<meta property=\"article:modified_time\" content=\"2019-12-21T16:10:05+00:00\" \/>\n<meta property=\"og:image\" content=\"https:\/\/svilupporaytech.com\/wp-content\/uploads\/ray-rtv-1.jpg\" \/>\n\t<meta property=\"og:image:width\" content=\"1024\" \/>\n\t<meta property=\"og:image:height\" content=\"1024\" \/>\n\t<meta property=\"og:image:type\" content=\"image\/jpeg\" \/>\n<meta name=\"twitter:card\" content=\"summary_large_image\" \/>\n<script type=\"application\/ld+json\" class=\"yoast-schema-graph\">{\"@context\":\"https:\/\/schema.org\",\"@graph\":[{\"@type\":\"WebPage\",\"@id\":\"https:\/\/svilupporaytech.com\/fr\/produit\/basse-tension\/speciaux-fr\/caoutchouc-bi-composants\/ray-rtv\/\",\"url\":\"https:\/\/svilupporaytech.com\/fr\/produit\/basse-tension\/speciaux-fr\/caoutchouc-bi-composants\/ray-rtv\/\",\"name\":\"Ray RTV | Raytech\",\"isPartOf\":{\"@id\":\"https:\/\/svilupporaytech.com\/#website\"},\"primaryImageOfPage\":{\"@id\":\"https:\/\/svilupporaytech.com\/fr\/produit\/basse-tension\/speciaux-fr\/caoutchouc-bi-composants\/ray-rtv\/#primaryimage\"},\"image\":{\"@id\":\"https:\/\/svilupporaytech.com\/fr\/produit\/basse-tension\/speciaux-fr\/caoutchouc-bi-composants\/ray-rtv\/#primaryimage\"},\"thumbnailUrl\":\"https:\/\/svilupporaytech.com\/wp-content\/uploads\/ray-rtv-1.jpg\",\"datePublished\":\"2016-01-04T13:54:01+00:00\",\"dateModified\":\"2019-12-21T16:10:05+00:00\",\"breadcrumb\":{\"@id\":\"https:\/\/svilupporaytech.com\/fr\/produit\/basse-tension\/speciaux-fr\/caoutchouc-bi-composants\/ray-rtv\/#breadcrumb\"},\"inLanguage\":\"fr-FR\",\"potentialAction\":[{\"@type\":\"ReadAction\",\"target\":[\"https:\/\/svilupporaytech.com\/fr\/produit\/basse-tension\/speciaux-fr\/caoutchouc-bi-composants\/ray-rtv\/\"]}]},{\"@type\":\"ImageObject\",\"inLanguage\":\"fr-FR\",\"@id\":\"https:\/\/svilupporaytech.com\/fr\/produit\/basse-tension\/speciaux-fr\/caoutchouc-bi-composants\/ray-rtv\/#primaryimage\",\"url\":\"https:\/\/svilupporaytech.com\/wp-content\/uploads\/ray-rtv-1.jpg\",\"contentUrl\":\"https:\/\/svilupporaytech.com\/wp-content\/uploads\/ray-rtv-1.jpg\",\"width\":1024,\"height\":1024},{\"@type\":\"BreadcrumbList\",\"@id\":\"https:\/\/svilupporaytech.com\/fr\/produit\/basse-tension\/speciaux-fr\/caoutchouc-bi-composants\/ray-rtv\/#breadcrumb\",\"itemListElement\":[{\"@type\":\"ListItem\",\"position\":1,\"name\":\"Home\",\"item\":\"https:\/\/svilupporaytech.com\/fr\/\"},{\"@type\":\"ListItem\",\"position\":2,\"name\":\"Boutique\",\"item\":\"https:\/\/svilupporaytech.com\/fr\/boutique\/\"},{\"@type\":\"ListItem\",\"position\":3,\"name\":\"Ray RTV\"}]},{\"@type\":\"WebSite\",\"@id\":\"https:\/\/svilupporaytech.com\/#website\",\"url\":\"https:\/\/svilupporaytech.com\/\",\"name\":\"Raytech\",\"description\":\"Cable accessories company\",\"potentialAction\":[{\"@type\":\"SearchAction\",\"target\":{\"@type\":\"EntryPoint\",\"urlTemplate\":\"https:\/\/svilupporaytech.com\/?s={search_term_string}\"},\"query-input\":\"required name=search_term_string\"}],\"inLanguage\":\"fr-FR\"}]}<\/script>\n<!-- \/ Yoast SEO plugin. -->","yoast_head_json":{"title":"Ray RTV | Raytech","robots":{"index":"index","follow":"follow","max-snippet":"max-snippet:-1","max-image-preview":"max-image-preview:large","max-video-preview":"max-video-preview:-1"},"canonical":"https:\/\/svilupporaytech.com\/fr\/produit\/basse-tension\/speciaux-fr\/caoutchouc-bi-composants\/ray-rtv\/","og_locale":"fr_FR","og_type":"article","og_title":"Ray RTV | Raytech","og_description":"Caoutchouc en silicone bi-composant \u00e0 r\u00e9ticulation\u00a0rapide avec des caract\u00e9ristiques m\u00e9caniques, thermiques\u00a0et \u00e9lastiques \u00e9lev\u00e9es Ray-RTV r\u00e9ticule rapidement \u00e0 temp\u00e9rature ambiante, en se transformant en un caoutchouc aux\u00a0caract\u00e9ristiques m\u00e9caniques, thermiques et \u00e9lastiques [\u2026]","og_url":"https:\/\/svilupporaytech.com\/fr\/produit\/basse-tension\/speciaux-fr\/caoutchouc-bi-composants\/ray-rtv\/","og_site_name":"Raytech","article_modified_time":"2019-12-21T16:10:05+00:00","og_image":[{"width":1024,"height":1024,"url":"https:\/\/svilupporaytech.com\/wp-content\/uploads\/ray-rtv-1.jpg","type":"image\/jpeg"}],"twitter_card":"summary_large_image","schema":{"@context":"https:\/\/schema.org","@graph":[{"@type":"WebPage","@id":"https:\/\/svilupporaytech.com\/fr\/produit\/basse-tension\/speciaux-fr\/caoutchouc-bi-composants\/ray-rtv\/","url":"https:\/\/svilupporaytech.com\/fr\/produit\/basse-tension\/speciaux-fr\/caoutchouc-bi-composants\/ray-rtv\/","name":"Ray RTV | Raytech","isPartOf":{"@id":"https:\/\/svilupporaytech.com\/#website"},"primaryImageOfPage":{"@id":"https:\/\/svilupporaytech.com\/fr\/produit\/basse-tension\/speciaux-fr\/caoutchouc-bi-composants\/ray-rtv\/#primaryimage"},"image":{"@id":"https:\/\/svilupporaytech.com\/fr\/produit\/basse-tension\/speciaux-fr\/caoutchouc-bi-composants\/ray-rtv\/#primaryimage"},"thumbnailUrl":"https:\/\/svilupporaytech.com\/wp-content\/uploads\/ray-rtv-1.jpg","datePublished":"2016-01-04T13:54:01+00:00","dateModified":"2019-12-21T16:10:05+00:00","breadcrumb":{"@id":"https:\/\/svilupporaytech.com\/fr\/produit\/basse-tension\/speciaux-fr\/caoutchouc-bi-composants\/ray-rtv\/#breadcrumb"},"inLanguage":"fr-FR","potentialAction":[{"@type":"ReadAction","target":["https:\/\/svilupporaytech.com\/fr\/produit\/basse-tension\/speciaux-fr\/caoutchouc-bi-composants\/ray-rtv\/"]}]},{"@type":"ImageObject","inLanguage":"fr-FR","@id":"https:\/\/svilupporaytech.com\/fr\/produit\/basse-tension\/speciaux-fr\/caoutchouc-bi-composants\/ray-rtv\/#primaryimage","url":"https:\/\/svilupporaytech.com\/wp-content\/uploads\/ray-rtv-1.jpg","contentUrl":"https:\/\/svilupporaytech.com\/wp-content\/uploads\/ray-rtv-1.jpg","width":1024,"height":1024},{"@type":"BreadcrumbList","@id":"https:\/\/svilupporaytech.com\/fr\/produit\/basse-tension\/speciaux-fr\/caoutchouc-bi-composants\/ray-rtv\/#breadcrumb","itemListElement":[{"@type":"ListItem","position":1,"name":"Home","item":"https:\/\/svilupporaytech.com\/fr\/"},{"@type":"ListItem","position":2,"name":"Boutique","item":"https:\/\/svilupporaytech.com\/fr\/boutique\/"},{"@type":"ListItem","position":3,"name":"Ray RTV"}]},{"@type":"WebSite","@id":"https:\/\/svilupporaytech.com\/#website","url":"https:\/\/svilupporaytech.com\/","name":"Raytech","description":"Cable accessories company","potentialAction":[{"@type":"SearchAction","target":{"@type":"EntryPoint","urlTemplate":"https:\/\/svilupporaytech.com\/?s={search_term_string}"},"query-input":"required name=search_term_string"}],"inLanguage":"fr-FR"}]}},"_links":{"self":[{"href":"https:\/\/svilupporaytech.com\/fr\/wp-json\/wp\/v2\/product\/7353"}],"collection":[{"href":"https:\/\/svilupporaytech.com\/fr\/wp-json\/wp\/v2\/product"}],"about":[{"href":"https:\/\/svilupporaytech.com\/fr\/wp-json\/wp\/v2\/types\/product"}],"wp:featuredmedia":[{"embeddable":true,"href":"https:\/\/svilupporaytech.com\/fr\/wp-json\/wp\/v2\/media\/4267"}],"wp:attachment":[{"href":"https:\/\/svilupporaytech.com\/fr\/wp-json\/wp\/v2\/media?parent=7353"}],"wp:term":[{"taxonomy":"product_cat","embeddable":true,"href":"https:\/\/svilupporaytech.com\/fr\/wp-json\/wp\/v2\/product_cat?post=7353"},{"taxonomy":"product_tag","embeddable":true,"href":"https:\/\/svilupporaytech.com\/fr\/wp-json\/wp\/v2\/product_tag?post=7353"}],"curies":[{"name":"wp","href":"https:\/\/api.w.org\/{rel}","templated":true}]}}