{"id":7354,"date":"2015-07-16T13:42:37","date_gmt":"2016-01-04T13:56:31","guid":{"rendered":"https:\/\/svilupporaytech.com\/?post_type=product&#038;p=7354&#038;lang=fr"},"modified":"2019-12-21T16:49:10","modified_gmt":"2019-12-21T15:49:10","slug":"gasket-kit","status":"publish","type":"product","link":"https:\/\/svilupporaytech.com\/fr\/produit\/basse-tension\/speciaux-fr\/caoutchouc-bi-composants\/gasket-kit\/","title":{"rendered":"Gasket Kit"},"content":{"rendered":"<h4><span style=\"color: #009832;\">Kit pour le conditionnement de profils en caoutchouc<\/span><\/h4>\n<p>Kit pour la confection de rondelles \u00e9lastiques, de garnitures isolants et de profils en caoutchouc,\u00a0r\u00e9sistant aux UV et au vieillissement, avec des temp\u00e9ratures de travaille jusqu\u2019\u00e0 200\u00b0C\u00a0et d\u2019une duret\u00e9 de 30 Shore A, pour chaque travail \u00e9lectrique, thermohydraulique et de\u00a0scellage. Pour le scellage de lampes ext\u00e9rieures, pour la tenue et l\u2019isolation de pi\u00e8ces vis\u00e9es\u00a0et boulonn\u00e9es, pour chaque op\u00e9ration d\u2019entretien, de remplacement de composants et de\u00a0cales. Faciles \u00e0 utiliser, le composant \u00e9lastique, liquide, est coul\u00e9 et les produits sont pr\u00eats\u00a0en quelques minutes, \u00e0 temp\u00e9rature ambiante et sans apport de chaleur. Facilement d\u00e9tachable\u00a0des moules. A r\u00e9ticulation rapide \u00e0 temp\u00e9rature ambiante (&lt;15 min). Caract\u00e9ristiques\u00a0di\u00e9lectriques, m\u00e9caniques, \u00e9lastiques et thermiques \u00e9lev\u00e9es.<\/p>\n<ul>\n<li><span style=\"color: #009832;\">S\u00fbr, sans p\u00e9remption, r\u00e9-accessible<\/span><\/li>\n<li><span style=\"color: #009832;\">A basse \u00e9mission de fum\u00e9es et de gaz toxiques et corrosifs<\/span><\/li>\n<li><span style=\"color: #009832;\">Flexible et \u00e9lastique dans le temps<\/span><\/li>\n<\/ul>\n","protected":false},"excerpt":{"rendered":"<p>Kit pour le conditionnement de profils en caoutchouc Kit pour la confection de rondelles \u00e9lastiques, de garnitures isolants et de profils en caoutchouc,\u00a0r\u00e9sistant aux UV et au vieillissement, avec des<span class=\"excerpt-hellip\"> [\u2026]<\/span><\/p>\n","protected":false},"featured_media":4187,"template":"","meta":[],"product_cat":[136,157,159],"product_tag":[],"yoast_head":"<!-- This site is optimized with the Yoast SEO plugin v22.7 - https:\/\/yoast.com\/wordpress\/plugins\/seo\/ -->\n<title>Gasket Kit | Raytech<\/title>\n<meta name=\"robots\" content=\"index, follow, max-snippet:-1, max-image-preview:large, max-video-preview:-1\" \/>\n<link rel=\"canonical\" href=\"https:\/\/svilupporaytech.com\/fr\/produit\/basse-tension\/speciaux-fr\/caoutchouc-bi-composants\/gasket-kit\/\" \/>\n<meta property=\"og:locale\" content=\"fr_FR\" \/>\n<meta property=\"og:type\" content=\"article\" \/>\n<meta property=\"og:title\" content=\"Gasket Kit | Raytech\" \/>\n<meta property=\"og:description\" content=\"Kit pour le conditionnement de profils en caoutchouc Kit pour la confection de rondelles \u00e9lastiques, de garnitures isolants et de profils en caoutchouc,\u00a0r\u00e9sistant aux UV et au vieillissement, avec des [\u2026]\" \/>\n<meta property=\"og:url\" content=\"https:\/\/svilupporaytech.com\/fr\/produit\/basse-tension\/speciaux-fr\/caoutchouc-bi-composants\/gasket-kit\/\" \/>\n<meta property=\"og:site_name\" content=\"Raytech\" \/>\n<meta property=\"article:modified_time\" content=\"2019-12-21T15:49:10+00:00\" \/>\n<meta property=\"og:image\" content=\"https:\/\/svilupporaytech.com\/wp-content\/uploads\/gasket-kit-1.jpg\" \/>\n\t<meta property=\"og:image:width\" content=\"1024\" \/>\n\t<meta property=\"og:image:height\" content=\"1024\" \/>\n\t<meta property=\"og:image:type\" content=\"image\/jpeg\" \/>\n<meta name=\"twitter:card\" content=\"summary_large_image\" \/>\n<meta name=\"twitter:label1\" content=\"Dur\u00e9e de lecture estim\u00e9e\" \/>\n\t<meta name=\"twitter:data1\" content=\"1 minute\" \/>\n<script type=\"application\/ld+json\" class=\"yoast-schema-graph\">{\"@context\":\"https:\/\/schema.org\",\"@graph\":[{\"@type\":\"WebPage\",\"@id\":\"https:\/\/svilupporaytech.com\/fr\/produit\/basse-tension\/speciaux-fr\/caoutchouc-bi-composants\/gasket-kit\/\",\"url\":\"https:\/\/svilupporaytech.com\/fr\/produit\/basse-tension\/speciaux-fr\/caoutchouc-bi-composants\/gasket-kit\/\",\"name\":\"Gasket Kit | Raytech\",\"isPartOf\":{\"@id\":\"https:\/\/svilupporaytech.com\/#website\"},\"primaryImageOfPage\":{\"@id\":\"https:\/\/svilupporaytech.com\/fr\/produit\/basse-tension\/speciaux-fr\/caoutchouc-bi-composants\/gasket-kit\/#primaryimage\"},\"image\":{\"@id\":\"https:\/\/svilupporaytech.com\/fr\/produit\/basse-tension\/speciaux-fr\/caoutchouc-bi-composants\/gasket-kit\/#primaryimage\"},\"thumbnailUrl\":\"https:\/\/svilupporaytech.com\/wp-content\/uploads\/gasket-kit-1.jpg\",\"datePublished\":\"2016-01-04T13:56:31+00:00\",\"dateModified\":\"2019-12-21T15:49:10+00:00\",\"breadcrumb\":{\"@id\":\"https:\/\/svilupporaytech.com\/fr\/produit\/basse-tension\/speciaux-fr\/caoutchouc-bi-composants\/gasket-kit\/#breadcrumb\"},\"inLanguage\":\"fr-FR\",\"potentialAction\":[{\"@type\":\"ReadAction\",\"target\":[\"https:\/\/svilupporaytech.com\/fr\/produit\/basse-tension\/speciaux-fr\/caoutchouc-bi-composants\/gasket-kit\/\"]}]},{\"@type\":\"ImageObject\",\"inLanguage\":\"fr-FR\",\"@id\":\"https:\/\/svilupporaytech.com\/fr\/produit\/basse-tension\/speciaux-fr\/caoutchouc-bi-composants\/gasket-kit\/#primaryimage\",\"url\":\"https:\/\/svilupporaytech.com\/wp-content\/uploads\/gasket-kit-1.jpg\",\"contentUrl\":\"https:\/\/svilupporaytech.com\/wp-content\/uploads\/gasket-kit-1.jpg\",\"width\":1024,\"height\":1024},{\"@type\":\"BreadcrumbList\",\"@id\":\"https:\/\/svilupporaytech.com\/fr\/produit\/basse-tension\/speciaux-fr\/caoutchouc-bi-composants\/gasket-kit\/#breadcrumb\",\"itemListElement\":[{\"@type\":\"ListItem\",\"position\":1,\"name\":\"Home\",\"item\":\"https:\/\/svilupporaytech.com\/fr\/\"},{\"@type\":\"ListItem\",\"position\":2,\"name\":\"Boutique\",\"item\":\"https:\/\/svilupporaytech.com\/fr\/boutique\/\"},{\"@type\":\"ListItem\",\"position\":3,\"name\":\"Gasket Kit\"}]},{\"@type\":\"WebSite\",\"@id\":\"https:\/\/svilupporaytech.com\/#website\",\"url\":\"https:\/\/svilupporaytech.com\/\",\"name\":\"Raytech\",\"description\":\"Cable accessories company\",\"potentialAction\":[{\"@type\":\"SearchAction\",\"target\":{\"@type\":\"EntryPoint\",\"urlTemplate\":\"https:\/\/svilupporaytech.com\/?s={search_term_string}\"},\"query-input\":\"required name=search_term_string\"}],\"inLanguage\":\"fr-FR\"}]}<\/script>\n<!-- \/ Yoast SEO plugin. -->","yoast_head_json":{"title":"Gasket Kit | Raytech","robots":{"index":"index","follow":"follow","max-snippet":"max-snippet:-1","max-image-preview":"max-image-preview:large","max-video-preview":"max-video-preview:-1"},"canonical":"https:\/\/svilupporaytech.com\/fr\/produit\/basse-tension\/speciaux-fr\/caoutchouc-bi-composants\/gasket-kit\/","og_locale":"fr_FR","og_type":"article","og_title":"Gasket Kit | Raytech","og_description":"Kit pour le conditionnement de profils en caoutchouc Kit pour la confection de rondelles \u00e9lastiques, de garnitures isolants et de profils en caoutchouc,\u00a0r\u00e9sistant aux UV et au vieillissement, avec des [\u2026]","og_url":"https:\/\/svilupporaytech.com\/fr\/produit\/basse-tension\/speciaux-fr\/caoutchouc-bi-composants\/gasket-kit\/","og_site_name":"Raytech","article_modified_time":"2019-12-21T15:49:10+00:00","og_image":[{"width":1024,"height":1024,"url":"https:\/\/svilupporaytech.com\/wp-content\/uploads\/gasket-kit-1.jpg","type":"image\/jpeg"}],"twitter_card":"summary_large_image","twitter_misc":{"Dur\u00e9e de lecture estim\u00e9e":"1 minute"},"schema":{"@context":"https:\/\/schema.org","@graph":[{"@type":"WebPage","@id":"https:\/\/svilupporaytech.com\/fr\/produit\/basse-tension\/speciaux-fr\/caoutchouc-bi-composants\/gasket-kit\/","url":"https:\/\/svilupporaytech.com\/fr\/produit\/basse-tension\/speciaux-fr\/caoutchouc-bi-composants\/gasket-kit\/","name":"Gasket Kit | Raytech","isPartOf":{"@id":"https:\/\/svilupporaytech.com\/#website"},"primaryImageOfPage":{"@id":"https:\/\/svilupporaytech.com\/fr\/produit\/basse-tension\/speciaux-fr\/caoutchouc-bi-composants\/gasket-kit\/#primaryimage"},"image":{"@id":"https:\/\/svilupporaytech.com\/fr\/produit\/basse-tension\/speciaux-fr\/caoutchouc-bi-composants\/gasket-kit\/#primaryimage"},"thumbnailUrl":"https:\/\/svilupporaytech.com\/wp-content\/uploads\/gasket-kit-1.jpg","datePublished":"2016-01-04T13:56:31+00:00","dateModified":"2019-12-21T15:49:10+00:00","breadcrumb":{"@id":"https:\/\/svilupporaytech.com\/fr\/produit\/basse-tension\/speciaux-fr\/caoutchouc-bi-composants\/gasket-kit\/#breadcrumb"},"inLanguage":"fr-FR","potentialAction":[{"@type":"ReadAction","target":["https:\/\/svilupporaytech.com\/fr\/produit\/basse-tension\/speciaux-fr\/caoutchouc-bi-composants\/gasket-kit\/"]}]},{"@type":"ImageObject","inLanguage":"fr-FR","@id":"https:\/\/svilupporaytech.com\/fr\/produit\/basse-tension\/speciaux-fr\/caoutchouc-bi-composants\/gasket-kit\/#primaryimage","url":"https:\/\/svilupporaytech.com\/wp-content\/uploads\/gasket-kit-1.jpg","contentUrl":"https:\/\/svilupporaytech.com\/wp-content\/uploads\/gasket-kit-1.jpg","width":1024,"height":1024},{"@type":"BreadcrumbList","@id":"https:\/\/svilupporaytech.com\/fr\/produit\/basse-tension\/speciaux-fr\/caoutchouc-bi-composants\/gasket-kit\/#breadcrumb","itemListElement":[{"@type":"ListItem","position":1,"name":"Home","item":"https:\/\/svilupporaytech.com\/fr\/"},{"@type":"ListItem","position":2,"name":"Boutique","item":"https:\/\/svilupporaytech.com\/fr\/boutique\/"},{"@type":"ListItem","position":3,"name":"Gasket Kit"}]},{"@type":"WebSite","@id":"https:\/\/svilupporaytech.com\/#website","url":"https:\/\/svilupporaytech.com\/","name":"Raytech","description":"Cable accessories company","potentialAction":[{"@type":"SearchAction","target":{"@type":"EntryPoint","urlTemplate":"https:\/\/svilupporaytech.com\/?s={search_term_string}"},"query-input":"required name=search_term_string"}],"inLanguage":"fr-FR"}]}},"_links":{"self":[{"href":"https:\/\/svilupporaytech.com\/fr\/wp-json\/wp\/v2\/product\/7354"}],"collection":[{"href":"https:\/\/svilupporaytech.com\/fr\/wp-json\/wp\/v2\/product"}],"about":[{"href":"https:\/\/svilupporaytech.com\/fr\/wp-json\/wp\/v2\/types\/product"}],"wp:featuredmedia":[{"embeddable":true,"href":"https:\/\/svilupporaytech.com\/fr\/wp-json\/wp\/v2\/media\/4187"}],"wp:attachment":[{"href":"https:\/\/svilupporaytech.com\/fr\/wp-json\/wp\/v2\/media?parent=7354"}],"wp:term":[{"taxonomy":"product_cat","embeddable":true,"href":"https:\/\/svilupporaytech.com\/fr\/wp-json\/wp\/v2\/product_cat?post=7354"},{"taxonomy":"product_tag","embeddable":true,"href":"https:\/\/svilupporaytech.com\/fr\/wp-json\/wp\/v2\/product_tag?post=7354"}],"curies":[{"name":"wp","href":"https:\/\/api.w.org\/{rel}","templated":true}]}}