{"id":7356,"date":"2015-07-16T13:48:22","date_gmt":"2016-01-04T14:00:46","guid":{"rendered":"https:\/\/svilupporaytech.com\/?post_type=product&#038;p=7356&#038;lang=fr"},"modified":"2019-12-21T16:39:53","modified_gmt":"2019-12-21T15:39:53","slug":"colliers-serre-cable","status":"publish","type":"product","link":"https:\/\/svilupporaytech.com\/fr\/produit\/basse-tension\/speciaux-fr\/colliers-serre-cable-et-cleaner\/colliers-serre-cable\/","title":{"rendered":"Colliers serre c\u00e2ble"},"content":{"rendered":"<p>Vitesse d\u2019application, queue inclin\u00e9e pour faciliter l\u2019insertion du collier dans la t\u00eate. Angles\u00a0arrondis qui garantissent une s\u00e9curit\u00e9 majeure. Coulissement rapide gr\u00e2ce au faible coefficient\u00a0de frottement du mat\u00e9riel. R\u00e9sistance aux rayons UV gr\u00e2ce \u00e0 la couleur noire.<\/p>\n<p><span style=\"color: #009832;\">Indispensables pour:<br \/>\n\u2022 Installations \u00e9lectriques<br \/>\n\u2022 Cablages industriels<br \/>\n\u2022 Panneaux \u00e9lectriques<br \/>\n\u2022 Applications sp\u00e9ciales<\/span><\/p>\n","protected":false},"excerpt":{"rendered":"<p>Vitesse d\u2019application, queue inclin\u00e9e pour faciliter l\u2019insertion du collier dans la t\u00eate. Angles\u00a0arrondis qui garantissent une s\u00e9curit\u00e9 majeure. Coulissement rapide gr\u00e2ce au faible coefficient\u00a0de frottement du mat\u00e9riel. R\u00e9sistance aux rayons<span class=\"excerpt-hellip\"> [\u2026]<\/span><\/p>\n","protected":false},"featured_media":1682,"template":"","meta":[],"product_cat":[136,157,160],"product_tag":[],"yoast_head":"<!-- This site is optimized with the Yoast SEO plugin v22.7 - https:\/\/yoast.com\/wordpress\/plugins\/seo\/ -->\n<title>Colliers serre c\u00e2ble | Raytech<\/title>\n<meta name=\"robots\" content=\"index, follow, max-snippet:-1, max-image-preview:large, max-video-preview:-1\" \/>\n<link rel=\"canonical\" href=\"https:\/\/svilupporaytech.com\/fr\/produit\/basse-tension\/speciaux-fr\/colliers-serre-cable-et-cleaner\/colliers-serre-cable\/\" \/>\n<meta property=\"og:locale\" content=\"fr_FR\" \/>\n<meta property=\"og:type\" content=\"article\" \/>\n<meta property=\"og:title\" content=\"Colliers serre c\u00e2ble | Raytech\" \/>\n<meta property=\"og:description\" content=\"Vitesse d\u2019application, queue inclin\u00e9e pour faciliter l\u2019insertion du collier dans la t\u00eate. Angles\u00a0arrondis qui garantissent une s\u00e9curit\u00e9 majeure. Coulissement rapide gr\u00e2ce au faible coefficient\u00a0de frottement du mat\u00e9riel. R\u00e9sistance aux rayons [\u2026]\" \/>\n<meta property=\"og:url\" content=\"https:\/\/svilupporaytech.com\/fr\/produit\/basse-tension\/speciaux-fr\/colliers-serre-cable-et-cleaner\/colliers-serre-cable\/\" \/>\n<meta property=\"og:site_name\" content=\"Raytech\" \/>\n<meta property=\"article:modified_time\" content=\"2019-12-21T15:39:53+00:00\" \/>\n<meta property=\"og:image\" content=\"https:\/\/svilupporaytech.com\/wp-content\/uploads\/fascette-per-cablaggio.jpg\" \/>\n\t<meta property=\"og:image:width\" content=\"500\" \/>\n\t<meta property=\"og:image:height\" content=\"500\" \/>\n\t<meta property=\"og:image:type\" content=\"image\/jpeg\" \/>\n<meta name=\"twitter:card\" content=\"summary_large_image\" \/>\n<script type=\"application\/ld+json\" class=\"yoast-schema-graph\">{\"@context\":\"https:\/\/schema.org\",\"@graph\":[{\"@type\":\"WebPage\",\"@id\":\"https:\/\/svilupporaytech.com\/fr\/produit\/basse-tension\/speciaux-fr\/colliers-serre-cable-et-cleaner\/colliers-serre-cable\/\",\"url\":\"https:\/\/svilupporaytech.com\/fr\/produit\/basse-tension\/speciaux-fr\/colliers-serre-cable-et-cleaner\/colliers-serre-cable\/\",\"name\":\"Colliers serre c\u00e2ble | Raytech\",\"isPartOf\":{\"@id\":\"https:\/\/svilupporaytech.com\/#website\"},\"primaryImageOfPage\":{\"@id\":\"https:\/\/svilupporaytech.com\/fr\/produit\/basse-tension\/speciaux-fr\/colliers-serre-cable-et-cleaner\/colliers-serre-cable\/#primaryimage\"},\"image\":{\"@id\":\"https:\/\/svilupporaytech.com\/fr\/produit\/basse-tension\/speciaux-fr\/colliers-serre-cable-et-cleaner\/colliers-serre-cable\/#primaryimage\"},\"thumbnailUrl\":\"https:\/\/svilupporaytech.com\/wp-content\/uploads\/fascette-per-cablaggio.jpg\",\"datePublished\":\"2016-01-04T14:00:46+00:00\",\"dateModified\":\"2019-12-21T15:39:53+00:00\",\"breadcrumb\":{\"@id\":\"https:\/\/svilupporaytech.com\/fr\/produit\/basse-tension\/speciaux-fr\/colliers-serre-cable-et-cleaner\/colliers-serre-cable\/#breadcrumb\"},\"inLanguage\":\"fr-FR\",\"potentialAction\":[{\"@type\":\"ReadAction\",\"target\":[\"https:\/\/svilupporaytech.com\/fr\/produit\/basse-tension\/speciaux-fr\/colliers-serre-cable-et-cleaner\/colliers-serre-cable\/\"]}]},{\"@type\":\"ImageObject\",\"inLanguage\":\"fr-FR\",\"@id\":\"https:\/\/svilupporaytech.com\/fr\/produit\/basse-tension\/speciaux-fr\/colliers-serre-cable-et-cleaner\/colliers-serre-cable\/#primaryimage\",\"url\":\"https:\/\/svilupporaytech.com\/wp-content\/uploads\/fascette-per-cablaggio.jpg\",\"contentUrl\":\"https:\/\/svilupporaytech.com\/wp-content\/uploads\/fascette-per-cablaggio.jpg\",\"width\":500,\"height\":500},{\"@type\":\"BreadcrumbList\",\"@id\":\"https:\/\/svilupporaytech.com\/fr\/produit\/basse-tension\/speciaux-fr\/colliers-serre-cable-et-cleaner\/colliers-serre-cable\/#breadcrumb\",\"itemListElement\":[{\"@type\":\"ListItem\",\"position\":1,\"name\":\"Home\",\"item\":\"https:\/\/svilupporaytech.com\/fr\/\"},{\"@type\":\"ListItem\",\"position\":2,\"name\":\"Boutique\",\"item\":\"https:\/\/svilupporaytech.com\/fr\/boutique\/\"},{\"@type\":\"ListItem\",\"position\":3,\"name\":\"Colliers serre c\u00e2ble\"}]},{\"@type\":\"WebSite\",\"@id\":\"https:\/\/svilupporaytech.com\/#website\",\"url\":\"https:\/\/svilupporaytech.com\/\",\"name\":\"Raytech\",\"description\":\"Cable accessories company\",\"potentialAction\":[{\"@type\":\"SearchAction\",\"target\":{\"@type\":\"EntryPoint\",\"urlTemplate\":\"https:\/\/svilupporaytech.com\/?s={search_term_string}\"},\"query-input\":\"required name=search_term_string\"}],\"inLanguage\":\"fr-FR\"}]}<\/script>\n<!-- \/ Yoast SEO plugin. -->","yoast_head_json":{"title":"Colliers serre c\u00e2ble | Raytech","robots":{"index":"index","follow":"follow","max-snippet":"max-snippet:-1","max-image-preview":"max-image-preview:large","max-video-preview":"max-video-preview:-1"},"canonical":"https:\/\/svilupporaytech.com\/fr\/produit\/basse-tension\/speciaux-fr\/colliers-serre-cable-et-cleaner\/colliers-serre-cable\/","og_locale":"fr_FR","og_type":"article","og_title":"Colliers serre c\u00e2ble | Raytech","og_description":"Vitesse d\u2019application, queue inclin\u00e9e pour faciliter l\u2019insertion du collier dans la t\u00eate. Angles\u00a0arrondis qui garantissent une s\u00e9curit\u00e9 majeure. Coulissement rapide gr\u00e2ce au faible coefficient\u00a0de frottement du mat\u00e9riel. R\u00e9sistance aux rayons [\u2026]","og_url":"https:\/\/svilupporaytech.com\/fr\/produit\/basse-tension\/speciaux-fr\/colliers-serre-cable-et-cleaner\/colliers-serre-cable\/","og_site_name":"Raytech","article_modified_time":"2019-12-21T15:39:53+00:00","og_image":[{"width":500,"height":500,"url":"https:\/\/svilupporaytech.com\/wp-content\/uploads\/fascette-per-cablaggio.jpg","type":"image\/jpeg"}],"twitter_card":"summary_large_image","schema":{"@context":"https:\/\/schema.org","@graph":[{"@type":"WebPage","@id":"https:\/\/svilupporaytech.com\/fr\/produit\/basse-tension\/speciaux-fr\/colliers-serre-cable-et-cleaner\/colliers-serre-cable\/","url":"https:\/\/svilupporaytech.com\/fr\/produit\/basse-tension\/speciaux-fr\/colliers-serre-cable-et-cleaner\/colliers-serre-cable\/","name":"Colliers serre c\u00e2ble | Raytech","isPartOf":{"@id":"https:\/\/svilupporaytech.com\/#website"},"primaryImageOfPage":{"@id":"https:\/\/svilupporaytech.com\/fr\/produit\/basse-tension\/speciaux-fr\/colliers-serre-cable-et-cleaner\/colliers-serre-cable\/#primaryimage"},"image":{"@id":"https:\/\/svilupporaytech.com\/fr\/produit\/basse-tension\/speciaux-fr\/colliers-serre-cable-et-cleaner\/colliers-serre-cable\/#primaryimage"},"thumbnailUrl":"https:\/\/svilupporaytech.com\/wp-content\/uploads\/fascette-per-cablaggio.jpg","datePublished":"2016-01-04T14:00:46+00:00","dateModified":"2019-12-21T15:39:53+00:00","breadcrumb":{"@id":"https:\/\/svilupporaytech.com\/fr\/produit\/basse-tension\/speciaux-fr\/colliers-serre-cable-et-cleaner\/colliers-serre-cable\/#breadcrumb"},"inLanguage":"fr-FR","potentialAction":[{"@type":"ReadAction","target":["https:\/\/svilupporaytech.com\/fr\/produit\/basse-tension\/speciaux-fr\/colliers-serre-cable-et-cleaner\/colliers-serre-cable\/"]}]},{"@type":"ImageObject","inLanguage":"fr-FR","@id":"https:\/\/svilupporaytech.com\/fr\/produit\/basse-tension\/speciaux-fr\/colliers-serre-cable-et-cleaner\/colliers-serre-cable\/#primaryimage","url":"https:\/\/svilupporaytech.com\/wp-content\/uploads\/fascette-per-cablaggio.jpg","contentUrl":"https:\/\/svilupporaytech.com\/wp-content\/uploads\/fascette-per-cablaggio.jpg","width":500,"height":500},{"@type":"BreadcrumbList","@id":"https:\/\/svilupporaytech.com\/fr\/produit\/basse-tension\/speciaux-fr\/colliers-serre-cable-et-cleaner\/colliers-serre-cable\/#breadcrumb","itemListElement":[{"@type":"ListItem","position":1,"name":"Home","item":"https:\/\/svilupporaytech.com\/fr\/"},{"@type":"ListItem","position":2,"name":"Boutique","item":"https:\/\/svilupporaytech.com\/fr\/boutique\/"},{"@type":"ListItem","position":3,"name":"Colliers serre c\u00e2ble"}]},{"@type":"WebSite","@id":"https:\/\/svilupporaytech.com\/#website","url":"https:\/\/svilupporaytech.com\/","name":"Raytech","description":"Cable accessories company","potentialAction":[{"@type":"SearchAction","target":{"@type":"EntryPoint","urlTemplate":"https:\/\/svilupporaytech.com\/?s={search_term_string}"},"query-input":"required name=search_term_string"}],"inLanguage":"fr-FR"}]}},"_links":{"self":[{"href":"https:\/\/svilupporaytech.com\/fr\/wp-json\/wp\/v2\/product\/7356"}],"collection":[{"href":"https:\/\/svilupporaytech.com\/fr\/wp-json\/wp\/v2\/product"}],"about":[{"href":"https:\/\/svilupporaytech.com\/fr\/wp-json\/wp\/v2\/types\/product"}],"wp:featuredmedia":[{"embeddable":true,"href":"https:\/\/svilupporaytech.com\/fr\/wp-json\/wp\/v2\/media\/1682"}],"wp:attachment":[{"href":"https:\/\/svilupporaytech.com\/fr\/wp-json\/wp\/v2\/media?parent=7356"}],"wp:term":[{"taxonomy":"product_cat","embeddable":true,"href":"https:\/\/svilupporaytech.com\/fr\/wp-json\/wp\/v2\/product_cat?post=7356"},{"taxonomy":"product_tag","embeddable":true,"href":"https:\/\/svilupporaytech.com\/fr\/wp-json\/wp\/v2\/product_tag?post=7356"}],"curies":[{"name":"wp","href":"https:\/\/api.w.org\/{rel}","templated":true}]}}