{"id":7379,"date":"2015-09-15T10:24:06","date_gmt":"2016-01-04T14:12:33","guid":{"rendered":"https:\/\/svilupporaytech.com\/?post_type=product&#038;p=7379&#038;lang=fr"},"modified":"2016-01-04T14:29:14","modified_gmt":"2016-01-04T14:29:14","slug":"terminaisons-retractables-a-froid-pour-interieur-24-kv","status":"publish","type":"product","link":"https:\/\/svilupporaytech.com\/fr\/produit\/moyenne-tension\/terminaisons-et-jonctions-retractables-a-froid-jusqua-36kv\/terminaisons-retractables-a-froid-pour-interieur-24-kv\/","title":{"rendered":"Terminaisons retractables \u00e0 froid pour int\u00e9rieur 24 kV"},"content":{"rendered":"<h4><span style=\"color: #004f9f;\">Terminaisons en caoutchouc silicone, avec contr\u00f4le du champ\u00a0\u00e9lectrique. Pour c\u00e2bles extrud\u00e9s jusqu&rsquo;\u00e0 12\/20 kV (Um 24 kV)<\/span><\/h4>\n<p>La technologie auto-r\u00e9tractable est bas\u00e9e sur des gaines isolantes pr\u00e9-dilat\u00e9es sur support\u00a0amovible en spirale, pouvant \u00eatre extrait sans outils durant l&rsquo;installation, afin de permettre la\u00a0couverture compl\u00e8te de l&rsquo;isolant du c\u00e2ble. La gaine en silicone Raytech, fournie pr\u00e9-expans\u00e9e,\u00a0est retard\u00e9e \u00e0 la flamme, est parfaitement anti-trace, a des caract\u00e9ristiques \u00e9lastiques tr\u00e8s\u00a0\u00e9lev\u00e9es, est en mesure de maintenir la pression sur le c\u00e2ble durant l&rsquo;utilisation, est hydrofuge\u00a0et extr\u00eamement robuste. Les terminaisons Raytech sont adapt\u00e9s aux applications d&rsquo;int\u00e9rieur,\u00a0sont tr\u00e8s compacts, pr\u00e9sentant une conformation lisse, et sont dot\u00e9s de tous les composants;\u00a0chaque kit comprend 3 terminaisons unipolaires pour int\u00e9rieur. L&rsquo;installation s&rsquo;effectue \u00e0\u00a0froid, sans outils, en d\u00e9roulant la petite spirale de support.<\/p>\n<ul>\n<li><span style=\"color: #004f9f;\">Rapidit\u00e9 d&rsquo;installation en faveur des co\u00fbts de main d&rsquo;oeuvre<\/span><\/li>\n<li><span style=\"color: #004f9f;\">Fiabilit\u00e9 \u00e9lev\u00e9e et s\u00e9curit\u00e9 pour l&rsquo;op\u00e9rateur<\/span><\/li>\n<li><span style=\"color: #004f9f;\">Installation sans apport de chaleur et sans outils<\/span><\/li>\n<\/ul>\n<p><a class=\"btn btn-default linkpdf mt_bg\" style=\"margin-top: 10px;\" href=\"\/catalogo\/fr\/identificazione-terminale.pdf\" target=\"_blank\">Donn\u00e9es pour l&rsquo;identification de la terminaison appropri\u00e9e<\/a><\/p>\n","protected":false},"excerpt":{"rendered":"<p>Terminaisons en caoutchouc silicone, avec contr\u00f4le du champ\u00a0\u00e9lectrique. Pour c\u00e2bles extrud\u00e9s jusqu&rsquo;\u00e0 12\/20 kV (Um 24 kV) La technologie auto-r\u00e9tractable est bas\u00e9e sur des gaines isolantes pr\u00e9-dilat\u00e9es sur support\u00a0amovible en<span class=\"excerpt-hellip\"> [\u2026]<\/span><\/p>\n","protected":false},"featured_media":2326,"template":"","meta":[],"product_cat":[174,171,429],"product_tag":[],"yoast_head":"<!-- This site is optimized with the Yoast SEO plugin v22.7 - https:\/\/yoast.com\/wordpress\/plugins\/seo\/ -->\n<title>Terminaisons retractables \u00e0 froid pour int\u00e9rieur 24 kV | Raytech<\/title>\n<meta name=\"robots\" content=\"index, follow, max-snippet:-1, max-image-preview:large, max-video-preview:-1\" \/>\n<link rel=\"canonical\" href=\"https:\/\/svilupporaytech.com\/fr\/produit\/moyenne-tension\/terminaisons-et-jonctions-retractables-a-froid-jusqua-36kv\/terminaisons-retractables-a-froid-pour-interieur-24-kv\/\" \/>\n<meta property=\"og:locale\" content=\"fr_FR\" \/>\n<meta property=\"og:type\" content=\"article\" \/>\n<meta property=\"og:title\" content=\"Terminaisons retractables \u00e0 froid pour int\u00e9rieur 24 kV | Raytech\" \/>\n<meta property=\"og:description\" content=\"Terminaisons en caoutchouc silicone, avec contr\u00f4le du champ\u00a0\u00e9lectrique. Pour c\u00e2bles extrud\u00e9s jusqu&rsquo;\u00e0 12\/20 kV (Um 24 kV) La technologie auto-r\u00e9tractable est bas\u00e9e sur des gaines isolantes pr\u00e9-dilat\u00e9es sur support\u00a0amovible en [\u2026]\" \/>\n<meta property=\"og:url\" content=\"https:\/\/svilupporaytech.com\/fr\/produit\/moyenne-tension\/terminaisons-et-jonctions-retractables-a-froid-jusqua-36kv\/terminaisons-retractables-a-froid-pour-interieur-24-kv\/\" \/>\n<meta property=\"og:site_name\" content=\"Raytech\" \/>\n<meta property=\"article:modified_time\" content=\"2016-01-04T14:29:14+00:00\" \/>\n<meta property=\"og:image\" content=\"https:\/\/svilupporaytech.com\/wp-content\/uploads\/terminali-interno.jpg\" \/>\n\t<meta property=\"og:image:width\" content=\"1024\" \/>\n\t<meta property=\"og:image:height\" content=\"1024\" \/>\n\t<meta property=\"og:image:type\" content=\"image\/jpeg\" \/>\n<meta name=\"twitter:card\" content=\"summary_large_image\" \/>\n<meta name=\"twitter:label1\" content=\"Dur\u00e9e de lecture estim\u00e9e\" \/>\n\t<meta name=\"twitter:data1\" content=\"1 minute\" \/>\n<script type=\"application\/ld+json\" class=\"yoast-schema-graph\">{\"@context\":\"https:\/\/schema.org\",\"@graph\":[{\"@type\":\"WebPage\",\"@id\":\"https:\/\/svilupporaytech.com\/fr\/produit\/moyenne-tension\/terminaisons-et-jonctions-retractables-a-froid-jusqua-36kv\/terminaisons-retractables-a-froid-pour-interieur-24-kv\/\",\"url\":\"https:\/\/svilupporaytech.com\/fr\/produit\/moyenne-tension\/terminaisons-et-jonctions-retractables-a-froid-jusqua-36kv\/terminaisons-retractables-a-froid-pour-interieur-24-kv\/\",\"name\":\"Terminaisons retractables \u00e0 froid pour int\u00e9rieur 24 kV | Raytech\",\"isPartOf\":{\"@id\":\"https:\/\/svilupporaytech.com\/#website\"},\"primaryImageOfPage\":{\"@id\":\"https:\/\/svilupporaytech.com\/fr\/produit\/moyenne-tension\/terminaisons-et-jonctions-retractables-a-froid-jusqua-36kv\/terminaisons-retractables-a-froid-pour-interieur-24-kv\/#primaryimage\"},\"image\":{\"@id\":\"https:\/\/svilupporaytech.com\/fr\/produit\/moyenne-tension\/terminaisons-et-jonctions-retractables-a-froid-jusqua-36kv\/terminaisons-retractables-a-froid-pour-interieur-24-kv\/#primaryimage\"},\"thumbnailUrl\":\"https:\/\/svilupporaytech.com\/wp-content\/uploads\/terminali-interno.jpg\",\"datePublished\":\"2016-01-04T14:12:33+00:00\",\"dateModified\":\"2016-01-04T14:29:14+00:00\",\"breadcrumb\":{\"@id\":\"https:\/\/svilupporaytech.com\/fr\/produit\/moyenne-tension\/terminaisons-et-jonctions-retractables-a-froid-jusqua-36kv\/terminaisons-retractables-a-froid-pour-interieur-24-kv\/#breadcrumb\"},\"inLanguage\":\"fr-FR\",\"potentialAction\":[{\"@type\":\"ReadAction\",\"target\":[\"https:\/\/svilupporaytech.com\/fr\/produit\/moyenne-tension\/terminaisons-et-jonctions-retractables-a-froid-jusqua-36kv\/terminaisons-retractables-a-froid-pour-interieur-24-kv\/\"]}]},{\"@type\":\"ImageObject\",\"inLanguage\":\"fr-FR\",\"@id\":\"https:\/\/svilupporaytech.com\/fr\/produit\/moyenne-tension\/terminaisons-et-jonctions-retractables-a-froid-jusqua-36kv\/terminaisons-retractables-a-froid-pour-interieur-24-kv\/#primaryimage\",\"url\":\"https:\/\/svilupporaytech.com\/wp-content\/uploads\/terminali-interno.jpg\",\"contentUrl\":\"https:\/\/svilupporaytech.com\/wp-content\/uploads\/terminali-interno.jpg\",\"width\":1024,\"height\":1024},{\"@type\":\"BreadcrumbList\",\"@id\":\"https:\/\/svilupporaytech.com\/fr\/produit\/moyenne-tension\/terminaisons-et-jonctions-retractables-a-froid-jusqua-36kv\/terminaisons-retractables-a-froid-pour-interieur-24-kv\/#breadcrumb\",\"itemListElement\":[{\"@type\":\"ListItem\",\"position\":1,\"name\":\"Home\",\"item\":\"https:\/\/svilupporaytech.com\/fr\/\"},{\"@type\":\"ListItem\",\"position\":2,\"name\":\"Boutique\",\"item\":\"https:\/\/svilupporaytech.com\/fr\/boutique\/\"},{\"@type\":\"ListItem\",\"position\":3,\"name\":\"Terminaisons retractables \u00e0 froid pour int\u00e9rieur 24 kV\"}]},{\"@type\":\"WebSite\",\"@id\":\"https:\/\/svilupporaytech.com\/#website\",\"url\":\"https:\/\/svilupporaytech.com\/\",\"name\":\"Raytech\",\"description\":\"Cable accessories company\",\"potentialAction\":[{\"@type\":\"SearchAction\",\"target\":{\"@type\":\"EntryPoint\",\"urlTemplate\":\"https:\/\/svilupporaytech.com\/?s={search_term_string}\"},\"query-input\":\"required name=search_term_string\"}],\"inLanguage\":\"fr-FR\"}]}<\/script>\n<!-- \/ Yoast SEO plugin. -->","yoast_head_json":{"title":"Terminaisons retractables \u00e0 froid pour int\u00e9rieur 24 kV | Raytech","robots":{"index":"index","follow":"follow","max-snippet":"max-snippet:-1","max-image-preview":"max-image-preview:large","max-video-preview":"max-video-preview:-1"},"canonical":"https:\/\/svilupporaytech.com\/fr\/produit\/moyenne-tension\/terminaisons-et-jonctions-retractables-a-froid-jusqua-36kv\/terminaisons-retractables-a-froid-pour-interieur-24-kv\/","og_locale":"fr_FR","og_type":"article","og_title":"Terminaisons retractables \u00e0 froid pour int\u00e9rieur 24 kV | Raytech","og_description":"Terminaisons en caoutchouc silicone, avec contr\u00f4le du champ\u00a0\u00e9lectrique. Pour c\u00e2bles extrud\u00e9s jusqu&rsquo;\u00e0 12\/20 kV (Um 24 kV) La technologie auto-r\u00e9tractable est bas\u00e9e sur des gaines isolantes pr\u00e9-dilat\u00e9es sur support\u00a0amovible en [\u2026]","og_url":"https:\/\/svilupporaytech.com\/fr\/produit\/moyenne-tension\/terminaisons-et-jonctions-retractables-a-froid-jusqua-36kv\/terminaisons-retractables-a-froid-pour-interieur-24-kv\/","og_site_name":"Raytech","article_modified_time":"2016-01-04T14:29:14+00:00","og_image":[{"width":1024,"height":1024,"url":"https:\/\/svilupporaytech.com\/wp-content\/uploads\/terminali-interno.jpg","type":"image\/jpeg"}],"twitter_card":"summary_large_image","twitter_misc":{"Dur\u00e9e de lecture estim\u00e9e":"1 minute"},"schema":{"@context":"https:\/\/schema.org","@graph":[{"@type":"WebPage","@id":"https:\/\/svilupporaytech.com\/fr\/produit\/moyenne-tension\/terminaisons-et-jonctions-retractables-a-froid-jusqua-36kv\/terminaisons-retractables-a-froid-pour-interieur-24-kv\/","url":"https:\/\/svilupporaytech.com\/fr\/produit\/moyenne-tension\/terminaisons-et-jonctions-retractables-a-froid-jusqua-36kv\/terminaisons-retractables-a-froid-pour-interieur-24-kv\/","name":"Terminaisons retractables \u00e0 froid pour int\u00e9rieur 24 kV | Raytech","isPartOf":{"@id":"https:\/\/svilupporaytech.com\/#website"},"primaryImageOfPage":{"@id":"https:\/\/svilupporaytech.com\/fr\/produit\/moyenne-tension\/terminaisons-et-jonctions-retractables-a-froid-jusqua-36kv\/terminaisons-retractables-a-froid-pour-interieur-24-kv\/#primaryimage"},"image":{"@id":"https:\/\/svilupporaytech.com\/fr\/produit\/moyenne-tension\/terminaisons-et-jonctions-retractables-a-froid-jusqua-36kv\/terminaisons-retractables-a-froid-pour-interieur-24-kv\/#primaryimage"},"thumbnailUrl":"https:\/\/svilupporaytech.com\/wp-content\/uploads\/terminali-interno.jpg","datePublished":"2016-01-04T14:12:33+00:00","dateModified":"2016-01-04T14:29:14+00:00","breadcrumb":{"@id":"https:\/\/svilupporaytech.com\/fr\/produit\/moyenne-tension\/terminaisons-et-jonctions-retractables-a-froid-jusqua-36kv\/terminaisons-retractables-a-froid-pour-interieur-24-kv\/#breadcrumb"},"inLanguage":"fr-FR","potentialAction":[{"@type":"ReadAction","target":["https:\/\/svilupporaytech.com\/fr\/produit\/moyenne-tension\/terminaisons-et-jonctions-retractables-a-froid-jusqua-36kv\/terminaisons-retractables-a-froid-pour-interieur-24-kv\/"]}]},{"@type":"ImageObject","inLanguage":"fr-FR","@id":"https:\/\/svilupporaytech.com\/fr\/produit\/moyenne-tension\/terminaisons-et-jonctions-retractables-a-froid-jusqua-36kv\/terminaisons-retractables-a-froid-pour-interieur-24-kv\/#primaryimage","url":"https:\/\/svilupporaytech.com\/wp-content\/uploads\/terminali-interno.jpg","contentUrl":"https:\/\/svilupporaytech.com\/wp-content\/uploads\/terminali-interno.jpg","width":1024,"height":1024},{"@type":"BreadcrumbList","@id":"https:\/\/svilupporaytech.com\/fr\/produit\/moyenne-tension\/terminaisons-et-jonctions-retractables-a-froid-jusqua-36kv\/terminaisons-retractables-a-froid-pour-interieur-24-kv\/#breadcrumb","itemListElement":[{"@type":"ListItem","position":1,"name":"Home","item":"https:\/\/svilupporaytech.com\/fr\/"},{"@type":"ListItem","position":2,"name":"Boutique","item":"https:\/\/svilupporaytech.com\/fr\/boutique\/"},{"@type":"ListItem","position":3,"name":"Terminaisons retractables \u00e0 froid pour int\u00e9rieur 24 kV"}]},{"@type":"WebSite","@id":"https:\/\/svilupporaytech.com\/#website","url":"https:\/\/svilupporaytech.com\/","name":"Raytech","description":"Cable accessories company","potentialAction":[{"@type":"SearchAction","target":{"@type":"EntryPoint","urlTemplate":"https:\/\/svilupporaytech.com\/?s={search_term_string}"},"query-input":"required name=search_term_string"}],"inLanguage":"fr-FR"}]}},"_links":{"self":[{"href":"https:\/\/svilupporaytech.com\/fr\/wp-json\/wp\/v2\/product\/7379"}],"collection":[{"href":"https:\/\/svilupporaytech.com\/fr\/wp-json\/wp\/v2\/product"}],"about":[{"href":"https:\/\/svilupporaytech.com\/fr\/wp-json\/wp\/v2\/types\/product"}],"wp:featuredmedia":[{"embeddable":true,"href":"https:\/\/svilupporaytech.com\/fr\/wp-json\/wp\/v2\/media\/2326"}],"wp:attachment":[{"href":"https:\/\/svilupporaytech.com\/fr\/wp-json\/wp\/v2\/media?parent=7379"}],"wp:term":[{"taxonomy":"product_cat","embeddable":true,"href":"https:\/\/svilupporaytech.com\/fr\/wp-json\/wp\/v2\/product_cat?post=7379"},{"taxonomy":"product_tag","embeddable":true,"href":"https:\/\/svilupporaytech.com\/fr\/wp-json\/wp\/v2\/product_tag?post=7379"}],"curies":[{"name":"wp","href":"https:\/\/api.w.org\/{rel}","templated":true}]}}