{"id":7380,"date":"2015-09-15T10:35:06","date_gmt":"2016-01-04T14:38:37","guid":{"rendered":"https:\/\/svilupporaytech.com\/?post_type=product&#038;p=7380&#038;lang=fr"},"modified":"2016-01-04T14:38:37","modified_gmt":"2016-01-04T14:38:37","slug":"terminaisons-retractables-a-froid-pour-interieurexterieur-36kv","status":"publish","type":"product","link":"https:\/\/svilupporaytech.com\/fr\/produit\/moyenne-tension\/terminaisons-et-jonctions-retractables-a-froid-jusqua-36kv\/terminaisons-retractables-a-froid-pour-interieurexterieur-36kv\/","title":{"rendered":"Terminaisons retractables \u00e0 froid pour int\u00e9rieur\/ext\u00e9rieur 36kV"},"content":{"rendered":"<h4><span style=\"color: #004f9f;\">Terminaisons en caoutchouc silicone, avec contr\u00f4le du\u00a0champ \u00e9lectrique. Pour c\u00e2bles extrud\u00e9s jusqu&rsquo;\u00e0 18\/30 kV\u00a0(Um 36 kV)<\/span><\/h4>\n<p>La gaine en silicone Raytech, fournie pr\u00e9-expans\u00e9e, est retard\u00e9e \u00e0 la flamme, est hautement\u00a0anti-trace, a des caract\u00e9ristiques \u00e9lastiques tr\u00e8s \u00e9lev\u00e9es, est en mesure de maintenir\u00a0la pression sur le c\u00e2ble durant l&rsquo;utilisation, est hydrofuge et extr\u00eamement robuste. Avec\u00a0des ailettes en silicone pr\u00e9-dilat\u00e9es sur support en spirale pour une installation modulaire\u00a0de l&rsquo;accessoire, elles offrent la possibilit\u00e9 d&rsquo;une installation sur l&rsquo;envers. EST adapt\u00e9e \u00e0 des\u00a0applications int\u00e9rieures et ext\u00e9rieures, est tr\u00e8s compacte, et est dot\u00e9e de tous les composants;\u00a0chaque kit comprend 3 terminaisons unipolaires. L&rsquo;installation s&rsquo;effectue \u00e0 froid, sans\u00a0outils, en d\u00e9roulant la petite spirale de support.<\/p>\n<ul>\n<li><span style=\"color: #004f9f;\">Rapidit\u00e9 d&rsquo;installation en faveur des co\u00fbts de main d&rsquo;oeuvre<\/span><\/li>\n<li><span style=\"color: #004f9f;\">Fiabilit\u00e9 \u00e9lev\u00e9e et s\u00e9curit\u00e9 pour l&rsquo;op\u00e9rateur<\/span><\/li>\n<li><span style=\"color: #004f9f;\">Installation sans apport de chaleur\u00a0et sans outils<\/span><\/li>\n<\/ul>\n<p><a class=\"btn btn-default linkpdf mt_bg\" style=\"margin-top: 10px;\" href=\"\/catalogo\/fr\/identificazione-terminale.pdf\" target=\"_blank\">Donn\u00e9es pour l&rsquo;identification de la terminaison appropri\u00e9e<\/a><\/p>\n","protected":false},"excerpt":{"rendered":"<p>Terminaisons en caoutchouc silicone, avec contr\u00f4le du\u00a0champ \u00e9lectrique. Pour c\u00e2bles extrud\u00e9s jusqu&rsquo;\u00e0 18\/30 kV\u00a0(Um 36 kV) La gaine en silicone Raytech, fournie pr\u00e9-expans\u00e9e, est retard\u00e9e \u00e0 la flamme, est hautement\u00a0anti-trace,<span class=\"excerpt-hellip\"> [\u2026]<\/span><\/p>\n","protected":false},"featured_media":2340,"template":"","meta":[],"product_cat":[174,171,429],"product_tag":[],"yoast_head":"<!-- This site is optimized with the Yoast SEO plugin v22.7 - https:\/\/yoast.com\/wordpress\/plugins\/seo\/ -->\n<title>Terminaisons retractables \u00e0 froid pour int\u00e9rieur\/ext\u00e9rieur 36kV | Raytech<\/title>\n<meta name=\"robots\" content=\"index, follow, max-snippet:-1, max-image-preview:large, max-video-preview:-1\" \/>\n<link rel=\"canonical\" href=\"https:\/\/svilupporaytech.com\/fr\/produit\/moyenne-tension\/terminaisons-et-jonctions-retractables-a-froid-jusqua-36kv\/terminaisons-retractables-a-froid-pour-interieurexterieur-36kv\/\" \/>\n<meta property=\"og:locale\" content=\"fr_FR\" \/>\n<meta property=\"og:type\" content=\"article\" \/>\n<meta property=\"og:title\" content=\"Terminaisons retractables \u00e0 froid pour int\u00e9rieur\/ext\u00e9rieur 36kV | Raytech\" \/>\n<meta property=\"og:description\" content=\"Terminaisons en caoutchouc silicone, avec contr\u00f4le du\u00a0champ \u00e9lectrique. Pour c\u00e2bles extrud\u00e9s jusqu&rsquo;\u00e0 18\/30 kV\u00a0(Um 36 kV) La gaine en silicone Raytech, fournie pr\u00e9-expans\u00e9e, est retard\u00e9e \u00e0 la flamme, est hautement\u00a0anti-trace, [\u2026]\" \/>\n<meta property=\"og:url\" content=\"https:\/\/svilupporaytech.com\/fr\/produit\/moyenne-tension\/terminaisons-et-jonctions-retractables-a-froid-jusqua-36kv\/terminaisons-retractables-a-froid-pour-interieurexterieur-36kv\/\" \/>\n<meta property=\"og:site_name\" content=\"Raytech\" \/>\n<meta property=\"og:image\" content=\"https:\/\/svilupporaytech.com\/wp-content\/uploads\/terminali-interno-esterno.jpg\" \/>\n\t<meta property=\"og:image:width\" content=\"1024\" \/>\n\t<meta property=\"og:image:height\" content=\"1024\" \/>\n\t<meta property=\"og:image:type\" content=\"image\/jpeg\" \/>\n<meta name=\"twitter:card\" content=\"summary_large_image\" \/>\n<meta name=\"twitter:label1\" content=\"Dur\u00e9e de lecture estim\u00e9e\" \/>\n\t<meta name=\"twitter:data1\" content=\"1 minute\" \/>\n<script type=\"application\/ld+json\" class=\"yoast-schema-graph\">{\"@context\":\"https:\/\/schema.org\",\"@graph\":[{\"@type\":\"WebPage\",\"@id\":\"https:\/\/svilupporaytech.com\/fr\/produit\/moyenne-tension\/terminaisons-et-jonctions-retractables-a-froid-jusqua-36kv\/terminaisons-retractables-a-froid-pour-interieurexterieur-36kv\/\",\"url\":\"https:\/\/svilupporaytech.com\/fr\/produit\/moyenne-tension\/terminaisons-et-jonctions-retractables-a-froid-jusqua-36kv\/terminaisons-retractables-a-froid-pour-interieurexterieur-36kv\/\",\"name\":\"Terminaisons retractables \u00e0 froid pour int\u00e9rieur\/ext\u00e9rieur 36kV | Raytech\",\"isPartOf\":{\"@id\":\"https:\/\/svilupporaytech.com\/#website\"},\"primaryImageOfPage\":{\"@id\":\"https:\/\/svilupporaytech.com\/fr\/produit\/moyenne-tension\/terminaisons-et-jonctions-retractables-a-froid-jusqua-36kv\/terminaisons-retractables-a-froid-pour-interieurexterieur-36kv\/#primaryimage\"},\"image\":{\"@id\":\"https:\/\/svilupporaytech.com\/fr\/produit\/moyenne-tension\/terminaisons-et-jonctions-retractables-a-froid-jusqua-36kv\/terminaisons-retractables-a-froid-pour-interieurexterieur-36kv\/#primaryimage\"},\"thumbnailUrl\":\"https:\/\/svilupporaytech.com\/wp-content\/uploads\/terminali-interno-esterno.jpg\",\"datePublished\":\"2016-01-04T14:38:37+00:00\",\"dateModified\":\"2016-01-04T14:38:37+00:00\",\"breadcrumb\":{\"@id\":\"https:\/\/svilupporaytech.com\/fr\/produit\/moyenne-tension\/terminaisons-et-jonctions-retractables-a-froid-jusqua-36kv\/terminaisons-retractables-a-froid-pour-interieurexterieur-36kv\/#breadcrumb\"},\"inLanguage\":\"fr-FR\",\"potentialAction\":[{\"@type\":\"ReadAction\",\"target\":[\"https:\/\/svilupporaytech.com\/fr\/produit\/moyenne-tension\/terminaisons-et-jonctions-retractables-a-froid-jusqua-36kv\/terminaisons-retractables-a-froid-pour-interieurexterieur-36kv\/\"]}]},{\"@type\":\"ImageObject\",\"inLanguage\":\"fr-FR\",\"@id\":\"https:\/\/svilupporaytech.com\/fr\/produit\/moyenne-tension\/terminaisons-et-jonctions-retractables-a-froid-jusqua-36kv\/terminaisons-retractables-a-froid-pour-interieurexterieur-36kv\/#primaryimage\",\"url\":\"https:\/\/svilupporaytech.com\/wp-content\/uploads\/terminali-interno-esterno.jpg\",\"contentUrl\":\"https:\/\/svilupporaytech.com\/wp-content\/uploads\/terminali-interno-esterno.jpg\",\"width\":1024,\"height\":1024},{\"@type\":\"BreadcrumbList\",\"@id\":\"https:\/\/svilupporaytech.com\/fr\/produit\/moyenne-tension\/terminaisons-et-jonctions-retractables-a-froid-jusqua-36kv\/terminaisons-retractables-a-froid-pour-interieurexterieur-36kv\/#breadcrumb\",\"itemListElement\":[{\"@type\":\"ListItem\",\"position\":1,\"name\":\"Home\",\"item\":\"https:\/\/svilupporaytech.com\/fr\/\"},{\"@type\":\"ListItem\",\"position\":2,\"name\":\"Boutique\",\"item\":\"https:\/\/svilupporaytech.com\/fr\/boutique\/\"},{\"@type\":\"ListItem\",\"position\":3,\"name\":\"Terminaisons retractables \u00e0 froid pour int\u00e9rieur\/ext\u00e9rieur 36kV\"}]},{\"@type\":\"WebSite\",\"@id\":\"https:\/\/svilupporaytech.com\/#website\",\"url\":\"https:\/\/svilupporaytech.com\/\",\"name\":\"Raytech\",\"description\":\"Cable accessories company\",\"potentialAction\":[{\"@type\":\"SearchAction\",\"target\":{\"@type\":\"EntryPoint\",\"urlTemplate\":\"https:\/\/svilupporaytech.com\/?s={search_term_string}\"},\"query-input\":\"required name=search_term_string\"}],\"inLanguage\":\"fr-FR\"}]}<\/script>\n<!-- \/ Yoast SEO plugin. -->","yoast_head_json":{"title":"Terminaisons retractables \u00e0 froid pour int\u00e9rieur\/ext\u00e9rieur 36kV | Raytech","robots":{"index":"index","follow":"follow","max-snippet":"max-snippet:-1","max-image-preview":"max-image-preview:large","max-video-preview":"max-video-preview:-1"},"canonical":"https:\/\/svilupporaytech.com\/fr\/produit\/moyenne-tension\/terminaisons-et-jonctions-retractables-a-froid-jusqua-36kv\/terminaisons-retractables-a-froid-pour-interieurexterieur-36kv\/","og_locale":"fr_FR","og_type":"article","og_title":"Terminaisons retractables \u00e0 froid pour int\u00e9rieur\/ext\u00e9rieur 36kV | Raytech","og_description":"Terminaisons en caoutchouc silicone, avec contr\u00f4le du\u00a0champ \u00e9lectrique. Pour c\u00e2bles extrud\u00e9s jusqu&rsquo;\u00e0 18\/30 kV\u00a0(Um 36 kV) La gaine en silicone Raytech, fournie pr\u00e9-expans\u00e9e, est retard\u00e9e \u00e0 la flamme, est hautement\u00a0anti-trace, [\u2026]","og_url":"https:\/\/svilupporaytech.com\/fr\/produit\/moyenne-tension\/terminaisons-et-jonctions-retractables-a-froid-jusqua-36kv\/terminaisons-retractables-a-froid-pour-interieurexterieur-36kv\/","og_site_name":"Raytech","og_image":[{"width":1024,"height":1024,"url":"https:\/\/svilupporaytech.com\/wp-content\/uploads\/terminali-interno-esterno.jpg","type":"image\/jpeg"}],"twitter_card":"summary_large_image","twitter_misc":{"Dur\u00e9e de lecture estim\u00e9e":"1 minute"},"schema":{"@context":"https:\/\/schema.org","@graph":[{"@type":"WebPage","@id":"https:\/\/svilupporaytech.com\/fr\/produit\/moyenne-tension\/terminaisons-et-jonctions-retractables-a-froid-jusqua-36kv\/terminaisons-retractables-a-froid-pour-interieurexterieur-36kv\/","url":"https:\/\/svilupporaytech.com\/fr\/produit\/moyenne-tension\/terminaisons-et-jonctions-retractables-a-froid-jusqua-36kv\/terminaisons-retractables-a-froid-pour-interieurexterieur-36kv\/","name":"Terminaisons retractables \u00e0 froid pour int\u00e9rieur\/ext\u00e9rieur 36kV | Raytech","isPartOf":{"@id":"https:\/\/svilupporaytech.com\/#website"},"primaryImageOfPage":{"@id":"https:\/\/svilupporaytech.com\/fr\/produit\/moyenne-tension\/terminaisons-et-jonctions-retractables-a-froid-jusqua-36kv\/terminaisons-retractables-a-froid-pour-interieurexterieur-36kv\/#primaryimage"},"image":{"@id":"https:\/\/svilupporaytech.com\/fr\/produit\/moyenne-tension\/terminaisons-et-jonctions-retractables-a-froid-jusqua-36kv\/terminaisons-retractables-a-froid-pour-interieurexterieur-36kv\/#primaryimage"},"thumbnailUrl":"https:\/\/svilupporaytech.com\/wp-content\/uploads\/terminali-interno-esterno.jpg","datePublished":"2016-01-04T14:38:37+00:00","dateModified":"2016-01-04T14:38:37+00:00","breadcrumb":{"@id":"https:\/\/svilupporaytech.com\/fr\/produit\/moyenne-tension\/terminaisons-et-jonctions-retractables-a-froid-jusqua-36kv\/terminaisons-retractables-a-froid-pour-interieurexterieur-36kv\/#breadcrumb"},"inLanguage":"fr-FR","potentialAction":[{"@type":"ReadAction","target":["https:\/\/svilupporaytech.com\/fr\/produit\/moyenne-tension\/terminaisons-et-jonctions-retractables-a-froid-jusqua-36kv\/terminaisons-retractables-a-froid-pour-interieurexterieur-36kv\/"]}]},{"@type":"ImageObject","inLanguage":"fr-FR","@id":"https:\/\/svilupporaytech.com\/fr\/produit\/moyenne-tension\/terminaisons-et-jonctions-retractables-a-froid-jusqua-36kv\/terminaisons-retractables-a-froid-pour-interieurexterieur-36kv\/#primaryimage","url":"https:\/\/svilupporaytech.com\/wp-content\/uploads\/terminali-interno-esterno.jpg","contentUrl":"https:\/\/svilupporaytech.com\/wp-content\/uploads\/terminali-interno-esterno.jpg","width":1024,"height":1024},{"@type":"BreadcrumbList","@id":"https:\/\/svilupporaytech.com\/fr\/produit\/moyenne-tension\/terminaisons-et-jonctions-retractables-a-froid-jusqua-36kv\/terminaisons-retractables-a-froid-pour-interieurexterieur-36kv\/#breadcrumb","itemListElement":[{"@type":"ListItem","position":1,"name":"Home","item":"https:\/\/svilupporaytech.com\/fr\/"},{"@type":"ListItem","position":2,"name":"Boutique","item":"https:\/\/svilupporaytech.com\/fr\/boutique\/"},{"@type":"ListItem","position":3,"name":"Terminaisons retractables \u00e0 froid pour int\u00e9rieur\/ext\u00e9rieur 36kV"}]},{"@type":"WebSite","@id":"https:\/\/svilupporaytech.com\/#website","url":"https:\/\/svilupporaytech.com\/","name":"Raytech","description":"Cable accessories company","potentialAction":[{"@type":"SearchAction","target":{"@type":"EntryPoint","urlTemplate":"https:\/\/svilupporaytech.com\/?s={search_term_string}"},"query-input":"required name=search_term_string"}],"inLanguage":"fr-FR"}]}},"_links":{"self":[{"href":"https:\/\/svilupporaytech.com\/fr\/wp-json\/wp\/v2\/product\/7380"}],"collection":[{"href":"https:\/\/svilupporaytech.com\/fr\/wp-json\/wp\/v2\/product"}],"about":[{"href":"https:\/\/svilupporaytech.com\/fr\/wp-json\/wp\/v2\/types\/product"}],"wp:featuredmedia":[{"embeddable":true,"href":"https:\/\/svilupporaytech.com\/fr\/wp-json\/wp\/v2\/media\/2340"}],"wp:attachment":[{"href":"https:\/\/svilupporaytech.com\/fr\/wp-json\/wp\/v2\/media?parent=7380"}],"wp:term":[{"taxonomy":"product_cat","embeddable":true,"href":"https:\/\/svilupporaytech.com\/fr\/wp-json\/wp\/v2\/product_cat?post=7380"},{"taxonomy":"product_tag","embeddable":true,"href":"https:\/\/svilupporaytech.com\/fr\/wp-json\/wp\/v2\/product_tag?post=7380"}],"curies":[{"name":"wp","href":"https:\/\/api.w.org\/{rel}","templated":true}]}}