{"id":7382,"date":"2015-12-22T08:20:32","date_gmt":"2016-01-04T14:42:22","guid":{"rendered":"https:\/\/svilupporaytech.com\/?post_type=product&#038;p=7382&#038;lang=fr"},"modified":"2016-01-04T14:47:17","modified_gmt":"2016-01-04T14:47:17","slug":"terminaisons-tripolaires-retractables-a-froid-pour-interieurexterieur-36-kv","status":"publish","type":"product","link":"https:\/\/svilupporaytech.com\/fr\/produit\/moyenne-tension\/terminaisons-et-jonctions-retractables-a-froid-jusqua-36kv\/terminaisons-tripolaires-retractables-a-froid-pour-interieurexterieur-36-kv\/","title":{"rendered":"Terminaisons tripolaires r\u00e9tractables \u00e0 froid pour int\u00e9rieur\/ext\u00e9rieur 36 kV"},"content":{"rendered":"<h4><span style=\"color: #004f9f;\">Terminaisons pour c\u00e2bles \u00e0 isolant extrud\u00e9 arm\u00e9s et non\u00a0arm\u00e9s jusqu\u2019\u00e0 36 kV<\/span><\/h4>\n<p>Technologie hybride qui pr\u00e9voit triforcation thermo-r\u00e9tractable et terminaison r\u00e9tractable\u00a0\u00e0 froid.<br \/>\n<a class=\"btn btn-default linkpdf mt_bg\" style=\"margin-top: 10px;\" href=\"\/catalogo\/fr\/identificazione-terminale.pdf\" target=\"_blank\">Donn\u00e9es pour l&rsquo;identification de la terminaison appropri\u00e9e<\/a><\/p>\n","protected":false},"excerpt":{"rendered":"<p>Terminaisons pour c\u00e2bles \u00e0 isolant extrud\u00e9 arm\u00e9s et non\u00a0arm\u00e9s jusqu\u2019\u00e0 36 kV Technologie hybride qui pr\u00e9voit triforcation thermo-r\u00e9tractable et terminaison r\u00e9tractable\u00a0\u00e0 froid. Donn\u00e9es pour l&rsquo;identification de la terminaison appropri\u00e9e<\/p>\n","protected":false},"featured_media":6634,"template":"","meta":[],"product_cat":[174,171,429],"product_tag":[],"yoast_head":"<!-- This site is optimized with the Yoast SEO plugin v22.7 - https:\/\/yoast.com\/wordpress\/plugins\/seo\/ -->\n<title>Terminaisons tripolaires r\u00e9tractables \u00e0 froid pour int\u00e9rieur\/ext\u00e9rieur 36 kV | Raytech<\/title>\n<meta name=\"robots\" content=\"index, follow, max-snippet:-1, max-image-preview:large, max-video-preview:-1\" \/>\n<link rel=\"canonical\" href=\"https:\/\/svilupporaytech.com\/fr\/produit\/moyenne-tension\/terminaisons-et-jonctions-retractables-a-froid-jusqua-36kv\/terminaisons-tripolaires-retractables-a-froid-pour-interieurexterieur-36-kv\/\" \/>\n<meta property=\"og:locale\" content=\"fr_FR\" \/>\n<meta property=\"og:type\" content=\"article\" \/>\n<meta property=\"og:title\" content=\"Terminaisons tripolaires r\u00e9tractables \u00e0 froid pour int\u00e9rieur\/ext\u00e9rieur 36 kV | Raytech\" \/>\n<meta property=\"og:description\" content=\"Terminaisons pour c\u00e2bles \u00e0 isolant extrud\u00e9 arm\u00e9s et non\u00a0arm\u00e9s jusqu\u2019\u00e0 36 kV Technologie hybride qui pr\u00e9voit triforcation thermo-r\u00e9tractable et terminaison r\u00e9tractable\u00a0\u00e0 froid. Donn\u00e9es pour l&rsquo;identification de la terminaison appropri\u00e9e\" \/>\n<meta property=\"og:url\" content=\"https:\/\/svilupporaytech.com\/fr\/produit\/moyenne-tension\/terminaisons-et-jonctions-retractables-a-froid-jusqua-36kv\/terminaisons-tripolaires-retractables-a-froid-pour-interieurexterieur-36-kv\/\" \/>\n<meta property=\"og:site_name\" content=\"Raytech\" \/>\n<meta property=\"article:modified_time\" content=\"2016-01-04T14:47:17+00:00\" \/>\n<meta property=\"og:image\" content=\"https:\/\/svilupporaytech.com\/wp-content\/uploads\/Terminali-autorestringenti-tripolari.jpg\" \/>\n\t<meta property=\"og:image:width\" content=\"1024\" \/>\n\t<meta property=\"og:image:height\" content=\"1024\" \/>\n\t<meta property=\"og:image:type\" content=\"image\/jpeg\" \/>\n<meta name=\"twitter:card\" content=\"summary_large_image\" \/>\n<script type=\"application\/ld+json\" class=\"yoast-schema-graph\">{\"@context\":\"https:\/\/schema.org\",\"@graph\":[{\"@type\":\"WebPage\",\"@id\":\"https:\/\/svilupporaytech.com\/fr\/produit\/moyenne-tension\/terminaisons-et-jonctions-retractables-a-froid-jusqua-36kv\/terminaisons-tripolaires-retractables-a-froid-pour-interieurexterieur-36-kv\/\",\"url\":\"https:\/\/svilupporaytech.com\/fr\/produit\/moyenne-tension\/terminaisons-et-jonctions-retractables-a-froid-jusqua-36kv\/terminaisons-tripolaires-retractables-a-froid-pour-interieurexterieur-36-kv\/\",\"name\":\"Terminaisons tripolaires r\u00e9tractables \u00e0 froid pour int\u00e9rieur\/ext\u00e9rieur 36 kV | Raytech\",\"isPartOf\":{\"@id\":\"https:\/\/svilupporaytech.com\/#website\"},\"primaryImageOfPage\":{\"@id\":\"https:\/\/svilupporaytech.com\/fr\/produit\/moyenne-tension\/terminaisons-et-jonctions-retractables-a-froid-jusqua-36kv\/terminaisons-tripolaires-retractables-a-froid-pour-interieurexterieur-36-kv\/#primaryimage\"},\"image\":{\"@id\":\"https:\/\/svilupporaytech.com\/fr\/produit\/moyenne-tension\/terminaisons-et-jonctions-retractables-a-froid-jusqua-36kv\/terminaisons-tripolaires-retractables-a-froid-pour-interieurexterieur-36-kv\/#primaryimage\"},\"thumbnailUrl\":\"https:\/\/svilupporaytech.com\/wp-content\/uploads\/Terminali-autorestringenti-tripolari.jpg\",\"datePublished\":\"2016-01-04T14:42:22+00:00\",\"dateModified\":\"2016-01-04T14:47:17+00:00\",\"breadcrumb\":{\"@id\":\"https:\/\/svilupporaytech.com\/fr\/produit\/moyenne-tension\/terminaisons-et-jonctions-retractables-a-froid-jusqua-36kv\/terminaisons-tripolaires-retractables-a-froid-pour-interieurexterieur-36-kv\/#breadcrumb\"},\"inLanguage\":\"fr-FR\",\"potentialAction\":[{\"@type\":\"ReadAction\",\"target\":[\"https:\/\/svilupporaytech.com\/fr\/produit\/moyenne-tension\/terminaisons-et-jonctions-retractables-a-froid-jusqua-36kv\/terminaisons-tripolaires-retractables-a-froid-pour-interieurexterieur-36-kv\/\"]}]},{\"@type\":\"ImageObject\",\"inLanguage\":\"fr-FR\",\"@id\":\"https:\/\/svilupporaytech.com\/fr\/produit\/moyenne-tension\/terminaisons-et-jonctions-retractables-a-froid-jusqua-36kv\/terminaisons-tripolaires-retractables-a-froid-pour-interieurexterieur-36-kv\/#primaryimage\",\"url\":\"https:\/\/svilupporaytech.com\/wp-content\/uploads\/Terminali-autorestringenti-tripolari.jpg\",\"contentUrl\":\"https:\/\/svilupporaytech.com\/wp-content\/uploads\/Terminali-autorestringenti-tripolari.jpg\",\"width\":1024,\"height\":1024},{\"@type\":\"BreadcrumbList\",\"@id\":\"https:\/\/svilupporaytech.com\/fr\/produit\/moyenne-tension\/terminaisons-et-jonctions-retractables-a-froid-jusqua-36kv\/terminaisons-tripolaires-retractables-a-froid-pour-interieurexterieur-36-kv\/#breadcrumb\",\"itemListElement\":[{\"@type\":\"ListItem\",\"position\":1,\"name\":\"Home\",\"item\":\"https:\/\/svilupporaytech.com\/fr\/\"},{\"@type\":\"ListItem\",\"position\":2,\"name\":\"Boutique\",\"item\":\"https:\/\/svilupporaytech.com\/fr\/boutique\/\"},{\"@type\":\"ListItem\",\"position\":3,\"name\":\"Terminaisons tripolaires r\u00e9tractables \u00e0 froid pour int\u00e9rieur\/ext\u00e9rieur 36 kV\"}]},{\"@type\":\"WebSite\",\"@id\":\"https:\/\/svilupporaytech.com\/#website\",\"url\":\"https:\/\/svilupporaytech.com\/\",\"name\":\"Raytech\",\"description\":\"Cable accessories company\",\"potentialAction\":[{\"@type\":\"SearchAction\",\"target\":{\"@type\":\"EntryPoint\",\"urlTemplate\":\"https:\/\/svilupporaytech.com\/?s={search_term_string}\"},\"query-input\":\"required name=search_term_string\"}],\"inLanguage\":\"fr-FR\"}]}<\/script>\n<!-- \/ Yoast SEO plugin. -->","yoast_head_json":{"title":"Terminaisons tripolaires r\u00e9tractables \u00e0 froid pour int\u00e9rieur\/ext\u00e9rieur 36 kV | Raytech","robots":{"index":"index","follow":"follow","max-snippet":"max-snippet:-1","max-image-preview":"max-image-preview:large","max-video-preview":"max-video-preview:-1"},"canonical":"https:\/\/svilupporaytech.com\/fr\/produit\/moyenne-tension\/terminaisons-et-jonctions-retractables-a-froid-jusqua-36kv\/terminaisons-tripolaires-retractables-a-froid-pour-interieurexterieur-36-kv\/","og_locale":"fr_FR","og_type":"article","og_title":"Terminaisons tripolaires r\u00e9tractables \u00e0 froid pour int\u00e9rieur\/ext\u00e9rieur 36 kV | Raytech","og_description":"Terminaisons pour c\u00e2bles \u00e0 isolant extrud\u00e9 arm\u00e9s et non\u00a0arm\u00e9s jusqu\u2019\u00e0 36 kV Technologie hybride qui pr\u00e9voit triforcation thermo-r\u00e9tractable et terminaison r\u00e9tractable\u00a0\u00e0 froid. Donn\u00e9es pour l&rsquo;identification de la terminaison appropri\u00e9e","og_url":"https:\/\/svilupporaytech.com\/fr\/produit\/moyenne-tension\/terminaisons-et-jonctions-retractables-a-froid-jusqua-36kv\/terminaisons-tripolaires-retractables-a-froid-pour-interieurexterieur-36-kv\/","og_site_name":"Raytech","article_modified_time":"2016-01-04T14:47:17+00:00","og_image":[{"width":1024,"height":1024,"url":"https:\/\/svilupporaytech.com\/wp-content\/uploads\/Terminali-autorestringenti-tripolari.jpg","type":"image\/jpeg"}],"twitter_card":"summary_large_image","schema":{"@context":"https:\/\/schema.org","@graph":[{"@type":"WebPage","@id":"https:\/\/svilupporaytech.com\/fr\/produit\/moyenne-tension\/terminaisons-et-jonctions-retractables-a-froid-jusqua-36kv\/terminaisons-tripolaires-retractables-a-froid-pour-interieurexterieur-36-kv\/","url":"https:\/\/svilupporaytech.com\/fr\/produit\/moyenne-tension\/terminaisons-et-jonctions-retractables-a-froid-jusqua-36kv\/terminaisons-tripolaires-retractables-a-froid-pour-interieurexterieur-36-kv\/","name":"Terminaisons tripolaires r\u00e9tractables \u00e0 froid pour int\u00e9rieur\/ext\u00e9rieur 36 kV | Raytech","isPartOf":{"@id":"https:\/\/svilupporaytech.com\/#website"},"primaryImageOfPage":{"@id":"https:\/\/svilupporaytech.com\/fr\/produit\/moyenne-tension\/terminaisons-et-jonctions-retractables-a-froid-jusqua-36kv\/terminaisons-tripolaires-retractables-a-froid-pour-interieurexterieur-36-kv\/#primaryimage"},"image":{"@id":"https:\/\/svilupporaytech.com\/fr\/produit\/moyenne-tension\/terminaisons-et-jonctions-retractables-a-froid-jusqua-36kv\/terminaisons-tripolaires-retractables-a-froid-pour-interieurexterieur-36-kv\/#primaryimage"},"thumbnailUrl":"https:\/\/svilupporaytech.com\/wp-content\/uploads\/Terminali-autorestringenti-tripolari.jpg","datePublished":"2016-01-04T14:42:22+00:00","dateModified":"2016-01-04T14:47:17+00:00","breadcrumb":{"@id":"https:\/\/svilupporaytech.com\/fr\/produit\/moyenne-tension\/terminaisons-et-jonctions-retractables-a-froid-jusqua-36kv\/terminaisons-tripolaires-retractables-a-froid-pour-interieurexterieur-36-kv\/#breadcrumb"},"inLanguage":"fr-FR","potentialAction":[{"@type":"ReadAction","target":["https:\/\/svilupporaytech.com\/fr\/produit\/moyenne-tension\/terminaisons-et-jonctions-retractables-a-froid-jusqua-36kv\/terminaisons-tripolaires-retractables-a-froid-pour-interieurexterieur-36-kv\/"]}]},{"@type":"ImageObject","inLanguage":"fr-FR","@id":"https:\/\/svilupporaytech.com\/fr\/produit\/moyenne-tension\/terminaisons-et-jonctions-retractables-a-froid-jusqua-36kv\/terminaisons-tripolaires-retractables-a-froid-pour-interieurexterieur-36-kv\/#primaryimage","url":"https:\/\/svilupporaytech.com\/wp-content\/uploads\/Terminali-autorestringenti-tripolari.jpg","contentUrl":"https:\/\/svilupporaytech.com\/wp-content\/uploads\/Terminali-autorestringenti-tripolari.jpg","width":1024,"height":1024},{"@type":"BreadcrumbList","@id":"https:\/\/svilupporaytech.com\/fr\/produit\/moyenne-tension\/terminaisons-et-jonctions-retractables-a-froid-jusqua-36kv\/terminaisons-tripolaires-retractables-a-froid-pour-interieurexterieur-36-kv\/#breadcrumb","itemListElement":[{"@type":"ListItem","position":1,"name":"Home","item":"https:\/\/svilupporaytech.com\/fr\/"},{"@type":"ListItem","position":2,"name":"Boutique","item":"https:\/\/svilupporaytech.com\/fr\/boutique\/"},{"@type":"ListItem","position":3,"name":"Terminaisons tripolaires r\u00e9tractables \u00e0 froid pour int\u00e9rieur\/ext\u00e9rieur 36 kV"}]},{"@type":"WebSite","@id":"https:\/\/svilupporaytech.com\/#website","url":"https:\/\/svilupporaytech.com\/","name":"Raytech","description":"Cable accessories company","potentialAction":[{"@type":"SearchAction","target":{"@type":"EntryPoint","urlTemplate":"https:\/\/svilupporaytech.com\/?s={search_term_string}"},"query-input":"required name=search_term_string"}],"inLanguage":"fr-FR"}]}},"_links":{"self":[{"href":"https:\/\/svilupporaytech.com\/fr\/wp-json\/wp\/v2\/product\/7382"}],"collection":[{"href":"https:\/\/svilupporaytech.com\/fr\/wp-json\/wp\/v2\/product"}],"about":[{"href":"https:\/\/svilupporaytech.com\/fr\/wp-json\/wp\/v2\/types\/product"}],"wp:featuredmedia":[{"embeddable":true,"href":"https:\/\/svilupporaytech.com\/fr\/wp-json\/wp\/v2\/media\/6634"}],"wp:attachment":[{"href":"https:\/\/svilupporaytech.com\/fr\/wp-json\/wp\/v2\/media?parent=7382"}],"wp:term":[{"taxonomy":"product_cat","embeddable":true,"href":"https:\/\/svilupporaytech.com\/fr\/wp-json\/wp\/v2\/product_cat?post=7382"},{"taxonomy":"product_tag","embeddable":true,"href":"https:\/\/svilupporaytech.com\/fr\/wp-json\/wp\/v2\/product_tag?post=7382"}],"curies":[{"name":"wp","href":"https:\/\/api.w.org\/{rel}","templated":true}]}}