{"id":7383,"date":"2015-09-15T10:42:32","date_gmt":"2016-01-04T15:19:53","guid":{"rendered":"https:\/\/svilupporaytech.com\/?post_type=product&#038;p=7383&#038;lang=fr"},"modified":"2019-11-27T09:18:39","modified_gmt":"2019-11-27T09:18:39","slug":"terminaisons-thermo-retractables-pour-interieur-36-kv","status":"publish","type":"product","link":"https:\/\/svilupporaytech.com\/fr\/produit\/moyenne-tension\/terminaisons-et-jonctions-thermo-retractables-jusqua-36kv\/terminaisons\/terminaisons-thermo-retractables-pour-interieur-36-kv\/","title":{"rendered":"Terminaisons thermo-r\u00e9tractables pour int\u00e9rieur 36 kV"},"content":{"rendered":"<h4><span style=\"color: #004f9f;\">Terminaisons pour c\u00e2bles UNIPOLAIRES avec isolant extrud\u00e9\u00a0jusqu&rsquo;\u00e0 36 kV<\/span><\/h4>\n<p>Les terminaisons thermo-r\u00e9tractables peuvent \u00eatre imm\u00e9diatement aliment\u00e9s en \u00e9nergie,\u00a0conditionnement rapide et fiables. Les rapports de r\u00e9tr\u00e9cissement \u00e9lev\u00e9s permettent d&rsquo;\u00e9largir\u00a0la gamme d&rsquo;application et de r\u00e9duire le nombre de kits \u00e0 stocker.\u00a0Le premier probl\u00e8me \u00e0 r\u00e9soudre dans les accessoires de moyenne tension est d&rsquo;\u00e9viter la concentration\u00a0de la tension sur la ligne de coupe de l&rsquo;\u00e9cran. L&rsquo;utilisation de polym\u00e8res charg\u00e9s avec des\u00a0oxydes m\u00e9talliques \u00e0 caract\u00e9ristique non-lin\u00e9aire a permis l&rsquo;excellente distribution du champ \u00e9lectrique\u00a0sans \u00e9paissir l&#8217;embout ; l&rsquo;\u00e9l\u00e9ment de contr\u00f4le du champ peut \u00eatre une gaine \u00e0 appliquer\u00a0directement sur la t\u00eate du c\u00e2ble, ou une couche extrud\u00e9e avec la gaine de couverture ext\u00e9rieure.<\/p>\n<ul>\n<li><span style=\"color: #004f9f;\">Extr\u00eamement simples<\/span><\/li>\n<li><span style=\"color: #004f9f;\">N&rsquo;exigent pas de main d&rsquo;oeuvre particuli\u00e8re<\/span><\/li>\n<li><span style=\"color: #004f9f;\">Peuvent \u00eatre install\u00e9s dans n&rsquo;importe quelle condition<\/span><\/li>\n<li><span style=\"color: #004f9f;\">Sans date de p\u00e9remption<\/span><\/li>\n<\/ul>\n<p><a class=\"btn btn-default linkpdf mt_bg\" style=\"margin-top: 10px;\" href=\"\/catalogo\/fr\/identificazione-terminali.pdf\" target=\"_blank\" rel=\"noopener noreferrer\">Donn\u00e9es pour l&rsquo;identification de la terminaison appropri\u00e9e<\/a><\/p>\n","protected":false},"excerpt":{"rendered":"<p>Terminaisons pour c\u00e2bles UNIPOLAIRES avec isolant extrud\u00e9\u00a0jusqu&rsquo;\u00e0 36 kV Les terminaisons thermo-r\u00e9tractables peuvent \u00eatre imm\u00e9diatement aliment\u00e9s en \u00e9nergie,\u00a0conditionnement rapide et fiables. Les rapports de r\u00e9tr\u00e9cissement \u00e9lev\u00e9s permettent d&rsquo;\u00e9largir\u00a0la gamme d&rsquo;application<span class=\"excerpt-hellip\"> [\u2026]<\/span><\/p>\n","protected":false},"featured_media":2354,"template":"","meta":[],"product_cat":[174,175,431],"product_tag":[],"yoast_head":"<!-- This site is optimized with the Yoast SEO plugin v22.7 - https:\/\/yoast.com\/wordpress\/plugins\/seo\/ -->\n<title>Terminaisons thermo-r\u00e9tractables pour int\u00e9rieur 36 kV | Raytech<\/title>\n<meta name=\"robots\" content=\"index, follow, max-snippet:-1, max-image-preview:large, max-video-preview:-1\" \/>\n<link rel=\"canonical\" href=\"https:\/\/svilupporaytech.com\/fr\/produit\/moyenne-tension\/terminaisons-et-jonctions-thermo-retractables-jusqua-36kv\/terminaisons\/terminaisons-thermo-retractables-pour-interieur-36-kv\/\" \/>\n<meta property=\"og:locale\" content=\"fr_FR\" \/>\n<meta property=\"og:type\" content=\"article\" \/>\n<meta property=\"og:title\" content=\"Terminaisons thermo-r\u00e9tractables pour int\u00e9rieur 36 kV | Raytech\" \/>\n<meta property=\"og:description\" content=\"Terminaisons pour c\u00e2bles UNIPOLAIRES avec isolant extrud\u00e9\u00a0jusqu&rsquo;\u00e0 36 kV Les terminaisons thermo-r\u00e9tractables peuvent \u00eatre imm\u00e9diatement aliment\u00e9s en \u00e9nergie,\u00a0conditionnement rapide et fiables. Les rapports de r\u00e9tr\u00e9cissement \u00e9lev\u00e9s permettent d&rsquo;\u00e9largir\u00a0la gamme d&rsquo;application [\u2026]\" \/>\n<meta property=\"og:url\" content=\"https:\/\/svilupporaytech.com\/fr\/produit\/moyenne-tension\/terminaisons-et-jonctions-thermo-retractables-jusqua-36kv\/terminaisons\/terminaisons-thermo-retractables-pour-interieur-36-kv\/\" \/>\n<meta property=\"og:site_name\" content=\"Raytech\" \/>\n<meta property=\"article:modified_time\" content=\"2019-11-27T09:18:39+00:00\" \/>\n<meta property=\"og:image\" content=\"https:\/\/svilupporaytech.com\/wp-content\/uploads\/terminali-unipolari-unterno.jpg\" \/>\n\t<meta property=\"og:image:width\" content=\"1024\" \/>\n\t<meta property=\"og:image:height\" content=\"1024\" \/>\n\t<meta property=\"og:image:type\" content=\"image\/jpeg\" \/>\n<meta name=\"twitter:card\" content=\"summary_large_image\" \/>\n<meta name=\"twitter:label1\" content=\"Dur\u00e9e de lecture estim\u00e9e\" \/>\n\t<meta name=\"twitter:data1\" content=\"1 minute\" \/>\n<script type=\"application\/ld+json\" class=\"yoast-schema-graph\">{\"@context\":\"https:\/\/schema.org\",\"@graph\":[{\"@type\":\"WebPage\",\"@id\":\"https:\/\/svilupporaytech.com\/fr\/produit\/moyenne-tension\/terminaisons-et-jonctions-thermo-retractables-jusqua-36kv\/terminaisons\/terminaisons-thermo-retractables-pour-interieur-36-kv\/\",\"url\":\"https:\/\/svilupporaytech.com\/fr\/produit\/moyenne-tension\/terminaisons-et-jonctions-thermo-retractables-jusqua-36kv\/terminaisons\/terminaisons-thermo-retractables-pour-interieur-36-kv\/\",\"name\":\"Terminaisons thermo-r\u00e9tractables pour int\u00e9rieur 36 kV | Raytech\",\"isPartOf\":{\"@id\":\"https:\/\/svilupporaytech.com\/#website\"},\"primaryImageOfPage\":{\"@id\":\"https:\/\/svilupporaytech.com\/fr\/produit\/moyenne-tension\/terminaisons-et-jonctions-thermo-retractables-jusqua-36kv\/terminaisons\/terminaisons-thermo-retractables-pour-interieur-36-kv\/#primaryimage\"},\"image\":{\"@id\":\"https:\/\/svilupporaytech.com\/fr\/produit\/moyenne-tension\/terminaisons-et-jonctions-thermo-retractables-jusqua-36kv\/terminaisons\/terminaisons-thermo-retractables-pour-interieur-36-kv\/#primaryimage\"},\"thumbnailUrl\":\"https:\/\/svilupporaytech.com\/wp-content\/uploads\/terminali-unipolari-unterno.jpg\",\"datePublished\":\"2016-01-04T15:19:53+00:00\",\"dateModified\":\"2019-11-27T09:18:39+00:00\",\"breadcrumb\":{\"@id\":\"https:\/\/svilupporaytech.com\/fr\/produit\/moyenne-tension\/terminaisons-et-jonctions-thermo-retractables-jusqua-36kv\/terminaisons\/terminaisons-thermo-retractables-pour-interieur-36-kv\/#breadcrumb\"},\"inLanguage\":\"fr-FR\",\"potentialAction\":[{\"@type\":\"ReadAction\",\"target\":[\"https:\/\/svilupporaytech.com\/fr\/produit\/moyenne-tension\/terminaisons-et-jonctions-thermo-retractables-jusqua-36kv\/terminaisons\/terminaisons-thermo-retractables-pour-interieur-36-kv\/\"]}]},{\"@type\":\"ImageObject\",\"inLanguage\":\"fr-FR\",\"@id\":\"https:\/\/svilupporaytech.com\/fr\/produit\/moyenne-tension\/terminaisons-et-jonctions-thermo-retractables-jusqua-36kv\/terminaisons\/terminaisons-thermo-retractables-pour-interieur-36-kv\/#primaryimage\",\"url\":\"https:\/\/svilupporaytech.com\/wp-content\/uploads\/terminali-unipolari-unterno.jpg\",\"contentUrl\":\"https:\/\/svilupporaytech.com\/wp-content\/uploads\/terminali-unipolari-unterno.jpg\",\"width\":1024,\"height\":1024},{\"@type\":\"BreadcrumbList\",\"@id\":\"https:\/\/svilupporaytech.com\/fr\/produit\/moyenne-tension\/terminaisons-et-jonctions-thermo-retractables-jusqua-36kv\/terminaisons\/terminaisons-thermo-retractables-pour-interieur-36-kv\/#breadcrumb\",\"itemListElement\":[{\"@type\":\"ListItem\",\"position\":1,\"name\":\"Home\",\"item\":\"https:\/\/svilupporaytech.com\/fr\/\"},{\"@type\":\"ListItem\",\"position\":2,\"name\":\"Boutique\",\"item\":\"https:\/\/svilupporaytech.com\/fr\/boutique\/\"},{\"@type\":\"ListItem\",\"position\":3,\"name\":\"Terminaisons thermo-r\u00e9tractables pour int\u00e9rieur 36 kV\"}]},{\"@type\":\"WebSite\",\"@id\":\"https:\/\/svilupporaytech.com\/#website\",\"url\":\"https:\/\/svilupporaytech.com\/\",\"name\":\"Raytech\",\"description\":\"Cable accessories company\",\"potentialAction\":[{\"@type\":\"SearchAction\",\"target\":{\"@type\":\"EntryPoint\",\"urlTemplate\":\"https:\/\/svilupporaytech.com\/?s={search_term_string}\"},\"query-input\":\"required name=search_term_string\"}],\"inLanguage\":\"fr-FR\"}]}<\/script>\n<!-- \/ Yoast SEO plugin. -->","yoast_head_json":{"title":"Terminaisons thermo-r\u00e9tractables pour int\u00e9rieur 36 kV | Raytech","robots":{"index":"index","follow":"follow","max-snippet":"max-snippet:-1","max-image-preview":"max-image-preview:large","max-video-preview":"max-video-preview:-1"},"canonical":"https:\/\/svilupporaytech.com\/fr\/produit\/moyenne-tension\/terminaisons-et-jonctions-thermo-retractables-jusqua-36kv\/terminaisons\/terminaisons-thermo-retractables-pour-interieur-36-kv\/","og_locale":"fr_FR","og_type":"article","og_title":"Terminaisons thermo-r\u00e9tractables pour int\u00e9rieur 36 kV | Raytech","og_description":"Terminaisons pour c\u00e2bles UNIPOLAIRES avec isolant extrud\u00e9\u00a0jusqu&rsquo;\u00e0 36 kV Les terminaisons thermo-r\u00e9tractables peuvent \u00eatre imm\u00e9diatement aliment\u00e9s en \u00e9nergie,\u00a0conditionnement rapide et fiables. Les rapports de r\u00e9tr\u00e9cissement \u00e9lev\u00e9s permettent d&rsquo;\u00e9largir\u00a0la gamme d&rsquo;application [\u2026]","og_url":"https:\/\/svilupporaytech.com\/fr\/produit\/moyenne-tension\/terminaisons-et-jonctions-thermo-retractables-jusqua-36kv\/terminaisons\/terminaisons-thermo-retractables-pour-interieur-36-kv\/","og_site_name":"Raytech","article_modified_time":"2019-11-27T09:18:39+00:00","og_image":[{"width":1024,"height":1024,"url":"https:\/\/svilupporaytech.com\/wp-content\/uploads\/terminali-unipolari-unterno.jpg","type":"image\/jpeg"}],"twitter_card":"summary_large_image","twitter_misc":{"Dur\u00e9e de lecture estim\u00e9e":"1 minute"},"schema":{"@context":"https:\/\/schema.org","@graph":[{"@type":"WebPage","@id":"https:\/\/svilupporaytech.com\/fr\/produit\/moyenne-tension\/terminaisons-et-jonctions-thermo-retractables-jusqua-36kv\/terminaisons\/terminaisons-thermo-retractables-pour-interieur-36-kv\/","url":"https:\/\/svilupporaytech.com\/fr\/produit\/moyenne-tension\/terminaisons-et-jonctions-thermo-retractables-jusqua-36kv\/terminaisons\/terminaisons-thermo-retractables-pour-interieur-36-kv\/","name":"Terminaisons thermo-r\u00e9tractables pour int\u00e9rieur 36 kV | Raytech","isPartOf":{"@id":"https:\/\/svilupporaytech.com\/#website"},"primaryImageOfPage":{"@id":"https:\/\/svilupporaytech.com\/fr\/produit\/moyenne-tension\/terminaisons-et-jonctions-thermo-retractables-jusqua-36kv\/terminaisons\/terminaisons-thermo-retractables-pour-interieur-36-kv\/#primaryimage"},"image":{"@id":"https:\/\/svilupporaytech.com\/fr\/produit\/moyenne-tension\/terminaisons-et-jonctions-thermo-retractables-jusqua-36kv\/terminaisons\/terminaisons-thermo-retractables-pour-interieur-36-kv\/#primaryimage"},"thumbnailUrl":"https:\/\/svilupporaytech.com\/wp-content\/uploads\/terminali-unipolari-unterno.jpg","datePublished":"2016-01-04T15:19:53+00:00","dateModified":"2019-11-27T09:18:39+00:00","breadcrumb":{"@id":"https:\/\/svilupporaytech.com\/fr\/produit\/moyenne-tension\/terminaisons-et-jonctions-thermo-retractables-jusqua-36kv\/terminaisons\/terminaisons-thermo-retractables-pour-interieur-36-kv\/#breadcrumb"},"inLanguage":"fr-FR","potentialAction":[{"@type":"ReadAction","target":["https:\/\/svilupporaytech.com\/fr\/produit\/moyenne-tension\/terminaisons-et-jonctions-thermo-retractables-jusqua-36kv\/terminaisons\/terminaisons-thermo-retractables-pour-interieur-36-kv\/"]}]},{"@type":"ImageObject","inLanguage":"fr-FR","@id":"https:\/\/svilupporaytech.com\/fr\/produit\/moyenne-tension\/terminaisons-et-jonctions-thermo-retractables-jusqua-36kv\/terminaisons\/terminaisons-thermo-retractables-pour-interieur-36-kv\/#primaryimage","url":"https:\/\/svilupporaytech.com\/wp-content\/uploads\/terminali-unipolari-unterno.jpg","contentUrl":"https:\/\/svilupporaytech.com\/wp-content\/uploads\/terminali-unipolari-unterno.jpg","width":1024,"height":1024},{"@type":"BreadcrumbList","@id":"https:\/\/svilupporaytech.com\/fr\/produit\/moyenne-tension\/terminaisons-et-jonctions-thermo-retractables-jusqua-36kv\/terminaisons\/terminaisons-thermo-retractables-pour-interieur-36-kv\/#breadcrumb","itemListElement":[{"@type":"ListItem","position":1,"name":"Home","item":"https:\/\/svilupporaytech.com\/fr\/"},{"@type":"ListItem","position":2,"name":"Boutique","item":"https:\/\/svilupporaytech.com\/fr\/boutique\/"},{"@type":"ListItem","position":3,"name":"Terminaisons thermo-r\u00e9tractables pour int\u00e9rieur 36 kV"}]},{"@type":"WebSite","@id":"https:\/\/svilupporaytech.com\/#website","url":"https:\/\/svilupporaytech.com\/","name":"Raytech","description":"Cable accessories company","potentialAction":[{"@type":"SearchAction","target":{"@type":"EntryPoint","urlTemplate":"https:\/\/svilupporaytech.com\/?s={search_term_string}"},"query-input":"required name=search_term_string"}],"inLanguage":"fr-FR"}]}},"_links":{"self":[{"href":"https:\/\/svilupporaytech.com\/fr\/wp-json\/wp\/v2\/product\/7383"}],"collection":[{"href":"https:\/\/svilupporaytech.com\/fr\/wp-json\/wp\/v2\/product"}],"about":[{"href":"https:\/\/svilupporaytech.com\/fr\/wp-json\/wp\/v2\/types\/product"}],"wp:featuredmedia":[{"embeddable":true,"href":"https:\/\/svilupporaytech.com\/fr\/wp-json\/wp\/v2\/media\/2354"}],"wp:attachment":[{"href":"https:\/\/svilupporaytech.com\/fr\/wp-json\/wp\/v2\/media?parent=7383"}],"wp:term":[{"taxonomy":"product_cat","embeddable":true,"href":"https:\/\/svilupporaytech.com\/fr\/wp-json\/wp\/v2\/product_cat?post=7383"},{"taxonomy":"product_tag","embeddable":true,"href":"https:\/\/svilupporaytech.com\/fr\/wp-json\/wp\/v2\/product_tag?post=7383"}],"curies":[{"name":"wp","href":"https:\/\/api.w.org\/{rel}","templated":true}]}}