{"id":7389,"date":"2015-09-15T11:22:20","date_gmt":"2016-01-04T15:40:03","guid":{"rendered":"https:\/\/svilupporaytech.com\/?post_type=product&#038;p=7389&#038;lang=fr"},"modified":"2019-08-02T10:11:06","modified_gmt":"2019-08-02T10:11:06","slug":"jonctions-de-transition-entre-cables-unipolaires","status":"publish","type":"product","link":"https:\/\/svilupporaytech.com\/fr\/produit\/moyenne-tension\/terminaisons-et-jonctions-thermo-retractables-jusqua-36kv\/jonctions\/jonctions-de-transition-entre-cables-unipolaires\/","title":{"rendered":"Jonctions de transition entre c\u00e2bles unipolaires"},"content":{"rendered":"<p><strong>Distribution du champ \u00e9lectrique<\/strong><br \/>\nD\u00e8s la coupe de l&rsquo;\u00e9cran du c\u00e2ble, le champ \u00e9lectrique est contr\u00f4l\u00e9 par un mat\u00e9riel d\u00e9j\u00e0\u00a0exp\u00e9riment\u00e9 dans les terminaisons : le tube de contr\u00f4le du gradient \u00e9lectrique. Ce tube est\u00a0en mat\u00e9riau isolant \u00e0 imp\u00e9dance non-lin\u00e9aire, capable de contr\u00f4ler le champ \u00e9lectrique\u00a0aussi bien \u00e0 la fin de l&rsquo;\u00e9cran du c\u00e2ble que sur le connecteur m\u00e9tallique. De m\u00eame que\u00a0pour les terminaisons, gr\u00e2ce aux composants thermo-r\u00e9tractables, la gamme de Jonctions\u00a0comprend pratiquement la totalit\u00e9 des configurations des c\u00e2bles existants, tout comme les\u00a0Jonctions mixtes avec diff\u00e9rents types de c\u00e2ble. Les r\u00e9f\u00e9rences des kits qui apparaissent sur\u00a0les tableaux de s\u00e9lection appartiennent aux kits les plus utilis\u00e9s par les installateurs sur tout\u00a0le territoire national, pour des applications avec des c\u00e2bles jusqu&rsquo;\u00e0 36 kV. Pour les cas non\u00a0mentionn\u00e9s et quelque soit le type du c\u00e2ble, veuillez consulter Raytech.<\/p>\n<ul>\n<li><span style=\"color: #004f9f;\">Jonctions de transition entre c\u00e2bles <strong>unipolaires<\/strong> \u00e0 isolant\u00a0extrud\u00e9 et en papier impr\u00e9gn\u00e9 pour pose souterraine<\/span><\/li>\n<li><span style=\"color: #004f9f;\">Jonctions de transition entre c\u00e2bles <strong>unipolaires<\/strong> \u00e0 isolant\u00a0extrud\u00e9 pour pose a\u00e9rienne et en papier impr\u00e9gn\u00e9<\/span><\/li>\n<li><span style=\"color: #004f9f;\">Jonctions de transition entre c\u00e2bles <strong>unipolaires<\/strong> \u00e0 isolant\u00a0extrud\u00e9 pour pose souterraine et pose a\u00e9rienne<\/span><\/li>\n<\/ul>\n<p><a class=\"btn btn-default linkpdf mt_bg\" style=\"margin-top: 10px;\" href=\"\/catalogo\/fr\/identificazione-giunzioni.pdf\" target=\"_blank\">Donn\u00e9es pour l\u2019identification de la jonction appropri\u00e9e<\/a><\/p>\n","protected":false},"excerpt":{"rendered":"<p>Distribution du champ \u00e9lectrique D\u00e8s la coupe de l&rsquo;\u00e9cran du c\u00e2ble, le champ \u00e9lectrique est contr\u00f4l\u00e9 par un mat\u00e9riel d\u00e9j\u00e0\u00a0exp\u00e9riment\u00e9 dans les terminaisons : le tube de contr\u00f4le du gradient<span class=\"excerpt-hellip\"> [\u2026]<\/span><\/p>\n","protected":false},"featured_media":17792,"template":"","meta":[],"product_cat":[174,175,432],"product_tag":[],"yoast_head":"<!-- This site is optimized with the Yoast SEO plugin v22.7 - https:\/\/yoast.com\/wordpress\/plugins\/seo\/ -->\n<title>Jonctions de transition entre c\u00e2bles unipolaires | Raytech<\/title>\n<meta name=\"robots\" content=\"index, follow, max-snippet:-1, max-image-preview:large, max-video-preview:-1\" \/>\n<link rel=\"canonical\" href=\"https:\/\/svilupporaytech.com\/fr\/produit\/moyenne-tension\/terminaisons-et-jonctions-thermo-retractables-jusqua-36kv\/jonctions\/jonctions-de-transition-entre-cables-unipolaires\/\" \/>\n<meta property=\"og:locale\" content=\"fr_FR\" \/>\n<meta property=\"og:type\" content=\"article\" \/>\n<meta property=\"og:title\" content=\"Jonctions de transition entre c\u00e2bles unipolaires | Raytech\" \/>\n<meta property=\"og:description\" content=\"Distribution du champ \u00e9lectrique D\u00e8s la coupe de l&rsquo;\u00e9cran du c\u00e2ble, le champ \u00e9lectrique est contr\u00f4l\u00e9 par un mat\u00e9riel d\u00e9j\u00e0\u00a0exp\u00e9riment\u00e9 dans les terminaisons : le tube de contr\u00f4le du gradient [\u2026]\" \/>\n<meta property=\"og:url\" content=\"https:\/\/svilupporaytech.com\/fr\/produit\/moyenne-tension\/terminaisons-et-jonctions-thermo-retractables-jusqua-36kv\/jonctions\/jonctions-de-transition-entre-cables-unipolaires\/\" \/>\n<meta property=\"og:site_name\" content=\"Raytech\" \/>\n<meta property=\"article:modified_time\" content=\"2019-08-02T10:11:06+00:00\" \/>\n<meta property=\"og:image\" content=\"https:\/\/svilupporaytech.com\/wp-content\/uploads\/giunti-di-transizione_c-u.jpg\" \/>\n\t<meta property=\"og:image:width\" content=\"1024\" \/>\n\t<meta property=\"og:image:height\" content=\"1024\" \/>\n\t<meta property=\"og:image:type\" content=\"image\/jpeg\" \/>\n<meta name=\"twitter:card\" content=\"summary_large_image\" \/>\n<meta name=\"twitter:label1\" content=\"Dur\u00e9e de lecture estim\u00e9e\" \/>\n\t<meta name=\"twitter:data1\" content=\"1 minute\" \/>\n<script type=\"application\/ld+json\" class=\"yoast-schema-graph\">{\"@context\":\"https:\/\/schema.org\",\"@graph\":[{\"@type\":\"WebPage\",\"@id\":\"https:\/\/svilupporaytech.com\/fr\/produit\/moyenne-tension\/terminaisons-et-jonctions-thermo-retractables-jusqua-36kv\/jonctions\/jonctions-de-transition-entre-cables-unipolaires\/\",\"url\":\"https:\/\/svilupporaytech.com\/fr\/produit\/moyenne-tension\/terminaisons-et-jonctions-thermo-retractables-jusqua-36kv\/jonctions\/jonctions-de-transition-entre-cables-unipolaires\/\",\"name\":\"Jonctions de transition entre c\u00e2bles unipolaires | Raytech\",\"isPartOf\":{\"@id\":\"https:\/\/svilupporaytech.com\/#website\"},\"primaryImageOfPage\":{\"@id\":\"https:\/\/svilupporaytech.com\/fr\/produit\/moyenne-tension\/terminaisons-et-jonctions-thermo-retractables-jusqua-36kv\/jonctions\/jonctions-de-transition-entre-cables-unipolaires\/#primaryimage\"},\"image\":{\"@id\":\"https:\/\/svilupporaytech.com\/fr\/produit\/moyenne-tension\/terminaisons-et-jonctions-thermo-retractables-jusqua-36kv\/jonctions\/jonctions-de-transition-entre-cables-unipolaires\/#primaryimage\"},\"thumbnailUrl\":\"https:\/\/svilupporaytech.com\/wp-content\/uploads\/giunti-di-transizione_c-u.jpg\",\"datePublished\":\"2016-01-04T15:40:03+00:00\",\"dateModified\":\"2019-08-02T10:11:06+00:00\",\"breadcrumb\":{\"@id\":\"https:\/\/svilupporaytech.com\/fr\/produit\/moyenne-tension\/terminaisons-et-jonctions-thermo-retractables-jusqua-36kv\/jonctions\/jonctions-de-transition-entre-cables-unipolaires\/#breadcrumb\"},\"inLanguage\":\"fr-FR\",\"potentialAction\":[{\"@type\":\"ReadAction\",\"target\":[\"https:\/\/svilupporaytech.com\/fr\/produit\/moyenne-tension\/terminaisons-et-jonctions-thermo-retractables-jusqua-36kv\/jonctions\/jonctions-de-transition-entre-cables-unipolaires\/\"]}]},{\"@type\":\"ImageObject\",\"inLanguage\":\"fr-FR\",\"@id\":\"https:\/\/svilupporaytech.com\/fr\/produit\/moyenne-tension\/terminaisons-et-jonctions-thermo-retractables-jusqua-36kv\/jonctions\/jonctions-de-transition-entre-cables-unipolaires\/#primaryimage\",\"url\":\"https:\/\/svilupporaytech.com\/wp-content\/uploads\/giunti-di-transizione_c-u.jpg\",\"contentUrl\":\"https:\/\/svilupporaytech.com\/wp-content\/uploads\/giunti-di-transizione_c-u.jpg\",\"width\":1024,\"height\":1024},{\"@type\":\"BreadcrumbList\",\"@id\":\"https:\/\/svilupporaytech.com\/fr\/produit\/moyenne-tension\/terminaisons-et-jonctions-thermo-retractables-jusqua-36kv\/jonctions\/jonctions-de-transition-entre-cables-unipolaires\/#breadcrumb\",\"itemListElement\":[{\"@type\":\"ListItem\",\"position\":1,\"name\":\"Home\",\"item\":\"https:\/\/svilupporaytech.com\/fr\/\"},{\"@type\":\"ListItem\",\"position\":2,\"name\":\"Boutique\",\"item\":\"https:\/\/svilupporaytech.com\/fr\/boutique\/\"},{\"@type\":\"ListItem\",\"position\":3,\"name\":\"Jonctions de transition entre c\u00e2bles unipolaires\"}]},{\"@type\":\"WebSite\",\"@id\":\"https:\/\/svilupporaytech.com\/#website\",\"url\":\"https:\/\/svilupporaytech.com\/\",\"name\":\"Raytech\",\"description\":\"Cable accessories company\",\"potentialAction\":[{\"@type\":\"SearchAction\",\"target\":{\"@type\":\"EntryPoint\",\"urlTemplate\":\"https:\/\/svilupporaytech.com\/?s={search_term_string}\"},\"query-input\":\"required name=search_term_string\"}],\"inLanguage\":\"fr-FR\"}]}<\/script>\n<!-- \/ Yoast SEO plugin. -->","yoast_head_json":{"title":"Jonctions de transition entre c\u00e2bles unipolaires | Raytech","robots":{"index":"index","follow":"follow","max-snippet":"max-snippet:-1","max-image-preview":"max-image-preview:large","max-video-preview":"max-video-preview:-1"},"canonical":"https:\/\/svilupporaytech.com\/fr\/produit\/moyenne-tension\/terminaisons-et-jonctions-thermo-retractables-jusqua-36kv\/jonctions\/jonctions-de-transition-entre-cables-unipolaires\/","og_locale":"fr_FR","og_type":"article","og_title":"Jonctions de transition entre c\u00e2bles unipolaires | Raytech","og_description":"Distribution du champ \u00e9lectrique D\u00e8s la coupe de l&rsquo;\u00e9cran du c\u00e2ble, le champ \u00e9lectrique est contr\u00f4l\u00e9 par un mat\u00e9riel d\u00e9j\u00e0\u00a0exp\u00e9riment\u00e9 dans les terminaisons : le tube de contr\u00f4le du gradient [\u2026]","og_url":"https:\/\/svilupporaytech.com\/fr\/produit\/moyenne-tension\/terminaisons-et-jonctions-thermo-retractables-jusqua-36kv\/jonctions\/jonctions-de-transition-entre-cables-unipolaires\/","og_site_name":"Raytech","article_modified_time":"2019-08-02T10:11:06+00:00","og_image":[{"width":1024,"height":1024,"url":"https:\/\/svilupporaytech.com\/wp-content\/uploads\/giunti-di-transizione_c-u.jpg","type":"image\/jpeg"}],"twitter_card":"summary_large_image","twitter_misc":{"Dur\u00e9e de lecture estim\u00e9e":"1 minute"},"schema":{"@context":"https:\/\/schema.org","@graph":[{"@type":"WebPage","@id":"https:\/\/svilupporaytech.com\/fr\/produit\/moyenne-tension\/terminaisons-et-jonctions-thermo-retractables-jusqua-36kv\/jonctions\/jonctions-de-transition-entre-cables-unipolaires\/","url":"https:\/\/svilupporaytech.com\/fr\/produit\/moyenne-tension\/terminaisons-et-jonctions-thermo-retractables-jusqua-36kv\/jonctions\/jonctions-de-transition-entre-cables-unipolaires\/","name":"Jonctions de transition entre c\u00e2bles unipolaires | Raytech","isPartOf":{"@id":"https:\/\/svilupporaytech.com\/#website"},"primaryImageOfPage":{"@id":"https:\/\/svilupporaytech.com\/fr\/produit\/moyenne-tension\/terminaisons-et-jonctions-thermo-retractables-jusqua-36kv\/jonctions\/jonctions-de-transition-entre-cables-unipolaires\/#primaryimage"},"image":{"@id":"https:\/\/svilupporaytech.com\/fr\/produit\/moyenne-tension\/terminaisons-et-jonctions-thermo-retractables-jusqua-36kv\/jonctions\/jonctions-de-transition-entre-cables-unipolaires\/#primaryimage"},"thumbnailUrl":"https:\/\/svilupporaytech.com\/wp-content\/uploads\/giunti-di-transizione_c-u.jpg","datePublished":"2016-01-04T15:40:03+00:00","dateModified":"2019-08-02T10:11:06+00:00","breadcrumb":{"@id":"https:\/\/svilupporaytech.com\/fr\/produit\/moyenne-tension\/terminaisons-et-jonctions-thermo-retractables-jusqua-36kv\/jonctions\/jonctions-de-transition-entre-cables-unipolaires\/#breadcrumb"},"inLanguage":"fr-FR","potentialAction":[{"@type":"ReadAction","target":["https:\/\/svilupporaytech.com\/fr\/produit\/moyenne-tension\/terminaisons-et-jonctions-thermo-retractables-jusqua-36kv\/jonctions\/jonctions-de-transition-entre-cables-unipolaires\/"]}]},{"@type":"ImageObject","inLanguage":"fr-FR","@id":"https:\/\/svilupporaytech.com\/fr\/produit\/moyenne-tension\/terminaisons-et-jonctions-thermo-retractables-jusqua-36kv\/jonctions\/jonctions-de-transition-entre-cables-unipolaires\/#primaryimage","url":"https:\/\/svilupporaytech.com\/wp-content\/uploads\/giunti-di-transizione_c-u.jpg","contentUrl":"https:\/\/svilupporaytech.com\/wp-content\/uploads\/giunti-di-transizione_c-u.jpg","width":1024,"height":1024},{"@type":"BreadcrumbList","@id":"https:\/\/svilupporaytech.com\/fr\/produit\/moyenne-tension\/terminaisons-et-jonctions-thermo-retractables-jusqua-36kv\/jonctions\/jonctions-de-transition-entre-cables-unipolaires\/#breadcrumb","itemListElement":[{"@type":"ListItem","position":1,"name":"Home","item":"https:\/\/svilupporaytech.com\/fr\/"},{"@type":"ListItem","position":2,"name":"Boutique","item":"https:\/\/svilupporaytech.com\/fr\/boutique\/"},{"@type":"ListItem","position":3,"name":"Jonctions de transition entre c\u00e2bles unipolaires"}]},{"@type":"WebSite","@id":"https:\/\/svilupporaytech.com\/#website","url":"https:\/\/svilupporaytech.com\/","name":"Raytech","description":"Cable accessories company","potentialAction":[{"@type":"SearchAction","target":{"@type":"EntryPoint","urlTemplate":"https:\/\/svilupporaytech.com\/?s={search_term_string}"},"query-input":"required name=search_term_string"}],"inLanguage":"fr-FR"}]}},"_links":{"self":[{"href":"https:\/\/svilupporaytech.com\/fr\/wp-json\/wp\/v2\/product\/7389"}],"collection":[{"href":"https:\/\/svilupporaytech.com\/fr\/wp-json\/wp\/v2\/product"}],"about":[{"href":"https:\/\/svilupporaytech.com\/fr\/wp-json\/wp\/v2\/types\/product"}],"wp:featuredmedia":[{"embeddable":true,"href":"https:\/\/svilupporaytech.com\/fr\/wp-json\/wp\/v2\/media\/17792"}],"wp:attachment":[{"href":"https:\/\/svilupporaytech.com\/fr\/wp-json\/wp\/v2\/media?parent=7389"}],"wp:term":[{"taxonomy":"product_cat","embeddable":true,"href":"https:\/\/svilupporaytech.com\/fr\/wp-json\/wp\/v2\/product_cat?post=7389"},{"taxonomy":"product_tag","embeddable":true,"href":"https:\/\/svilupporaytech.com\/fr\/wp-json\/wp\/v2\/product_tag?post=7389"}],"curies":[{"name":"wp","href":"https:\/\/api.w.org\/{rel}","templated":true}]}}