{"id":7393,"date":"2015-09-15T11:37:22","date_gmt":"2016-01-04T15:51:25","guid":{"rendered":"https:\/\/svilupporaytech.com\/?post_type=product&#038;p=7393&#038;lang=fr"},"modified":"2016-01-04T15:51:25","modified_gmt":"2016-01-04T15:51:25","slug":"jonctions-thermo-retractables-pour-haute-tension-72-kv","status":"publish","type":"product","link":"https:\/\/svilupporaytech.com\/fr\/produit\/moyenne-tension\/thermo-retractables-72-kv\/jonctions-fr-2\/jonctions-thermo-retractables-pour-haute-tension-72-kv\/","title":{"rendered":"Jonctions thermo-r\u00e9tractables pour haute tension 72 kV"},"content":{"rendered":"<p><strong>FIABILITE<\/strong><br \/>\nLa simplicit\u00e9 et la l\u00e9g\u00e8ret\u00e9 des jonctions thermo-r\u00e9tractables pour haute tension en font\u00a0un accessoire de fiabilit\u00e9 \u00e9lev\u00e9e.<\/p>\n<p><strong>CONNECTEUR A VIS<\/strong><br \/>\nPour ces jonctions est pr\u00e9vu un connecteur \u00e0 vis particulier qui permet de relier des conducteurs\u00a0de grande section sans l&rsquo;utilisation d&rsquo;outils sp\u00e9ciaux et sans traitements chimiques. Les\u00a0vis ont une t\u00eate \u00e0 rupture pr\u00e9d\u00e9termin\u00e9e qui garantit une connexion \u00e9lectrique parfaite.<\/p>\n<p><strong>CONTROLE DU CHAMP ELECTRIQUE<\/strong><br \/>\nAu-dessus du connecteur et des extr\u00e9mit\u00e9s du semi-conducteur du c\u00e2ble est appliqu\u00e9e\u00a0une gaine avec propri\u00e9t\u00e9 de contr\u00f4le du champ \u00e9lectrique. Ce tube thermo-r\u00e9tractable\u00a0est rendu conducteur au centre pour blinder le connecteur (syst\u00e8me de Faraday). Le tube\u00a0de contr\u00f4le du champ, qui recouvre le di\u00e9lectrique des c\u00e2bles, accompagne les dilatations\u00a0dues aux cycles de chargement.<\/p>\n<p><strong>TECHNOLOGIE AVANCEE<\/strong><br \/>\nL&rsquo;isolation et le blindage s&rsquo;obtiennent avec deux tubes \u00e9lastom\u00e8res thermo-r\u00e9tractables \u00e0\u00a0double- paroi. Le tube interne est form\u00e9 de deux parois coextrud\u00e9es en mat\u00e9riau isolant\u00a0(rouge). Le tube externe est form\u00e9 d&rsquo;une paroi isolante (rouge) coextrud\u00e9e avec la partie\u00a0noire conductrice qui se comporte comme \u00e9cran du joint. La paroi externe du tube coextrud\u00e9\u00a0est thermo-r\u00e9tractable, tandis que la partie interne est un \u00e9lastom\u00e8re maintenu en forme\u00a0expans\u00e9e gr\u00e2ce \u00e0 son intime union avec la partie externe. L&rsquo;application de la chaleur \u00e0 la\u00a0partie externe fait en sorte que celle-ci se contracte dans un diam\u00e8tre pr\u00e9d\u00e9fini permettant\u00a0\u00e9galement \u00e0 la partie interne de s&rsquo;adapter parfaitement \u00e0 la couche sous-jacente.<\/p>\n","protected":false},"excerpt":{"rendered":"<p>FIABILITE La simplicit\u00e9 et la l\u00e9g\u00e8ret\u00e9 des jonctions thermo-r\u00e9tractables pour haute tension en font\u00a0un accessoire de fiabilit\u00e9 \u00e9lev\u00e9e. CONNECTEUR A VIS Pour ces jonctions est pr\u00e9vu un connecteur \u00e0 vis<span class=\"excerpt-hellip\"> [\u2026]<\/span><\/p>\n","protected":false},"featured_media":4745,"template":"","meta":[],"product_cat":[174,176,434],"product_tag":[],"yoast_head":"<!-- This site is optimized with the Yoast SEO plugin v22.7 - https:\/\/yoast.com\/wordpress\/plugins\/seo\/ -->\n<title>Jonctions thermo-r\u00e9tractables pour haute tension 72 kV | Raytech<\/title>\n<meta name=\"robots\" content=\"index, follow, max-snippet:-1, max-image-preview:large, max-video-preview:-1\" \/>\n<link rel=\"canonical\" href=\"https:\/\/svilupporaytech.com\/fr\/produit\/moyenne-tension\/thermo-retractables-72-kv\/jonctions-fr-2\/jonctions-thermo-retractables-pour-haute-tension-72-kv\/\" \/>\n<meta property=\"og:locale\" content=\"fr_FR\" \/>\n<meta property=\"og:type\" content=\"article\" \/>\n<meta property=\"og:title\" content=\"Jonctions thermo-r\u00e9tractables pour haute tension 72 kV | Raytech\" \/>\n<meta property=\"og:description\" content=\"FIABILITE La simplicit\u00e9 et la l\u00e9g\u00e8ret\u00e9 des jonctions thermo-r\u00e9tractables pour haute tension en font\u00a0un accessoire de fiabilit\u00e9 \u00e9lev\u00e9e. CONNECTEUR A VIS Pour ces jonctions est pr\u00e9vu un connecteur \u00e0 vis [\u2026]\" \/>\n<meta property=\"og:url\" content=\"https:\/\/svilupporaytech.com\/fr\/produit\/moyenne-tension\/thermo-retractables-72-kv\/jonctions-fr-2\/jonctions-thermo-retractables-pour-haute-tension-72-kv\/\" \/>\n<meta property=\"og:site_name\" content=\"Raytech\" \/>\n<meta property=\"og:image\" content=\"https:\/\/svilupporaytech.com\/wp-content\/uploads\/Giunzioni-termorestringenti-per-alta-tensione-72-kV-1.jpg\" \/>\n\t<meta property=\"og:image:width\" content=\"1024\" \/>\n\t<meta property=\"og:image:height\" content=\"1024\" \/>\n\t<meta property=\"og:image:type\" content=\"image\/jpeg\" \/>\n<meta name=\"twitter:card\" content=\"summary_large_image\" \/>\n<meta name=\"twitter:label1\" content=\"Dur\u00e9e de lecture estim\u00e9e\" \/>\n\t<meta name=\"twitter:data1\" content=\"1 minute\" \/>\n<script type=\"application\/ld+json\" class=\"yoast-schema-graph\">{\"@context\":\"https:\/\/schema.org\",\"@graph\":[{\"@type\":\"WebPage\",\"@id\":\"https:\/\/svilupporaytech.com\/fr\/produit\/moyenne-tension\/thermo-retractables-72-kv\/jonctions-fr-2\/jonctions-thermo-retractables-pour-haute-tension-72-kv\/\",\"url\":\"https:\/\/svilupporaytech.com\/fr\/produit\/moyenne-tension\/thermo-retractables-72-kv\/jonctions-fr-2\/jonctions-thermo-retractables-pour-haute-tension-72-kv\/\",\"name\":\"Jonctions thermo-r\u00e9tractables pour haute tension 72 kV | Raytech\",\"isPartOf\":{\"@id\":\"https:\/\/svilupporaytech.com\/#website\"},\"primaryImageOfPage\":{\"@id\":\"https:\/\/svilupporaytech.com\/fr\/produit\/moyenne-tension\/thermo-retractables-72-kv\/jonctions-fr-2\/jonctions-thermo-retractables-pour-haute-tension-72-kv\/#primaryimage\"},\"image\":{\"@id\":\"https:\/\/svilupporaytech.com\/fr\/produit\/moyenne-tension\/thermo-retractables-72-kv\/jonctions-fr-2\/jonctions-thermo-retractables-pour-haute-tension-72-kv\/#primaryimage\"},\"thumbnailUrl\":\"https:\/\/svilupporaytech.com\/wp-content\/uploads\/Giunzioni-termorestringenti-per-alta-tensione-72-kV-1.jpg\",\"datePublished\":\"2016-01-04T15:51:25+00:00\",\"dateModified\":\"2016-01-04T15:51:25+00:00\",\"breadcrumb\":{\"@id\":\"https:\/\/svilupporaytech.com\/fr\/produit\/moyenne-tension\/thermo-retractables-72-kv\/jonctions-fr-2\/jonctions-thermo-retractables-pour-haute-tension-72-kv\/#breadcrumb\"},\"inLanguage\":\"fr-FR\",\"potentialAction\":[{\"@type\":\"ReadAction\",\"target\":[\"https:\/\/svilupporaytech.com\/fr\/produit\/moyenne-tension\/thermo-retractables-72-kv\/jonctions-fr-2\/jonctions-thermo-retractables-pour-haute-tension-72-kv\/\"]}]},{\"@type\":\"ImageObject\",\"inLanguage\":\"fr-FR\",\"@id\":\"https:\/\/svilupporaytech.com\/fr\/produit\/moyenne-tension\/thermo-retractables-72-kv\/jonctions-fr-2\/jonctions-thermo-retractables-pour-haute-tension-72-kv\/#primaryimage\",\"url\":\"https:\/\/svilupporaytech.com\/wp-content\/uploads\/Giunzioni-termorestringenti-per-alta-tensione-72-kV-1.jpg\",\"contentUrl\":\"https:\/\/svilupporaytech.com\/wp-content\/uploads\/Giunzioni-termorestringenti-per-alta-tensione-72-kV-1.jpg\",\"width\":1024,\"height\":1024},{\"@type\":\"BreadcrumbList\",\"@id\":\"https:\/\/svilupporaytech.com\/fr\/produit\/moyenne-tension\/thermo-retractables-72-kv\/jonctions-fr-2\/jonctions-thermo-retractables-pour-haute-tension-72-kv\/#breadcrumb\",\"itemListElement\":[{\"@type\":\"ListItem\",\"position\":1,\"name\":\"Home\",\"item\":\"https:\/\/svilupporaytech.com\/fr\/\"},{\"@type\":\"ListItem\",\"position\":2,\"name\":\"Boutique\",\"item\":\"https:\/\/svilupporaytech.com\/fr\/boutique\/\"},{\"@type\":\"ListItem\",\"position\":3,\"name\":\"Jonctions thermo-r\u00e9tractables pour haute tension 72 kV\"}]},{\"@type\":\"WebSite\",\"@id\":\"https:\/\/svilupporaytech.com\/#website\",\"url\":\"https:\/\/svilupporaytech.com\/\",\"name\":\"Raytech\",\"description\":\"Cable accessories company\",\"potentialAction\":[{\"@type\":\"SearchAction\",\"target\":{\"@type\":\"EntryPoint\",\"urlTemplate\":\"https:\/\/svilupporaytech.com\/?s={search_term_string}\"},\"query-input\":\"required name=search_term_string\"}],\"inLanguage\":\"fr-FR\"}]}<\/script>\n<!-- \/ Yoast SEO plugin. -->","yoast_head_json":{"title":"Jonctions thermo-r\u00e9tractables pour haute tension 72 kV | Raytech","robots":{"index":"index","follow":"follow","max-snippet":"max-snippet:-1","max-image-preview":"max-image-preview:large","max-video-preview":"max-video-preview:-1"},"canonical":"https:\/\/svilupporaytech.com\/fr\/produit\/moyenne-tension\/thermo-retractables-72-kv\/jonctions-fr-2\/jonctions-thermo-retractables-pour-haute-tension-72-kv\/","og_locale":"fr_FR","og_type":"article","og_title":"Jonctions thermo-r\u00e9tractables pour haute tension 72 kV | Raytech","og_description":"FIABILITE La simplicit\u00e9 et la l\u00e9g\u00e8ret\u00e9 des jonctions thermo-r\u00e9tractables pour haute tension en font\u00a0un accessoire de fiabilit\u00e9 \u00e9lev\u00e9e. CONNECTEUR A VIS Pour ces jonctions est pr\u00e9vu un connecteur \u00e0 vis [\u2026]","og_url":"https:\/\/svilupporaytech.com\/fr\/produit\/moyenne-tension\/thermo-retractables-72-kv\/jonctions-fr-2\/jonctions-thermo-retractables-pour-haute-tension-72-kv\/","og_site_name":"Raytech","og_image":[{"width":1024,"height":1024,"url":"https:\/\/svilupporaytech.com\/wp-content\/uploads\/Giunzioni-termorestringenti-per-alta-tensione-72-kV-1.jpg","type":"image\/jpeg"}],"twitter_card":"summary_large_image","twitter_misc":{"Dur\u00e9e de lecture estim\u00e9e":"1 minute"},"schema":{"@context":"https:\/\/schema.org","@graph":[{"@type":"WebPage","@id":"https:\/\/svilupporaytech.com\/fr\/produit\/moyenne-tension\/thermo-retractables-72-kv\/jonctions-fr-2\/jonctions-thermo-retractables-pour-haute-tension-72-kv\/","url":"https:\/\/svilupporaytech.com\/fr\/produit\/moyenne-tension\/thermo-retractables-72-kv\/jonctions-fr-2\/jonctions-thermo-retractables-pour-haute-tension-72-kv\/","name":"Jonctions thermo-r\u00e9tractables pour haute tension 72 kV | Raytech","isPartOf":{"@id":"https:\/\/svilupporaytech.com\/#website"},"primaryImageOfPage":{"@id":"https:\/\/svilupporaytech.com\/fr\/produit\/moyenne-tension\/thermo-retractables-72-kv\/jonctions-fr-2\/jonctions-thermo-retractables-pour-haute-tension-72-kv\/#primaryimage"},"image":{"@id":"https:\/\/svilupporaytech.com\/fr\/produit\/moyenne-tension\/thermo-retractables-72-kv\/jonctions-fr-2\/jonctions-thermo-retractables-pour-haute-tension-72-kv\/#primaryimage"},"thumbnailUrl":"https:\/\/svilupporaytech.com\/wp-content\/uploads\/Giunzioni-termorestringenti-per-alta-tensione-72-kV-1.jpg","datePublished":"2016-01-04T15:51:25+00:00","dateModified":"2016-01-04T15:51:25+00:00","breadcrumb":{"@id":"https:\/\/svilupporaytech.com\/fr\/produit\/moyenne-tension\/thermo-retractables-72-kv\/jonctions-fr-2\/jonctions-thermo-retractables-pour-haute-tension-72-kv\/#breadcrumb"},"inLanguage":"fr-FR","potentialAction":[{"@type":"ReadAction","target":["https:\/\/svilupporaytech.com\/fr\/produit\/moyenne-tension\/thermo-retractables-72-kv\/jonctions-fr-2\/jonctions-thermo-retractables-pour-haute-tension-72-kv\/"]}]},{"@type":"ImageObject","inLanguage":"fr-FR","@id":"https:\/\/svilupporaytech.com\/fr\/produit\/moyenne-tension\/thermo-retractables-72-kv\/jonctions-fr-2\/jonctions-thermo-retractables-pour-haute-tension-72-kv\/#primaryimage","url":"https:\/\/svilupporaytech.com\/wp-content\/uploads\/Giunzioni-termorestringenti-per-alta-tensione-72-kV-1.jpg","contentUrl":"https:\/\/svilupporaytech.com\/wp-content\/uploads\/Giunzioni-termorestringenti-per-alta-tensione-72-kV-1.jpg","width":1024,"height":1024},{"@type":"BreadcrumbList","@id":"https:\/\/svilupporaytech.com\/fr\/produit\/moyenne-tension\/thermo-retractables-72-kv\/jonctions-fr-2\/jonctions-thermo-retractables-pour-haute-tension-72-kv\/#breadcrumb","itemListElement":[{"@type":"ListItem","position":1,"name":"Home","item":"https:\/\/svilupporaytech.com\/fr\/"},{"@type":"ListItem","position":2,"name":"Boutique","item":"https:\/\/svilupporaytech.com\/fr\/boutique\/"},{"@type":"ListItem","position":3,"name":"Jonctions thermo-r\u00e9tractables pour haute tension 72 kV"}]},{"@type":"WebSite","@id":"https:\/\/svilupporaytech.com\/#website","url":"https:\/\/svilupporaytech.com\/","name":"Raytech","description":"Cable accessories company","potentialAction":[{"@type":"SearchAction","target":{"@type":"EntryPoint","urlTemplate":"https:\/\/svilupporaytech.com\/?s={search_term_string}"},"query-input":"required name=search_term_string"}],"inLanguage":"fr-FR"}]}},"_links":{"self":[{"href":"https:\/\/svilupporaytech.com\/fr\/wp-json\/wp\/v2\/product\/7393"}],"collection":[{"href":"https:\/\/svilupporaytech.com\/fr\/wp-json\/wp\/v2\/product"}],"about":[{"href":"https:\/\/svilupporaytech.com\/fr\/wp-json\/wp\/v2\/types\/product"}],"wp:featuredmedia":[{"embeddable":true,"href":"https:\/\/svilupporaytech.com\/fr\/wp-json\/wp\/v2\/media\/4745"}],"wp:attachment":[{"href":"https:\/\/svilupporaytech.com\/fr\/wp-json\/wp\/v2\/media?parent=7393"}],"wp:term":[{"taxonomy":"product_cat","embeddable":true,"href":"https:\/\/svilupporaytech.com\/fr\/wp-json\/wp\/v2\/product_cat?post=7393"},{"taxonomy":"product_tag","embeddable":true,"href":"https:\/\/svilupporaytech.com\/fr\/wp-json\/wp\/v2\/product_tag?post=7393"}],"curies":[{"name":"wp","href":"https:\/\/api.w.org\/{rel}","templated":true}]}}