{"id":7394,"date":"2015-09-15T11:40:39","date_gmt":"2016-01-04T15:55:39","guid":{"rendered":"https:\/\/svilupporaytech.com\/?post_type=product&#038;p=7394&#038;lang=fr"},"modified":"2016-01-04T15:56:35","modified_gmt":"2016-01-04T15:56:35","slug":"connecteurs-unipolaires-separables-250-a","status":"publish","type":"product","link":"https:\/\/svilupporaytech.com\/fr\/produit\/moyenne-tension\/connecteurs-separables\/connecteurs-unipolaires-separables-250-a\/","title":{"rendered":"Connecteurs unipolaires s\u00e9parables 250 A"},"content":{"rendered":"<div class=\"page\" title=\"Page 177\">\n<div class=\"layoutArea\">\n<div class=\"column\">\n<p><strong>en c\u00f4ne externe avec fiche de contact In=250 A<\/strong><\/p>\n<div class=\"page\" title=\"Page 177\">\n<div class=\"layoutArea\">\n<div class=\"column\">\n<h4><span style=\"color: #004f9f;\">Connecteurs s\u00e9parables pour c\u00e2bles MT \u00e0 champ radial\u00a0extrud\u00e9s, pour des tensions jusqu&rsquo;\u00e0 19\/33 (36) kV<\/span><\/h4>\n<div class=\"page\" title=\"Page 177\">\n<div class=\"layoutArea\">\n<div class=\"column\">\n<p>Connecteurs unipolaires connecteurs s\u00e9parables avec fiche de contact In=250 A coud\u00e9es\u00a0ou droites pour c\u00e2ble extrud\u00e9e. Le rev\u00eatement externe en caoutchouc semi-conducteur\u00a0prot\u00e8ge le personnel contre les chocs \u00e9lectriques. Chaque embout est test\u00e9 en usine avant\u00a0d&rsquo;\u00eatre exp\u00e9di\u00e9, avec test de tenue di\u00e9lectrique et mesure des d\u00e9charges partielles.<\/p>\n<\/div>\n<\/div>\n<\/div>\n<\/div>\n<\/div>\n<\/div>\n<\/div>\n<\/div>\n<\/div>\n","protected":false},"excerpt":{"rendered":"<p>en c\u00f4ne externe avec fiche de contact In=250 A Connecteurs s\u00e9parables pour c\u00e2bles MT \u00e0 champ radial\u00a0extrud\u00e9s, pour des tensions jusqu&rsquo;\u00e0 19\/33 (36) kV Connecteurs unipolaires connecteurs s\u00e9parables avec fiche<span class=\"excerpt-hellip\"> [\u2026]<\/span><\/p>\n","protected":false},"featured_media":2431,"template":"","meta":[],"product_cat":[174,173],"product_tag":[],"yoast_head":"<!-- This site is optimized with the Yoast SEO plugin v22.7 - https:\/\/yoast.com\/wordpress\/plugins\/seo\/ -->\n<title>Connecteurs unipolaires s\u00e9parables 250 A | Raytech<\/title>\n<meta name=\"robots\" content=\"index, follow, max-snippet:-1, max-image-preview:large, max-video-preview:-1\" \/>\n<link rel=\"canonical\" href=\"https:\/\/svilupporaytech.com\/fr\/produit\/moyenne-tension\/connecteurs-separables\/connecteurs-unipolaires-separables-250-a\/\" \/>\n<meta property=\"og:locale\" content=\"fr_FR\" \/>\n<meta property=\"og:type\" content=\"article\" \/>\n<meta property=\"og:title\" content=\"Connecteurs unipolaires s\u00e9parables 250 A | Raytech\" \/>\n<meta property=\"og:description\" content=\"en c\u00f4ne externe avec fiche de contact In=250 A Connecteurs s\u00e9parables pour c\u00e2bles MT \u00e0 champ radial\u00a0extrud\u00e9s, pour des tensions jusqu&rsquo;\u00e0 19\/33 (36) kV Connecteurs unipolaires connecteurs s\u00e9parables avec fiche [\u2026]\" \/>\n<meta property=\"og:url\" content=\"https:\/\/svilupporaytech.com\/fr\/produit\/moyenne-tension\/connecteurs-separables\/connecteurs-unipolaires-separables-250-a\/\" \/>\n<meta property=\"og:site_name\" content=\"Raytech\" \/>\n<meta property=\"article:modified_time\" content=\"2016-01-04T15:56:35+00:00\" \/>\n<meta property=\"og:image\" content=\"https:\/\/svilupporaytech.com\/wp-content\/uploads\/sconnettibili-con-spina.jpg\" \/>\n\t<meta property=\"og:image:width\" content=\"1024\" \/>\n\t<meta property=\"og:image:height\" content=\"1024\" \/>\n\t<meta property=\"og:image:type\" content=\"image\/jpeg\" \/>\n<meta name=\"twitter:card\" content=\"summary_large_image\" \/>\n<script type=\"application\/ld+json\" class=\"yoast-schema-graph\">{\"@context\":\"https:\/\/schema.org\",\"@graph\":[{\"@type\":\"WebPage\",\"@id\":\"https:\/\/svilupporaytech.com\/fr\/produit\/moyenne-tension\/connecteurs-separables\/connecteurs-unipolaires-separables-250-a\/\",\"url\":\"https:\/\/svilupporaytech.com\/fr\/produit\/moyenne-tension\/connecteurs-separables\/connecteurs-unipolaires-separables-250-a\/\",\"name\":\"Connecteurs unipolaires s\u00e9parables 250 A | Raytech\",\"isPartOf\":{\"@id\":\"https:\/\/svilupporaytech.com\/#website\"},\"primaryImageOfPage\":{\"@id\":\"https:\/\/svilupporaytech.com\/fr\/produit\/moyenne-tension\/connecteurs-separables\/connecteurs-unipolaires-separables-250-a\/#primaryimage\"},\"image\":{\"@id\":\"https:\/\/svilupporaytech.com\/fr\/produit\/moyenne-tension\/connecteurs-separables\/connecteurs-unipolaires-separables-250-a\/#primaryimage\"},\"thumbnailUrl\":\"https:\/\/svilupporaytech.com\/wp-content\/uploads\/sconnettibili-con-spina.jpg\",\"datePublished\":\"2016-01-04T15:55:39+00:00\",\"dateModified\":\"2016-01-04T15:56:35+00:00\",\"breadcrumb\":{\"@id\":\"https:\/\/svilupporaytech.com\/fr\/produit\/moyenne-tension\/connecteurs-separables\/connecteurs-unipolaires-separables-250-a\/#breadcrumb\"},\"inLanguage\":\"fr-FR\",\"potentialAction\":[{\"@type\":\"ReadAction\",\"target\":[\"https:\/\/svilupporaytech.com\/fr\/produit\/moyenne-tension\/connecteurs-separables\/connecteurs-unipolaires-separables-250-a\/\"]}]},{\"@type\":\"ImageObject\",\"inLanguage\":\"fr-FR\",\"@id\":\"https:\/\/svilupporaytech.com\/fr\/produit\/moyenne-tension\/connecteurs-separables\/connecteurs-unipolaires-separables-250-a\/#primaryimage\",\"url\":\"https:\/\/svilupporaytech.com\/wp-content\/uploads\/sconnettibili-con-spina.jpg\",\"contentUrl\":\"https:\/\/svilupporaytech.com\/wp-content\/uploads\/sconnettibili-con-spina.jpg\",\"width\":1024,\"height\":1024},{\"@type\":\"BreadcrumbList\",\"@id\":\"https:\/\/svilupporaytech.com\/fr\/produit\/moyenne-tension\/connecteurs-separables\/connecteurs-unipolaires-separables-250-a\/#breadcrumb\",\"itemListElement\":[{\"@type\":\"ListItem\",\"position\":1,\"name\":\"Home\",\"item\":\"https:\/\/svilupporaytech.com\/fr\/\"},{\"@type\":\"ListItem\",\"position\":2,\"name\":\"Boutique\",\"item\":\"https:\/\/svilupporaytech.com\/fr\/boutique\/\"},{\"@type\":\"ListItem\",\"position\":3,\"name\":\"Connecteurs unipolaires s\u00e9parables 250 A\"}]},{\"@type\":\"WebSite\",\"@id\":\"https:\/\/svilupporaytech.com\/#website\",\"url\":\"https:\/\/svilupporaytech.com\/\",\"name\":\"Raytech\",\"description\":\"Cable accessories company\",\"potentialAction\":[{\"@type\":\"SearchAction\",\"target\":{\"@type\":\"EntryPoint\",\"urlTemplate\":\"https:\/\/svilupporaytech.com\/?s={search_term_string}\"},\"query-input\":\"required name=search_term_string\"}],\"inLanguage\":\"fr-FR\"}]}<\/script>\n<!-- \/ Yoast SEO plugin. -->","yoast_head_json":{"title":"Connecteurs unipolaires s\u00e9parables 250 A | Raytech","robots":{"index":"index","follow":"follow","max-snippet":"max-snippet:-1","max-image-preview":"max-image-preview:large","max-video-preview":"max-video-preview:-1"},"canonical":"https:\/\/svilupporaytech.com\/fr\/produit\/moyenne-tension\/connecteurs-separables\/connecteurs-unipolaires-separables-250-a\/","og_locale":"fr_FR","og_type":"article","og_title":"Connecteurs unipolaires s\u00e9parables 250 A | Raytech","og_description":"en c\u00f4ne externe avec fiche de contact In=250 A Connecteurs s\u00e9parables pour c\u00e2bles MT \u00e0 champ radial\u00a0extrud\u00e9s, pour des tensions jusqu&rsquo;\u00e0 19\/33 (36) kV Connecteurs unipolaires connecteurs s\u00e9parables avec fiche [\u2026]","og_url":"https:\/\/svilupporaytech.com\/fr\/produit\/moyenne-tension\/connecteurs-separables\/connecteurs-unipolaires-separables-250-a\/","og_site_name":"Raytech","article_modified_time":"2016-01-04T15:56:35+00:00","og_image":[{"width":1024,"height":1024,"url":"https:\/\/svilupporaytech.com\/wp-content\/uploads\/sconnettibili-con-spina.jpg","type":"image\/jpeg"}],"twitter_card":"summary_large_image","schema":{"@context":"https:\/\/schema.org","@graph":[{"@type":"WebPage","@id":"https:\/\/svilupporaytech.com\/fr\/produit\/moyenne-tension\/connecteurs-separables\/connecteurs-unipolaires-separables-250-a\/","url":"https:\/\/svilupporaytech.com\/fr\/produit\/moyenne-tension\/connecteurs-separables\/connecteurs-unipolaires-separables-250-a\/","name":"Connecteurs unipolaires s\u00e9parables 250 A | Raytech","isPartOf":{"@id":"https:\/\/svilupporaytech.com\/#website"},"primaryImageOfPage":{"@id":"https:\/\/svilupporaytech.com\/fr\/produit\/moyenne-tension\/connecteurs-separables\/connecteurs-unipolaires-separables-250-a\/#primaryimage"},"image":{"@id":"https:\/\/svilupporaytech.com\/fr\/produit\/moyenne-tension\/connecteurs-separables\/connecteurs-unipolaires-separables-250-a\/#primaryimage"},"thumbnailUrl":"https:\/\/svilupporaytech.com\/wp-content\/uploads\/sconnettibili-con-spina.jpg","datePublished":"2016-01-04T15:55:39+00:00","dateModified":"2016-01-04T15:56:35+00:00","breadcrumb":{"@id":"https:\/\/svilupporaytech.com\/fr\/produit\/moyenne-tension\/connecteurs-separables\/connecteurs-unipolaires-separables-250-a\/#breadcrumb"},"inLanguage":"fr-FR","potentialAction":[{"@type":"ReadAction","target":["https:\/\/svilupporaytech.com\/fr\/produit\/moyenne-tension\/connecteurs-separables\/connecteurs-unipolaires-separables-250-a\/"]}]},{"@type":"ImageObject","inLanguage":"fr-FR","@id":"https:\/\/svilupporaytech.com\/fr\/produit\/moyenne-tension\/connecteurs-separables\/connecteurs-unipolaires-separables-250-a\/#primaryimage","url":"https:\/\/svilupporaytech.com\/wp-content\/uploads\/sconnettibili-con-spina.jpg","contentUrl":"https:\/\/svilupporaytech.com\/wp-content\/uploads\/sconnettibili-con-spina.jpg","width":1024,"height":1024},{"@type":"BreadcrumbList","@id":"https:\/\/svilupporaytech.com\/fr\/produit\/moyenne-tension\/connecteurs-separables\/connecteurs-unipolaires-separables-250-a\/#breadcrumb","itemListElement":[{"@type":"ListItem","position":1,"name":"Home","item":"https:\/\/svilupporaytech.com\/fr\/"},{"@type":"ListItem","position":2,"name":"Boutique","item":"https:\/\/svilupporaytech.com\/fr\/boutique\/"},{"@type":"ListItem","position":3,"name":"Connecteurs unipolaires s\u00e9parables 250 A"}]},{"@type":"WebSite","@id":"https:\/\/svilupporaytech.com\/#website","url":"https:\/\/svilupporaytech.com\/","name":"Raytech","description":"Cable accessories company","potentialAction":[{"@type":"SearchAction","target":{"@type":"EntryPoint","urlTemplate":"https:\/\/svilupporaytech.com\/?s={search_term_string}"},"query-input":"required name=search_term_string"}],"inLanguage":"fr-FR"}]}},"_links":{"self":[{"href":"https:\/\/svilupporaytech.com\/fr\/wp-json\/wp\/v2\/product\/7394"}],"collection":[{"href":"https:\/\/svilupporaytech.com\/fr\/wp-json\/wp\/v2\/product"}],"about":[{"href":"https:\/\/svilupporaytech.com\/fr\/wp-json\/wp\/v2\/types\/product"}],"wp:featuredmedia":[{"embeddable":true,"href":"https:\/\/svilupporaytech.com\/fr\/wp-json\/wp\/v2\/media\/2431"}],"wp:attachment":[{"href":"https:\/\/svilupporaytech.com\/fr\/wp-json\/wp\/v2\/media?parent=7394"}],"wp:term":[{"taxonomy":"product_cat","embeddable":true,"href":"https:\/\/svilupporaytech.com\/fr\/wp-json\/wp\/v2\/product_cat?post=7394"},{"taxonomy":"product_tag","embeddable":true,"href":"https:\/\/svilupporaytech.com\/fr\/wp-json\/wp\/v2\/product_tag?post=7394"}],"curies":[{"name":"wp","href":"https:\/\/api.w.org\/{rel}","templated":true}]}}