{"id":7400,"date":"2015-07-16T13:58:31","date_gmt":"2016-01-04T16:25:15","guid":{"rendered":"https:\/\/svilupporaytech.com\/?post_type=product&#038;p=7400&#038;lang=fr"},"modified":"2019-12-21T17:22:32","modified_gmt":"2019-12-21T16:22:32","slug":"kit-antigel-a-puissance-constante-avec-thermostat-et-prise","status":"publish","type":"product","link":"https:\/\/svilupporaytech.com\/fr\/produit\/cables-chauffants\/usage-civil\/antigel-pour-canalisations\/puissance-constante-fr-2\/kit-antigel-a-puissance-constante-avec-thermostat-et-prise\/","title":{"rendered":"Kit antigel \u00e0 puissance constante avec thermostat et prise"},"content":{"rendered":"<h4><span style=\"color: #e3001a;\">Stop Ice<br \/>\nKit antigel \u00e0 puissance constante\u00a0avec thermostat et prise<\/span><\/h4>\n<p>Raytech Stop Ice est un kit innovant, pr\u00e9-assembl\u00e9, constitu\u00e9 d\u2019un c\u00e2ble chauffant \u00e0 une\u00a0puissance constante de 12 W\/m, avec un thermostat \u00e0 contact (install\u00e9 \u00e0 l\u2019extr\u00e9mit\u00e9 du c\u00e2ble\u00a0chauffant) et c\u00e2ble d\u2019alimentation comportant une prise. Stop-Ice est conseill\u00e9 tout particuli\u00e8rement\u00a0pour prot\u00e9ger du gel et \u00e9viter des dommages possibles caus\u00e9s par des temp\u00e9ratures\u00a0sur les tuyauteries, les vannes, les robinets, les compteurs d\u2019eau, les abreuvoirs, les r\u00e9cipients\u00a0et les petits r\u00e9servoirs.<\/p>\n<ul>\n<li><span style=\"color: #e3001a;\">Facile et rapide \u00e0 installer\u00a0<\/span><\/li>\n<li><span style=\"color: #e3001a;\">Ne n\u00e9cessite aucun syst\u00e8me de contr\u00f4le de la temp\u00e9rature\u00a0externe gr\u00e2ce au thermostat int\u00e9gr\u00e9<\/span><\/li>\n<li><span style=\"color: #e3001a;\">A basse consommation \u00e9nerg\u00e9tique<\/span><\/li>\n<\/ul>\n","protected":false},"excerpt":{"rendered":"<p>Stop Ice Kit antigel \u00e0 puissance constante\u00a0avec thermostat et prise Raytech Stop Ice est un kit innovant, pr\u00e9-assembl\u00e9, constitu\u00e9 d\u2019un c\u00e2ble chauffant \u00e0 une\u00a0puissance constante de 12 W\/m, avec un<span class=\"excerpt-hellip\"> [\u2026]<\/span><\/p>\n","protected":false},"featured_media":4639,"template":"","meta":[],"product_cat":[161,166,167,402],"product_tag":[],"yoast_head":"<!-- This site is optimized with the Yoast SEO plugin v22.7 - https:\/\/yoast.com\/wordpress\/plugins\/seo\/ -->\n<title>Kit antigel \u00e0 puissance constante avec thermostat et prise | Raytech<\/title>\n<meta name=\"robots\" content=\"index, follow, max-snippet:-1, max-image-preview:large, max-video-preview:-1\" \/>\n<link rel=\"canonical\" href=\"https:\/\/svilupporaytech.com\/fr\/produit\/cables-chauffants\/usage-civil\/antigel-pour-canalisations\/puissance-constante-fr-2\/kit-antigel-a-puissance-constante-avec-thermostat-et-prise\/\" \/>\n<meta property=\"og:locale\" content=\"fr_FR\" \/>\n<meta property=\"og:type\" content=\"article\" \/>\n<meta property=\"og:title\" content=\"Kit antigel \u00e0 puissance constante avec thermostat et prise | Raytech\" \/>\n<meta property=\"og:description\" content=\"Stop Ice Kit antigel \u00e0 puissance constante\u00a0avec thermostat et prise Raytech Stop Ice est un kit innovant, pr\u00e9-assembl\u00e9, constitu\u00e9 d\u2019un c\u00e2ble chauffant \u00e0 une\u00a0puissance constante de 12 W\/m, avec un [\u2026]\" \/>\n<meta property=\"og:url\" content=\"https:\/\/svilupporaytech.com\/fr\/produit\/cables-chauffants\/usage-civil\/antigel-pour-canalisations\/puissance-constante-fr-2\/kit-antigel-a-puissance-constante-avec-thermostat-et-prise\/\" \/>\n<meta property=\"og:site_name\" content=\"Raytech\" \/>\n<meta property=\"article:modified_time\" content=\"2019-12-21T16:22:32+00:00\" \/>\n<meta property=\"og:image\" content=\"https:\/\/svilupporaytech.com\/wp-content\/uploads\/stop-ice-1.jpg\" \/>\n\t<meta property=\"og:image:width\" content=\"1024\" \/>\n\t<meta property=\"og:image:height\" content=\"1024\" \/>\n\t<meta property=\"og:image:type\" content=\"image\/jpeg\" \/>\n<meta name=\"twitter:card\" content=\"summary_large_image\" \/>\n<meta name=\"twitter:label1\" content=\"Dur\u00e9e de lecture estim\u00e9e\" \/>\n\t<meta name=\"twitter:data1\" content=\"1 minute\" \/>\n<script type=\"application\/ld+json\" class=\"yoast-schema-graph\">{\"@context\":\"https:\/\/schema.org\",\"@graph\":[{\"@type\":\"WebPage\",\"@id\":\"https:\/\/svilupporaytech.com\/fr\/produit\/cables-chauffants\/usage-civil\/antigel-pour-canalisations\/puissance-constante-fr-2\/kit-antigel-a-puissance-constante-avec-thermostat-et-prise\/\",\"url\":\"https:\/\/svilupporaytech.com\/fr\/produit\/cables-chauffants\/usage-civil\/antigel-pour-canalisations\/puissance-constante-fr-2\/kit-antigel-a-puissance-constante-avec-thermostat-et-prise\/\",\"name\":\"Kit antigel \u00e0 puissance constante avec thermostat et prise | Raytech\",\"isPartOf\":{\"@id\":\"https:\/\/svilupporaytech.com\/#website\"},\"primaryImageOfPage\":{\"@id\":\"https:\/\/svilupporaytech.com\/fr\/produit\/cables-chauffants\/usage-civil\/antigel-pour-canalisations\/puissance-constante-fr-2\/kit-antigel-a-puissance-constante-avec-thermostat-et-prise\/#primaryimage\"},\"image\":{\"@id\":\"https:\/\/svilupporaytech.com\/fr\/produit\/cables-chauffants\/usage-civil\/antigel-pour-canalisations\/puissance-constante-fr-2\/kit-antigel-a-puissance-constante-avec-thermostat-et-prise\/#primaryimage\"},\"thumbnailUrl\":\"https:\/\/svilupporaytech.com\/wp-content\/uploads\/stop-ice-1.jpg\",\"datePublished\":\"2016-01-04T16:25:15+00:00\",\"dateModified\":\"2019-12-21T16:22:32+00:00\",\"breadcrumb\":{\"@id\":\"https:\/\/svilupporaytech.com\/fr\/produit\/cables-chauffants\/usage-civil\/antigel-pour-canalisations\/puissance-constante-fr-2\/kit-antigel-a-puissance-constante-avec-thermostat-et-prise\/#breadcrumb\"},\"inLanguage\":\"fr-FR\",\"potentialAction\":[{\"@type\":\"ReadAction\",\"target\":[\"https:\/\/svilupporaytech.com\/fr\/produit\/cables-chauffants\/usage-civil\/antigel-pour-canalisations\/puissance-constante-fr-2\/kit-antigel-a-puissance-constante-avec-thermostat-et-prise\/\"]}]},{\"@type\":\"ImageObject\",\"inLanguage\":\"fr-FR\",\"@id\":\"https:\/\/svilupporaytech.com\/fr\/produit\/cables-chauffants\/usage-civil\/antigel-pour-canalisations\/puissance-constante-fr-2\/kit-antigel-a-puissance-constante-avec-thermostat-et-prise\/#primaryimage\",\"url\":\"https:\/\/svilupporaytech.com\/wp-content\/uploads\/stop-ice-1.jpg\",\"contentUrl\":\"https:\/\/svilupporaytech.com\/wp-content\/uploads\/stop-ice-1.jpg\",\"width\":1024,\"height\":1024},{\"@type\":\"BreadcrumbList\",\"@id\":\"https:\/\/svilupporaytech.com\/fr\/produit\/cables-chauffants\/usage-civil\/antigel-pour-canalisations\/puissance-constante-fr-2\/kit-antigel-a-puissance-constante-avec-thermostat-et-prise\/#breadcrumb\",\"itemListElement\":[{\"@type\":\"ListItem\",\"position\":1,\"name\":\"Home\",\"item\":\"https:\/\/svilupporaytech.com\/fr\/\"},{\"@type\":\"ListItem\",\"position\":2,\"name\":\"Boutique\",\"item\":\"https:\/\/svilupporaytech.com\/fr\/boutique\/\"},{\"@type\":\"ListItem\",\"position\":3,\"name\":\"Kit antigel \u00e0 puissance constante avec thermostat et prise\"}]},{\"@type\":\"WebSite\",\"@id\":\"https:\/\/svilupporaytech.com\/#website\",\"url\":\"https:\/\/svilupporaytech.com\/\",\"name\":\"Raytech\",\"description\":\"Cable accessories company\",\"potentialAction\":[{\"@type\":\"SearchAction\",\"target\":{\"@type\":\"EntryPoint\",\"urlTemplate\":\"https:\/\/svilupporaytech.com\/?s={search_term_string}\"},\"query-input\":\"required name=search_term_string\"}],\"inLanguage\":\"fr-FR\"}]}<\/script>\n<!-- \/ Yoast SEO plugin. -->","yoast_head_json":{"title":"Kit antigel \u00e0 puissance constante avec thermostat et prise | Raytech","robots":{"index":"index","follow":"follow","max-snippet":"max-snippet:-1","max-image-preview":"max-image-preview:large","max-video-preview":"max-video-preview:-1"},"canonical":"https:\/\/svilupporaytech.com\/fr\/produit\/cables-chauffants\/usage-civil\/antigel-pour-canalisations\/puissance-constante-fr-2\/kit-antigel-a-puissance-constante-avec-thermostat-et-prise\/","og_locale":"fr_FR","og_type":"article","og_title":"Kit antigel \u00e0 puissance constante avec thermostat et prise | Raytech","og_description":"Stop Ice Kit antigel \u00e0 puissance constante\u00a0avec thermostat et prise Raytech Stop Ice est un kit innovant, pr\u00e9-assembl\u00e9, constitu\u00e9 d\u2019un c\u00e2ble chauffant \u00e0 une\u00a0puissance constante de 12 W\/m, avec un [\u2026]","og_url":"https:\/\/svilupporaytech.com\/fr\/produit\/cables-chauffants\/usage-civil\/antigel-pour-canalisations\/puissance-constante-fr-2\/kit-antigel-a-puissance-constante-avec-thermostat-et-prise\/","og_site_name":"Raytech","article_modified_time":"2019-12-21T16:22:32+00:00","og_image":[{"width":1024,"height":1024,"url":"https:\/\/svilupporaytech.com\/wp-content\/uploads\/stop-ice-1.jpg","type":"image\/jpeg"}],"twitter_card":"summary_large_image","twitter_misc":{"Dur\u00e9e de lecture estim\u00e9e":"1 minute"},"schema":{"@context":"https:\/\/schema.org","@graph":[{"@type":"WebPage","@id":"https:\/\/svilupporaytech.com\/fr\/produit\/cables-chauffants\/usage-civil\/antigel-pour-canalisations\/puissance-constante-fr-2\/kit-antigel-a-puissance-constante-avec-thermostat-et-prise\/","url":"https:\/\/svilupporaytech.com\/fr\/produit\/cables-chauffants\/usage-civil\/antigel-pour-canalisations\/puissance-constante-fr-2\/kit-antigel-a-puissance-constante-avec-thermostat-et-prise\/","name":"Kit antigel \u00e0 puissance constante avec thermostat et prise | Raytech","isPartOf":{"@id":"https:\/\/svilupporaytech.com\/#website"},"primaryImageOfPage":{"@id":"https:\/\/svilupporaytech.com\/fr\/produit\/cables-chauffants\/usage-civil\/antigel-pour-canalisations\/puissance-constante-fr-2\/kit-antigel-a-puissance-constante-avec-thermostat-et-prise\/#primaryimage"},"image":{"@id":"https:\/\/svilupporaytech.com\/fr\/produit\/cables-chauffants\/usage-civil\/antigel-pour-canalisations\/puissance-constante-fr-2\/kit-antigel-a-puissance-constante-avec-thermostat-et-prise\/#primaryimage"},"thumbnailUrl":"https:\/\/svilupporaytech.com\/wp-content\/uploads\/stop-ice-1.jpg","datePublished":"2016-01-04T16:25:15+00:00","dateModified":"2019-12-21T16:22:32+00:00","breadcrumb":{"@id":"https:\/\/svilupporaytech.com\/fr\/produit\/cables-chauffants\/usage-civil\/antigel-pour-canalisations\/puissance-constante-fr-2\/kit-antigel-a-puissance-constante-avec-thermostat-et-prise\/#breadcrumb"},"inLanguage":"fr-FR","potentialAction":[{"@type":"ReadAction","target":["https:\/\/svilupporaytech.com\/fr\/produit\/cables-chauffants\/usage-civil\/antigel-pour-canalisations\/puissance-constante-fr-2\/kit-antigel-a-puissance-constante-avec-thermostat-et-prise\/"]}]},{"@type":"ImageObject","inLanguage":"fr-FR","@id":"https:\/\/svilupporaytech.com\/fr\/produit\/cables-chauffants\/usage-civil\/antigel-pour-canalisations\/puissance-constante-fr-2\/kit-antigel-a-puissance-constante-avec-thermostat-et-prise\/#primaryimage","url":"https:\/\/svilupporaytech.com\/wp-content\/uploads\/stop-ice-1.jpg","contentUrl":"https:\/\/svilupporaytech.com\/wp-content\/uploads\/stop-ice-1.jpg","width":1024,"height":1024},{"@type":"BreadcrumbList","@id":"https:\/\/svilupporaytech.com\/fr\/produit\/cables-chauffants\/usage-civil\/antigel-pour-canalisations\/puissance-constante-fr-2\/kit-antigel-a-puissance-constante-avec-thermostat-et-prise\/#breadcrumb","itemListElement":[{"@type":"ListItem","position":1,"name":"Home","item":"https:\/\/svilupporaytech.com\/fr\/"},{"@type":"ListItem","position":2,"name":"Boutique","item":"https:\/\/svilupporaytech.com\/fr\/boutique\/"},{"@type":"ListItem","position":3,"name":"Kit antigel \u00e0 puissance constante avec thermostat et prise"}]},{"@type":"WebSite","@id":"https:\/\/svilupporaytech.com\/#website","url":"https:\/\/svilupporaytech.com\/","name":"Raytech","description":"Cable accessories company","potentialAction":[{"@type":"SearchAction","target":{"@type":"EntryPoint","urlTemplate":"https:\/\/svilupporaytech.com\/?s={search_term_string}"},"query-input":"required name=search_term_string"}],"inLanguage":"fr-FR"}]}},"_links":{"self":[{"href":"https:\/\/svilupporaytech.com\/fr\/wp-json\/wp\/v2\/product\/7400"}],"collection":[{"href":"https:\/\/svilupporaytech.com\/fr\/wp-json\/wp\/v2\/product"}],"about":[{"href":"https:\/\/svilupporaytech.com\/fr\/wp-json\/wp\/v2\/types\/product"}],"wp:featuredmedia":[{"embeddable":true,"href":"https:\/\/svilupporaytech.com\/fr\/wp-json\/wp\/v2\/media\/4639"}],"wp:attachment":[{"href":"https:\/\/svilupporaytech.com\/fr\/wp-json\/wp\/v2\/media?parent=7400"}],"wp:term":[{"taxonomy":"product_cat","embeddable":true,"href":"https:\/\/svilupporaytech.com\/fr\/wp-json\/wp\/v2\/product_cat?post=7400"},{"taxonomy":"product_tag","embeddable":true,"href":"https:\/\/svilupporaytech.com\/fr\/wp-json\/wp\/v2\/product_tag?post=7400"}],"curies":[{"name":"wp","href":"https:\/\/api.w.org\/{rel}","templated":true}]}}