{"id":7401,"date":"2015-07-16T14:01:06","date_gmt":"2016-01-04T16:27:07","guid":{"rendered":"https:\/\/svilupporaytech.com\/?post_type=product&#038;p=7401&#038;lang=fr"},"modified":"2019-08-01T12:12:42","modified_gmt":"2019-08-01T12:12:42","slug":"le-ruban-adhesif-isolant-thermique","status":"publish","type":"product","link":"https:\/\/svilupporaytech.com\/fr\/produit\/cables-chauffants\/usage-civil\/antigel-pour-canalisations\/puissance-constante-fr-2\/le-ruban-adhesif-isolant-thermique\/","title":{"rendered":"Le ruban adh\u00e9sif isolant thermique"},"content":{"rendered":"<h4><span style=\"color: #e3001a;\">Linus<br \/>\nLe ruban adh\u00e9sif isolant\u00a0thermique<\/span><\/h4>\n<p>Pour offrir une solution compl\u00e8te dans le secteur du tra\u00e7age \u00e9lectrique, Raytech a mis au point\u00a0un nouveau produit, LINUS, isolation par ruban adh\u00e9sif pour le maintien de la temp\u00e9rature.\u00a0Il s\u2019agit d\u2019un ruban en caoutchouc synth\u00e9tique expans\u00e9 \u00e0 cellules ferm\u00e9es, \u00e0 faible conductivit\u00e9\u00a0thermique et extr\u00eamement flexible ; le ruban en caoutchouc est coupl\u00e9 \u00e0 une feuille\u00a0d\u2019aluminium qui prot\u00e8ge des d\u00e9chirures, pour une plus grande r\u00e9sistance \u00e0 la perforation et\u00a0une meilleure r\u00e9sistance \u00e0 la traction. Il prot\u00e8ge aussi parfaitement contre les rayons UV. Le\u00a0ruban, pour faciliter l\u2019application sur le tuyau trac\u00e9, est autocollant. Les cellules ferm\u00e9es et le\u00a0type de mat\u00e9riau particulier conf\u00e8rent des caract\u00e9ristiques isolantes tr\u00e8s \u00e9lev\u00e9es et un parfait\u00a0comportement en pr\u00e9sence de condensation.<\/p>\n","protected":false},"excerpt":{"rendered":"<p>Linus Le ruban adh\u00e9sif isolant\u00a0thermique Pour offrir une solution compl\u00e8te dans le secteur du tra\u00e7age \u00e9lectrique, Raytech a mis au point\u00a0un nouveau produit, LINUS, isolation par ruban adh\u00e9sif pour le<span class=\"excerpt-hellip\"> [\u2026]<\/span><\/p>\n","protected":false},"featured_media":4558,"template":"","meta":[],"product_cat":[161,166,167,402],"product_tag":[],"yoast_head":"<!-- This site is optimized with the Yoast SEO plugin v22.7 - https:\/\/yoast.com\/wordpress\/plugins\/seo\/ -->\n<title>Le ruban adh\u00e9sif isolant thermique | Raytech<\/title>\n<meta name=\"robots\" content=\"index, follow, max-snippet:-1, max-image-preview:large, max-video-preview:-1\" \/>\n<link rel=\"canonical\" href=\"https:\/\/svilupporaytech.com\/fr\/produit\/cables-chauffants\/usage-civil\/antigel-pour-canalisations\/puissance-constante-fr-2\/le-ruban-adhesif-isolant-thermique\/\" \/>\n<meta property=\"og:locale\" content=\"fr_FR\" \/>\n<meta property=\"og:type\" content=\"article\" \/>\n<meta property=\"og:title\" content=\"Le ruban adh\u00e9sif isolant thermique | Raytech\" \/>\n<meta property=\"og:description\" content=\"Linus Le ruban adh\u00e9sif isolant\u00a0thermique Pour offrir une solution compl\u00e8te dans le secteur du tra\u00e7age \u00e9lectrique, Raytech a mis au point\u00a0un nouveau produit, LINUS, isolation par ruban adh\u00e9sif pour le [\u2026]\" \/>\n<meta property=\"og:url\" content=\"https:\/\/svilupporaytech.com\/fr\/produit\/cables-chauffants\/usage-civil\/antigel-pour-canalisations\/puissance-constante-fr-2\/le-ruban-adhesif-isolant-thermique\/\" \/>\n<meta property=\"og:site_name\" content=\"Raytech\" \/>\n<meta property=\"article:modified_time\" content=\"2019-08-01T12:12:42+00:00\" \/>\n<meta property=\"og:image\" content=\"https:\/\/svilupporaytech.com\/wp-content\/uploads\/linus-1.jpg\" \/>\n\t<meta property=\"og:image:width\" content=\"1024\" \/>\n\t<meta property=\"og:image:height\" content=\"1024\" \/>\n\t<meta property=\"og:image:type\" content=\"image\/jpeg\" \/>\n<meta name=\"twitter:card\" content=\"summary_large_image\" \/>\n<meta name=\"twitter:label1\" content=\"Dur\u00e9e de lecture estim\u00e9e\" \/>\n\t<meta name=\"twitter:data1\" content=\"1 minute\" \/>\n<script type=\"application\/ld+json\" class=\"yoast-schema-graph\">{\"@context\":\"https:\/\/schema.org\",\"@graph\":[{\"@type\":\"WebPage\",\"@id\":\"https:\/\/svilupporaytech.com\/fr\/produit\/cables-chauffants\/usage-civil\/antigel-pour-canalisations\/puissance-constante-fr-2\/le-ruban-adhesif-isolant-thermique\/\",\"url\":\"https:\/\/svilupporaytech.com\/fr\/produit\/cables-chauffants\/usage-civil\/antigel-pour-canalisations\/puissance-constante-fr-2\/le-ruban-adhesif-isolant-thermique\/\",\"name\":\"Le ruban adh\u00e9sif isolant thermique | Raytech\",\"isPartOf\":{\"@id\":\"https:\/\/svilupporaytech.com\/#website\"},\"primaryImageOfPage\":{\"@id\":\"https:\/\/svilupporaytech.com\/fr\/produit\/cables-chauffants\/usage-civil\/antigel-pour-canalisations\/puissance-constante-fr-2\/le-ruban-adhesif-isolant-thermique\/#primaryimage\"},\"image\":{\"@id\":\"https:\/\/svilupporaytech.com\/fr\/produit\/cables-chauffants\/usage-civil\/antigel-pour-canalisations\/puissance-constante-fr-2\/le-ruban-adhesif-isolant-thermique\/#primaryimage\"},\"thumbnailUrl\":\"https:\/\/svilupporaytech.com\/wp-content\/uploads\/linus-1.jpg\",\"datePublished\":\"2016-01-04T16:27:07+00:00\",\"dateModified\":\"2019-08-01T12:12:42+00:00\",\"breadcrumb\":{\"@id\":\"https:\/\/svilupporaytech.com\/fr\/produit\/cables-chauffants\/usage-civil\/antigel-pour-canalisations\/puissance-constante-fr-2\/le-ruban-adhesif-isolant-thermique\/#breadcrumb\"},\"inLanguage\":\"fr-FR\",\"potentialAction\":[{\"@type\":\"ReadAction\",\"target\":[\"https:\/\/svilupporaytech.com\/fr\/produit\/cables-chauffants\/usage-civil\/antigel-pour-canalisations\/puissance-constante-fr-2\/le-ruban-adhesif-isolant-thermique\/\"]}]},{\"@type\":\"ImageObject\",\"inLanguage\":\"fr-FR\",\"@id\":\"https:\/\/svilupporaytech.com\/fr\/produit\/cables-chauffants\/usage-civil\/antigel-pour-canalisations\/puissance-constante-fr-2\/le-ruban-adhesif-isolant-thermique\/#primaryimage\",\"url\":\"https:\/\/svilupporaytech.com\/wp-content\/uploads\/linus-1.jpg\",\"contentUrl\":\"https:\/\/svilupporaytech.com\/wp-content\/uploads\/linus-1.jpg\",\"width\":1024,\"height\":1024},{\"@type\":\"BreadcrumbList\",\"@id\":\"https:\/\/svilupporaytech.com\/fr\/produit\/cables-chauffants\/usage-civil\/antigel-pour-canalisations\/puissance-constante-fr-2\/le-ruban-adhesif-isolant-thermique\/#breadcrumb\",\"itemListElement\":[{\"@type\":\"ListItem\",\"position\":1,\"name\":\"Home\",\"item\":\"https:\/\/svilupporaytech.com\/fr\/\"},{\"@type\":\"ListItem\",\"position\":2,\"name\":\"Boutique\",\"item\":\"https:\/\/svilupporaytech.com\/fr\/boutique\/\"},{\"@type\":\"ListItem\",\"position\":3,\"name\":\"Le ruban adh\u00e9sif isolant thermique\"}]},{\"@type\":\"WebSite\",\"@id\":\"https:\/\/svilupporaytech.com\/#website\",\"url\":\"https:\/\/svilupporaytech.com\/\",\"name\":\"Raytech\",\"description\":\"Cable accessories company\",\"potentialAction\":[{\"@type\":\"SearchAction\",\"target\":{\"@type\":\"EntryPoint\",\"urlTemplate\":\"https:\/\/svilupporaytech.com\/?s={search_term_string}\"},\"query-input\":\"required name=search_term_string\"}],\"inLanguage\":\"fr-FR\"}]}<\/script>\n<!-- \/ Yoast SEO plugin. -->","yoast_head_json":{"title":"Le ruban adh\u00e9sif isolant thermique | Raytech","robots":{"index":"index","follow":"follow","max-snippet":"max-snippet:-1","max-image-preview":"max-image-preview:large","max-video-preview":"max-video-preview:-1"},"canonical":"https:\/\/svilupporaytech.com\/fr\/produit\/cables-chauffants\/usage-civil\/antigel-pour-canalisations\/puissance-constante-fr-2\/le-ruban-adhesif-isolant-thermique\/","og_locale":"fr_FR","og_type":"article","og_title":"Le ruban adh\u00e9sif isolant thermique | Raytech","og_description":"Linus Le ruban adh\u00e9sif isolant\u00a0thermique Pour offrir une solution compl\u00e8te dans le secteur du tra\u00e7age \u00e9lectrique, Raytech a mis au point\u00a0un nouveau produit, LINUS, isolation par ruban adh\u00e9sif pour le [\u2026]","og_url":"https:\/\/svilupporaytech.com\/fr\/produit\/cables-chauffants\/usage-civil\/antigel-pour-canalisations\/puissance-constante-fr-2\/le-ruban-adhesif-isolant-thermique\/","og_site_name":"Raytech","article_modified_time":"2019-08-01T12:12:42+00:00","og_image":[{"width":1024,"height":1024,"url":"https:\/\/svilupporaytech.com\/wp-content\/uploads\/linus-1.jpg","type":"image\/jpeg"}],"twitter_card":"summary_large_image","twitter_misc":{"Dur\u00e9e de lecture estim\u00e9e":"1 minute"},"schema":{"@context":"https:\/\/schema.org","@graph":[{"@type":"WebPage","@id":"https:\/\/svilupporaytech.com\/fr\/produit\/cables-chauffants\/usage-civil\/antigel-pour-canalisations\/puissance-constante-fr-2\/le-ruban-adhesif-isolant-thermique\/","url":"https:\/\/svilupporaytech.com\/fr\/produit\/cables-chauffants\/usage-civil\/antigel-pour-canalisations\/puissance-constante-fr-2\/le-ruban-adhesif-isolant-thermique\/","name":"Le ruban adh\u00e9sif isolant thermique | Raytech","isPartOf":{"@id":"https:\/\/svilupporaytech.com\/#website"},"primaryImageOfPage":{"@id":"https:\/\/svilupporaytech.com\/fr\/produit\/cables-chauffants\/usage-civil\/antigel-pour-canalisations\/puissance-constante-fr-2\/le-ruban-adhesif-isolant-thermique\/#primaryimage"},"image":{"@id":"https:\/\/svilupporaytech.com\/fr\/produit\/cables-chauffants\/usage-civil\/antigel-pour-canalisations\/puissance-constante-fr-2\/le-ruban-adhesif-isolant-thermique\/#primaryimage"},"thumbnailUrl":"https:\/\/svilupporaytech.com\/wp-content\/uploads\/linus-1.jpg","datePublished":"2016-01-04T16:27:07+00:00","dateModified":"2019-08-01T12:12:42+00:00","breadcrumb":{"@id":"https:\/\/svilupporaytech.com\/fr\/produit\/cables-chauffants\/usage-civil\/antigel-pour-canalisations\/puissance-constante-fr-2\/le-ruban-adhesif-isolant-thermique\/#breadcrumb"},"inLanguage":"fr-FR","potentialAction":[{"@type":"ReadAction","target":["https:\/\/svilupporaytech.com\/fr\/produit\/cables-chauffants\/usage-civil\/antigel-pour-canalisations\/puissance-constante-fr-2\/le-ruban-adhesif-isolant-thermique\/"]}]},{"@type":"ImageObject","inLanguage":"fr-FR","@id":"https:\/\/svilupporaytech.com\/fr\/produit\/cables-chauffants\/usage-civil\/antigel-pour-canalisations\/puissance-constante-fr-2\/le-ruban-adhesif-isolant-thermique\/#primaryimage","url":"https:\/\/svilupporaytech.com\/wp-content\/uploads\/linus-1.jpg","contentUrl":"https:\/\/svilupporaytech.com\/wp-content\/uploads\/linus-1.jpg","width":1024,"height":1024},{"@type":"BreadcrumbList","@id":"https:\/\/svilupporaytech.com\/fr\/produit\/cables-chauffants\/usage-civil\/antigel-pour-canalisations\/puissance-constante-fr-2\/le-ruban-adhesif-isolant-thermique\/#breadcrumb","itemListElement":[{"@type":"ListItem","position":1,"name":"Home","item":"https:\/\/svilupporaytech.com\/fr\/"},{"@type":"ListItem","position":2,"name":"Boutique","item":"https:\/\/svilupporaytech.com\/fr\/boutique\/"},{"@type":"ListItem","position":3,"name":"Le ruban adh\u00e9sif isolant thermique"}]},{"@type":"WebSite","@id":"https:\/\/svilupporaytech.com\/#website","url":"https:\/\/svilupporaytech.com\/","name":"Raytech","description":"Cable accessories company","potentialAction":[{"@type":"SearchAction","target":{"@type":"EntryPoint","urlTemplate":"https:\/\/svilupporaytech.com\/?s={search_term_string}"},"query-input":"required name=search_term_string"}],"inLanguage":"fr-FR"}]}},"_links":{"self":[{"href":"https:\/\/svilupporaytech.com\/fr\/wp-json\/wp\/v2\/product\/7401"}],"collection":[{"href":"https:\/\/svilupporaytech.com\/fr\/wp-json\/wp\/v2\/product"}],"about":[{"href":"https:\/\/svilupporaytech.com\/fr\/wp-json\/wp\/v2\/types\/product"}],"wp:featuredmedia":[{"embeddable":true,"href":"https:\/\/svilupporaytech.com\/fr\/wp-json\/wp\/v2\/media\/4558"}],"wp:attachment":[{"href":"https:\/\/svilupporaytech.com\/fr\/wp-json\/wp\/v2\/media?parent=7401"}],"wp:term":[{"taxonomy":"product_cat","embeddable":true,"href":"https:\/\/svilupporaytech.com\/fr\/wp-json\/wp\/v2\/product_cat?post=7401"},{"taxonomy":"product_tag","embeddable":true,"href":"https:\/\/svilupporaytech.com\/fr\/wp-json\/wp\/v2\/product_tag?post=7401"}],"curies":[{"name":"wp","href":"https:\/\/api.w.org\/{rel}","templated":true}]}}