{"id":7402,"date":"2015-07-16T14:04:29","date_gmt":"2016-01-04T16:29:08","guid":{"rendered":"https:\/\/svilupporaytech.com\/?post_type=product&#038;p=7402&#038;lang=fr"},"modified":"2019-08-01T09:13:58","modified_gmt":"2019-08-01T09:13:58","slug":"kit-antigel-a-puissance-constante-avec-thermostat-fiche-de-connexion-et-ruban-disolation","status":"publish","type":"product","link":"https:\/\/svilupporaytech.com\/fr\/produit\/cables-chauffants\/usage-civil\/antigel-pour-canalisations\/puissance-constante-fr-2\/kit-antigel-a-puissance-constante-avec-thermostat-fiche-de-connexion-et-ruban-disolation\/","title":{"rendered":"Kit antigel \u00e0 puissance constante avec thermostat, fiche de connexion et ruban d\u2019isolation"},"content":{"rendered":"<h4><span style=\"color: #e3001a;\">Stop Ice Plus<br \/>\nKit antigel \u00e0 puissance constante avec\u00a0thermostat, fiche de connexion et ruban\u00a0d\u2019isolation<br \/>\n<\/span><\/h4>\n<p>Stop Ice Plus est un kit novateur qui unit la flexibilit\u00e9 et la fiabilit\u00e9 du c\u00e2ble chauffant \u00e0 puissance\u00a0constante \u00e0 la praticit\u00e9 du ruban d\u2019isolation LINUS. Avec ce kit, l\u2019installateur trouve\u00a0tout le n\u00e9cessaire pour l\u2019ex\u00e9cution du tra\u00e7age:<\/p>\n<ul style=\"font-size: 15px;\">\n<li>Le c\u00e2ble \u00e0 puissance constante Stop Ice de 12 W\/m, avec fiche de connexion et thermostat.<\/li>\n<li>Le ruban d\u2019isolation LINUS de 3 mm d\u2019\u00e9paisseur, \u00e0 appliquer sur le tuyau d\u00e9j\u00e0 trac\u00e9 avec\u00a0le c\u00e2ble chevauch\u00e9 de 50%.<\/li>\n<\/ul>\n<p>\u00c0 titre d\u2019exemple, un ruban LINUS de 10 m de longueur peut isoler environ\u00a02,2 m de tuyau de \u00be\u201d, trac\u00e9s avec le c\u00e2ble Stop Ice.<\/p>\n","protected":false},"excerpt":{"rendered":"<p>Stop Ice Plus Kit antigel \u00e0 puissance constante avec\u00a0thermostat, fiche de connexion et ruban\u00a0d\u2019isolation Stop Ice Plus est un kit novateur qui unit la flexibilit\u00e9 et la fiabilit\u00e9 du c\u00e2ble<span class=\"excerpt-hellip\"> [\u2026]<\/span><\/p>\n","protected":false},"featured_media":4663,"template":"","meta":[],"product_cat":[161,166,167,402],"product_tag":[],"yoast_head":"<!-- This site is optimized with the Yoast SEO plugin v22.7 - https:\/\/yoast.com\/wordpress\/plugins\/seo\/ -->\n<title>Kit antigel \u00e0 puissance constante avec thermostat, fiche de connexion et ruban d\u2019isolation | Raytech<\/title>\n<meta name=\"robots\" content=\"index, follow, max-snippet:-1, max-image-preview:large, max-video-preview:-1\" \/>\n<link rel=\"canonical\" href=\"https:\/\/svilupporaytech.com\/fr\/produit\/cables-chauffants\/usage-civil\/antigel-pour-canalisations\/puissance-constante-fr-2\/kit-antigel-a-puissance-constante-avec-thermostat-fiche-de-connexion-et-ruban-disolation\/\" \/>\n<meta property=\"og:locale\" content=\"fr_FR\" \/>\n<meta property=\"og:type\" content=\"article\" \/>\n<meta property=\"og:title\" content=\"Kit antigel \u00e0 puissance constante avec thermostat, fiche de connexion et ruban d\u2019isolation | Raytech\" \/>\n<meta property=\"og:description\" content=\"Stop Ice Plus Kit antigel \u00e0 puissance constante avec\u00a0thermostat, fiche de connexion et ruban\u00a0d\u2019isolation Stop Ice Plus est un kit novateur qui unit la flexibilit\u00e9 et la fiabilit\u00e9 du c\u00e2ble [\u2026]\" \/>\n<meta property=\"og:url\" content=\"https:\/\/svilupporaytech.com\/fr\/produit\/cables-chauffants\/usage-civil\/antigel-pour-canalisations\/puissance-constante-fr-2\/kit-antigel-a-puissance-constante-avec-thermostat-fiche-de-connexion-et-ruban-disolation\/\" \/>\n<meta property=\"og:site_name\" content=\"Raytech\" \/>\n<meta property=\"article:modified_time\" content=\"2019-08-01T09:13:58+00:00\" \/>\n<meta property=\"og:image\" content=\"https:\/\/svilupporaytech.com\/wp-content\/uploads\/stop-ice-plus-1.jpg\" \/>\n\t<meta property=\"og:image:width\" content=\"1024\" \/>\n\t<meta property=\"og:image:height\" content=\"1024\" \/>\n\t<meta property=\"og:image:type\" content=\"image\/jpeg\" \/>\n<meta name=\"twitter:card\" content=\"summary_large_image\" \/>\n<meta name=\"twitter:label1\" content=\"Dur\u00e9e de lecture estim\u00e9e\" \/>\n\t<meta name=\"twitter:data1\" content=\"1 minute\" \/>\n<script type=\"application\/ld+json\" class=\"yoast-schema-graph\">{\"@context\":\"https:\/\/schema.org\",\"@graph\":[{\"@type\":\"WebPage\",\"@id\":\"https:\/\/svilupporaytech.com\/fr\/produit\/cables-chauffants\/usage-civil\/antigel-pour-canalisations\/puissance-constante-fr-2\/kit-antigel-a-puissance-constante-avec-thermostat-fiche-de-connexion-et-ruban-disolation\/\",\"url\":\"https:\/\/svilupporaytech.com\/fr\/produit\/cables-chauffants\/usage-civil\/antigel-pour-canalisations\/puissance-constante-fr-2\/kit-antigel-a-puissance-constante-avec-thermostat-fiche-de-connexion-et-ruban-disolation\/\",\"name\":\"Kit antigel \u00e0 puissance constante avec thermostat, fiche de connexion et ruban d\u2019isolation | Raytech\",\"isPartOf\":{\"@id\":\"https:\/\/svilupporaytech.com\/#website\"},\"primaryImageOfPage\":{\"@id\":\"https:\/\/svilupporaytech.com\/fr\/produit\/cables-chauffants\/usage-civil\/antigel-pour-canalisations\/puissance-constante-fr-2\/kit-antigel-a-puissance-constante-avec-thermostat-fiche-de-connexion-et-ruban-disolation\/#primaryimage\"},\"image\":{\"@id\":\"https:\/\/svilupporaytech.com\/fr\/produit\/cables-chauffants\/usage-civil\/antigel-pour-canalisations\/puissance-constante-fr-2\/kit-antigel-a-puissance-constante-avec-thermostat-fiche-de-connexion-et-ruban-disolation\/#primaryimage\"},\"thumbnailUrl\":\"https:\/\/svilupporaytech.com\/wp-content\/uploads\/stop-ice-plus-1.jpg\",\"datePublished\":\"2016-01-04T16:29:08+00:00\",\"dateModified\":\"2019-08-01T09:13:58+00:00\",\"breadcrumb\":{\"@id\":\"https:\/\/svilupporaytech.com\/fr\/produit\/cables-chauffants\/usage-civil\/antigel-pour-canalisations\/puissance-constante-fr-2\/kit-antigel-a-puissance-constante-avec-thermostat-fiche-de-connexion-et-ruban-disolation\/#breadcrumb\"},\"inLanguage\":\"fr-FR\",\"potentialAction\":[{\"@type\":\"ReadAction\",\"target\":[\"https:\/\/svilupporaytech.com\/fr\/produit\/cables-chauffants\/usage-civil\/antigel-pour-canalisations\/puissance-constante-fr-2\/kit-antigel-a-puissance-constante-avec-thermostat-fiche-de-connexion-et-ruban-disolation\/\"]}]},{\"@type\":\"ImageObject\",\"inLanguage\":\"fr-FR\",\"@id\":\"https:\/\/svilupporaytech.com\/fr\/produit\/cables-chauffants\/usage-civil\/antigel-pour-canalisations\/puissance-constante-fr-2\/kit-antigel-a-puissance-constante-avec-thermostat-fiche-de-connexion-et-ruban-disolation\/#primaryimage\",\"url\":\"https:\/\/svilupporaytech.com\/wp-content\/uploads\/stop-ice-plus-1.jpg\",\"contentUrl\":\"https:\/\/svilupporaytech.com\/wp-content\/uploads\/stop-ice-plus-1.jpg\",\"width\":1024,\"height\":1024},{\"@type\":\"BreadcrumbList\",\"@id\":\"https:\/\/svilupporaytech.com\/fr\/produit\/cables-chauffants\/usage-civil\/antigel-pour-canalisations\/puissance-constante-fr-2\/kit-antigel-a-puissance-constante-avec-thermostat-fiche-de-connexion-et-ruban-disolation\/#breadcrumb\",\"itemListElement\":[{\"@type\":\"ListItem\",\"position\":1,\"name\":\"Home\",\"item\":\"https:\/\/svilupporaytech.com\/fr\/\"},{\"@type\":\"ListItem\",\"position\":2,\"name\":\"Boutique\",\"item\":\"https:\/\/svilupporaytech.com\/fr\/boutique\/\"},{\"@type\":\"ListItem\",\"position\":3,\"name\":\"Kit antigel \u00e0 puissance constante avec thermostat, fiche de connexion et ruban d\u2019isolation\"}]},{\"@type\":\"WebSite\",\"@id\":\"https:\/\/svilupporaytech.com\/#website\",\"url\":\"https:\/\/svilupporaytech.com\/\",\"name\":\"Raytech\",\"description\":\"Cable accessories company\",\"potentialAction\":[{\"@type\":\"SearchAction\",\"target\":{\"@type\":\"EntryPoint\",\"urlTemplate\":\"https:\/\/svilupporaytech.com\/?s={search_term_string}\"},\"query-input\":\"required name=search_term_string\"}],\"inLanguage\":\"fr-FR\"}]}<\/script>\n<!-- \/ Yoast SEO plugin. -->","yoast_head_json":{"title":"Kit antigel \u00e0 puissance constante avec thermostat, fiche de connexion et ruban d\u2019isolation | Raytech","robots":{"index":"index","follow":"follow","max-snippet":"max-snippet:-1","max-image-preview":"max-image-preview:large","max-video-preview":"max-video-preview:-1"},"canonical":"https:\/\/svilupporaytech.com\/fr\/produit\/cables-chauffants\/usage-civil\/antigel-pour-canalisations\/puissance-constante-fr-2\/kit-antigel-a-puissance-constante-avec-thermostat-fiche-de-connexion-et-ruban-disolation\/","og_locale":"fr_FR","og_type":"article","og_title":"Kit antigel \u00e0 puissance constante avec thermostat, fiche de connexion et ruban d\u2019isolation | Raytech","og_description":"Stop Ice Plus Kit antigel \u00e0 puissance constante avec\u00a0thermostat, fiche de connexion et ruban\u00a0d\u2019isolation Stop Ice Plus est un kit novateur qui unit la flexibilit\u00e9 et la fiabilit\u00e9 du c\u00e2ble [\u2026]","og_url":"https:\/\/svilupporaytech.com\/fr\/produit\/cables-chauffants\/usage-civil\/antigel-pour-canalisations\/puissance-constante-fr-2\/kit-antigel-a-puissance-constante-avec-thermostat-fiche-de-connexion-et-ruban-disolation\/","og_site_name":"Raytech","article_modified_time":"2019-08-01T09:13:58+00:00","og_image":[{"width":1024,"height":1024,"url":"https:\/\/svilupporaytech.com\/wp-content\/uploads\/stop-ice-plus-1.jpg","type":"image\/jpeg"}],"twitter_card":"summary_large_image","twitter_misc":{"Dur\u00e9e de lecture estim\u00e9e":"1 minute"},"schema":{"@context":"https:\/\/schema.org","@graph":[{"@type":"WebPage","@id":"https:\/\/svilupporaytech.com\/fr\/produit\/cables-chauffants\/usage-civil\/antigel-pour-canalisations\/puissance-constante-fr-2\/kit-antigel-a-puissance-constante-avec-thermostat-fiche-de-connexion-et-ruban-disolation\/","url":"https:\/\/svilupporaytech.com\/fr\/produit\/cables-chauffants\/usage-civil\/antigel-pour-canalisations\/puissance-constante-fr-2\/kit-antigel-a-puissance-constante-avec-thermostat-fiche-de-connexion-et-ruban-disolation\/","name":"Kit antigel \u00e0 puissance constante avec thermostat, fiche de connexion et ruban d\u2019isolation | Raytech","isPartOf":{"@id":"https:\/\/svilupporaytech.com\/#website"},"primaryImageOfPage":{"@id":"https:\/\/svilupporaytech.com\/fr\/produit\/cables-chauffants\/usage-civil\/antigel-pour-canalisations\/puissance-constante-fr-2\/kit-antigel-a-puissance-constante-avec-thermostat-fiche-de-connexion-et-ruban-disolation\/#primaryimage"},"image":{"@id":"https:\/\/svilupporaytech.com\/fr\/produit\/cables-chauffants\/usage-civil\/antigel-pour-canalisations\/puissance-constante-fr-2\/kit-antigel-a-puissance-constante-avec-thermostat-fiche-de-connexion-et-ruban-disolation\/#primaryimage"},"thumbnailUrl":"https:\/\/svilupporaytech.com\/wp-content\/uploads\/stop-ice-plus-1.jpg","datePublished":"2016-01-04T16:29:08+00:00","dateModified":"2019-08-01T09:13:58+00:00","breadcrumb":{"@id":"https:\/\/svilupporaytech.com\/fr\/produit\/cables-chauffants\/usage-civil\/antigel-pour-canalisations\/puissance-constante-fr-2\/kit-antigel-a-puissance-constante-avec-thermostat-fiche-de-connexion-et-ruban-disolation\/#breadcrumb"},"inLanguage":"fr-FR","potentialAction":[{"@type":"ReadAction","target":["https:\/\/svilupporaytech.com\/fr\/produit\/cables-chauffants\/usage-civil\/antigel-pour-canalisations\/puissance-constante-fr-2\/kit-antigel-a-puissance-constante-avec-thermostat-fiche-de-connexion-et-ruban-disolation\/"]}]},{"@type":"ImageObject","inLanguage":"fr-FR","@id":"https:\/\/svilupporaytech.com\/fr\/produit\/cables-chauffants\/usage-civil\/antigel-pour-canalisations\/puissance-constante-fr-2\/kit-antigel-a-puissance-constante-avec-thermostat-fiche-de-connexion-et-ruban-disolation\/#primaryimage","url":"https:\/\/svilupporaytech.com\/wp-content\/uploads\/stop-ice-plus-1.jpg","contentUrl":"https:\/\/svilupporaytech.com\/wp-content\/uploads\/stop-ice-plus-1.jpg","width":1024,"height":1024},{"@type":"BreadcrumbList","@id":"https:\/\/svilupporaytech.com\/fr\/produit\/cables-chauffants\/usage-civil\/antigel-pour-canalisations\/puissance-constante-fr-2\/kit-antigel-a-puissance-constante-avec-thermostat-fiche-de-connexion-et-ruban-disolation\/#breadcrumb","itemListElement":[{"@type":"ListItem","position":1,"name":"Home","item":"https:\/\/svilupporaytech.com\/fr\/"},{"@type":"ListItem","position":2,"name":"Boutique","item":"https:\/\/svilupporaytech.com\/fr\/boutique\/"},{"@type":"ListItem","position":3,"name":"Kit antigel \u00e0 puissance constante avec thermostat, fiche de connexion et ruban d\u2019isolation"}]},{"@type":"WebSite","@id":"https:\/\/svilupporaytech.com\/#website","url":"https:\/\/svilupporaytech.com\/","name":"Raytech","description":"Cable accessories company","potentialAction":[{"@type":"SearchAction","target":{"@type":"EntryPoint","urlTemplate":"https:\/\/svilupporaytech.com\/?s={search_term_string}"},"query-input":"required name=search_term_string"}],"inLanguage":"fr-FR"}]}},"_links":{"self":[{"href":"https:\/\/svilupporaytech.com\/fr\/wp-json\/wp\/v2\/product\/7402"}],"collection":[{"href":"https:\/\/svilupporaytech.com\/fr\/wp-json\/wp\/v2\/product"}],"about":[{"href":"https:\/\/svilupporaytech.com\/fr\/wp-json\/wp\/v2\/types\/product"}],"wp:featuredmedia":[{"embeddable":true,"href":"https:\/\/svilupporaytech.com\/fr\/wp-json\/wp\/v2\/media\/4663"}],"wp:attachment":[{"href":"https:\/\/svilupporaytech.com\/fr\/wp-json\/wp\/v2\/media?parent=7402"}],"wp:term":[{"taxonomy":"product_cat","embeddable":true,"href":"https:\/\/svilupporaytech.com\/fr\/wp-json\/wp\/v2\/product_cat?post=7402"},{"taxonomy":"product_tag","embeddable":true,"href":"https:\/\/svilupporaytech.com\/fr\/wp-json\/wp\/v2\/product_tag?post=7402"}],"curies":[{"name":"wp","href":"https:\/\/api.w.org\/{rel}","templated":true}]}}