{"id":7411,"date":"2015-07-16T14:07:01","date_gmt":"2016-01-04T16:42:15","guid":{"rendered":"https:\/\/svilupporaytech.com\/?post_type=product&#038;p=7411&#038;lang=fr"},"modified":"2019-07-31T15:27:52","modified_gmt":"2019-07-31T15:27:52","slug":"cable-chauffant-autoregulant","status":"publish","type":"product","link":"https:\/\/svilupporaytech.com\/fr\/produit\/cables-chauffants\/usage-civil\/antigel-pour-rampes\/autoregulants-fr\/cable-chauffant-autoregulant\/","title":{"rendered":"C\u00e2ble chauffant autor\u00e9gulant"},"content":{"rendered":"<h4><span style=\"color: #e3001a;\">MCA Ramp<br \/>\nC\u00e2ble chauffant autor\u00e9gulant<\/span><\/h4>\n<p>Le c\u00e2ble est utilis\u00e9, plong\u00e9 dans le ciment, pour emp\u00eacher l\u2019accumulation ou la formation de\u00a0glace sur les rampes d\u2019acc\u00e8s, les escaliers, les marche-pieds, les petites places, les passages\u00a0pi\u00e9tons, etc. Adapt\u00e9 aux rampes avec des rev\u00eatements en ciment, en pav\u00e9s autobloquants\u00a0ou en asphalte, pour le trafic l\u00e9ger ou important. Le c\u00e2ble peut \u00eatre install\u00e9 sur les rampes en\u00a0construction, en le fixant au r\u00e9seau \u00e9lectrosoud\u00e9 avant la coul\u00e9e de ciment, ou bien sur les\u00a0rampes d\u00e9j\u00e0 termin\u00e9es, en incisant les surfaces en ciment \u00e0 remplir ensuite avec du ciment\u00a0plastique une fois le c\u00e2ble install\u00e9, ou encore en posant simplement le c\u00e2ble sur la surface\u00a0de la rampe et en coulant ensuite une couche de ciment. Pour des projets et des tra\u00e7ages\u00a0pr\u00e9alables, contacter Raytech.<\/p>\n","protected":false},"excerpt":{"rendered":"<p>MCA Ramp C\u00e2ble chauffant autor\u00e9gulant Le c\u00e2ble est utilis\u00e9, plong\u00e9 dans le ciment, pour emp\u00eacher l\u2019accumulation ou la formation de\u00a0glace sur les rampes d\u2019acc\u00e8s, les escaliers, les marche-pieds, les petites<span class=\"excerpt-hellip\"> [\u2026]<\/span><\/p>\n","protected":false},"featured_media":1752,"template":"","meta":[],"product_cat":[161,166,168,398],"product_tag":[],"yoast_head":"<!-- This site is optimized with the Yoast SEO plugin v22.7 - https:\/\/yoast.com\/wordpress\/plugins\/seo\/ -->\n<title>C\u00e2ble chauffant autor\u00e9gulant | Raytech<\/title>\n<meta name=\"robots\" content=\"index, follow, max-snippet:-1, max-image-preview:large, max-video-preview:-1\" \/>\n<link rel=\"canonical\" href=\"https:\/\/svilupporaytech.com\/fr\/produit\/cables-chauffants\/usage-civil\/antigel-pour-rampes\/autoregulants-fr\/cable-chauffant-autoregulant\/\" \/>\n<meta property=\"og:locale\" content=\"fr_FR\" \/>\n<meta property=\"og:type\" content=\"article\" \/>\n<meta property=\"og:title\" content=\"C\u00e2ble chauffant autor\u00e9gulant | Raytech\" \/>\n<meta property=\"og:description\" content=\"MCA Ramp C\u00e2ble chauffant autor\u00e9gulant Le c\u00e2ble est utilis\u00e9, plong\u00e9 dans le ciment, pour emp\u00eacher l\u2019accumulation ou la formation de\u00a0glace sur les rampes d\u2019acc\u00e8s, les escaliers, les marche-pieds, les petites [\u2026]\" \/>\n<meta property=\"og:url\" content=\"https:\/\/svilupporaytech.com\/fr\/produit\/cables-chauffants\/usage-civil\/antigel-pour-rampes\/autoregulants-fr\/cable-chauffant-autoregulant\/\" \/>\n<meta property=\"og:site_name\" content=\"Raytech\" \/>\n<meta property=\"article:modified_time\" content=\"2019-07-31T15:27:52+00:00\" \/>\n<meta property=\"og:image\" content=\"https:\/\/svilupporaytech.com\/wp-content\/uploads\/mca-ramp.jpg\" \/>\n\t<meta property=\"og:image:width\" content=\"500\" \/>\n\t<meta property=\"og:image:height\" content=\"500\" \/>\n\t<meta property=\"og:image:type\" content=\"image\/jpeg\" \/>\n<meta name=\"twitter:card\" content=\"summary_large_image\" \/>\n<meta name=\"twitter:label1\" content=\"Dur\u00e9e de lecture estim\u00e9e\" \/>\n\t<meta name=\"twitter:data1\" content=\"1 minute\" \/>\n<script type=\"application\/ld+json\" class=\"yoast-schema-graph\">{\"@context\":\"https:\/\/schema.org\",\"@graph\":[{\"@type\":\"WebPage\",\"@id\":\"https:\/\/svilupporaytech.com\/fr\/produit\/cables-chauffants\/usage-civil\/antigel-pour-rampes\/autoregulants-fr\/cable-chauffant-autoregulant\/\",\"url\":\"https:\/\/svilupporaytech.com\/fr\/produit\/cables-chauffants\/usage-civil\/antigel-pour-rampes\/autoregulants-fr\/cable-chauffant-autoregulant\/\",\"name\":\"C\u00e2ble chauffant autor\u00e9gulant | Raytech\",\"isPartOf\":{\"@id\":\"https:\/\/svilupporaytech.com\/#website\"},\"primaryImageOfPage\":{\"@id\":\"https:\/\/svilupporaytech.com\/fr\/produit\/cables-chauffants\/usage-civil\/antigel-pour-rampes\/autoregulants-fr\/cable-chauffant-autoregulant\/#primaryimage\"},\"image\":{\"@id\":\"https:\/\/svilupporaytech.com\/fr\/produit\/cables-chauffants\/usage-civil\/antigel-pour-rampes\/autoregulants-fr\/cable-chauffant-autoregulant\/#primaryimage\"},\"thumbnailUrl\":\"https:\/\/svilupporaytech.com\/wp-content\/uploads\/mca-ramp.jpg\",\"datePublished\":\"2016-01-04T16:42:15+00:00\",\"dateModified\":\"2019-07-31T15:27:52+00:00\",\"breadcrumb\":{\"@id\":\"https:\/\/svilupporaytech.com\/fr\/produit\/cables-chauffants\/usage-civil\/antigel-pour-rampes\/autoregulants-fr\/cable-chauffant-autoregulant\/#breadcrumb\"},\"inLanguage\":\"fr-FR\",\"potentialAction\":[{\"@type\":\"ReadAction\",\"target\":[\"https:\/\/svilupporaytech.com\/fr\/produit\/cables-chauffants\/usage-civil\/antigel-pour-rampes\/autoregulants-fr\/cable-chauffant-autoregulant\/\"]}]},{\"@type\":\"ImageObject\",\"inLanguage\":\"fr-FR\",\"@id\":\"https:\/\/svilupporaytech.com\/fr\/produit\/cables-chauffants\/usage-civil\/antigel-pour-rampes\/autoregulants-fr\/cable-chauffant-autoregulant\/#primaryimage\",\"url\":\"https:\/\/svilupporaytech.com\/wp-content\/uploads\/mca-ramp.jpg\",\"contentUrl\":\"https:\/\/svilupporaytech.com\/wp-content\/uploads\/mca-ramp.jpg\",\"width\":500,\"height\":500},{\"@type\":\"BreadcrumbList\",\"@id\":\"https:\/\/svilupporaytech.com\/fr\/produit\/cables-chauffants\/usage-civil\/antigel-pour-rampes\/autoregulants-fr\/cable-chauffant-autoregulant\/#breadcrumb\",\"itemListElement\":[{\"@type\":\"ListItem\",\"position\":1,\"name\":\"Home\",\"item\":\"https:\/\/svilupporaytech.com\/fr\/\"},{\"@type\":\"ListItem\",\"position\":2,\"name\":\"Boutique\",\"item\":\"https:\/\/svilupporaytech.com\/fr\/boutique\/\"},{\"@type\":\"ListItem\",\"position\":3,\"name\":\"C\u00e2ble chauffant autor\u00e9gulant\"}]},{\"@type\":\"WebSite\",\"@id\":\"https:\/\/svilupporaytech.com\/#website\",\"url\":\"https:\/\/svilupporaytech.com\/\",\"name\":\"Raytech\",\"description\":\"Cable accessories company\",\"potentialAction\":[{\"@type\":\"SearchAction\",\"target\":{\"@type\":\"EntryPoint\",\"urlTemplate\":\"https:\/\/svilupporaytech.com\/?s={search_term_string}\"},\"query-input\":\"required name=search_term_string\"}],\"inLanguage\":\"fr-FR\"}]}<\/script>\n<!-- \/ Yoast SEO plugin. -->","yoast_head_json":{"title":"C\u00e2ble chauffant autor\u00e9gulant | Raytech","robots":{"index":"index","follow":"follow","max-snippet":"max-snippet:-1","max-image-preview":"max-image-preview:large","max-video-preview":"max-video-preview:-1"},"canonical":"https:\/\/svilupporaytech.com\/fr\/produit\/cables-chauffants\/usage-civil\/antigel-pour-rampes\/autoregulants-fr\/cable-chauffant-autoregulant\/","og_locale":"fr_FR","og_type":"article","og_title":"C\u00e2ble chauffant autor\u00e9gulant | Raytech","og_description":"MCA Ramp C\u00e2ble chauffant autor\u00e9gulant Le c\u00e2ble est utilis\u00e9, plong\u00e9 dans le ciment, pour emp\u00eacher l\u2019accumulation ou la formation de\u00a0glace sur les rampes d\u2019acc\u00e8s, les escaliers, les marche-pieds, les petites [\u2026]","og_url":"https:\/\/svilupporaytech.com\/fr\/produit\/cables-chauffants\/usage-civil\/antigel-pour-rampes\/autoregulants-fr\/cable-chauffant-autoregulant\/","og_site_name":"Raytech","article_modified_time":"2019-07-31T15:27:52+00:00","og_image":[{"width":500,"height":500,"url":"https:\/\/svilupporaytech.com\/wp-content\/uploads\/mca-ramp.jpg","type":"image\/jpeg"}],"twitter_card":"summary_large_image","twitter_misc":{"Dur\u00e9e de lecture estim\u00e9e":"1 minute"},"schema":{"@context":"https:\/\/schema.org","@graph":[{"@type":"WebPage","@id":"https:\/\/svilupporaytech.com\/fr\/produit\/cables-chauffants\/usage-civil\/antigel-pour-rampes\/autoregulants-fr\/cable-chauffant-autoregulant\/","url":"https:\/\/svilupporaytech.com\/fr\/produit\/cables-chauffants\/usage-civil\/antigel-pour-rampes\/autoregulants-fr\/cable-chauffant-autoregulant\/","name":"C\u00e2ble chauffant autor\u00e9gulant | Raytech","isPartOf":{"@id":"https:\/\/svilupporaytech.com\/#website"},"primaryImageOfPage":{"@id":"https:\/\/svilupporaytech.com\/fr\/produit\/cables-chauffants\/usage-civil\/antigel-pour-rampes\/autoregulants-fr\/cable-chauffant-autoregulant\/#primaryimage"},"image":{"@id":"https:\/\/svilupporaytech.com\/fr\/produit\/cables-chauffants\/usage-civil\/antigel-pour-rampes\/autoregulants-fr\/cable-chauffant-autoregulant\/#primaryimage"},"thumbnailUrl":"https:\/\/svilupporaytech.com\/wp-content\/uploads\/mca-ramp.jpg","datePublished":"2016-01-04T16:42:15+00:00","dateModified":"2019-07-31T15:27:52+00:00","breadcrumb":{"@id":"https:\/\/svilupporaytech.com\/fr\/produit\/cables-chauffants\/usage-civil\/antigel-pour-rampes\/autoregulants-fr\/cable-chauffant-autoregulant\/#breadcrumb"},"inLanguage":"fr-FR","potentialAction":[{"@type":"ReadAction","target":["https:\/\/svilupporaytech.com\/fr\/produit\/cables-chauffants\/usage-civil\/antigel-pour-rampes\/autoregulants-fr\/cable-chauffant-autoregulant\/"]}]},{"@type":"ImageObject","inLanguage":"fr-FR","@id":"https:\/\/svilupporaytech.com\/fr\/produit\/cables-chauffants\/usage-civil\/antigel-pour-rampes\/autoregulants-fr\/cable-chauffant-autoregulant\/#primaryimage","url":"https:\/\/svilupporaytech.com\/wp-content\/uploads\/mca-ramp.jpg","contentUrl":"https:\/\/svilupporaytech.com\/wp-content\/uploads\/mca-ramp.jpg","width":500,"height":500},{"@type":"BreadcrumbList","@id":"https:\/\/svilupporaytech.com\/fr\/produit\/cables-chauffants\/usage-civil\/antigel-pour-rampes\/autoregulants-fr\/cable-chauffant-autoregulant\/#breadcrumb","itemListElement":[{"@type":"ListItem","position":1,"name":"Home","item":"https:\/\/svilupporaytech.com\/fr\/"},{"@type":"ListItem","position":2,"name":"Boutique","item":"https:\/\/svilupporaytech.com\/fr\/boutique\/"},{"@type":"ListItem","position":3,"name":"C\u00e2ble chauffant autor\u00e9gulant"}]},{"@type":"WebSite","@id":"https:\/\/svilupporaytech.com\/#website","url":"https:\/\/svilupporaytech.com\/","name":"Raytech","description":"Cable accessories company","potentialAction":[{"@type":"SearchAction","target":{"@type":"EntryPoint","urlTemplate":"https:\/\/svilupporaytech.com\/?s={search_term_string}"},"query-input":"required name=search_term_string"}],"inLanguage":"fr-FR"}]}},"_links":{"self":[{"href":"https:\/\/svilupporaytech.com\/fr\/wp-json\/wp\/v2\/product\/7411"}],"collection":[{"href":"https:\/\/svilupporaytech.com\/fr\/wp-json\/wp\/v2\/product"}],"about":[{"href":"https:\/\/svilupporaytech.com\/fr\/wp-json\/wp\/v2\/types\/product"}],"wp:featuredmedia":[{"embeddable":true,"href":"https:\/\/svilupporaytech.com\/fr\/wp-json\/wp\/v2\/media\/1752"}],"wp:attachment":[{"href":"https:\/\/svilupporaytech.com\/fr\/wp-json\/wp\/v2\/media?parent=7411"}],"wp:term":[{"taxonomy":"product_cat","embeddable":true,"href":"https:\/\/svilupporaytech.com\/fr\/wp-json\/wp\/v2\/product_cat?post=7411"},{"taxonomy":"product_tag","embeddable":true,"href":"https:\/\/svilupporaytech.com\/fr\/wp-json\/wp\/v2\/product_tag?post=7411"}],"curies":[{"name":"wp","href":"https:\/\/api.w.org\/{rel}","templated":true}]}}