{"id":7414,"date":"2015-07-16T14:07:15","date_gmt":"2016-01-04T16:33:56","guid":{"rendered":"https:\/\/svilupporaytech.com\/?post_type=product&#038;p=7414&#038;lang=fr"},"modified":"2019-08-01T09:25:23","modified_gmt":"2019-08-01T09:25:23","slug":"kit-cable-autoregulant-a-couper-et-a-installer","status":"publish","type":"product","link":"https:\/\/svilupporaytech.com\/fr\/produit\/cables-chauffants\/usage-civil\/antigel-pour-canalisations\/autoregulants-fr-2\/kit-cable-autoregulant-a-couper-et-a-installer\/","title":{"rendered":"Kit c\u00e2ble autor\u00e9gulant \u00e0 couper et \u00e0 installer"},"content":{"rendered":"<h4><span style=\"color: #e3001a;\">Ice Killer<br \/>\nKit c\u00e2ble autor\u00e9gulant \u00e0 couper et \u00e0 installer, dot\u00e9 du kit\u00a0avec borne c\u00f4t\u00e9 aliment\u00e9 et borne c\u00f4t\u00e9 non aliment\u00e9<br \/>\n<\/span><\/h4>\n<p>Le kit Ice Killer est compos\u00e9 d\u2019une bobine de c\u00e2ble d\u2019autor\u00e9gulant de 30 m, et des accessoires\u00a0avec borne de connexion et borne pour c\u00f4t\u00e9 non aliment\u00e9: le c\u00e2ble peut \u00eatre coup\u00e9 \u00e0 la longueur\u00a0souhait\u00e9e, install\u00e9 sur le tuyau ou sur le r\u00e9servoir, connect\u00e9 \u00e0 l\u2019alimentation et termin\u00e9\u00a0\u00e0 l\u2019extr\u00e9mit\u00e9 oppos\u00e9e. Le kit Ice Killer, \u00e9conomique et compact, dans un emballage attrayant\u00a0facile \u00e0 transporter et \u00e0 manipuler sur le chantier, est compact, tr\u00e8s flexible et facilement\u00a0adaptable aux coudes de la canalisation.<\/p>\n<p>Le c\u00e2ble Ice Killer est pos\u00e9 sur le tuyau de fa\u00e7on lin\u00e9aire ou entour\u00e9, en fonction de la puissance\u00a0sp\u00e9cifique n\u00e9cessaire, puis fix\u00e9 sur celui-ci au moyen d\u2019un ruban adh\u00e9sif inextensible (type de\u00a0rubans MCA-FV ou MCA-ALL75 de Raytech), termin\u00e9 avec les accessoires MCA Universal contenus\u00a0dans le kit puis rev\u00eatu avec l\u2019isolant. Il atteint la temp\u00e9rature de r\u00e9gime en peu de temps\u00a0et la maintient \u00e0 peu pr\u00e8s constante, m\u00eame en cas de variation de la temp\u00e9rature ambiante.<\/p>\n","protected":false},"excerpt":{"rendered":"<p>Ice Killer Kit c\u00e2ble autor\u00e9gulant \u00e0 couper et \u00e0 installer, dot\u00e9 du kit\u00a0avec borne c\u00f4t\u00e9 aliment\u00e9 et borne c\u00f4t\u00e9 non aliment\u00e9 Le kit Ice Killer est compos\u00e9 d\u2019une bobine de<span class=\"excerpt-hellip\"> [\u2026]<\/span><\/p>\n","protected":false},"featured_media":4550,"template":"","meta":[],"product_cat":[161,166,167,399],"product_tag":[],"yoast_head":"<!-- This site is optimized with the Yoast SEO plugin v22.7 - https:\/\/yoast.com\/wordpress\/plugins\/seo\/ -->\n<title>Kit c\u00e2ble autor\u00e9gulant \u00e0 couper et \u00e0 installer | Raytech<\/title>\n<meta name=\"robots\" content=\"index, follow, max-snippet:-1, max-image-preview:large, max-video-preview:-1\" \/>\n<link rel=\"canonical\" href=\"https:\/\/svilupporaytech.com\/fr\/produit\/cables-chauffants\/usage-civil\/antigel-pour-canalisations\/autoregulants-fr-2\/kit-cable-autoregulant-a-couper-et-a-installer\/\" \/>\n<meta property=\"og:locale\" content=\"fr_FR\" \/>\n<meta property=\"og:type\" content=\"article\" \/>\n<meta property=\"og:title\" content=\"Kit c\u00e2ble autor\u00e9gulant \u00e0 couper et \u00e0 installer | Raytech\" \/>\n<meta property=\"og:description\" content=\"Ice Killer Kit c\u00e2ble autor\u00e9gulant \u00e0 couper et \u00e0 installer, dot\u00e9 du kit\u00a0avec borne c\u00f4t\u00e9 aliment\u00e9 et borne c\u00f4t\u00e9 non aliment\u00e9 Le kit Ice Killer est compos\u00e9 d\u2019une bobine de [\u2026]\" \/>\n<meta property=\"og:url\" content=\"https:\/\/svilupporaytech.com\/fr\/produit\/cables-chauffants\/usage-civil\/antigel-pour-canalisations\/autoregulants-fr-2\/kit-cable-autoregulant-a-couper-et-a-installer\/\" \/>\n<meta property=\"og:site_name\" content=\"Raytech\" \/>\n<meta property=\"article:modified_time\" content=\"2019-08-01T09:25:23+00:00\" \/>\n<meta property=\"og:image\" content=\"https:\/\/svilupporaytech.com\/wp-content\/uploads\/ice-killer-1.jpg\" \/>\n\t<meta property=\"og:image:width\" content=\"1024\" \/>\n\t<meta property=\"og:image:height\" content=\"1024\" \/>\n\t<meta property=\"og:image:type\" content=\"image\/jpeg\" \/>\n<meta name=\"twitter:card\" content=\"summary_large_image\" \/>\n<meta name=\"twitter:label1\" content=\"Dur\u00e9e de lecture estim\u00e9e\" \/>\n\t<meta name=\"twitter:data1\" content=\"1 minute\" \/>\n<script type=\"application\/ld+json\" class=\"yoast-schema-graph\">{\"@context\":\"https:\/\/schema.org\",\"@graph\":[{\"@type\":\"WebPage\",\"@id\":\"https:\/\/svilupporaytech.com\/fr\/produit\/cables-chauffants\/usage-civil\/antigel-pour-canalisations\/autoregulants-fr-2\/kit-cable-autoregulant-a-couper-et-a-installer\/\",\"url\":\"https:\/\/svilupporaytech.com\/fr\/produit\/cables-chauffants\/usage-civil\/antigel-pour-canalisations\/autoregulants-fr-2\/kit-cable-autoregulant-a-couper-et-a-installer\/\",\"name\":\"Kit c\u00e2ble autor\u00e9gulant \u00e0 couper et \u00e0 installer | Raytech\",\"isPartOf\":{\"@id\":\"https:\/\/svilupporaytech.com\/#website\"},\"primaryImageOfPage\":{\"@id\":\"https:\/\/svilupporaytech.com\/fr\/produit\/cables-chauffants\/usage-civil\/antigel-pour-canalisations\/autoregulants-fr-2\/kit-cable-autoregulant-a-couper-et-a-installer\/#primaryimage\"},\"image\":{\"@id\":\"https:\/\/svilupporaytech.com\/fr\/produit\/cables-chauffants\/usage-civil\/antigel-pour-canalisations\/autoregulants-fr-2\/kit-cable-autoregulant-a-couper-et-a-installer\/#primaryimage\"},\"thumbnailUrl\":\"https:\/\/svilupporaytech.com\/wp-content\/uploads\/ice-killer-1.jpg\",\"datePublished\":\"2016-01-04T16:33:56+00:00\",\"dateModified\":\"2019-08-01T09:25:23+00:00\",\"breadcrumb\":{\"@id\":\"https:\/\/svilupporaytech.com\/fr\/produit\/cables-chauffants\/usage-civil\/antigel-pour-canalisations\/autoregulants-fr-2\/kit-cable-autoregulant-a-couper-et-a-installer\/#breadcrumb\"},\"inLanguage\":\"fr-FR\",\"potentialAction\":[{\"@type\":\"ReadAction\",\"target\":[\"https:\/\/svilupporaytech.com\/fr\/produit\/cables-chauffants\/usage-civil\/antigel-pour-canalisations\/autoregulants-fr-2\/kit-cable-autoregulant-a-couper-et-a-installer\/\"]}]},{\"@type\":\"ImageObject\",\"inLanguage\":\"fr-FR\",\"@id\":\"https:\/\/svilupporaytech.com\/fr\/produit\/cables-chauffants\/usage-civil\/antigel-pour-canalisations\/autoregulants-fr-2\/kit-cable-autoregulant-a-couper-et-a-installer\/#primaryimage\",\"url\":\"https:\/\/svilupporaytech.com\/wp-content\/uploads\/ice-killer-1.jpg\",\"contentUrl\":\"https:\/\/svilupporaytech.com\/wp-content\/uploads\/ice-killer-1.jpg\",\"width\":1024,\"height\":1024},{\"@type\":\"BreadcrumbList\",\"@id\":\"https:\/\/svilupporaytech.com\/fr\/produit\/cables-chauffants\/usage-civil\/antigel-pour-canalisations\/autoregulants-fr-2\/kit-cable-autoregulant-a-couper-et-a-installer\/#breadcrumb\",\"itemListElement\":[{\"@type\":\"ListItem\",\"position\":1,\"name\":\"Home\",\"item\":\"https:\/\/svilupporaytech.com\/fr\/\"},{\"@type\":\"ListItem\",\"position\":2,\"name\":\"Boutique\",\"item\":\"https:\/\/svilupporaytech.com\/fr\/boutique\/\"},{\"@type\":\"ListItem\",\"position\":3,\"name\":\"Kit c\u00e2ble autor\u00e9gulant \u00e0 couper et \u00e0 installer\"}]},{\"@type\":\"WebSite\",\"@id\":\"https:\/\/svilupporaytech.com\/#website\",\"url\":\"https:\/\/svilupporaytech.com\/\",\"name\":\"Raytech\",\"description\":\"Cable accessories company\",\"potentialAction\":[{\"@type\":\"SearchAction\",\"target\":{\"@type\":\"EntryPoint\",\"urlTemplate\":\"https:\/\/svilupporaytech.com\/?s={search_term_string}\"},\"query-input\":\"required name=search_term_string\"}],\"inLanguage\":\"fr-FR\"}]}<\/script>\n<!-- \/ Yoast SEO plugin. -->","yoast_head_json":{"title":"Kit c\u00e2ble autor\u00e9gulant \u00e0 couper et \u00e0 installer | Raytech","robots":{"index":"index","follow":"follow","max-snippet":"max-snippet:-1","max-image-preview":"max-image-preview:large","max-video-preview":"max-video-preview:-1"},"canonical":"https:\/\/svilupporaytech.com\/fr\/produit\/cables-chauffants\/usage-civil\/antigel-pour-canalisations\/autoregulants-fr-2\/kit-cable-autoregulant-a-couper-et-a-installer\/","og_locale":"fr_FR","og_type":"article","og_title":"Kit c\u00e2ble autor\u00e9gulant \u00e0 couper et \u00e0 installer | Raytech","og_description":"Ice Killer Kit c\u00e2ble autor\u00e9gulant \u00e0 couper et \u00e0 installer, dot\u00e9 du kit\u00a0avec borne c\u00f4t\u00e9 aliment\u00e9 et borne c\u00f4t\u00e9 non aliment\u00e9 Le kit Ice Killer est compos\u00e9 d\u2019une bobine de [\u2026]","og_url":"https:\/\/svilupporaytech.com\/fr\/produit\/cables-chauffants\/usage-civil\/antigel-pour-canalisations\/autoregulants-fr-2\/kit-cable-autoregulant-a-couper-et-a-installer\/","og_site_name":"Raytech","article_modified_time":"2019-08-01T09:25:23+00:00","og_image":[{"width":1024,"height":1024,"url":"https:\/\/svilupporaytech.com\/wp-content\/uploads\/ice-killer-1.jpg","type":"image\/jpeg"}],"twitter_card":"summary_large_image","twitter_misc":{"Dur\u00e9e de lecture estim\u00e9e":"1 minute"},"schema":{"@context":"https:\/\/schema.org","@graph":[{"@type":"WebPage","@id":"https:\/\/svilupporaytech.com\/fr\/produit\/cables-chauffants\/usage-civil\/antigel-pour-canalisations\/autoregulants-fr-2\/kit-cable-autoregulant-a-couper-et-a-installer\/","url":"https:\/\/svilupporaytech.com\/fr\/produit\/cables-chauffants\/usage-civil\/antigel-pour-canalisations\/autoregulants-fr-2\/kit-cable-autoregulant-a-couper-et-a-installer\/","name":"Kit c\u00e2ble autor\u00e9gulant \u00e0 couper et \u00e0 installer | Raytech","isPartOf":{"@id":"https:\/\/svilupporaytech.com\/#website"},"primaryImageOfPage":{"@id":"https:\/\/svilupporaytech.com\/fr\/produit\/cables-chauffants\/usage-civil\/antigel-pour-canalisations\/autoregulants-fr-2\/kit-cable-autoregulant-a-couper-et-a-installer\/#primaryimage"},"image":{"@id":"https:\/\/svilupporaytech.com\/fr\/produit\/cables-chauffants\/usage-civil\/antigel-pour-canalisations\/autoregulants-fr-2\/kit-cable-autoregulant-a-couper-et-a-installer\/#primaryimage"},"thumbnailUrl":"https:\/\/svilupporaytech.com\/wp-content\/uploads\/ice-killer-1.jpg","datePublished":"2016-01-04T16:33:56+00:00","dateModified":"2019-08-01T09:25:23+00:00","breadcrumb":{"@id":"https:\/\/svilupporaytech.com\/fr\/produit\/cables-chauffants\/usage-civil\/antigel-pour-canalisations\/autoregulants-fr-2\/kit-cable-autoregulant-a-couper-et-a-installer\/#breadcrumb"},"inLanguage":"fr-FR","potentialAction":[{"@type":"ReadAction","target":["https:\/\/svilupporaytech.com\/fr\/produit\/cables-chauffants\/usage-civil\/antigel-pour-canalisations\/autoregulants-fr-2\/kit-cable-autoregulant-a-couper-et-a-installer\/"]}]},{"@type":"ImageObject","inLanguage":"fr-FR","@id":"https:\/\/svilupporaytech.com\/fr\/produit\/cables-chauffants\/usage-civil\/antigel-pour-canalisations\/autoregulants-fr-2\/kit-cable-autoregulant-a-couper-et-a-installer\/#primaryimage","url":"https:\/\/svilupporaytech.com\/wp-content\/uploads\/ice-killer-1.jpg","contentUrl":"https:\/\/svilupporaytech.com\/wp-content\/uploads\/ice-killer-1.jpg","width":1024,"height":1024},{"@type":"BreadcrumbList","@id":"https:\/\/svilupporaytech.com\/fr\/produit\/cables-chauffants\/usage-civil\/antigel-pour-canalisations\/autoregulants-fr-2\/kit-cable-autoregulant-a-couper-et-a-installer\/#breadcrumb","itemListElement":[{"@type":"ListItem","position":1,"name":"Home","item":"https:\/\/svilupporaytech.com\/fr\/"},{"@type":"ListItem","position":2,"name":"Boutique","item":"https:\/\/svilupporaytech.com\/fr\/boutique\/"},{"@type":"ListItem","position":3,"name":"Kit c\u00e2ble autor\u00e9gulant \u00e0 couper et \u00e0 installer"}]},{"@type":"WebSite","@id":"https:\/\/svilupporaytech.com\/#website","url":"https:\/\/svilupporaytech.com\/","name":"Raytech","description":"Cable accessories company","potentialAction":[{"@type":"SearchAction","target":{"@type":"EntryPoint","urlTemplate":"https:\/\/svilupporaytech.com\/?s={search_term_string}"},"query-input":"required name=search_term_string"}],"inLanguage":"fr-FR"}]}},"_links":{"self":[{"href":"https:\/\/svilupporaytech.com\/fr\/wp-json\/wp\/v2\/product\/7414"}],"collection":[{"href":"https:\/\/svilupporaytech.com\/fr\/wp-json\/wp\/v2\/product"}],"about":[{"href":"https:\/\/svilupporaytech.com\/fr\/wp-json\/wp\/v2\/types\/product"}],"wp:featuredmedia":[{"embeddable":true,"href":"https:\/\/svilupporaytech.com\/fr\/wp-json\/wp\/v2\/media\/4550"}],"wp:attachment":[{"href":"https:\/\/svilupporaytech.com\/fr\/wp-json\/wp\/v2\/media?parent=7414"}],"wp:term":[{"taxonomy":"product_cat","embeddable":true,"href":"https:\/\/svilupporaytech.com\/fr\/wp-json\/wp\/v2\/product_cat?post=7414"},{"taxonomy":"product_tag","embeddable":true,"href":"https:\/\/svilupporaytech.com\/fr\/wp-json\/wp\/v2\/product_tag?post=7414"}],"curies":[{"name":"wp","href":"https:\/\/api.w.org\/{rel}","templated":true}]}}