{"id":7418,"date":"2015-07-16T14:18:54","date_gmt":"2016-01-04T16:47:15","guid":{"rendered":"https:\/\/svilupporaytech.com\/?post_type=product&#038;p=7418&#038;lang=fr"},"modified":"2019-07-31T15:18:19","modified_gmt":"2019-07-31T15:18:19","slug":"cable-chauffant-a-puissance-constante-pour-les-toits-les-gouttieres-et-les-tuyaux-de-descente","status":"publish","type":"product","link":"https:\/\/svilupporaytech.com\/fr\/produit\/cables-chauffants\/usage-civil\/antigel-pour-gouttieres\/puissance-constante\/cable-chauffant-a-puissance-constante-pour-les-toits-les-gouttieres-et-les-tuyaux-de-descente\/","title":{"rendered":"C\u00e2ble chauffant \u00e0 puissance constante pour les toits, les goutti\u00e8res et les tuyaux de descente"},"content":{"rendered":"<h4><span style=\"color: #e3001a;\">Easy Frost<br \/>\nC\u00e2ble chauffant \u00e0 puissance constante pour les toits,\u00a0les goutti\u00e8res et les tuyaux de descente<\/span><\/h4>\n<p>Raytech Easy Frost est un c\u00e2ble \u00e0 puissance constante de 20 W\/m \u00e9tudi\u00e9 sp\u00e9cialement pour\u00a0prot\u00e9ger les toits, les goutti\u00e8res et les tuyaux de descente des dommages possibles caus\u00e9s\u00a0par l\u2019accumulation de neige et par la formation de glace. Easy Frost est fourni d\u00e9j\u00e0 termin\u00e9,\u00a0pr\u00eat pour \u00eatre install\u00e9, pourvu de 4 m\u00e8tres de c\u00e2ble froid (3&#215;1,0 mm\u00b2 o 3&#215;1,5 mm\u00b2) pour la\u00a0connexion \u00e0 l\u2019alimentation.<\/p>\n","protected":false},"excerpt":{"rendered":"<p>Easy Frost C\u00e2ble chauffant \u00e0 puissance constante pour les toits,\u00a0les goutti\u00e8res et les tuyaux de descente Raytech Easy Frost est un c\u00e2ble \u00e0 puissance constante de 20 W\/m \u00e9tudi\u00e9 sp\u00e9cialement<span class=\"excerpt-hellip\"> [\u2026]<\/span><\/p>\n","protected":false},"featured_media":4413,"template":"","meta":[],"product_cat":[161,166,169,400],"product_tag":[],"yoast_head":"<!-- This site is optimized with the Yoast SEO plugin v22.7 - https:\/\/yoast.com\/wordpress\/plugins\/seo\/ -->\n<title>C\u00e2ble chauffant \u00e0 puissance constante pour les toits, les goutti\u00e8res et les tuyaux de descente | Raytech<\/title>\n<meta name=\"robots\" content=\"index, follow, max-snippet:-1, max-image-preview:large, max-video-preview:-1\" \/>\n<link rel=\"canonical\" href=\"https:\/\/svilupporaytech.com\/fr\/produit\/cables-chauffants\/usage-civil\/antigel-pour-gouttieres\/puissance-constante\/cable-chauffant-a-puissance-constante-pour-les-toits-les-gouttieres-et-les-tuyaux-de-descente\/\" \/>\n<meta property=\"og:locale\" content=\"fr_FR\" \/>\n<meta property=\"og:type\" content=\"article\" \/>\n<meta property=\"og:title\" content=\"C\u00e2ble chauffant \u00e0 puissance constante pour les toits, les goutti\u00e8res et les tuyaux de descente | Raytech\" \/>\n<meta property=\"og:description\" content=\"Easy Frost C\u00e2ble chauffant \u00e0 puissance constante pour les toits,\u00a0les goutti\u00e8res et les tuyaux de descente Raytech Easy Frost est un c\u00e2ble \u00e0 puissance constante de 20 W\/m \u00e9tudi\u00e9 sp\u00e9cialement [\u2026]\" \/>\n<meta property=\"og:url\" content=\"https:\/\/svilupporaytech.com\/fr\/produit\/cables-chauffants\/usage-civil\/antigel-pour-gouttieres\/puissance-constante\/cable-chauffant-a-puissance-constante-pour-les-toits-les-gouttieres-et-les-tuyaux-de-descente\/\" \/>\n<meta property=\"og:site_name\" content=\"Raytech\" \/>\n<meta property=\"article:modified_time\" content=\"2019-07-31T15:18:19+00:00\" \/>\n<meta property=\"og:image\" content=\"https:\/\/svilupporaytech.com\/wp-content\/uploads\/easy-frost-1.jpg\" \/>\n\t<meta property=\"og:image:width\" content=\"1024\" \/>\n\t<meta property=\"og:image:height\" content=\"1024\" \/>\n\t<meta property=\"og:image:type\" content=\"image\/jpeg\" \/>\n<meta name=\"twitter:card\" content=\"summary_large_image\" \/>\n<script type=\"application\/ld+json\" class=\"yoast-schema-graph\">{\"@context\":\"https:\/\/schema.org\",\"@graph\":[{\"@type\":\"WebPage\",\"@id\":\"https:\/\/svilupporaytech.com\/fr\/produit\/cables-chauffants\/usage-civil\/antigel-pour-gouttieres\/puissance-constante\/cable-chauffant-a-puissance-constante-pour-les-toits-les-gouttieres-et-les-tuyaux-de-descente\/\",\"url\":\"https:\/\/svilupporaytech.com\/fr\/produit\/cables-chauffants\/usage-civil\/antigel-pour-gouttieres\/puissance-constante\/cable-chauffant-a-puissance-constante-pour-les-toits-les-gouttieres-et-les-tuyaux-de-descente\/\",\"name\":\"C\u00e2ble chauffant \u00e0 puissance constante pour les toits, les goutti\u00e8res et les tuyaux de descente | Raytech\",\"isPartOf\":{\"@id\":\"https:\/\/svilupporaytech.com\/#website\"},\"primaryImageOfPage\":{\"@id\":\"https:\/\/svilupporaytech.com\/fr\/produit\/cables-chauffants\/usage-civil\/antigel-pour-gouttieres\/puissance-constante\/cable-chauffant-a-puissance-constante-pour-les-toits-les-gouttieres-et-les-tuyaux-de-descente\/#primaryimage\"},\"image\":{\"@id\":\"https:\/\/svilupporaytech.com\/fr\/produit\/cables-chauffants\/usage-civil\/antigel-pour-gouttieres\/puissance-constante\/cable-chauffant-a-puissance-constante-pour-les-toits-les-gouttieres-et-les-tuyaux-de-descente\/#primaryimage\"},\"thumbnailUrl\":\"https:\/\/svilupporaytech.com\/wp-content\/uploads\/easy-frost-1.jpg\",\"datePublished\":\"2016-01-04T16:47:15+00:00\",\"dateModified\":\"2019-07-31T15:18:19+00:00\",\"breadcrumb\":{\"@id\":\"https:\/\/svilupporaytech.com\/fr\/produit\/cables-chauffants\/usage-civil\/antigel-pour-gouttieres\/puissance-constante\/cable-chauffant-a-puissance-constante-pour-les-toits-les-gouttieres-et-les-tuyaux-de-descente\/#breadcrumb\"},\"inLanguage\":\"fr-FR\",\"potentialAction\":[{\"@type\":\"ReadAction\",\"target\":[\"https:\/\/svilupporaytech.com\/fr\/produit\/cables-chauffants\/usage-civil\/antigel-pour-gouttieres\/puissance-constante\/cable-chauffant-a-puissance-constante-pour-les-toits-les-gouttieres-et-les-tuyaux-de-descente\/\"]}]},{\"@type\":\"ImageObject\",\"inLanguage\":\"fr-FR\",\"@id\":\"https:\/\/svilupporaytech.com\/fr\/produit\/cables-chauffants\/usage-civil\/antigel-pour-gouttieres\/puissance-constante\/cable-chauffant-a-puissance-constante-pour-les-toits-les-gouttieres-et-les-tuyaux-de-descente\/#primaryimage\",\"url\":\"https:\/\/svilupporaytech.com\/wp-content\/uploads\/easy-frost-1.jpg\",\"contentUrl\":\"https:\/\/svilupporaytech.com\/wp-content\/uploads\/easy-frost-1.jpg\",\"width\":1024,\"height\":1024},{\"@type\":\"BreadcrumbList\",\"@id\":\"https:\/\/svilupporaytech.com\/fr\/produit\/cables-chauffants\/usage-civil\/antigel-pour-gouttieres\/puissance-constante\/cable-chauffant-a-puissance-constante-pour-les-toits-les-gouttieres-et-les-tuyaux-de-descente\/#breadcrumb\",\"itemListElement\":[{\"@type\":\"ListItem\",\"position\":1,\"name\":\"Home\",\"item\":\"https:\/\/svilupporaytech.com\/fr\/\"},{\"@type\":\"ListItem\",\"position\":2,\"name\":\"Boutique\",\"item\":\"https:\/\/svilupporaytech.com\/fr\/boutique\/\"},{\"@type\":\"ListItem\",\"position\":3,\"name\":\"C\u00e2ble chauffant \u00e0 puissance constante pour les toits, les goutti\u00e8res et les tuyaux de descente\"}]},{\"@type\":\"WebSite\",\"@id\":\"https:\/\/svilupporaytech.com\/#website\",\"url\":\"https:\/\/svilupporaytech.com\/\",\"name\":\"Raytech\",\"description\":\"Cable accessories company\",\"potentialAction\":[{\"@type\":\"SearchAction\",\"target\":{\"@type\":\"EntryPoint\",\"urlTemplate\":\"https:\/\/svilupporaytech.com\/?s={search_term_string}\"},\"query-input\":\"required name=search_term_string\"}],\"inLanguage\":\"fr-FR\"}]}<\/script>\n<!-- \/ Yoast SEO plugin. -->","yoast_head_json":{"title":"C\u00e2ble chauffant \u00e0 puissance constante pour les toits, les goutti\u00e8res et les tuyaux de descente | Raytech","robots":{"index":"index","follow":"follow","max-snippet":"max-snippet:-1","max-image-preview":"max-image-preview:large","max-video-preview":"max-video-preview:-1"},"canonical":"https:\/\/svilupporaytech.com\/fr\/produit\/cables-chauffants\/usage-civil\/antigel-pour-gouttieres\/puissance-constante\/cable-chauffant-a-puissance-constante-pour-les-toits-les-gouttieres-et-les-tuyaux-de-descente\/","og_locale":"fr_FR","og_type":"article","og_title":"C\u00e2ble chauffant \u00e0 puissance constante pour les toits, les goutti\u00e8res et les tuyaux de descente | Raytech","og_description":"Easy Frost C\u00e2ble chauffant \u00e0 puissance constante pour les toits,\u00a0les goutti\u00e8res et les tuyaux de descente Raytech Easy Frost est un c\u00e2ble \u00e0 puissance constante de 20 W\/m \u00e9tudi\u00e9 sp\u00e9cialement [\u2026]","og_url":"https:\/\/svilupporaytech.com\/fr\/produit\/cables-chauffants\/usage-civil\/antigel-pour-gouttieres\/puissance-constante\/cable-chauffant-a-puissance-constante-pour-les-toits-les-gouttieres-et-les-tuyaux-de-descente\/","og_site_name":"Raytech","article_modified_time":"2019-07-31T15:18:19+00:00","og_image":[{"width":1024,"height":1024,"url":"https:\/\/svilupporaytech.com\/wp-content\/uploads\/easy-frost-1.jpg","type":"image\/jpeg"}],"twitter_card":"summary_large_image","schema":{"@context":"https:\/\/schema.org","@graph":[{"@type":"WebPage","@id":"https:\/\/svilupporaytech.com\/fr\/produit\/cables-chauffants\/usage-civil\/antigel-pour-gouttieres\/puissance-constante\/cable-chauffant-a-puissance-constante-pour-les-toits-les-gouttieres-et-les-tuyaux-de-descente\/","url":"https:\/\/svilupporaytech.com\/fr\/produit\/cables-chauffants\/usage-civil\/antigel-pour-gouttieres\/puissance-constante\/cable-chauffant-a-puissance-constante-pour-les-toits-les-gouttieres-et-les-tuyaux-de-descente\/","name":"C\u00e2ble chauffant \u00e0 puissance constante pour les toits, les goutti\u00e8res et les tuyaux de descente | Raytech","isPartOf":{"@id":"https:\/\/svilupporaytech.com\/#website"},"primaryImageOfPage":{"@id":"https:\/\/svilupporaytech.com\/fr\/produit\/cables-chauffants\/usage-civil\/antigel-pour-gouttieres\/puissance-constante\/cable-chauffant-a-puissance-constante-pour-les-toits-les-gouttieres-et-les-tuyaux-de-descente\/#primaryimage"},"image":{"@id":"https:\/\/svilupporaytech.com\/fr\/produit\/cables-chauffants\/usage-civil\/antigel-pour-gouttieres\/puissance-constante\/cable-chauffant-a-puissance-constante-pour-les-toits-les-gouttieres-et-les-tuyaux-de-descente\/#primaryimage"},"thumbnailUrl":"https:\/\/svilupporaytech.com\/wp-content\/uploads\/easy-frost-1.jpg","datePublished":"2016-01-04T16:47:15+00:00","dateModified":"2019-07-31T15:18:19+00:00","breadcrumb":{"@id":"https:\/\/svilupporaytech.com\/fr\/produit\/cables-chauffants\/usage-civil\/antigel-pour-gouttieres\/puissance-constante\/cable-chauffant-a-puissance-constante-pour-les-toits-les-gouttieres-et-les-tuyaux-de-descente\/#breadcrumb"},"inLanguage":"fr-FR","potentialAction":[{"@type":"ReadAction","target":["https:\/\/svilupporaytech.com\/fr\/produit\/cables-chauffants\/usage-civil\/antigel-pour-gouttieres\/puissance-constante\/cable-chauffant-a-puissance-constante-pour-les-toits-les-gouttieres-et-les-tuyaux-de-descente\/"]}]},{"@type":"ImageObject","inLanguage":"fr-FR","@id":"https:\/\/svilupporaytech.com\/fr\/produit\/cables-chauffants\/usage-civil\/antigel-pour-gouttieres\/puissance-constante\/cable-chauffant-a-puissance-constante-pour-les-toits-les-gouttieres-et-les-tuyaux-de-descente\/#primaryimage","url":"https:\/\/svilupporaytech.com\/wp-content\/uploads\/easy-frost-1.jpg","contentUrl":"https:\/\/svilupporaytech.com\/wp-content\/uploads\/easy-frost-1.jpg","width":1024,"height":1024},{"@type":"BreadcrumbList","@id":"https:\/\/svilupporaytech.com\/fr\/produit\/cables-chauffants\/usage-civil\/antigel-pour-gouttieres\/puissance-constante\/cable-chauffant-a-puissance-constante-pour-les-toits-les-gouttieres-et-les-tuyaux-de-descente\/#breadcrumb","itemListElement":[{"@type":"ListItem","position":1,"name":"Home","item":"https:\/\/svilupporaytech.com\/fr\/"},{"@type":"ListItem","position":2,"name":"Boutique","item":"https:\/\/svilupporaytech.com\/fr\/boutique\/"},{"@type":"ListItem","position":3,"name":"C\u00e2ble chauffant \u00e0 puissance constante pour les toits, les goutti\u00e8res et les tuyaux de descente"}]},{"@type":"WebSite","@id":"https:\/\/svilupporaytech.com\/#website","url":"https:\/\/svilupporaytech.com\/","name":"Raytech","description":"Cable accessories company","potentialAction":[{"@type":"SearchAction","target":{"@type":"EntryPoint","urlTemplate":"https:\/\/svilupporaytech.com\/?s={search_term_string}"},"query-input":"required name=search_term_string"}],"inLanguage":"fr-FR"}]}},"_links":{"self":[{"href":"https:\/\/svilupporaytech.com\/fr\/wp-json\/wp\/v2\/product\/7418"}],"collection":[{"href":"https:\/\/svilupporaytech.com\/fr\/wp-json\/wp\/v2\/product"}],"about":[{"href":"https:\/\/svilupporaytech.com\/fr\/wp-json\/wp\/v2\/types\/product"}],"wp:featuredmedia":[{"embeddable":true,"href":"https:\/\/svilupporaytech.com\/fr\/wp-json\/wp\/v2\/media\/4413"}],"wp:attachment":[{"href":"https:\/\/svilupporaytech.com\/fr\/wp-json\/wp\/v2\/media?parent=7418"}],"wp:term":[{"taxonomy":"product_cat","embeddable":true,"href":"https:\/\/svilupporaytech.com\/fr\/wp-json\/wp\/v2\/product_cat?post=7418"},{"taxonomy":"product_tag","embeddable":true,"href":"https:\/\/svilupporaytech.com\/fr\/wp-json\/wp\/v2\/product_tag?post=7418"}],"curies":[{"name":"wp","href":"https:\/\/api.w.org\/{rel}","templated":true}]}}