{"id":7422,"date":"2015-07-16T14:23:02","date_gmt":"2016-01-04T16:54:18","guid":{"rendered":"https:\/\/svilupporaytech.com\/?post_type=product&#038;p=7422&#038;lang=fr"},"modified":"2023-06-16T15:27:53","modified_gmt":"2023-06-16T14:27:53","slug":"antigel-de-maintien-en-temperature-et-chauffage-jusqua-65c-en-continu-85c-intermittent","status":"publish","type":"product","link":"https:\/\/svilupporaytech.com\/fr\/produit\/cables-chauffants\/usage-industriel\/antigel-de-maintien-en-temperature-et-chauffage-jusqua-65c-en-continu-85c-intermittent\/","title":{"rendered":"Antigel de maintien en temp\u00e9rature et chauffage jusqu&rsquo;\u00e0 65\u00b0C en continu 85\u00b0C intermittent"},"content":{"rendered":"<h4><span style=\"color: #ed1c24;\">MCA<br \/>\nC\u00e2bles chauffants autor\u00e9gulants pour un usage antigel\u00a0ou maintien en temp\u00e9rature avec exposition\u00a0\u00e0 des solutions inorganiques l\u00e9g\u00e8res<\/span><\/h4>\n<p>Indiqu\u00e9s pour des applications antigel ou pour le maintien des temp\u00e9ratures de processus\u00a0<strong>jusqu&rsquo;\u00e0 65\u00b0C<\/strong> sur des canalisations et des r\u00e9servoirs. Ils ne peuvent \u00eatre utilis\u00e9s lorsque des lavages\u00a0avec vapeur ou expositions continues \u00e0 des acides et corrosifs organiques forts sont pr\u00e9vus.<\/p>\n<h4 class=\"title-description-product\" style=\"padding-top: 30px;\"><span style=\"color: #ed1c24;\">MCA-I-PF<br \/>\nC\u00e2bles chauffants autor\u00e9gulants pour un usage antigel ou maintien en temp\u00e9rature avec exposition<br \/>\n\u00e0 des solutions aggressives.<\/span><\/h4>\n<p>Indiqu\u00e9s pour des applications antigel ou pour le maintien des temp\u00e9ratures de processus jusqu&rsquo;\u00e0 65\u00b0C sur des canalisations et des r\u00e9servoirs. Ils ne peuvent \u00eatre utilis\u00e9s lorsque des lavages avec vapeur ou expositions continues \u00e0 des acides et corrosifs.<\/p>\n","protected":false},"excerpt":{"rendered":"<p>MCA C\u00e2bles chauffants autor\u00e9gulants pour un usage antigel\u00a0ou maintien en temp\u00e9rature avec exposition\u00a0\u00e0 des solutions inorganiques l\u00e9g\u00e8res Indiqu\u00e9s pour des applications antigel ou pour le maintien des temp\u00e9ratures de processus\u00a0jusqu&rsquo;\u00e0<span class=\"excerpt-hellip\"> [\u2026]<\/span><\/p>\n","protected":false},"featured_media":33845,"template":"","meta":[],"product_cat":[161,170],"product_tag":[],"yoast_head":"<!-- This site is optimized with the Yoast SEO plugin v22.7 - https:\/\/yoast.com\/wordpress\/plugins\/seo\/ -->\n<title>Antigel de maintien en temp\u00e9rature et chauffage jusqu&#039;\u00e0 65\u00b0C en continu 85\u00b0C intermittent | Raytech<\/title>\n<meta name=\"robots\" content=\"index, follow, max-snippet:-1, max-image-preview:large, max-video-preview:-1\" \/>\n<link rel=\"canonical\" href=\"https:\/\/svilupporaytech.com\/fr\/produit\/cables-chauffants\/usage-industriel\/antigel-de-maintien-en-temperature-et-chauffage-jusqua-65c-en-continu-85c-intermittent\/\" \/>\n<meta property=\"og:locale\" content=\"fr_FR\" \/>\n<meta property=\"og:type\" content=\"article\" \/>\n<meta property=\"og:title\" content=\"Antigel de maintien en temp\u00e9rature et chauffage jusqu&#039;\u00e0 65\u00b0C en continu 85\u00b0C intermittent | Raytech\" \/>\n<meta property=\"og:description\" content=\"MCA C\u00e2bles chauffants autor\u00e9gulants pour un usage antigel\u00a0ou maintien en temp\u00e9rature avec exposition\u00a0\u00e0 des solutions inorganiques l\u00e9g\u00e8res Indiqu\u00e9s pour des applications antigel ou pour le maintien des temp\u00e9ratures de processus\u00a0jusqu&rsquo;\u00e0 [\u2026]\" \/>\n<meta property=\"og:url\" content=\"https:\/\/svilupporaytech.com\/fr\/produit\/cables-chauffants\/usage-industriel\/antigel-de-maintien-en-temperature-et-chauffage-jusqua-65c-en-continu-85c-intermittent\/\" \/>\n<meta property=\"og:site_name\" content=\"Raytech\" \/>\n<meta property=\"article:modified_time\" content=\"2023-06-16T14:27:53+00:00\" \/>\n<meta property=\"og:image\" content=\"https:\/\/svilupporaytech.com\/wp-content\/uploads\/MCA-3.jpg\" \/>\n\t<meta property=\"og:image:width\" content=\"755\" \/>\n\t<meta property=\"og:image:height\" content=\"755\" \/>\n\t<meta property=\"og:image:type\" content=\"image\/jpeg\" \/>\n<meta name=\"twitter:card\" content=\"summary_large_image\" \/>\n<meta name=\"twitter:label1\" content=\"Dur\u00e9e de lecture estim\u00e9e\" \/>\n\t<meta name=\"twitter:data1\" content=\"1 minute\" \/>\n<script type=\"application\/ld+json\" class=\"yoast-schema-graph\">{\"@context\":\"https:\/\/schema.org\",\"@graph\":[{\"@type\":\"WebPage\",\"@id\":\"https:\/\/svilupporaytech.com\/fr\/produit\/cables-chauffants\/usage-industriel\/antigel-de-maintien-en-temperature-et-chauffage-jusqua-65c-en-continu-85c-intermittent\/\",\"url\":\"https:\/\/svilupporaytech.com\/fr\/produit\/cables-chauffants\/usage-industriel\/antigel-de-maintien-en-temperature-et-chauffage-jusqua-65c-en-continu-85c-intermittent\/\",\"name\":\"Antigel de maintien en temp\u00e9rature et chauffage jusqu'\u00e0 65\u00b0C en continu 85\u00b0C intermittent | Raytech\",\"isPartOf\":{\"@id\":\"https:\/\/svilupporaytech.com\/#website\"},\"primaryImageOfPage\":{\"@id\":\"https:\/\/svilupporaytech.com\/fr\/produit\/cables-chauffants\/usage-industriel\/antigel-de-maintien-en-temperature-et-chauffage-jusqua-65c-en-continu-85c-intermittent\/#primaryimage\"},\"image\":{\"@id\":\"https:\/\/svilupporaytech.com\/fr\/produit\/cables-chauffants\/usage-industriel\/antigel-de-maintien-en-temperature-et-chauffage-jusqua-65c-en-continu-85c-intermittent\/#primaryimage\"},\"thumbnailUrl\":\"https:\/\/svilupporaytech.com\/wp-content\/uploads\/MCA-3.jpg\",\"datePublished\":\"2016-01-04T16:54:18+00:00\",\"dateModified\":\"2023-06-16T14:27:53+00:00\",\"breadcrumb\":{\"@id\":\"https:\/\/svilupporaytech.com\/fr\/produit\/cables-chauffants\/usage-industriel\/antigel-de-maintien-en-temperature-et-chauffage-jusqua-65c-en-continu-85c-intermittent\/#breadcrumb\"},\"inLanguage\":\"fr-FR\",\"potentialAction\":[{\"@type\":\"ReadAction\",\"target\":[\"https:\/\/svilupporaytech.com\/fr\/produit\/cables-chauffants\/usage-industriel\/antigel-de-maintien-en-temperature-et-chauffage-jusqua-65c-en-continu-85c-intermittent\/\"]}]},{\"@type\":\"ImageObject\",\"inLanguage\":\"fr-FR\",\"@id\":\"https:\/\/svilupporaytech.com\/fr\/produit\/cables-chauffants\/usage-industriel\/antigel-de-maintien-en-temperature-et-chauffage-jusqua-65c-en-continu-85c-intermittent\/#primaryimage\",\"url\":\"https:\/\/svilupporaytech.com\/wp-content\/uploads\/MCA-3.jpg\",\"contentUrl\":\"https:\/\/svilupporaytech.com\/wp-content\/uploads\/MCA-3.jpg\",\"width\":755,\"height\":755},{\"@type\":\"BreadcrumbList\",\"@id\":\"https:\/\/svilupporaytech.com\/fr\/produit\/cables-chauffants\/usage-industriel\/antigel-de-maintien-en-temperature-et-chauffage-jusqua-65c-en-continu-85c-intermittent\/#breadcrumb\",\"itemListElement\":[{\"@type\":\"ListItem\",\"position\":1,\"name\":\"Home\",\"item\":\"https:\/\/svilupporaytech.com\/fr\/\"},{\"@type\":\"ListItem\",\"position\":2,\"name\":\"Boutique\",\"item\":\"https:\/\/svilupporaytech.com\/fr\/boutique\/\"},{\"@type\":\"ListItem\",\"position\":3,\"name\":\"Antigel de maintien en temp\u00e9rature et chauffage jusqu&#8217;\u00e0 65\u00b0C en continu 85\u00b0C intermittent\"}]},{\"@type\":\"WebSite\",\"@id\":\"https:\/\/svilupporaytech.com\/#website\",\"url\":\"https:\/\/svilupporaytech.com\/\",\"name\":\"Raytech\",\"description\":\"Cable accessories company\",\"potentialAction\":[{\"@type\":\"SearchAction\",\"target\":{\"@type\":\"EntryPoint\",\"urlTemplate\":\"https:\/\/svilupporaytech.com\/?s={search_term_string}\"},\"query-input\":\"required name=search_term_string\"}],\"inLanguage\":\"fr-FR\"}]}<\/script>\n<!-- \/ Yoast SEO plugin. -->","yoast_head_json":{"title":"Antigel de maintien en temp\u00e9rature et chauffage jusqu'\u00e0 65\u00b0C en continu 85\u00b0C intermittent | Raytech","robots":{"index":"index","follow":"follow","max-snippet":"max-snippet:-1","max-image-preview":"max-image-preview:large","max-video-preview":"max-video-preview:-1"},"canonical":"https:\/\/svilupporaytech.com\/fr\/produit\/cables-chauffants\/usage-industriel\/antigel-de-maintien-en-temperature-et-chauffage-jusqua-65c-en-continu-85c-intermittent\/","og_locale":"fr_FR","og_type":"article","og_title":"Antigel de maintien en temp\u00e9rature et chauffage jusqu'\u00e0 65\u00b0C en continu 85\u00b0C intermittent | Raytech","og_description":"MCA C\u00e2bles chauffants autor\u00e9gulants pour un usage antigel\u00a0ou maintien en temp\u00e9rature avec exposition\u00a0\u00e0 des solutions inorganiques l\u00e9g\u00e8res Indiqu\u00e9s pour des applications antigel ou pour le maintien des temp\u00e9ratures de processus\u00a0jusqu&rsquo;\u00e0 [\u2026]","og_url":"https:\/\/svilupporaytech.com\/fr\/produit\/cables-chauffants\/usage-industriel\/antigel-de-maintien-en-temperature-et-chauffage-jusqua-65c-en-continu-85c-intermittent\/","og_site_name":"Raytech","article_modified_time":"2023-06-16T14:27:53+00:00","og_image":[{"width":755,"height":755,"url":"https:\/\/svilupporaytech.com\/wp-content\/uploads\/MCA-3.jpg","type":"image\/jpeg"}],"twitter_card":"summary_large_image","twitter_misc":{"Dur\u00e9e de lecture estim\u00e9e":"1 minute"},"schema":{"@context":"https:\/\/schema.org","@graph":[{"@type":"WebPage","@id":"https:\/\/svilupporaytech.com\/fr\/produit\/cables-chauffants\/usage-industriel\/antigel-de-maintien-en-temperature-et-chauffage-jusqua-65c-en-continu-85c-intermittent\/","url":"https:\/\/svilupporaytech.com\/fr\/produit\/cables-chauffants\/usage-industriel\/antigel-de-maintien-en-temperature-et-chauffage-jusqua-65c-en-continu-85c-intermittent\/","name":"Antigel de maintien en temp\u00e9rature et chauffage jusqu'\u00e0 65\u00b0C en continu 85\u00b0C intermittent | Raytech","isPartOf":{"@id":"https:\/\/svilupporaytech.com\/#website"},"primaryImageOfPage":{"@id":"https:\/\/svilupporaytech.com\/fr\/produit\/cables-chauffants\/usage-industriel\/antigel-de-maintien-en-temperature-et-chauffage-jusqua-65c-en-continu-85c-intermittent\/#primaryimage"},"image":{"@id":"https:\/\/svilupporaytech.com\/fr\/produit\/cables-chauffants\/usage-industriel\/antigel-de-maintien-en-temperature-et-chauffage-jusqua-65c-en-continu-85c-intermittent\/#primaryimage"},"thumbnailUrl":"https:\/\/svilupporaytech.com\/wp-content\/uploads\/MCA-3.jpg","datePublished":"2016-01-04T16:54:18+00:00","dateModified":"2023-06-16T14:27:53+00:00","breadcrumb":{"@id":"https:\/\/svilupporaytech.com\/fr\/produit\/cables-chauffants\/usage-industriel\/antigel-de-maintien-en-temperature-et-chauffage-jusqua-65c-en-continu-85c-intermittent\/#breadcrumb"},"inLanguage":"fr-FR","potentialAction":[{"@type":"ReadAction","target":["https:\/\/svilupporaytech.com\/fr\/produit\/cables-chauffants\/usage-industriel\/antigel-de-maintien-en-temperature-et-chauffage-jusqua-65c-en-continu-85c-intermittent\/"]}]},{"@type":"ImageObject","inLanguage":"fr-FR","@id":"https:\/\/svilupporaytech.com\/fr\/produit\/cables-chauffants\/usage-industriel\/antigel-de-maintien-en-temperature-et-chauffage-jusqua-65c-en-continu-85c-intermittent\/#primaryimage","url":"https:\/\/svilupporaytech.com\/wp-content\/uploads\/MCA-3.jpg","contentUrl":"https:\/\/svilupporaytech.com\/wp-content\/uploads\/MCA-3.jpg","width":755,"height":755},{"@type":"BreadcrumbList","@id":"https:\/\/svilupporaytech.com\/fr\/produit\/cables-chauffants\/usage-industriel\/antigel-de-maintien-en-temperature-et-chauffage-jusqua-65c-en-continu-85c-intermittent\/#breadcrumb","itemListElement":[{"@type":"ListItem","position":1,"name":"Home","item":"https:\/\/svilupporaytech.com\/fr\/"},{"@type":"ListItem","position":2,"name":"Boutique","item":"https:\/\/svilupporaytech.com\/fr\/boutique\/"},{"@type":"ListItem","position":3,"name":"Antigel de maintien en temp\u00e9rature et chauffage jusqu&#8217;\u00e0 65\u00b0C en continu 85\u00b0C intermittent"}]},{"@type":"WebSite","@id":"https:\/\/svilupporaytech.com\/#website","url":"https:\/\/svilupporaytech.com\/","name":"Raytech","description":"Cable accessories company","potentialAction":[{"@type":"SearchAction","target":{"@type":"EntryPoint","urlTemplate":"https:\/\/svilupporaytech.com\/?s={search_term_string}"},"query-input":"required name=search_term_string"}],"inLanguage":"fr-FR"}]}},"_links":{"self":[{"href":"https:\/\/svilupporaytech.com\/fr\/wp-json\/wp\/v2\/product\/7422"}],"collection":[{"href":"https:\/\/svilupporaytech.com\/fr\/wp-json\/wp\/v2\/product"}],"about":[{"href":"https:\/\/svilupporaytech.com\/fr\/wp-json\/wp\/v2\/types\/product"}],"wp:featuredmedia":[{"embeddable":true,"href":"https:\/\/svilupporaytech.com\/fr\/wp-json\/wp\/v2\/media\/33845"}],"wp:attachment":[{"href":"https:\/\/svilupporaytech.com\/fr\/wp-json\/wp\/v2\/media?parent=7422"}],"wp:term":[{"taxonomy":"product_cat","embeddable":true,"href":"https:\/\/svilupporaytech.com\/fr\/wp-json\/wp\/v2\/product_cat?post=7422"},{"taxonomy":"product_tag","embeddable":true,"href":"https:\/\/svilupporaytech.com\/fr\/wp-json\/wp\/v2\/product_tag?post=7422"}],"curies":[{"name":"wp","href":"https:\/\/api.w.org\/{rel}","templated":true}]}}