{"id":7424,"date":"2015-07-16T14:31:55","date_gmt":"2016-01-04T16:59:31","guid":{"rendered":"https:\/\/svilupporaytech.com\/?post_type=product&#038;p=7424&#038;lang=fr"},"modified":"2016-01-15T09:12:14","modified_gmt":"2016-01-15T09:12:14","slug":"antigel-de-maintien-en-temperature-chauffage-et-lavage-jusqua-120c-en-continu-190c-intermittent","status":"publish","type":"product","link":"https:\/\/svilupporaytech.com\/fr\/produit\/cables-chauffants\/usage-industriel\/antigel-de-maintien-en-temperature-chauffage-et-lavage-jusqua-120c-en-continu-190c-intermittent\/","title":{"rendered":"Antigel de maintien en temp\u00e9rature, chauffage et lavage jusqu&rsquo;\u00e0 120\u00b0C en continu 190\u00b0C intermittent"},"content":{"rendered":"<h4><span style=\"color: #e3001a;\">MCA-I-FF<br \/>\nC\u00e2bles chauffants autor\u00e9gulants pour un usage antigel\u00a0ou le maintien en temp\u00e9rature avec expositions\u00a0\u00e0 des acides et corrosifs et aux hautes temp\u00e9ratures<\/span><\/h4>\n<p>Indiqu\u00e9s pour le maintien des temp\u00e9ratures de processus<strong> jusqu&rsquo;\u00e0 120\u00b0C<\/strong> sur des canalisations\u00a0ou des r\u00e9servoirs, m\u00eame en pr\u00e9sence d&rsquo;acides et corrosifs, ou pour un usage antigel m\u00eame\u00a0en pr\u00e9sence d&rsquo;acides et corrosifs, et l\u00e0 o\u00f9 sont pr\u00e9vus des traitements thermiques \u00e0 haute\u00a0temp\u00e9rature, tels que les lavages avec vapeur, <strong>jusqu&rsquo;\u00e0 190\u00b0C.<\/strong><\/p>\n","protected":false},"excerpt":{"rendered":"<p>MCA-I-FF C\u00e2bles chauffants autor\u00e9gulants pour un usage antigel\u00a0ou le maintien en temp\u00e9rature avec expositions\u00a0\u00e0 des acides et corrosifs et aux hautes temp\u00e9ratures Indiqu\u00e9s pour le maintien des temp\u00e9ratures de processus<span class=\"excerpt-hellip\"> [\u2026]<\/span><\/p>\n","protected":false},"featured_media":6912,"template":"","meta":[],"product_cat":[161,170],"product_tag":[],"yoast_head":"<!-- This site is optimized with the Yoast SEO plugin v22.7 - https:\/\/yoast.com\/wordpress\/plugins\/seo\/ -->\n<title>Antigel de maintien en temp\u00e9rature, chauffage et lavage jusqu&#039;\u00e0 120\u00b0C en continu 190\u00b0C intermittent | Raytech<\/title>\n<meta name=\"robots\" content=\"index, follow, max-snippet:-1, max-image-preview:large, max-video-preview:-1\" \/>\n<link rel=\"canonical\" href=\"https:\/\/svilupporaytech.com\/fr\/produit\/cables-chauffants\/usage-industriel\/antigel-de-maintien-en-temperature-chauffage-et-lavage-jusqua-120c-en-continu-190c-intermittent\/\" \/>\n<meta property=\"og:locale\" content=\"fr_FR\" \/>\n<meta property=\"og:type\" content=\"article\" \/>\n<meta property=\"og:title\" content=\"Antigel de maintien en temp\u00e9rature, chauffage et lavage jusqu&#039;\u00e0 120\u00b0C en continu 190\u00b0C intermittent | Raytech\" \/>\n<meta property=\"og:description\" content=\"MCA-I-FF C\u00e2bles chauffants autor\u00e9gulants pour un usage antigel\u00a0ou le maintien en temp\u00e9rature avec expositions\u00a0\u00e0 des acides et corrosifs et aux hautes temp\u00e9ratures Indiqu\u00e9s pour le maintien des temp\u00e9ratures de processus [\u2026]\" \/>\n<meta property=\"og:url\" content=\"https:\/\/svilupporaytech.com\/fr\/produit\/cables-chauffants\/usage-industriel\/antigel-de-maintien-en-temperature-chauffage-et-lavage-jusqua-120c-en-continu-190c-intermittent\/\" \/>\n<meta property=\"og:site_name\" content=\"Raytech\" \/>\n<meta property=\"article:modified_time\" content=\"2016-01-15T09:12:14+00:00\" \/>\n<meta property=\"og:image\" content=\"https:\/\/svilupporaytech.com\/wp-content\/uploads\/mca-i-ff1.jpg\" \/>\n\t<meta property=\"og:image:width\" content=\"1024\" \/>\n\t<meta property=\"og:image:height\" content=\"1024\" \/>\n\t<meta property=\"og:image:type\" content=\"image\/jpeg\" \/>\n<meta name=\"twitter:card\" content=\"summary_large_image\" \/>\n<script type=\"application\/ld+json\" class=\"yoast-schema-graph\">{\"@context\":\"https:\/\/schema.org\",\"@graph\":[{\"@type\":\"WebPage\",\"@id\":\"https:\/\/svilupporaytech.com\/fr\/produit\/cables-chauffants\/usage-industriel\/antigel-de-maintien-en-temperature-chauffage-et-lavage-jusqua-120c-en-continu-190c-intermittent\/\",\"url\":\"https:\/\/svilupporaytech.com\/fr\/produit\/cables-chauffants\/usage-industriel\/antigel-de-maintien-en-temperature-chauffage-et-lavage-jusqua-120c-en-continu-190c-intermittent\/\",\"name\":\"Antigel de maintien en temp\u00e9rature, chauffage et lavage jusqu'\u00e0 120\u00b0C en continu 190\u00b0C intermittent | Raytech\",\"isPartOf\":{\"@id\":\"https:\/\/svilupporaytech.com\/#website\"},\"primaryImageOfPage\":{\"@id\":\"https:\/\/svilupporaytech.com\/fr\/produit\/cables-chauffants\/usage-industriel\/antigel-de-maintien-en-temperature-chauffage-et-lavage-jusqua-120c-en-continu-190c-intermittent\/#primaryimage\"},\"image\":{\"@id\":\"https:\/\/svilupporaytech.com\/fr\/produit\/cables-chauffants\/usage-industriel\/antigel-de-maintien-en-temperature-chauffage-et-lavage-jusqua-120c-en-continu-190c-intermittent\/#primaryimage\"},\"thumbnailUrl\":\"https:\/\/svilupporaytech.com\/wp-content\/uploads\/mca-i-ff1.jpg\",\"datePublished\":\"2016-01-04T16:59:31+00:00\",\"dateModified\":\"2016-01-15T09:12:14+00:00\",\"breadcrumb\":{\"@id\":\"https:\/\/svilupporaytech.com\/fr\/produit\/cables-chauffants\/usage-industriel\/antigel-de-maintien-en-temperature-chauffage-et-lavage-jusqua-120c-en-continu-190c-intermittent\/#breadcrumb\"},\"inLanguage\":\"fr-FR\",\"potentialAction\":[{\"@type\":\"ReadAction\",\"target\":[\"https:\/\/svilupporaytech.com\/fr\/produit\/cables-chauffants\/usage-industriel\/antigel-de-maintien-en-temperature-chauffage-et-lavage-jusqua-120c-en-continu-190c-intermittent\/\"]}]},{\"@type\":\"ImageObject\",\"inLanguage\":\"fr-FR\",\"@id\":\"https:\/\/svilupporaytech.com\/fr\/produit\/cables-chauffants\/usage-industriel\/antigel-de-maintien-en-temperature-chauffage-et-lavage-jusqua-120c-en-continu-190c-intermittent\/#primaryimage\",\"url\":\"https:\/\/svilupporaytech.com\/wp-content\/uploads\/mca-i-ff1.jpg\",\"contentUrl\":\"https:\/\/svilupporaytech.com\/wp-content\/uploads\/mca-i-ff1.jpg\",\"width\":1024,\"height\":1024},{\"@type\":\"BreadcrumbList\",\"@id\":\"https:\/\/svilupporaytech.com\/fr\/produit\/cables-chauffants\/usage-industriel\/antigel-de-maintien-en-temperature-chauffage-et-lavage-jusqua-120c-en-continu-190c-intermittent\/#breadcrumb\",\"itemListElement\":[{\"@type\":\"ListItem\",\"position\":1,\"name\":\"Home\",\"item\":\"https:\/\/svilupporaytech.com\/fr\/\"},{\"@type\":\"ListItem\",\"position\":2,\"name\":\"Boutique\",\"item\":\"https:\/\/svilupporaytech.com\/fr\/boutique\/\"},{\"@type\":\"ListItem\",\"position\":3,\"name\":\"Antigel de maintien en temp\u00e9rature, chauffage et lavage jusqu&#8217;\u00e0 120\u00b0C en continu 190\u00b0C intermittent\"}]},{\"@type\":\"WebSite\",\"@id\":\"https:\/\/svilupporaytech.com\/#website\",\"url\":\"https:\/\/svilupporaytech.com\/\",\"name\":\"Raytech\",\"description\":\"Cable accessories company\",\"potentialAction\":[{\"@type\":\"SearchAction\",\"target\":{\"@type\":\"EntryPoint\",\"urlTemplate\":\"https:\/\/svilupporaytech.com\/?s={search_term_string}\"},\"query-input\":\"required name=search_term_string\"}],\"inLanguage\":\"fr-FR\"}]}<\/script>\n<!-- \/ Yoast SEO plugin. -->","yoast_head_json":{"title":"Antigel de maintien en temp\u00e9rature, chauffage et lavage jusqu'\u00e0 120\u00b0C en continu 190\u00b0C intermittent | Raytech","robots":{"index":"index","follow":"follow","max-snippet":"max-snippet:-1","max-image-preview":"max-image-preview:large","max-video-preview":"max-video-preview:-1"},"canonical":"https:\/\/svilupporaytech.com\/fr\/produit\/cables-chauffants\/usage-industriel\/antigel-de-maintien-en-temperature-chauffage-et-lavage-jusqua-120c-en-continu-190c-intermittent\/","og_locale":"fr_FR","og_type":"article","og_title":"Antigel de maintien en temp\u00e9rature, chauffage et lavage jusqu'\u00e0 120\u00b0C en continu 190\u00b0C intermittent | Raytech","og_description":"MCA-I-FF C\u00e2bles chauffants autor\u00e9gulants pour un usage antigel\u00a0ou le maintien en temp\u00e9rature avec expositions\u00a0\u00e0 des acides et corrosifs et aux hautes temp\u00e9ratures Indiqu\u00e9s pour le maintien des temp\u00e9ratures de processus [\u2026]","og_url":"https:\/\/svilupporaytech.com\/fr\/produit\/cables-chauffants\/usage-industriel\/antigel-de-maintien-en-temperature-chauffage-et-lavage-jusqua-120c-en-continu-190c-intermittent\/","og_site_name":"Raytech","article_modified_time":"2016-01-15T09:12:14+00:00","og_image":[{"width":1024,"height":1024,"url":"https:\/\/svilupporaytech.com\/wp-content\/uploads\/mca-i-ff1.jpg","type":"image\/jpeg"}],"twitter_card":"summary_large_image","schema":{"@context":"https:\/\/schema.org","@graph":[{"@type":"WebPage","@id":"https:\/\/svilupporaytech.com\/fr\/produit\/cables-chauffants\/usage-industriel\/antigel-de-maintien-en-temperature-chauffage-et-lavage-jusqua-120c-en-continu-190c-intermittent\/","url":"https:\/\/svilupporaytech.com\/fr\/produit\/cables-chauffants\/usage-industriel\/antigel-de-maintien-en-temperature-chauffage-et-lavage-jusqua-120c-en-continu-190c-intermittent\/","name":"Antigel de maintien en temp\u00e9rature, chauffage et lavage jusqu'\u00e0 120\u00b0C en continu 190\u00b0C intermittent | Raytech","isPartOf":{"@id":"https:\/\/svilupporaytech.com\/#website"},"primaryImageOfPage":{"@id":"https:\/\/svilupporaytech.com\/fr\/produit\/cables-chauffants\/usage-industriel\/antigel-de-maintien-en-temperature-chauffage-et-lavage-jusqua-120c-en-continu-190c-intermittent\/#primaryimage"},"image":{"@id":"https:\/\/svilupporaytech.com\/fr\/produit\/cables-chauffants\/usage-industriel\/antigel-de-maintien-en-temperature-chauffage-et-lavage-jusqua-120c-en-continu-190c-intermittent\/#primaryimage"},"thumbnailUrl":"https:\/\/svilupporaytech.com\/wp-content\/uploads\/mca-i-ff1.jpg","datePublished":"2016-01-04T16:59:31+00:00","dateModified":"2016-01-15T09:12:14+00:00","breadcrumb":{"@id":"https:\/\/svilupporaytech.com\/fr\/produit\/cables-chauffants\/usage-industriel\/antigel-de-maintien-en-temperature-chauffage-et-lavage-jusqua-120c-en-continu-190c-intermittent\/#breadcrumb"},"inLanguage":"fr-FR","potentialAction":[{"@type":"ReadAction","target":["https:\/\/svilupporaytech.com\/fr\/produit\/cables-chauffants\/usage-industriel\/antigel-de-maintien-en-temperature-chauffage-et-lavage-jusqua-120c-en-continu-190c-intermittent\/"]}]},{"@type":"ImageObject","inLanguage":"fr-FR","@id":"https:\/\/svilupporaytech.com\/fr\/produit\/cables-chauffants\/usage-industriel\/antigel-de-maintien-en-temperature-chauffage-et-lavage-jusqua-120c-en-continu-190c-intermittent\/#primaryimage","url":"https:\/\/svilupporaytech.com\/wp-content\/uploads\/mca-i-ff1.jpg","contentUrl":"https:\/\/svilupporaytech.com\/wp-content\/uploads\/mca-i-ff1.jpg","width":1024,"height":1024},{"@type":"BreadcrumbList","@id":"https:\/\/svilupporaytech.com\/fr\/produit\/cables-chauffants\/usage-industriel\/antigel-de-maintien-en-temperature-chauffage-et-lavage-jusqua-120c-en-continu-190c-intermittent\/#breadcrumb","itemListElement":[{"@type":"ListItem","position":1,"name":"Home","item":"https:\/\/svilupporaytech.com\/fr\/"},{"@type":"ListItem","position":2,"name":"Boutique","item":"https:\/\/svilupporaytech.com\/fr\/boutique\/"},{"@type":"ListItem","position":3,"name":"Antigel de maintien en temp\u00e9rature, chauffage et lavage jusqu&#8217;\u00e0 120\u00b0C en continu 190\u00b0C intermittent"}]},{"@type":"WebSite","@id":"https:\/\/svilupporaytech.com\/#website","url":"https:\/\/svilupporaytech.com\/","name":"Raytech","description":"Cable accessories company","potentialAction":[{"@type":"SearchAction","target":{"@type":"EntryPoint","urlTemplate":"https:\/\/svilupporaytech.com\/?s={search_term_string}"},"query-input":"required name=search_term_string"}],"inLanguage":"fr-FR"}]}},"_links":{"self":[{"href":"https:\/\/svilupporaytech.com\/fr\/wp-json\/wp\/v2\/product\/7424"}],"collection":[{"href":"https:\/\/svilupporaytech.com\/fr\/wp-json\/wp\/v2\/product"}],"about":[{"href":"https:\/\/svilupporaytech.com\/fr\/wp-json\/wp\/v2\/types\/product"}],"wp:featuredmedia":[{"embeddable":true,"href":"https:\/\/svilupporaytech.com\/fr\/wp-json\/wp\/v2\/media\/6912"}],"wp:attachment":[{"href":"https:\/\/svilupporaytech.com\/fr\/wp-json\/wp\/v2\/media?parent=7424"}],"wp:term":[{"taxonomy":"product_cat","embeddable":true,"href":"https:\/\/svilupporaytech.com\/fr\/wp-json\/wp\/v2\/product_cat?post=7424"},{"taxonomy":"product_tag","embeddable":true,"href":"https:\/\/svilupporaytech.com\/fr\/wp-json\/wp\/v2\/product_tag?post=7424"}],"curies":[{"name":"wp","href":"https:\/\/api.w.org\/{rel}","templated":true}]}}