{"id":7428,"date":"2015-07-16T14:34:58","date_gmt":"2016-01-04T17:12:55","guid":{"rendered":"https:\/\/svilupporaytech.com\/?post_type=product&#038;p=7428&#038;lang=fr"},"modified":"2019-11-11T10:42:35","modified_gmt":"2019-11-11T10:42:35","slug":"accessoire-universal-pour-cable-de-chauffage","status":"publish","type":"product","link":"https:\/\/svilupporaytech.com\/fr\/produit\/cables-chauffants\/accessoires\/accessoire-universal-pour-cable-de-chauffage\/","title":{"rendered":"Accessoire universal pour cable de chauffage"},"content":{"rendered":"<h4><span style=\"color: #ed1c24;\">MCA Universal<br \/>\nAccessoire universal pour cable de chauffage<\/span><\/h4>\n<p>Aujourd\u2019hui est disponible l\u2019accessoire r\u00e9volutionnaire pour c\u00e2ble de chauffage, indiqu\u00e9\u00a0pour tous les c\u00e2bles auto r\u00e9glant avec ou sans \u00e9cran de terre, versatile, en mesure de\u00a0remplacer toute autre solutions sur le march\u00e9 de fa\u00e7on s\u00fbre, extr\u00eamement fiable, sans\u00a0p\u00e9remption et sans l\u2019emploi d\u2019outils particuliers (torches ou autre).<\/p>\n<ul>\n<li><span style=\"color: #ed1c24;\">Universel et pr\u00eat \u00e0 l&#8217;emploi<\/span><\/li>\n<li><span style=\"color: #ed1c24;\">Il ne demande pas l\u2019emploi d\u2019outils<\/span><\/li>\n<li><span style=\"color: #ed1c24;\">A froid<\/span><\/li>\n<li><span style=\"color: #ed1c24;\">Installation \u00e0 n\u2019importe quelle temp\u00e9rature<\/span><\/li>\n<li><span style=\"color: #ed1c24;\">Pr\u00eat \u00e0 \u00eatre enterr\u00e9<\/span><\/li>\n<li><span style=\"color: #ed1c24;\">De dimensions tr\u00e8s r\u00e9duites<\/span><\/li>\n<li><span style=\"color: #ed1c24;\">R\u00e9accessible<\/span><\/li>\n<li><span style=\"color: #ed1c24;\">Atoxique et non propagateur de flamme<\/span><\/li>\n<li><span style=\"color: #ed1c24;\">Les connexions sont automatiquement\u00a0bloqu\u00e9es dans le joint au moment de\u00a0fermeture<\/span><\/li>\n<li><span style=\"color: #ed1c24;\">Connecteurs \u00e0 vis disponibles dans le kit<\/span><\/li>\n<li><span style=\"color: #ed1c24;\">\u00c9galement pour un usage immerg\u00e9<\/span><\/li>\n<li><span style=\"color: #ed1c24;\">Pas de p\u00e9remption<\/span><\/li>\n<\/ul>\n<p><strong>Il permet de r\u00e9aliser<\/strong><\/p>\n<ul>\n<li>Ensemble int\u00e9gr\u00e9 de borne d\u2019alimentation\u00a0et de boite de terminaison<\/li>\n<li>Bornes extr\u00e9mit\u00e9 non aliment\u00e9e<\/li>\n<li>Joint droit entre c\u00e2bles de chauffage<\/li>\n<li>Joint de d\u00e9rivation<\/li>\n<\/ul>\n","protected":false},"excerpt":{"rendered":"<p>MCA Universal Accessoire universal pour cable de chauffage Aujourd\u2019hui est disponible l\u2019accessoire r\u00e9volutionnaire pour c\u00e2ble de chauffage, indiqu\u00e9\u00a0pour tous les c\u00e2bles auto r\u00e9glant avec ou sans \u00e9cran de terre, versatile,<span class=\"excerpt-hellip\"> [\u2026]<\/span><\/p>\n","protected":false},"featured_media":17816,"template":"","meta":[],"product_cat":[161,382],"product_tag":[],"yoast_head":"<!-- This site is optimized with the Yoast SEO plugin v22.7 - https:\/\/yoast.com\/wordpress\/plugins\/seo\/ -->\n<title>Accessoire universal pour cable de chauffage | Raytech<\/title>\n<meta name=\"robots\" content=\"index, follow, max-snippet:-1, max-image-preview:large, max-video-preview:-1\" \/>\n<link rel=\"canonical\" href=\"https:\/\/svilupporaytech.com\/fr\/produit\/cables-chauffants\/accessoires\/accessoire-universal-pour-cable-de-chauffage\/\" \/>\n<meta property=\"og:locale\" content=\"fr_FR\" \/>\n<meta property=\"og:type\" content=\"article\" \/>\n<meta property=\"og:title\" content=\"Accessoire universal pour cable de chauffage | Raytech\" \/>\n<meta property=\"og:description\" content=\"MCA Universal Accessoire universal pour cable de chauffage Aujourd\u2019hui est disponible l\u2019accessoire r\u00e9volutionnaire pour c\u00e2ble de chauffage, indiqu\u00e9\u00a0pour tous les c\u00e2bles auto r\u00e9glant avec ou sans \u00e9cran de terre, versatile, [\u2026]\" \/>\n<meta property=\"og:url\" content=\"https:\/\/svilupporaytech.com\/fr\/produit\/cables-chauffants\/accessoires\/accessoire-universal-pour-cable-de-chauffage\/\" \/>\n<meta property=\"og:site_name\" content=\"Raytech\" \/>\n<meta property=\"article:modified_time\" content=\"2019-11-11T10:42:35+00:00\" \/>\n<meta property=\"og:image\" content=\"https:\/\/svilupporaytech.com\/wp-content\/uploads\/mca-universal-0.jpg\" \/>\n\t<meta property=\"og:image:width\" content=\"1024\" \/>\n\t<meta property=\"og:image:height\" content=\"1024\" \/>\n\t<meta property=\"og:image:type\" content=\"image\/jpeg\" \/>\n<meta name=\"twitter:card\" content=\"summary_large_image\" \/>\n<meta name=\"twitter:label1\" content=\"Dur\u00e9e de lecture estim\u00e9e\" \/>\n\t<meta name=\"twitter:data1\" content=\"1 minute\" \/>\n<script type=\"application\/ld+json\" class=\"yoast-schema-graph\">{\"@context\":\"https:\/\/schema.org\",\"@graph\":[{\"@type\":\"WebPage\",\"@id\":\"https:\/\/svilupporaytech.com\/fr\/produit\/cables-chauffants\/accessoires\/accessoire-universal-pour-cable-de-chauffage\/\",\"url\":\"https:\/\/svilupporaytech.com\/fr\/produit\/cables-chauffants\/accessoires\/accessoire-universal-pour-cable-de-chauffage\/\",\"name\":\"Accessoire universal pour cable de chauffage | Raytech\",\"isPartOf\":{\"@id\":\"https:\/\/svilupporaytech.com\/#website\"},\"primaryImageOfPage\":{\"@id\":\"https:\/\/svilupporaytech.com\/fr\/produit\/cables-chauffants\/accessoires\/accessoire-universal-pour-cable-de-chauffage\/#primaryimage\"},\"image\":{\"@id\":\"https:\/\/svilupporaytech.com\/fr\/produit\/cables-chauffants\/accessoires\/accessoire-universal-pour-cable-de-chauffage\/#primaryimage\"},\"thumbnailUrl\":\"https:\/\/svilupporaytech.com\/wp-content\/uploads\/mca-universal-0.jpg\",\"datePublished\":\"2016-01-04T17:12:55+00:00\",\"dateModified\":\"2019-11-11T10:42:35+00:00\",\"breadcrumb\":{\"@id\":\"https:\/\/svilupporaytech.com\/fr\/produit\/cables-chauffants\/accessoires\/accessoire-universal-pour-cable-de-chauffage\/#breadcrumb\"},\"inLanguage\":\"fr-FR\",\"potentialAction\":[{\"@type\":\"ReadAction\",\"target\":[\"https:\/\/svilupporaytech.com\/fr\/produit\/cables-chauffants\/accessoires\/accessoire-universal-pour-cable-de-chauffage\/\"]}]},{\"@type\":\"ImageObject\",\"inLanguage\":\"fr-FR\",\"@id\":\"https:\/\/svilupporaytech.com\/fr\/produit\/cables-chauffants\/accessoires\/accessoire-universal-pour-cable-de-chauffage\/#primaryimage\",\"url\":\"https:\/\/svilupporaytech.com\/wp-content\/uploads\/mca-universal-0.jpg\",\"contentUrl\":\"https:\/\/svilupporaytech.com\/wp-content\/uploads\/mca-universal-0.jpg\",\"width\":1024,\"height\":1024},{\"@type\":\"BreadcrumbList\",\"@id\":\"https:\/\/svilupporaytech.com\/fr\/produit\/cables-chauffants\/accessoires\/accessoire-universal-pour-cable-de-chauffage\/#breadcrumb\",\"itemListElement\":[{\"@type\":\"ListItem\",\"position\":1,\"name\":\"Home\",\"item\":\"https:\/\/svilupporaytech.com\/fr\/\"},{\"@type\":\"ListItem\",\"position\":2,\"name\":\"Boutique\",\"item\":\"https:\/\/svilupporaytech.com\/fr\/boutique\/\"},{\"@type\":\"ListItem\",\"position\":3,\"name\":\"Accessoire universal pour cable de chauffage\"}]},{\"@type\":\"WebSite\",\"@id\":\"https:\/\/svilupporaytech.com\/#website\",\"url\":\"https:\/\/svilupporaytech.com\/\",\"name\":\"Raytech\",\"description\":\"Cable accessories company\",\"potentialAction\":[{\"@type\":\"SearchAction\",\"target\":{\"@type\":\"EntryPoint\",\"urlTemplate\":\"https:\/\/svilupporaytech.com\/?s={search_term_string}\"},\"query-input\":\"required name=search_term_string\"}],\"inLanguage\":\"fr-FR\"}]}<\/script>\n<!-- \/ Yoast SEO plugin. -->","yoast_head_json":{"title":"Accessoire universal pour cable de chauffage | Raytech","robots":{"index":"index","follow":"follow","max-snippet":"max-snippet:-1","max-image-preview":"max-image-preview:large","max-video-preview":"max-video-preview:-1"},"canonical":"https:\/\/svilupporaytech.com\/fr\/produit\/cables-chauffants\/accessoires\/accessoire-universal-pour-cable-de-chauffage\/","og_locale":"fr_FR","og_type":"article","og_title":"Accessoire universal pour cable de chauffage | Raytech","og_description":"MCA Universal Accessoire universal pour cable de chauffage Aujourd\u2019hui est disponible l\u2019accessoire r\u00e9volutionnaire pour c\u00e2ble de chauffage, indiqu\u00e9\u00a0pour tous les c\u00e2bles auto r\u00e9glant avec ou sans \u00e9cran de terre, versatile, [\u2026]","og_url":"https:\/\/svilupporaytech.com\/fr\/produit\/cables-chauffants\/accessoires\/accessoire-universal-pour-cable-de-chauffage\/","og_site_name":"Raytech","article_modified_time":"2019-11-11T10:42:35+00:00","og_image":[{"width":1024,"height":1024,"url":"https:\/\/svilupporaytech.com\/wp-content\/uploads\/mca-universal-0.jpg","type":"image\/jpeg"}],"twitter_card":"summary_large_image","twitter_misc":{"Dur\u00e9e de lecture estim\u00e9e":"1 minute"},"schema":{"@context":"https:\/\/schema.org","@graph":[{"@type":"WebPage","@id":"https:\/\/svilupporaytech.com\/fr\/produit\/cables-chauffants\/accessoires\/accessoire-universal-pour-cable-de-chauffage\/","url":"https:\/\/svilupporaytech.com\/fr\/produit\/cables-chauffants\/accessoires\/accessoire-universal-pour-cable-de-chauffage\/","name":"Accessoire universal pour cable de chauffage | Raytech","isPartOf":{"@id":"https:\/\/svilupporaytech.com\/#website"},"primaryImageOfPage":{"@id":"https:\/\/svilupporaytech.com\/fr\/produit\/cables-chauffants\/accessoires\/accessoire-universal-pour-cable-de-chauffage\/#primaryimage"},"image":{"@id":"https:\/\/svilupporaytech.com\/fr\/produit\/cables-chauffants\/accessoires\/accessoire-universal-pour-cable-de-chauffage\/#primaryimage"},"thumbnailUrl":"https:\/\/svilupporaytech.com\/wp-content\/uploads\/mca-universal-0.jpg","datePublished":"2016-01-04T17:12:55+00:00","dateModified":"2019-11-11T10:42:35+00:00","breadcrumb":{"@id":"https:\/\/svilupporaytech.com\/fr\/produit\/cables-chauffants\/accessoires\/accessoire-universal-pour-cable-de-chauffage\/#breadcrumb"},"inLanguage":"fr-FR","potentialAction":[{"@type":"ReadAction","target":["https:\/\/svilupporaytech.com\/fr\/produit\/cables-chauffants\/accessoires\/accessoire-universal-pour-cable-de-chauffage\/"]}]},{"@type":"ImageObject","inLanguage":"fr-FR","@id":"https:\/\/svilupporaytech.com\/fr\/produit\/cables-chauffants\/accessoires\/accessoire-universal-pour-cable-de-chauffage\/#primaryimage","url":"https:\/\/svilupporaytech.com\/wp-content\/uploads\/mca-universal-0.jpg","contentUrl":"https:\/\/svilupporaytech.com\/wp-content\/uploads\/mca-universal-0.jpg","width":1024,"height":1024},{"@type":"BreadcrumbList","@id":"https:\/\/svilupporaytech.com\/fr\/produit\/cables-chauffants\/accessoires\/accessoire-universal-pour-cable-de-chauffage\/#breadcrumb","itemListElement":[{"@type":"ListItem","position":1,"name":"Home","item":"https:\/\/svilupporaytech.com\/fr\/"},{"@type":"ListItem","position":2,"name":"Boutique","item":"https:\/\/svilupporaytech.com\/fr\/boutique\/"},{"@type":"ListItem","position":3,"name":"Accessoire universal pour cable de chauffage"}]},{"@type":"WebSite","@id":"https:\/\/svilupporaytech.com\/#website","url":"https:\/\/svilupporaytech.com\/","name":"Raytech","description":"Cable accessories company","potentialAction":[{"@type":"SearchAction","target":{"@type":"EntryPoint","urlTemplate":"https:\/\/svilupporaytech.com\/?s={search_term_string}"},"query-input":"required name=search_term_string"}],"inLanguage":"fr-FR"}]}},"_links":{"self":[{"href":"https:\/\/svilupporaytech.com\/fr\/wp-json\/wp\/v2\/product\/7428"}],"collection":[{"href":"https:\/\/svilupporaytech.com\/fr\/wp-json\/wp\/v2\/product"}],"about":[{"href":"https:\/\/svilupporaytech.com\/fr\/wp-json\/wp\/v2\/types\/product"}],"wp:featuredmedia":[{"embeddable":true,"href":"https:\/\/svilupporaytech.com\/fr\/wp-json\/wp\/v2\/media\/17816"}],"wp:attachment":[{"href":"https:\/\/svilupporaytech.com\/fr\/wp-json\/wp\/v2\/media?parent=7428"}],"wp:term":[{"taxonomy":"product_cat","embeddable":true,"href":"https:\/\/svilupporaytech.com\/fr\/wp-json\/wp\/v2\/product_cat?post=7428"},{"taxonomy":"product_tag","embeddable":true,"href":"https:\/\/svilupporaytech.com\/fr\/wp-json\/wp\/v2\/product_tag?post=7428"}],"curies":[{"name":"wp","href":"https:\/\/api.w.org\/{rel}","templated":true}]}}