{"id":7449,"date":"2015-07-16T15:16:54","date_gmt":"2016-01-05T10:21:21","guid":{"rendered":"https:\/\/svilupporaytech.com\/?post_type=product&#038;p=7449&#038;lang=fr"},"modified":"2019-08-27T07:44:46","modified_gmt":"2019-08-27T07:44:46","slug":"rid-wl","status":"publish","type":"product","link":"https:\/\/svilupporaytech.com\/fr\/produit\/cables-chauffants\/confort\/pour-plafond\/rid-wl\/","title":{"rendered":"RID-WL"},"content":{"rendered":"<h4><span style=\"color: #e3001a;\">Chronothermostat num\u00e9rique wireless<\/span><\/h4>\n<p>Pour une efficacit\u00e9, une rapidit\u00e9 et une simplicit\u00e9 de montage maximale, Raytech a\u00a0pr\u00e9vu le CHRONO-THERMOSTAT AMBIANT WIRELESS RID-WL, qui ajoute \u00e0 la fiabilit\u00e9 et\u00a0au contr\u00f4le des param\u00e8tres environnementaux du syst\u00e8me RID, l\u2019absence de c\u00e2blage.<\/p>\n<p>Le <strong>RID-WL<\/strong>, en radio-fr\u00e9quence, permet une installation non invasive dans tous les environnements,\u00a0aussi bien pour des nouvelles installations que pour des locaux en r\u00e9novation ou\u00a0encore pour renforcer un syst\u00e8me principal existant.<\/p>\n<p>Le <strong>RID-WL<\/strong> est coupl\u00e9 avec son r\u00e9cepteur, branch\u00e9 sur la fr\u00e9quence du thermostat (signal\u00a0exclusif ), en mesure de contr\u00f4ler une valeur de 16 A.<\/p>\n<p><strong>RID-WL<\/strong>, n\u2019\u00e9tant pas c\u00e2bl\u00e9, il peut \u00eatre d\u00e9plac\u00e9 dans un m\u00eame environnement restant \u00e0 port\u00e9e\u00a0d\u2019utilisation et peut \u00eatre plac\u00e9 \u00e0 l\u2019endroit o\u00f9 le contr\u00f4le des param\u00e8tres est le plus utile.\u00a0\u00c9quip\u00e9 d\u2019un \u00e9cran LCD avec lecture simple et r\u00e9tro-\u00e9clairage, il est programmable et \u00e9quip\u00e9\u00a0d\u2019un capteur interne int\u00e9gr\u00e9. Il peut toutefois \u00eatre reli\u00e9 \u00e0 un capteur s\u00e9par\u00e9, par exemple, au sol.<\/p>\n<p>&nbsp;<\/p>\n","protected":false},"excerpt":{"rendered":"<p>Chronothermostat num\u00e9rique wireless Pour une efficacit\u00e9, une rapidit\u00e9 et une simplicit\u00e9 de montage maximale, Raytech a\u00a0pr\u00e9vu le CHRONO-THERMOSTAT AMBIANT WIRELESS RID-WL, qui ajoute \u00e0 la fiabilit\u00e9 et\u00a0au contr\u00f4le des param\u00e8tres<span class=\"excerpt-hellip\"> [\u2026]<\/span><\/p>\n","protected":false},"featured_media":18789,"template":"","meta":[],"product_cat":[161,162,165],"product_tag":[],"yoast_head":"<!-- This site is optimized with the Yoast SEO plugin v22.7 - https:\/\/yoast.com\/wordpress\/plugins\/seo\/ -->\n<title>RID-WL | Raytech<\/title>\n<meta name=\"robots\" content=\"index, follow, max-snippet:-1, max-image-preview:large, max-video-preview:-1\" \/>\n<link rel=\"canonical\" href=\"https:\/\/svilupporaytech.com\/fr\/produit\/cables-chauffants\/confort\/pour-plafond\/rid-wl\/\" \/>\n<meta property=\"og:locale\" content=\"fr_FR\" \/>\n<meta property=\"og:type\" content=\"article\" \/>\n<meta property=\"og:title\" content=\"RID-WL | Raytech\" \/>\n<meta property=\"og:description\" content=\"Chronothermostat num\u00e9rique wireless Pour une efficacit\u00e9, une rapidit\u00e9 et une simplicit\u00e9 de montage maximale, Raytech a\u00a0pr\u00e9vu le CHRONO-THERMOSTAT AMBIANT WIRELESS RID-WL, qui ajoute \u00e0 la fiabilit\u00e9 et\u00a0au contr\u00f4le des param\u00e8tres [\u2026]\" \/>\n<meta property=\"og:url\" content=\"https:\/\/svilupporaytech.com\/fr\/produit\/cables-chauffants\/confort\/pour-plafond\/rid-wl\/\" \/>\n<meta property=\"og:site_name\" content=\"Raytech\" \/>\n<meta property=\"article:modified_time\" content=\"2019-08-27T07:44:46+00:00\" \/>\n<meta property=\"og:image\" content=\"https:\/\/svilupporaytech.com\/wp-content\/uploads\/rid-wl-1.jpg\" \/>\n\t<meta property=\"og:image:width\" content=\"500\" \/>\n\t<meta property=\"og:image:height\" content=\"500\" \/>\n\t<meta property=\"og:image:type\" content=\"image\/jpeg\" \/>\n<meta name=\"twitter:card\" content=\"summary_large_image\" \/>\n<meta name=\"twitter:label1\" content=\"Dur\u00e9e de lecture estim\u00e9e\" \/>\n\t<meta name=\"twitter:data1\" content=\"1 minute\" \/>\n<script type=\"application\/ld+json\" class=\"yoast-schema-graph\">{\"@context\":\"https:\/\/schema.org\",\"@graph\":[{\"@type\":\"WebPage\",\"@id\":\"https:\/\/svilupporaytech.com\/fr\/produit\/cables-chauffants\/confort\/pour-plafond\/rid-wl\/\",\"url\":\"https:\/\/svilupporaytech.com\/fr\/produit\/cables-chauffants\/confort\/pour-plafond\/rid-wl\/\",\"name\":\"RID-WL | Raytech\",\"isPartOf\":{\"@id\":\"https:\/\/svilupporaytech.com\/#website\"},\"primaryImageOfPage\":{\"@id\":\"https:\/\/svilupporaytech.com\/fr\/produit\/cables-chauffants\/confort\/pour-plafond\/rid-wl\/#primaryimage\"},\"image\":{\"@id\":\"https:\/\/svilupporaytech.com\/fr\/produit\/cables-chauffants\/confort\/pour-plafond\/rid-wl\/#primaryimage\"},\"thumbnailUrl\":\"https:\/\/svilupporaytech.com\/wp-content\/uploads\/rid-wl-1.jpg\",\"datePublished\":\"2016-01-05T10:21:21+00:00\",\"dateModified\":\"2019-08-27T07:44:46+00:00\",\"breadcrumb\":{\"@id\":\"https:\/\/svilupporaytech.com\/fr\/produit\/cables-chauffants\/confort\/pour-plafond\/rid-wl\/#breadcrumb\"},\"inLanguage\":\"fr-FR\",\"potentialAction\":[{\"@type\":\"ReadAction\",\"target\":[\"https:\/\/svilupporaytech.com\/fr\/produit\/cables-chauffants\/confort\/pour-plafond\/rid-wl\/\"]}]},{\"@type\":\"ImageObject\",\"inLanguage\":\"fr-FR\",\"@id\":\"https:\/\/svilupporaytech.com\/fr\/produit\/cables-chauffants\/confort\/pour-plafond\/rid-wl\/#primaryimage\",\"url\":\"https:\/\/svilupporaytech.com\/wp-content\/uploads\/rid-wl-1.jpg\",\"contentUrl\":\"https:\/\/svilupporaytech.com\/wp-content\/uploads\/rid-wl-1.jpg\",\"width\":500,\"height\":500},{\"@type\":\"BreadcrumbList\",\"@id\":\"https:\/\/svilupporaytech.com\/fr\/produit\/cables-chauffants\/confort\/pour-plafond\/rid-wl\/#breadcrumb\",\"itemListElement\":[{\"@type\":\"ListItem\",\"position\":1,\"name\":\"Home\",\"item\":\"https:\/\/svilupporaytech.com\/fr\/\"},{\"@type\":\"ListItem\",\"position\":2,\"name\":\"Boutique\",\"item\":\"https:\/\/svilupporaytech.com\/fr\/boutique\/\"},{\"@type\":\"ListItem\",\"position\":3,\"name\":\"RID-WL\"}]},{\"@type\":\"WebSite\",\"@id\":\"https:\/\/svilupporaytech.com\/#website\",\"url\":\"https:\/\/svilupporaytech.com\/\",\"name\":\"Raytech\",\"description\":\"Cable accessories company\",\"potentialAction\":[{\"@type\":\"SearchAction\",\"target\":{\"@type\":\"EntryPoint\",\"urlTemplate\":\"https:\/\/svilupporaytech.com\/?s={search_term_string}\"},\"query-input\":\"required name=search_term_string\"}],\"inLanguage\":\"fr-FR\"}]}<\/script>\n<!-- \/ Yoast SEO plugin. -->","yoast_head_json":{"title":"RID-WL | Raytech","robots":{"index":"index","follow":"follow","max-snippet":"max-snippet:-1","max-image-preview":"max-image-preview:large","max-video-preview":"max-video-preview:-1"},"canonical":"https:\/\/svilupporaytech.com\/fr\/produit\/cables-chauffants\/confort\/pour-plafond\/rid-wl\/","og_locale":"fr_FR","og_type":"article","og_title":"RID-WL | Raytech","og_description":"Chronothermostat num\u00e9rique wireless Pour une efficacit\u00e9, une rapidit\u00e9 et une simplicit\u00e9 de montage maximale, Raytech a\u00a0pr\u00e9vu le CHRONO-THERMOSTAT AMBIANT WIRELESS RID-WL, qui ajoute \u00e0 la fiabilit\u00e9 et\u00a0au contr\u00f4le des param\u00e8tres [\u2026]","og_url":"https:\/\/svilupporaytech.com\/fr\/produit\/cables-chauffants\/confort\/pour-plafond\/rid-wl\/","og_site_name":"Raytech","article_modified_time":"2019-08-27T07:44:46+00:00","og_image":[{"width":500,"height":500,"url":"https:\/\/svilupporaytech.com\/wp-content\/uploads\/rid-wl-1.jpg","type":"image\/jpeg"}],"twitter_card":"summary_large_image","twitter_misc":{"Dur\u00e9e de lecture estim\u00e9e":"1 minute"},"schema":{"@context":"https:\/\/schema.org","@graph":[{"@type":"WebPage","@id":"https:\/\/svilupporaytech.com\/fr\/produit\/cables-chauffants\/confort\/pour-plafond\/rid-wl\/","url":"https:\/\/svilupporaytech.com\/fr\/produit\/cables-chauffants\/confort\/pour-plafond\/rid-wl\/","name":"RID-WL | Raytech","isPartOf":{"@id":"https:\/\/svilupporaytech.com\/#website"},"primaryImageOfPage":{"@id":"https:\/\/svilupporaytech.com\/fr\/produit\/cables-chauffants\/confort\/pour-plafond\/rid-wl\/#primaryimage"},"image":{"@id":"https:\/\/svilupporaytech.com\/fr\/produit\/cables-chauffants\/confort\/pour-plafond\/rid-wl\/#primaryimage"},"thumbnailUrl":"https:\/\/svilupporaytech.com\/wp-content\/uploads\/rid-wl-1.jpg","datePublished":"2016-01-05T10:21:21+00:00","dateModified":"2019-08-27T07:44:46+00:00","breadcrumb":{"@id":"https:\/\/svilupporaytech.com\/fr\/produit\/cables-chauffants\/confort\/pour-plafond\/rid-wl\/#breadcrumb"},"inLanguage":"fr-FR","potentialAction":[{"@type":"ReadAction","target":["https:\/\/svilupporaytech.com\/fr\/produit\/cables-chauffants\/confort\/pour-plafond\/rid-wl\/"]}]},{"@type":"ImageObject","inLanguage":"fr-FR","@id":"https:\/\/svilupporaytech.com\/fr\/produit\/cables-chauffants\/confort\/pour-plafond\/rid-wl\/#primaryimage","url":"https:\/\/svilupporaytech.com\/wp-content\/uploads\/rid-wl-1.jpg","contentUrl":"https:\/\/svilupporaytech.com\/wp-content\/uploads\/rid-wl-1.jpg","width":500,"height":500},{"@type":"BreadcrumbList","@id":"https:\/\/svilupporaytech.com\/fr\/produit\/cables-chauffants\/confort\/pour-plafond\/rid-wl\/#breadcrumb","itemListElement":[{"@type":"ListItem","position":1,"name":"Home","item":"https:\/\/svilupporaytech.com\/fr\/"},{"@type":"ListItem","position":2,"name":"Boutique","item":"https:\/\/svilupporaytech.com\/fr\/boutique\/"},{"@type":"ListItem","position":3,"name":"RID-WL"}]},{"@type":"WebSite","@id":"https:\/\/svilupporaytech.com\/#website","url":"https:\/\/svilupporaytech.com\/","name":"Raytech","description":"Cable accessories company","potentialAction":[{"@type":"SearchAction","target":{"@type":"EntryPoint","urlTemplate":"https:\/\/svilupporaytech.com\/?s={search_term_string}"},"query-input":"required name=search_term_string"}],"inLanguage":"fr-FR"}]}},"_links":{"self":[{"href":"https:\/\/svilupporaytech.com\/fr\/wp-json\/wp\/v2\/product\/7449"}],"collection":[{"href":"https:\/\/svilupporaytech.com\/fr\/wp-json\/wp\/v2\/product"}],"about":[{"href":"https:\/\/svilupporaytech.com\/fr\/wp-json\/wp\/v2\/types\/product"}],"wp:featuredmedia":[{"embeddable":true,"href":"https:\/\/svilupporaytech.com\/fr\/wp-json\/wp\/v2\/media\/18789"}],"wp:attachment":[{"href":"https:\/\/svilupporaytech.com\/fr\/wp-json\/wp\/v2\/media?parent=7449"}],"wp:term":[{"taxonomy":"product_cat","embeddable":true,"href":"https:\/\/svilupporaytech.com\/fr\/wp-json\/wp\/v2\/product_cat?post=7449"},{"taxonomy":"product_tag","embeddable":true,"href":"https:\/\/svilupporaytech.com\/fr\/wp-json\/wp\/v2\/product_tag?post=7449"}],"curies":[{"name":"wp","href":"https:\/\/api.w.org\/{rel}","templated":true}]}}