{"id":7507,"date":"2015-07-16T14:47:17","date_gmt":"2016-01-05T17:06:20","guid":{"rendered":"https:\/\/svilupporaytech.com\/?post_type=product&#038;p=7507&#038;lang=fr"},"modified":"2016-01-05T17:06:20","modified_gmt":"2016-01-05T17:06:20","slug":"boite","status":"publish","type":"product","link":"https:\/\/svilupporaytech.com\/fr\/produit\/cables-chauffants\/accessoires\/boite\/","title":{"rendered":"Bo\u00eete"},"content":{"rendered":"<h4><span style=\"color: #e3001a;\">MCA-SG<br \/>\nBo\u00eete<br \/>\n<\/span><\/h4>\n<p>Bo\u00eete avec un degr\u00e9 de protection IP55, complet\u00e9e avec les connexions. Il permet l\u2019entr\u00e9e\u00a0de plusieurs c\u00e2bles chauffants ou la d\u00e9rivation du c\u00e2ble, ou sa jonction. Les c\u00e2bles\u00a0doivent \u00eatre termin\u00e9s avec le kit MCA-PC pour la connexion.<\/p>\n","protected":false},"excerpt":{"rendered":"<p>MCA-SG Bo\u00eete Bo\u00eete avec un degr\u00e9 de protection IP55, complet\u00e9e avec les connexions. Il permet l\u2019entr\u00e9e\u00a0de plusieurs c\u00e2bles chauffants ou la d\u00e9rivation du c\u00e2ble, ou sa jonction. Les c\u00e2bles\u00a0doivent \u00eatre<span class=\"excerpt-hellip\"> [\u2026]<\/span><\/p>\n","protected":false},"featured_media":2550,"template":"","meta":[],"product_cat":[161,382],"product_tag":[],"yoast_head":"<!-- This site is optimized with the Yoast SEO plugin v22.7 - https:\/\/yoast.com\/wordpress\/plugins\/seo\/ -->\n<title>Bo\u00eete | Raytech<\/title>\n<meta name=\"robots\" content=\"index, follow, max-snippet:-1, max-image-preview:large, max-video-preview:-1\" \/>\n<link rel=\"canonical\" href=\"https:\/\/svilupporaytech.com\/fr\/produit\/cables-chauffants\/accessoires\/boite\/\" \/>\n<meta property=\"og:locale\" content=\"fr_FR\" \/>\n<meta property=\"og:type\" content=\"article\" \/>\n<meta property=\"og:title\" content=\"Bo\u00eete | Raytech\" \/>\n<meta property=\"og:description\" content=\"MCA-SG Bo\u00eete Bo\u00eete avec un degr\u00e9 de protection IP55, complet\u00e9e avec les connexions. Il permet l\u2019entr\u00e9e\u00a0de plusieurs c\u00e2bles chauffants ou la d\u00e9rivation du c\u00e2ble, ou sa jonction. Les c\u00e2bles\u00a0doivent \u00eatre [\u2026]\" \/>\n<meta property=\"og:url\" content=\"https:\/\/svilupporaytech.com\/fr\/produit\/cables-chauffants\/accessoires\/boite\/\" \/>\n<meta property=\"og:site_name\" content=\"Raytech\" \/>\n<meta property=\"og:image\" content=\"https:\/\/svilupporaytech.com\/wp-content\/uploads\/MCA-SG1.jpg\" \/>\n\t<meta property=\"og:image:width\" content=\"1024\" \/>\n\t<meta property=\"og:image:height\" content=\"1024\" \/>\n\t<meta property=\"og:image:type\" content=\"image\/jpeg\" \/>\n<meta name=\"twitter:card\" content=\"summary_large_image\" \/>\n<script type=\"application\/ld+json\" class=\"yoast-schema-graph\">{\"@context\":\"https:\/\/schema.org\",\"@graph\":[{\"@type\":\"WebPage\",\"@id\":\"https:\/\/svilupporaytech.com\/fr\/produit\/cables-chauffants\/accessoires\/boite\/\",\"url\":\"https:\/\/svilupporaytech.com\/fr\/produit\/cables-chauffants\/accessoires\/boite\/\",\"name\":\"Bo\u00eete | Raytech\",\"isPartOf\":{\"@id\":\"https:\/\/svilupporaytech.com\/#website\"},\"primaryImageOfPage\":{\"@id\":\"https:\/\/svilupporaytech.com\/fr\/produit\/cables-chauffants\/accessoires\/boite\/#primaryimage\"},\"image\":{\"@id\":\"https:\/\/svilupporaytech.com\/fr\/produit\/cables-chauffants\/accessoires\/boite\/#primaryimage\"},\"thumbnailUrl\":\"https:\/\/svilupporaytech.com\/wp-content\/uploads\/MCA-SG1.jpg\",\"datePublished\":\"2016-01-05T17:06:20+00:00\",\"dateModified\":\"2016-01-05T17:06:20+00:00\",\"breadcrumb\":{\"@id\":\"https:\/\/svilupporaytech.com\/fr\/produit\/cables-chauffants\/accessoires\/boite\/#breadcrumb\"},\"inLanguage\":\"fr-FR\",\"potentialAction\":[{\"@type\":\"ReadAction\",\"target\":[\"https:\/\/svilupporaytech.com\/fr\/produit\/cables-chauffants\/accessoires\/boite\/\"]}]},{\"@type\":\"ImageObject\",\"inLanguage\":\"fr-FR\",\"@id\":\"https:\/\/svilupporaytech.com\/fr\/produit\/cables-chauffants\/accessoires\/boite\/#primaryimage\",\"url\":\"https:\/\/svilupporaytech.com\/wp-content\/uploads\/MCA-SG1.jpg\",\"contentUrl\":\"https:\/\/svilupporaytech.com\/wp-content\/uploads\/MCA-SG1.jpg\",\"width\":1024,\"height\":1024},{\"@type\":\"BreadcrumbList\",\"@id\":\"https:\/\/svilupporaytech.com\/fr\/produit\/cables-chauffants\/accessoires\/boite\/#breadcrumb\",\"itemListElement\":[{\"@type\":\"ListItem\",\"position\":1,\"name\":\"Home\",\"item\":\"https:\/\/svilupporaytech.com\/fr\/\"},{\"@type\":\"ListItem\",\"position\":2,\"name\":\"Boutique\",\"item\":\"https:\/\/svilupporaytech.com\/fr\/boutique\/\"},{\"@type\":\"ListItem\",\"position\":3,\"name\":\"Bo\u00eete\"}]},{\"@type\":\"WebSite\",\"@id\":\"https:\/\/svilupporaytech.com\/#website\",\"url\":\"https:\/\/svilupporaytech.com\/\",\"name\":\"Raytech\",\"description\":\"Cable accessories company\",\"potentialAction\":[{\"@type\":\"SearchAction\",\"target\":{\"@type\":\"EntryPoint\",\"urlTemplate\":\"https:\/\/svilupporaytech.com\/?s={search_term_string}\"},\"query-input\":\"required name=search_term_string\"}],\"inLanguage\":\"fr-FR\"}]}<\/script>\n<!-- \/ Yoast SEO plugin. -->","yoast_head_json":{"title":"Bo\u00eete | Raytech","robots":{"index":"index","follow":"follow","max-snippet":"max-snippet:-1","max-image-preview":"max-image-preview:large","max-video-preview":"max-video-preview:-1"},"canonical":"https:\/\/svilupporaytech.com\/fr\/produit\/cables-chauffants\/accessoires\/boite\/","og_locale":"fr_FR","og_type":"article","og_title":"Bo\u00eete | Raytech","og_description":"MCA-SG Bo\u00eete Bo\u00eete avec un degr\u00e9 de protection IP55, complet\u00e9e avec les connexions. Il permet l\u2019entr\u00e9e\u00a0de plusieurs c\u00e2bles chauffants ou la d\u00e9rivation du c\u00e2ble, ou sa jonction. Les c\u00e2bles\u00a0doivent \u00eatre [\u2026]","og_url":"https:\/\/svilupporaytech.com\/fr\/produit\/cables-chauffants\/accessoires\/boite\/","og_site_name":"Raytech","og_image":[{"width":1024,"height":1024,"url":"https:\/\/svilupporaytech.com\/wp-content\/uploads\/MCA-SG1.jpg","type":"image\/jpeg"}],"twitter_card":"summary_large_image","schema":{"@context":"https:\/\/schema.org","@graph":[{"@type":"WebPage","@id":"https:\/\/svilupporaytech.com\/fr\/produit\/cables-chauffants\/accessoires\/boite\/","url":"https:\/\/svilupporaytech.com\/fr\/produit\/cables-chauffants\/accessoires\/boite\/","name":"Bo\u00eete | Raytech","isPartOf":{"@id":"https:\/\/svilupporaytech.com\/#website"},"primaryImageOfPage":{"@id":"https:\/\/svilupporaytech.com\/fr\/produit\/cables-chauffants\/accessoires\/boite\/#primaryimage"},"image":{"@id":"https:\/\/svilupporaytech.com\/fr\/produit\/cables-chauffants\/accessoires\/boite\/#primaryimage"},"thumbnailUrl":"https:\/\/svilupporaytech.com\/wp-content\/uploads\/MCA-SG1.jpg","datePublished":"2016-01-05T17:06:20+00:00","dateModified":"2016-01-05T17:06:20+00:00","breadcrumb":{"@id":"https:\/\/svilupporaytech.com\/fr\/produit\/cables-chauffants\/accessoires\/boite\/#breadcrumb"},"inLanguage":"fr-FR","potentialAction":[{"@type":"ReadAction","target":["https:\/\/svilupporaytech.com\/fr\/produit\/cables-chauffants\/accessoires\/boite\/"]}]},{"@type":"ImageObject","inLanguage":"fr-FR","@id":"https:\/\/svilupporaytech.com\/fr\/produit\/cables-chauffants\/accessoires\/boite\/#primaryimage","url":"https:\/\/svilupporaytech.com\/wp-content\/uploads\/MCA-SG1.jpg","contentUrl":"https:\/\/svilupporaytech.com\/wp-content\/uploads\/MCA-SG1.jpg","width":1024,"height":1024},{"@type":"BreadcrumbList","@id":"https:\/\/svilupporaytech.com\/fr\/produit\/cables-chauffants\/accessoires\/boite\/#breadcrumb","itemListElement":[{"@type":"ListItem","position":1,"name":"Home","item":"https:\/\/svilupporaytech.com\/fr\/"},{"@type":"ListItem","position":2,"name":"Boutique","item":"https:\/\/svilupporaytech.com\/fr\/boutique\/"},{"@type":"ListItem","position":3,"name":"Bo\u00eete"}]},{"@type":"WebSite","@id":"https:\/\/svilupporaytech.com\/#website","url":"https:\/\/svilupporaytech.com\/","name":"Raytech","description":"Cable accessories company","potentialAction":[{"@type":"SearchAction","target":{"@type":"EntryPoint","urlTemplate":"https:\/\/svilupporaytech.com\/?s={search_term_string}"},"query-input":"required name=search_term_string"}],"inLanguage":"fr-FR"}]}},"_links":{"self":[{"href":"https:\/\/svilupporaytech.com\/fr\/wp-json\/wp\/v2\/product\/7507"}],"collection":[{"href":"https:\/\/svilupporaytech.com\/fr\/wp-json\/wp\/v2\/product"}],"about":[{"href":"https:\/\/svilupporaytech.com\/fr\/wp-json\/wp\/v2\/types\/product"}],"wp:featuredmedia":[{"embeddable":true,"href":"https:\/\/svilupporaytech.com\/fr\/wp-json\/wp\/v2\/media\/2550"}],"wp:attachment":[{"href":"https:\/\/svilupporaytech.com\/fr\/wp-json\/wp\/v2\/media?parent=7507"}],"wp:term":[{"taxonomy":"product_cat","embeddable":true,"href":"https:\/\/svilupporaytech.com\/fr\/wp-json\/wp\/v2\/product_cat?post=7507"},{"taxonomy":"product_tag","embeddable":true,"href":"https:\/\/svilupporaytech.com\/fr\/wp-json\/wp\/v2\/product_tag?post=7507"}],"curies":[{"name":"wp","href":"https:\/\/api.w.org\/{rel}","templated":true}]}}