{"id":7509,"date":"2015-07-16T14:54:11","date_gmt":"2016-01-05T17:25:05","guid":{"rendered":"https:\/\/svilupporaytech.com\/?post_type=product&#038;p=7509&#038;lang=fr"},"modified":"2016-01-05T17:25:05","modified_gmt":"2016-01-05T17:25:05","slug":"unite-de-controle-de-temperature-et-dhumidite","status":"publish","type":"product","link":"https:\/\/svilupporaytech.com\/fr\/produit\/cables-chauffants\/accessoires\/unite-de-controle-de-temperature-et-dhumidite\/","title":{"rendered":"Unit\u00e8 de c\u00f4ntrole de temp\u00e9rature et d&rsquo;humidit\u00e9"},"content":{"rendered":"<h4><span style=\"color: #e3001a;\">Centralina C2000<br \/>\nUnit\u00e8 de c\u00f4ntrole de temp\u00e9rature et d&rsquo;humidit\u00e9<br \/>\n<\/span><\/h4>\n<p>L\u2019unit\u00e9 C 2000 et les capteurs relatifs sont adapt\u00e9s aussi bien pour les tra\u00e7ages avec des\u00a0c\u00e2bles autor\u00e9gulants, qu\u2019avec un c\u00e2ble \u00e0 puissance constante. Permet d\u2019alimenter le\u00a0syst\u00e8me uniquement lorsque une temp\u00e9rature basse et des surfaces humides (neige &#8211;\u00a0glace etc.) sont pr\u00e9sents en m\u00eame temps.<\/p>\n","protected":false},"excerpt":{"rendered":"<p>Centralina C2000 Unit\u00e8 de c\u00f4ntrole de temp\u00e9rature et d&rsquo;humidit\u00e9 L\u2019unit\u00e9 C 2000 et les capteurs relatifs sont adapt\u00e9s aussi bien pour les tra\u00e7ages avec des\u00a0c\u00e2bles autor\u00e9gulants, qu\u2019avec un c\u00e2ble \u00e0<span class=\"excerpt-hellip\"> [\u2026]<\/span><\/p>\n","protected":false},"featured_media":1871,"template":"","meta":[],"product_cat":[161,382],"product_tag":[],"yoast_head":"<!-- This site is optimized with the Yoast SEO plugin v22.7 - https:\/\/yoast.com\/wordpress\/plugins\/seo\/ -->\n<title>Unit\u00e8 de c\u00f4ntrole de temp\u00e9rature et d&#039;humidit\u00e9 | Raytech<\/title>\n<meta name=\"robots\" content=\"index, follow, max-snippet:-1, max-image-preview:large, max-video-preview:-1\" \/>\n<link rel=\"canonical\" href=\"https:\/\/svilupporaytech.com\/fr\/produit\/cables-chauffants\/accessoires\/unite-de-controle-de-temperature-et-dhumidite\/\" \/>\n<meta property=\"og:locale\" content=\"fr_FR\" \/>\n<meta property=\"og:type\" content=\"article\" \/>\n<meta property=\"og:title\" content=\"Unit\u00e8 de c\u00f4ntrole de temp\u00e9rature et d&#039;humidit\u00e9 | Raytech\" \/>\n<meta property=\"og:description\" content=\"Centralina C2000 Unit\u00e8 de c\u00f4ntrole de temp\u00e9rature et d&rsquo;humidit\u00e9 L\u2019unit\u00e9 C 2000 et les capteurs relatifs sont adapt\u00e9s aussi bien pour les tra\u00e7ages avec des\u00a0c\u00e2bles autor\u00e9gulants, qu\u2019avec un c\u00e2ble \u00e0 [\u2026]\" \/>\n<meta property=\"og:url\" content=\"https:\/\/svilupporaytech.com\/fr\/produit\/cables-chauffants\/accessoires\/unite-de-controle-de-temperature-et-dhumidite\/\" \/>\n<meta property=\"og:site_name\" content=\"Raytech\" \/>\n<meta property=\"og:image\" content=\"https:\/\/svilupporaytech.com\/wp-content\/uploads\/Centralina-C2000.jpg\" \/>\n\t<meta property=\"og:image:width\" content=\"500\" \/>\n\t<meta property=\"og:image:height\" content=\"500\" \/>\n\t<meta property=\"og:image:type\" content=\"image\/jpeg\" \/>\n<meta name=\"twitter:card\" content=\"summary_large_image\" \/>\n<script type=\"application\/ld+json\" class=\"yoast-schema-graph\">{\"@context\":\"https:\/\/schema.org\",\"@graph\":[{\"@type\":\"WebPage\",\"@id\":\"https:\/\/svilupporaytech.com\/fr\/produit\/cables-chauffants\/accessoires\/unite-de-controle-de-temperature-et-dhumidite\/\",\"url\":\"https:\/\/svilupporaytech.com\/fr\/produit\/cables-chauffants\/accessoires\/unite-de-controle-de-temperature-et-dhumidite\/\",\"name\":\"Unit\u00e8 de c\u00f4ntrole de temp\u00e9rature et d'humidit\u00e9 | Raytech\",\"isPartOf\":{\"@id\":\"https:\/\/svilupporaytech.com\/#website\"},\"primaryImageOfPage\":{\"@id\":\"https:\/\/svilupporaytech.com\/fr\/produit\/cables-chauffants\/accessoires\/unite-de-controle-de-temperature-et-dhumidite\/#primaryimage\"},\"image\":{\"@id\":\"https:\/\/svilupporaytech.com\/fr\/produit\/cables-chauffants\/accessoires\/unite-de-controle-de-temperature-et-dhumidite\/#primaryimage\"},\"thumbnailUrl\":\"https:\/\/svilupporaytech.com\/wp-content\/uploads\/Centralina-C2000.jpg\",\"datePublished\":\"2016-01-05T17:25:05+00:00\",\"dateModified\":\"2016-01-05T17:25:05+00:00\",\"breadcrumb\":{\"@id\":\"https:\/\/svilupporaytech.com\/fr\/produit\/cables-chauffants\/accessoires\/unite-de-controle-de-temperature-et-dhumidite\/#breadcrumb\"},\"inLanguage\":\"fr-FR\",\"potentialAction\":[{\"@type\":\"ReadAction\",\"target\":[\"https:\/\/svilupporaytech.com\/fr\/produit\/cables-chauffants\/accessoires\/unite-de-controle-de-temperature-et-dhumidite\/\"]}]},{\"@type\":\"ImageObject\",\"inLanguage\":\"fr-FR\",\"@id\":\"https:\/\/svilupporaytech.com\/fr\/produit\/cables-chauffants\/accessoires\/unite-de-controle-de-temperature-et-dhumidite\/#primaryimage\",\"url\":\"https:\/\/svilupporaytech.com\/wp-content\/uploads\/Centralina-C2000.jpg\",\"contentUrl\":\"https:\/\/svilupporaytech.com\/wp-content\/uploads\/Centralina-C2000.jpg\",\"width\":500,\"height\":500},{\"@type\":\"BreadcrumbList\",\"@id\":\"https:\/\/svilupporaytech.com\/fr\/produit\/cables-chauffants\/accessoires\/unite-de-controle-de-temperature-et-dhumidite\/#breadcrumb\",\"itemListElement\":[{\"@type\":\"ListItem\",\"position\":1,\"name\":\"Home\",\"item\":\"https:\/\/svilupporaytech.com\/fr\/\"},{\"@type\":\"ListItem\",\"position\":2,\"name\":\"Boutique\",\"item\":\"https:\/\/svilupporaytech.com\/fr\/boutique\/\"},{\"@type\":\"ListItem\",\"position\":3,\"name\":\"Unit\u00e8 de c\u00f4ntrole de temp\u00e9rature et d&#8217;humidit\u00e9\"}]},{\"@type\":\"WebSite\",\"@id\":\"https:\/\/svilupporaytech.com\/#website\",\"url\":\"https:\/\/svilupporaytech.com\/\",\"name\":\"Raytech\",\"description\":\"Cable accessories company\",\"potentialAction\":[{\"@type\":\"SearchAction\",\"target\":{\"@type\":\"EntryPoint\",\"urlTemplate\":\"https:\/\/svilupporaytech.com\/?s={search_term_string}\"},\"query-input\":\"required name=search_term_string\"}],\"inLanguage\":\"fr-FR\"}]}<\/script>\n<!-- \/ Yoast SEO plugin. -->","yoast_head_json":{"title":"Unit\u00e8 de c\u00f4ntrole de temp\u00e9rature et d'humidit\u00e9 | Raytech","robots":{"index":"index","follow":"follow","max-snippet":"max-snippet:-1","max-image-preview":"max-image-preview:large","max-video-preview":"max-video-preview:-1"},"canonical":"https:\/\/svilupporaytech.com\/fr\/produit\/cables-chauffants\/accessoires\/unite-de-controle-de-temperature-et-dhumidite\/","og_locale":"fr_FR","og_type":"article","og_title":"Unit\u00e8 de c\u00f4ntrole de temp\u00e9rature et d'humidit\u00e9 | Raytech","og_description":"Centralina C2000 Unit\u00e8 de c\u00f4ntrole de temp\u00e9rature et d&rsquo;humidit\u00e9 L\u2019unit\u00e9 C 2000 et les capteurs relatifs sont adapt\u00e9s aussi bien pour les tra\u00e7ages avec des\u00a0c\u00e2bles autor\u00e9gulants, qu\u2019avec un c\u00e2ble \u00e0 [\u2026]","og_url":"https:\/\/svilupporaytech.com\/fr\/produit\/cables-chauffants\/accessoires\/unite-de-controle-de-temperature-et-dhumidite\/","og_site_name":"Raytech","og_image":[{"width":500,"height":500,"url":"https:\/\/svilupporaytech.com\/wp-content\/uploads\/Centralina-C2000.jpg","type":"image\/jpeg"}],"twitter_card":"summary_large_image","schema":{"@context":"https:\/\/schema.org","@graph":[{"@type":"WebPage","@id":"https:\/\/svilupporaytech.com\/fr\/produit\/cables-chauffants\/accessoires\/unite-de-controle-de-temperature-et-dhumidite\/","url":"https:\/\/svilupporaytech.com\/fr\/produit\/cables-chauffants\/accessoires\/unite-de-controle-de-temperature-et-dhumidite\/","name":"Unit\u00e8 de c\u00f4ntrole de temp\u00e9rature et d'humidit\u00e9 | Raytech","isPartOf":{"@id":"https:\/\/svilupporaytech.com\/#website"},"primaryImageOfPage":{"@id":"https:\/\/svilupporaytech.com\/fr\/produit\/cables-chauffants\/accessoires\/unite-de-controle-de-temperature-et-dhumidite\/#primaryimage"},"image":{"@id":"https:\/\/svilupporaytech.com\/fr\/produit\/cables-chauffants\/accessoires\/unite-de-controle-de-temperature-et-dhumidite\/#primaryimage"},"thumbnailUrl":"https:\/\/svilupporaytech.com\/wp-content\/uploads\/Centralina-C2000.jpg","datePublished":"2016-01-05T17:25:05+00:00","dateModified":"2016-01-05T17:25:05+00:00","breadcrumb":{"@id":"https:\/\/svilupporaytech.com\/fr\/produit\/cables-chauffants\/accessoires\/unite-de-controle-de-temperature-et-dhumidite\/#breadcrumb"},"inLanguage":"fr-FR","potentialAction":[{"@type":"ReadAction","target":["https:\/\/svilupporaytech.com\/fr\/produit\/cables-chauffants\/accessoires\/unite-de-controle-de-temperature-et-dhumidite\/"]}]},{"@type":"ImageObject","inLanguage":"fr-FR","@id":"https:\/\/svilupporaytech.com\/fr\/produit\/cables-chauffants\/accessoires\/unite-de-controle-de-temperature-et-dhumidite\/#primaryimage","url":"https:\/\/svilupporaytech.com\/wp-content\/uploads\/Centralina-C2000.jpg","contentUrl":"https:\/\/svilupporaytech.com\/wp-content\/uploads\/Centralina-C2000.jpg","width":500,"height":500},{"@type":"BreadcrumbList","@id":"https:\/\/svilupporaytech.com\/fr\/produit\/cables-chauffants\/accessoires\/unite-de-controle-de-temperature-et-dhumidite\/#breadcrumb","itemListElement":[{"@type":"ListItem","position":1,"name":"Home","item":"https:\/\/svilupporaytech.com\/fr\/"},{"@type":"ListItem","position":2,"name":"Boutique","item":"https:\/\/svilupporaytech.com\/fr\/boutique\/"},{"@type":"ListItem","position":3,"name":"Unit\u00e8 de c\u00f4ntrole de temp\u00e9rature et d&#8217;humidit\u00e9"}]},{"@type":"WebSite","@id":"https:\/\/svilupporaytech.com\/#website","url":"https:\/\/svilupporaytech.com\/","name":"Raytech","description":"Cable accessories company","potentialAction":[{"@type":"SearchAction","target":{"@type":"EntryPoint","urlTemplate":"https:\/\/svilupporaytech.com\/?s={search_term_string}"},"query-input":"required name=search_term_string"}],"inLanguage":"fr-FR"}]}},"_links":{"self":[{"href":"https:\/\/svilupporaytech.com\/fr\/wp-json\/wp\/v2\/product\/7509"}],"collection":[{"href":"https:\/\/svilupporaytech.com\/fr\/wp-json\/wp\/v2\/product"}],"about":[{"href":"https:\/\/svilupporaytech.com\/fr\/wp-json\/wp\/v2\/types\/product"}],"wp:featuredmedia":[{"embeddable":true,"href":"https:\/\/svilupporaytech.com\/fr\/wp-json\/wp\/v2\/media\/1871"}],"wp:attachment":[{"href":"https:\/\/svilupporaytech.com\/fr\/wp-json\/wp\/v2\/media?parent=7509"}],"wp:term":[{"taxonomy":"product_cat","embeddable":true,"href":"https:\/\/svilupporaytech.com\/fr\/wp-json\/wp\/v2\/product_cat?post=7509"},{"taxonomy":"product_tag","embeddable":true,"href":"https:\/\/svilupporaytech.com\/fr\/wp-json\/wp\/v2\/product_tag?post=7509"}],"curies":[{"name":"wp","href":"https:\/\/api.w.org\/{rel}","templated":true}]}}