{"id":8439,"date":"2015-01-12T15:41:57","date_gmt":"2015-01-12T15:41:57","guid":{"rendered":"http:\/\/raytech.it\/?page_id=8439&#038;lang=pt-pt"},"modified":"2019-08-26T13:09:46","modified_gmt":"2019-08-26T13:09:46","slug":"quem-somos","status":"publish","type":"page","link":"https:\/\/svilupporaytech.com\/pt-pt\/quem-somos\/","title":{"rendered":"Quem somos"},"content":{"rendered":"<div class=\"wpb-content-wrapper\"><p>[vc_row][vc_column][vc_custom_heading text=&#8221;Raytech, 25 anos de pesquisa de desenvolvimento&#8221; font_container=&#8221;tag:h1|font_size:32px|text_align:left|color:%23e30613|line_height:38px&#8221; use_theme_fonts=&#8221;yes&#8221; css=&#8221;.vc_custom_1566815812597{margin-bottom: 30px !important;}&#8221;][vc_row_inner css=&#8221;.vc_custom_1566477115710{padding-bottom: 30px !important;}&#8221;][vc_column_inner width=&#8221;1\/4&#8243;][vc_single_image image=&#8221;18690&#8243; img_size=&#8221;full&#8221; add_caption=&#8221;yes&#8221; alignment=&#8221;center&#8221;][vc_single_image image=&#8221;18697&#8243; img_size=&#8221;full&#8221; add_caption=&#8221;yes&#8221; alignment=&#8221;center&#8221; css=&#8221;.vc_custom_1566827223848{margin-top: 30px !important;}&#8221;][\/vc_column_inner][vc_column_inner width=&#8221;3\/4&#8243;][vc_column_text]Situada nos arredores de Mil\u00e3o, a\u00a0\u00e1rea econ\u00f3mico-financeira mais importante\u00a0de It\u00e1lia, a\u00a0<em><span style=\"color: #ff0000;\"><strong>Raytech<\/strong><\/span>\u00a0<\/em>\u00e9 a n\u00edvel\u00a0produtivo\u00a0<strong>a sociedade com a mais ampla gama de acess\u00f3rios e componentes para cabos el\u00e9tricos\u00a0<\/strong>do\u00a0mundo.<\/p>\n<p>A paix\u00e3o pela desenvolvimento e\u00a0inova\u00e7\u00e3o permitiram \u00e0 Raytech evoluir\u00a0e adequar-se \u00e0s exig\u00eancias e \u00e0s\u00a0normas de um mercado nacional e\u00a0internacional constantemente em\u00a0expans\u00e3o e aceitar o desafio de satisfazer\u00a0e surpreender o utilizador final\u00a0com produtos novos ou melhorias\u00a0de produtos j\u00e1 existentes, em prazos\u00a0extremamente r\u00e1pidos, sem nunca\u00a0economizar\u00a0<strong>num sistema qualitativo escrupuloso que distingue\u00a0desde sempre o \u00e2mbito produtivo.<\/strong><\/p>\n<p>As performances t\u00e9cnicas dos produtos\u00a0Raytech s\u00e3o testadas e certificadas\u00a0dentro do nosso laborat\u00f3rio\u00a0para garantir a m\u00e1xima fiabilidade aos\u00a0instaladores mais exigentes, que podem\u00a0encontrar os nossos artigos em\u00a0<strong>36 pa\u00edses no mundo<\/strong>, gra\u00e7as a uma\u00a0rede de distribui\u00e7\u00e3o consolidada\u00a0e altamente qualificada.<\/p>\n<p>Num mercado cada vez mais\u00a0r\u00e1pido e competitivo, a Raytech \u00e9\u00a0conhecida como percursora das\u00a0<strong>melhores\u00a0<\/strong>e\u00a0<strong>mais inventivas tecnologias<\/strong>,\u00a0pela integridade e pela paix\u00e3o\u00a0que s\u00e3o as bases da sua atividade\u00a0com mais de vinte anos.[\/vc_column_text][\/vc_column_inner][\/vc_row_inner][\/vc_column][\/vc_row]<\/p>\n<\/div>","protected":false},"excerpt":{"rendered":"<p>[vc_row][vc_column][vc_custom_heading text=&#8221;Raytech, 25 anos de pesquisa de desenvolvimento&#8221; font_container=&#8221;tag:h1|font_size:32px|text_align:left|color:%23e30613|line_height:38px&#8221; use_theme_fonts=&#8221;yes&#8221; css=&#8221;.vc_custom_1566815812597{margin-bottom: 30px !important;}&#8221;][vc_row_inner css=&#8221;.vc_custom_1566477115710{padding-bottom: 30px !important;}&#8221;][vc_column_inner width=&#8221;1\/4&#8243;][vc_single_image image=&#8221;18690&#8243; img_size=&#8221;full&#8221; add_caption=&#8221;yes&#8221; alignment=&#8221;center&#8221;][vc_single_image image=&#8221;18697&#8243; img_size=&#8221;full&#8221; add_caption=&#8221;yes&#8221; alignment=&#8221;center&#8221; css=&#8221;.vc_custom_1566827223848{margin-top: 30px !important;}&#8221;][\/vc_column_inner][vc_column_inner width=&#8221;3\/4&#8243;][vc_column_text]Situada nos<span class=\"excerpt-hellip\"> [\u2026]<\/span><\/p>\n","protected":false},"author":1,"featured_media":0,"parent":0,"menu_order":0,"comment_status":"closed","ping_status":"open","template":"","meta":{"footnotes":""},"yoast_head":"<!-- This site is optimized with the Yoast SEO plugin v22.7 - https:\/\/yoast.com\/wordpress\/plugins\/seo\/ -->\n<title>Quem somos | Raytech<\/title>\n<meta name=\"robots\" content=\"index, follow, max-snippet:-1, max-image-preview:large, max-video-preview:-1\" \/>\n<link rel=\"canonical\" href=\"https:\/\/svilupporaytech.com\/pt-pt\/quem-somos\/\" \/>\n<meta property=\"og:locale\" content=\"pt_PT\" \/>\n<meta property=\"og:type\" content=\"article\" \/>\n<meta property=\"og:title\" content=\"Quem somos | Raytech\" \/>\n<meta property=\"og:description\" content=\"[vc_row][vc_column][vc_custom_heading text=&#8221;Raytech, 25 anos de pesquisa de desenvolvimento&#8221; font_container=&#8221;tag:h1|font_size:32px|text_align:left|color:%23e30613|line_height:38px&#8221; use_theme_fonts=&#8221;yes&#8221; css=&#8221;.vc_custom_1566815812597{margin-bottom: 30px !important;}&#8221;][vc_row_inner css=&#8221;.vc_custom_1566477115710{padding-bottom: 30px !important;}&#8221;][vc_column_inner width=&#8221;1\/4&#8243;][vc_single_image image=&#8221;18690&#8243; img_size=&#8221;full&#8221; add_caption=&#8221;yes&#8221; alignment=&#8221;center&#8221;][vc_single_image image=&#8221;18697&#8243; img_size=&#8221;full&#8221; add_caption=&#8221;yes&#8221; alignment=&#8221;center&#8221; css=&#8221;.vc_custom_1566827223848{margin-top: 30px !important;}&#8221;][\/vc_column_inner][vc_column_inner width=&#8221;3\/4&#8243;][vc_column_text]Situada nos [\u2026]\" \/>\n<meta property=\"og:url\" content=\"https:\/\/svilupporaytech.com\/pt-pt\/quem-somos\/\" \/>\n<meta property=\"og:site_name\" content=\"Raytech\" \/>\n<meta property=\"article:modified_time\" content=\"2019-08-26T13:09:46+00:00\" \/>\n<meta property=\"og:image\" content=\"https:\/\/svilupporaytech.com\/wp-content\/uploads\/logo_raytech.png\" \/>\n\t<meta property=\"og:image:width\" content=\"188\" \/>\n\t<meta property=\"og:image:height\" content=\"101\" \/>\n\t<meta property=\"og:image:type\" content=\"image\/png\" \/>\n<meta name=\"twitter:card\" content=\"summary_large_image\" \/>\n<meta name=\"twitter:label1\" content=\"Tempo estimado de leitura\" \/>\n\t<meta name=\"twitter:data1\" content=\"2 minutos\" \/>\n<script type=\"application\/ld+json\" class=\"yoast-schema-graph\">{\"@context\":\"https:\/\/schema.org\",\"@graph\":[{\"@type\":\"WebPage\",\"@id\":\"https:\/\/svilupporaytech.com\/pt-pt\/quem-somos\/\",\"url\":\"https:\/\/svilupporaytech.com\/pt-pt\/quem-somos\/\",\"name\":\"Quem somos | Raytech\",\"isPartOf\":{\"@id\":\"https:\/\/svilupporaytech.com\/#website\"},\"datePublished\":\"2015-01-12T15:41:57+00:00\",\"dateModified\":\"2019-08-26T13:09:46+00:00\",\"breadcrumb\":{\"@id\":\"https:\/\/svilupporaytech.com\/pt-pt\/quem-somos\/#breadcrumb\"},\"inLanguage\":\"pt-PT\",\"potentialAction\":[{\"@type\":\"ReadAction\",\"target\":[\"https:\/\/svilupporaytech.com\/pt-pt\/quem-somos\/\"]}]},{\"@type\":\"BreadcrumbList\",\"@id\":\"https:\/\/svilupporaytech.com\/pt-pt\/quem-somos\/#breadcrumb\",\"itemListElement\":[{\"@type\":\"ListItem\",\"position\":1,\"name\":\"Home\",\"item\":\"https:\/\/svilupporaytech.com\/pt-pt\/\"},{\"@type\":\"ListItem\",\"position\":2,\"name\":\"Quem somos\"}]},{\"@type\":\"WebSite\",\"@id\":\"https:\/\/svilupporaytech.com\/#website\",\"url\":\"https:\/\/svilupporaytech.com\/\",\"name\":\"Raytech\",\"description\":\"Cable accessories company\",\"potentialAction\":[{\"@type\":\"SearchAction\",\"target\":{\"@type\":\"EntryPoint\",\"urlTemplate\":\"https:\/\/svilupporaytech.com\/?s={search_term_string}\"},\"query-input\":\"required name=search_term_string\"}],\"inLanguage\":\"pt-PT\"}]}<\/script>\n<!-- \/ Yoast SEO plugin. -->","yoast_head_json":{"title":"Quem somos | Raytech","robots":{"index":"index","follow":"follow","max-snippet":"max-snippet:-1","max-image-preview":"max-image-preview:large","max-video-preview":"max-video-preview:-1"},"canonical":"https:\/\/svilupporaytech.com\/pt-pt\/quem-somos\/","og_locale":"pt_PT","og_type":"article","og_title":"Quem somos | Raytech","og_description":"[vc_row][vc_column][vc_custom_heading text=&#8221;Raytech, 25 anos de pesquisa de desenvolvimento&#8221; font_container=&#8221;tag:h1|font_size:32px|text_align:left|color:%23e30613|line_height:38px&#8221; use_theme_fonts=&#8221;yes&#8221; css=&#8221;.vc_custom_1566815812597{margin-bottom: 30px !important;}&#8221;][vc_row_inner css=&#8221;.vc_custom_1566477115710{padding-bottom: 30px !important;}&#8221;][vc_column_inner width=&#8221;1\/4&#8243;][vc_single_image image=&#8221;18690&#8243; img_size=&#8221;full&#8221; add_caption=&#8221;yes&#8221; alignment=&#8221;center&#8221;][vc_single_image image=&#8221;18697&#8243; img_size=&#8221;full&#8221; add_caption=&#8221;yes&#8221; alignment=&#8221;center&#8221; css=&#8221;.vc_custom_1566827223848{margin-top: 30px !important;}&#8221;][\/vc_column_inner][vc_column_inner width=&#8221;3\/4&#8243;][vc_column_text]Situada nos [\u2026]","og_url":"https:\/\/svilupporaytech.com\/pt-pt\/quem-somos\/","og_site_name":"Raytech","article_modified_time":"2019-08-26T13:09:46+00:00","og_image":[{"width":188,"height":101,"url":"https:\/\/svilupporaytech.com\/wp-content\/uploads\/logo_raytech.png","type":"image\/png"}],"twitter_card":"summary_large_image","twitter_misc":{"Tempo estimado de leitura":"2 minutos"},"schema":{"@context":"https:\/\/schema.org","@graph":[{"@type":"WebPage","@id":"https:\/\/svilupporaytech.com\/pt-pt\/quem-somos\/","url":"https:\/\/svilupporaytech.com\/pt-pt\/quem-somos\/","name":"Quem somos | Raytech","isPartOf":{"@id":"https:\/\/svilupporaytech.com\/#website"},"datePublished":"2015-01-12T15:41:57+00:00","dateModified":"2019-08-26T13:09:46+00:00","breadcrumb":{"@id":"https:\/\/svilupporaytech.com\/pt-pt\/quem-somos\/#breadcrumb"},"inLanguage":"pt-PT","potentialAction":[{"@type":"ReadAction","target":["https:\/\/svilupporaytech.com\/pt-pt\/quem-somos\/"]}]},{"@type":"BreadcrumbList","@id":"https:\/\/svilupporaytech.com\/pt-pt\/quem-somos\/#breadcrumb","itemListElement":[{"@type":"ListItem","position":1,"name":"Home","item":"https:\/\/svilupporaytech.com\/pt-pt\/"},{"@type":"ListItem","position":2,"name":"Quem somos"}]},{"@type":"WebSite","@id":"https:\/\/svilupporaytech.com\/#website","url":"https:\/\/svilupporaytech.com\/","name":"Raytech","description":"Cable accessories company","potentialAction":[{"@type":"SearchAction","target":{"@type":"EntryPoint","urlTemplate":"https:\/\/svilupporaytech.com\/?s={search_term_string}"},"query-input":"required name=search_term_string"}],"inLanguage":"pt-PT"}]}},"_links":{"self":[{"href":"https:\/\/svilupporaytech.com\/pt-pt\/wp-json\/wp\/v2\/pages\/8439"}],"collection":[{"href":"https:\/\/svilupporaytech.com\/pt-pt\/wp-json\/wp\/v2\/pages"}],"about":[{"href":"https:\/\/svilupporaytech.com\/pt-pt\/wp-json\/wp\/v2\/types\/page"}],"author":[{"embeddable":true,"href":"https:\/\/svilupporaytech.com\/pt-pt\/wp-json\/wp\/v2\/users\/1"}],"replies":[{"embeddable":true,"href":"https:\/\/svilupporaytech.com\/pt-pt\/wp-json\/wp\/v2\/comments?post=8439"}],"version-history":[{"count":0,"href":"https:\/\/svilupporaytech.com\/pt-pt\/wp-json\/wp\/v2\/pages\/8439\/revisions"}],"wp:attachment":[{"href":"https:\/\/svilupporaytech.com\/pt-pt\/wp-json\/wp\/v2\/media?parent=8439"}],"curies":[{"name":"wp","href":"https:\/\/api.w.org\/{rel}","templated":true}]}}