{"id":8442,"date":"2015-09-17T08:41:32","date_gmt":"2015-09-17T08:41:32","guid":{"rendered":"http:\/\/raytech.it\/?page_id=8442&#038;lang=pt-pt"},"modified":"2023-12-13T13:30:12","modified_gmt":"2023-12-13T12:30:12","slug":"empresa-2","status":"publish","type":"page","link":"https:\/\/svilupporaytech.com\/pt-pt\/quem-somos\/empresa-2\/","title":{"rendered":"Empresa"},"content":{"rendered":"<div class=\"wpb-content-wrapper\"><p>[vc_row css=&#8221;.vc_custom_1564757943622{margin-bottom: 20px !important;}&#8221;][vc_column][vc_custom_heading text=&#8221;Raytech, 25 anos de pesquisa e desenvolvimento&#8221; font_container=&#8221;tag:h1|font_size:32px|text_align:left|color:%23e30613|line_height:38px&#8221; use_theme_fonts=&#8221;yes&#8221; css=&#8221;.vc_custom_1566815596695{margin-bottom: 30px !important;}&#8221;][vc_row_inner][vc_column_inner width=&#8221;1\/4&#8243;][vc_single_image image=&#8221;34716&#8243; img_size=&#8221;full&#8221; add_caption=&#8221;yes&#8221; alignment=&#8221;center&#8221;][vc_btn title=&#8221;Descarregar a certifica\u00e7\u00e3o&#8221; style=&#8221;custom&#8221; custom_background=&#8221;#e30613&#8243; custom_text=&#8221;#ffffff&#8221; shape=&#8221;square&#8221; align=&#8221;center&#8221; i_align=&#8221;right&#8221; i_icon_fontawesome=&#8221;fa fa-file-pdf-o&#8221; add_icon=&#8221;true&#8221; link=&#8221;url:https%3A%2F%2Fwww.raytech.it%2Fwp-content%2Fuploads%2Fraytech-srl-ecovadis-rating-certificate-2023-12-13-eng.pdf||target:%20_blank|&#8221; css=&#8221;.vc_custom_1702470593372{margin-top: 30px !important;margin-bottom: 60px !important;}&#8221;][vc_single_image image=&#8221;18690&#8243; img_size=&#8221;full&#8221; add_caption=&#8221;yes&#8221; alignment=&#8221;center&#8221; css=&#8221;.vc_custom_1702470489561{margin-top: 60px !important;}&#8221;][\/vc_column_inner][vc_column_inner width=&#8221;3\/4&#8243;][vc_column_text]Situada nos arredores de Mil\u00e3o, a\u00a0\u00e1rea econ\u00f3mico-financeira mais importante\u00a0de It\u00e1lia, a\u00a0<em><span style=\"color: #ff0000;\"><strong>Raytech<\/strong><\/span>\u00a0<\/em>\u00e9 a n\u00edvel\u00a0produtivo\u00a0<strong>a sociedade com a mais\u00a0ampla gama de acess\u00f3rios e componentes\u00a0para cabos el\u00e9tricos<\/strong>do\u00a0mundo.<\/p>\n<p>A paix\u00e3o pela desenvolvimento e\u00a0inova\u00e7\u00e3o permitiram \u00e0 Raytech evoluir\u00a0e adequar-se \u00e0s exig\u00eancias e \u00e0s\u00a0normas de um mercado nacional e\u00a0internacional constantemente em\u00a0expans\u00e3o e aceitar o desafio de satisfazer\u00a0e surpreender o utilizador final\u00a0com produtos novos ou melhorias\u00a0de produtos j\u00e1 existentes, em prazos\u00a0extremamente r\u00e1pidos, sem nunca\u00a0economizar\u00a0<strong>num sistema qualitativo escrupuloso que distingue\u00a0desde sempre o \u00e2mbito produtivo.<\/strong><\/p>\n<p>As performances t\u00e9cnicas dos produtos\u00a0Raytech s\u00e3o testadas e certificadas\u00a0dentro do nosso laborat\u00f3rio\u00a0para garantir a m\u00e1xima fiabilidade aos\u00a0instaladores mais exigentes, que podem\u00a0encontrar os nossos artigos em\u00a0<strong>36 pa\u00edses no mundo<\/strong>, gra\u00e7as a uma\u00a0rede de distribui\u00e7\u00e3o consolidada\u00a0e altamente qualificada.<\/p>\n<p>Num mercado cada vez mais\u00a0r\u00e1pido e competitivo, a Raytech \u00e9\u00a0conhecida como percursora das\u00a0<strong>melhores\u00a0<\/strong>e\u00a0<strong>mais inventivas tecnologias<\/strong>,\u00a0pela integridade e pela paix\u00e3o\u00a0que s\u00e3o as bases da sua atividade\u00a0com mais de vinte anos.[\/vc_column_text][vc_column_text css=&#8221;.vc_custom_1566479965161{margin-top: 50px !important;}&#8221;]A\u00a0<strong>qualidade<\/strong>\u00a0da empresa e dos produtos\u00a0<strong>Raytech<\/strong>\u00a0\u00e9 suportada pelos principais organismos de certifica\u00e7\u00e3o[\/vc_column_text][vc_separator css=&#8221;.vc_custom_1564757906154{margin-top: 20px !important;margin-bottom: 20px !important;}&#8221;][vc_column_text el_class=&#8221;logo_gallery&#8221; css=&#8221;.vc_custom_1697719258045{margin-top: 20px !important;}&#8221;]<div class=\"column one-fourth\"><img loading=\"lazy\" decoding=\"async\" class=\"alignleft size-full wp-image-18728\" src=\"https:\/\/svilupporaytech.com\/wp-content\/uploads\/imq-retina.jpg\" alt=\"Certifica\u00e7\u00e3o IMQ\" width=\"150\" height=\"150\" srcset=\"https:\/\/svilupporaytech.com\/wp-content\/uploads\/imq-retina.jpg 300w, https:\/\/svilupporaytech.com\/wp-content\/uploads\/imq-retina-150x150.jpg 150w, https:\/\/svilupporaytech.com\/wp-content\/uploads\/imq-retina-146x146.jpg 146w, https:\/\/svilupporaytech.com\/wp-content\/uploads\/imq-retina-50x50.jpg 50w, https:\/\/svilupporaytech.com\/wp-content\/uploads\/imq-retina-75x75.jpg 75w, https:\/\/svilupporaytech.com\/wp-content\/uploads\/imq-retina-85x85.jpg 85w, https:\/\/svilupporaytech.com\/wp-content\/uploads\/imq-retina-80x80.jpg 80w\" sizes=\"(max-width: 150px) 100vw, 150px\" \/><\/div>\n<div class=\"column one-fourth\"><img loading=\"lazy\" decoding=\"async\" class=\"alignleft size-full wp-image-23001\" src=\"https:\/\/svilupporaytech.com\/wp-content\/uploads\/csq-iso45001.jpg\" alt=\"Certifica\u00e7\u00e3o CSQ ISO 45001\" width=\"150\" height=\"150\" srcset=\"https:\/\/svilupporaytech.com\/wp-content\/uploads\/csq-iso45001.jpg 150w, https:\/\/svilupporaytech.com\/wp-content\/uploads\/csq-iso45001-146x146.jpg 146w, https:\/\/svilupporaytech.com\/wp-content\/uploads\/csq-iso45001-50x50.jpg 50w, https:\/\/svilupporaytech.com\/wp-content\/uploads\/csq-iso45001-75x75.jpg 75w, https:\/\/svilupporaytech.com\/wp-content\/uploads\/csq-iso45001-85x85.jpg 85w, https:\/\/svilupporaytech.com\/wp-content\/uploads\/csq-iso45001-80x80.jpg 80w\" sizes=\"(max-width: 150px) 100vw, 150px\" \/><\/div>\n<div class=\"column one-fourth\"><img loading=\"lazy\" decoding=\"async\" class=\"alignleft size-full wp-image-23008\" src=\"https:\/\/svilupporaytech.com\/wp-content\/uploads\/logo-iqnet.jpg\" alt=\"Certifica\u00e7\u00e3o IQNet\" width=\"150\" height=\"150\" srcset=\"https:\/\/svilupporaytech.com\/wp-content\/uploads\/logo-iqnet.jpg 150w, https:\/\/svilupporaytech.com\/wp-content\/uploads\/logo-iqnet-146x146.jpg 146w, https:\/\/svilupporaytech.com\/wp-content\/uploads\/logo-iqnet-50x50.jpg 50w, https:\/\/svilupporaytech.com\/wp-content\/uploads\/logo-iqnet-75x75.jpg 75w, https:\/\/svilupporaytech.com\/wp-content\/uploads\/logo-iqnet-85x85.jpg 85w, https:\/\/svilupporaytech.com\/wp-content\/uploads\/logo-iqnet-80x80.jpg 80w\" sizes=\"(max-width: 150px) 100vw, 150px\" \/><\/div>\n<div class=\"column one-fourth\"><img loading=\"lazy\" decoding=\"async\" class=\"alignleft size-full wp-image-22994\" src=\"https:\/\/svilupporaytech.com\/wp-content\/uploads\/csq-iso9001.jpg\" alt=\"Certifica\u00e7\u00e3o CSQ ISO 9001\" width=\"150\" height=\"150\" srcset=\"https:\/\/svilupporaytech.com\/wp-content\/uploads\/csq-iso9001.jpg 150w, https:\/\/svilupporaytech.com\/wp-content\/uploads\/csq-iso9001-146x146.jpg 146w, https:\/\/svilupporaytech.com\/wp-content\/uploads\/csq-iso9001-50x50.jpg 50w, https:\/\/svilupporaytech.com\/wp-content\/uploads\/csq-iso9001-75x75.jpg 75w, https:\/\/svilupporaytech.com\/wp-content\/uploads\/csq-iso9001-85x85.jpg 85w, https:\/\/svilupporaytech.com\/wp-content\/uploads\/csq-iso9001-80x80.jpg 80w\" sizes=\"(max-width: 150px) 100vw, 150px\" \/><\/div>\n<div class=\"column one-fourth\"><img loading=\"lazy\" decoding=\"async\" class=\"alignleft size-full wp-image-18742\" src=\"https:\/\/svilupporaytech.com\/wp-content\/uploads\/rse-retina.jpg\" alt=\"Certifica\u00e7\u00e3o RSE\" width=\"150\" height=\"150\" srcset=\"https:\/\/svilupporaytech.com\/wp-content\/uploads\/rse-retina.jpg 300w, https:\/\/svilupporaytech.com\/wp-content\/uploads\/rse-retina-150x150.jpg 150w, https:\/\/svilupporaytech.com\/wp-content\/uploads\/rse-retina-146x146.jpg 146w, https:\/\/svilupporaytech.com\/wp-content\/uploads\/rse-retina-50x50.jpg 50w, https:\/\/svilupporaytech.com\/wp-content\/uploads\/rse-retina-75x75.jpg 75w, https:\/\/svilupporaytech.com\/wp-content\/uploads\/rse-retina-85x85.jpg 85w, https:\/\/svilupporaytech.com\/wp-content\/uploads\/rse-retina-80x80.jpg 80w\" sizes=\"(max-width: 150px) 100vw, 150px\" \/><\/div>\n<div class=\"column one-fourth\"><img loading=\"lazy\" decoding=\"async\" class=\"alignleft size-full wp-image-18707\" src=\"https:\/\/svilupporaytech.com\/wp-content\/uploads\/bureau-retina.jpg\" alt=\"Certifica\u00e7\u00e3o Bureau Veritas\" width=\"150\" height=\"150\" srcset=\"https:\/\/svilupporaytech.com\/wp-content\/uploads\/bureau-retina.jpg 300w, https:\/\/svilupporaytech.com\/wp-content\/uploads\/bureau-retina-150x150.jpg 150w, https:\/\/svilupporaytech.com\/wp-content\/uploads\/bureau-retina-146x146.jpg 146w, https:\/\/svilupporaytech.com\/wp-content\/uploads\/bureau-retina-50x50.jpg 50w, https:\/\/svilupporaytech.com\/wp-content\/uploads\/bureau-retina-75x75.jpg 75w, https:\/\/svilupporaytech.com\/wp-content\/uploads\/bureau-retina-85x85.jpg 85w, https:\/\/svilupporaytech.com\/wp-content\/uploads\/bureau-retina-80x80.jpg 80w\" sizes=\"(max-width: 150px) 100vw, 150px\" \/><\/div>\n<div class=\"column one-fourth\"><img loading=\"lazy\" decoding=\"async\" class=\"alignleft size-full wp-image-18735\" src=\"https:\/\/svilupporaytech.com\/wp-content\/uploads\/kema-retina.jpg\" alt=\"Certifica\u00e7\u00e3o KEMA\" width=\"150\" height=\"150\" srcset=\"https:\/\/svilupporaytech.com\/wp-content\/uploads\/kema-retina-150x150.jpg 150w, https:\/\/svilupporaytech.com\/wp-content\/uploads\/kema-retina-85x85.jpg 85w, https:\/\/svilupporaytech.com\/wp-content\/uploads\/kema-retina-80x80.jpg 80w, https:\/\/svilupporaytech.com\/wp-content\/uploads\/kema-retina-300x300.jpg 300w\" sizes=\"(max-width: 150px) 100vw, 150px\" \/><\/div>\n<div class=\"column one-fourth\"><img loading=\"lazy\" decoding=\"async\" class=\"alignleft size-full wp-image-18721\" src=\"https:\/\/svilupporaytech.com\/wp-content\/uploads\/dekra-retina.jpg\" alt=\"Certifica\u00e7\u00e3o DEKRA\" width=\"150\" height=\"150\" srcset=\"https:\/\/svilupporaytech.com\/wp-content\/uploads\/dekra-retina-150x150.jpg 150w, https:\/\/svilupporaytech.com\/wp-content\/uploads\/dekra-retina-85x85.jpg 85w, https:\/\/svilupporaytech.com\/wp-content\/uploads\/dekra-retina-80x80.jpg 80w, https:\/\/svilupporaytech.com\/wp-content\/uploads\/dekra-retina-300x300.jpg 300w\" sizes=\"(max-width: 150px) 100vw, 150px\" \/><\/div>\n<div class=\"column one-fourth\"><img loading=\"lazy\" decoding=\"async\" class=\"alignleft size-full wp-image-18721\" src=\"https:\/\/svilupporaytech.com\/wp-content\/uploads\/csq-iso14001-v1.jpg\" alt=\"Certifica\u00e7\u00e3o CSQ ISO 14001\" width=\"150\" height=\"150\" \/><\/div>\n[\/vc_column_text][\/vc_column_inner][\/vc_row_inner][\/vc_column][\/vc_row]<\/p>\n<\/div>","protected":false},"excerpt":{"rendered":"<p>[vc_row css=&#8221;.vc_custom_1564757943622{margin-bottom: 20px !important;}&#8221;][vc_column][vc_custom_heading text=&#8221;Raytech, 25 anos de pesquisa e desenvolvimento&#8221; font_container=&#8221;tag:h1|font_size:32px|text_align:left|color:%23e30613|line_height:38px&#8221; use_theme_fonts=&#8221;yes&#8221; css=&#8221;.vc_custom_1566815596695{margin-bottom: 30px !important;}&#8221;][vc_row_inner][vc_column_inner width=&#8221;1\/4&#8243;][vc_single_image image=&#8221;34716&#8243; img_size=&#8221;full&#8221; add_caption=&#8221;yes&#8221; alignment=&#8221;center&#8221;][vc_btn title=&#8221;Descarregar a certifica\u00e7\u00e3o&#8221; style=&#8221;custom&#8221; custom_background=&#8221;#e30613&#8243; custom_text=&#8221;#ffffff&#8221; shape=&#8221;square&#8221; align=&#8221;center&#8221; i_align=&#8221;right&#8221;<span class=\"excerpt-hellip\"> [\u2026]<\/span><\/p>\n","protected":false},"author":1,"featured_media":0,"parent":8439,"menu_order":1,"comment_status":"closed","ping_status":"closed","template":"","meta":{"footnotes":""},"yoast_head":"<!-- This site is optimized with the Yoast SEO plugin v22.7 - https:\/\/yoast.com\/wordpress\/plugins\/seo\/ -->\n<title>Empresa | Raytech<\/title>\n<meta name=\"robots\" content=\"index, follow, max-snippet:-1, max-image-preview:large, max-video-preview:-1\" \/>\n<link rel=\"canonical\" href=\"https:\/\/svilupporaytech.com\/pt-pt\/quem-somos\/empresa-2\/\" \/>\n<meta property=\"og:locale\" content=\"pt_PT\" \/>\n<meta property=\"og:type\" content=\"article\" \/>\n<meta property=\"og:title\" content=\"Empresa | Raytech\" \/>\n<meta property=\"og:description\" content=\"[vc_row css=&#8221;.vc_custom_1564757943622{margin-bottom: 20px !important;}&#8221;][vc_column][vc_custom_heading text=&#8221;Raytech, 25 anos de pesquisa e desenvolvimento&#8221; font_container=&#8221;tag:h1|font_size:32px|text_align:left|color:%23e30613|line_height:38px&#8221; use_theme_fonts=&#8221;yes&#8221; css=&#8221;.vc_custom_1566815596695{margin-bottom: 30px !important;}&#8221;][vc_row_inner][vc_column_inner width=&#8221;1\/4&#8243;][vc_single_image image=&#8221;34716&#8243; img_size=&#8221;full&#8221; add_caption=&#8221;yes&#8221; alignment=&#8221;center&#8221;][vc_btn title=&#8221;Descarregar a certifica\u00e7\u00e3o&#8221; style=&#8221;custom&#8221; custom_background=&#8221;#e30613&#8243; custom_text=&#8221;#ffffff&#8221; shape=&#8221;square&#8221; align=&#8221;center&#8221; i_align=&#8221;right&#8221; [\u2026]\" \/>\n<meta property=\"og:url\" content=\"https:\/\/svilupporaytech.com\/pt-pt\/quem-somos\/empresa-2\/\" \/>\n<meta property=\"og:site_name\" content=\"Raytech\" \/>\n<meta property=\"article:modified_time\" content=\"2023-12-13T12:30:12+00:00\" \/>\n<meta property=\"og:image\" content=\"https:\/\/svilupporaytech.com\/wp-content\/uploads\/imq-retina.jpg\" \/>\n<meta name=\"twitter:card\" content=\"summary_large_image\" \/>\n<meta name=\"twitter:label1\" content=\"Tempo estimado de leitura\" \/>\n\t<meta name=\"twitter:data1\" content=\"3 minutos\" \/>\n<script type=\"application\/ld+json\" class=\"yoast-schema-graph\">{\"@context\":\"https:\/\/schema.org\",\"@graph\":[{\"@type\":\"WebPage\",\"@id\":\"https:\/\/svilupporaytech.com\/pt-pt\/quem-somos\/empresa-2\/\",\"url\":\"https:\/\/svilupporaytech.com\/pt-pt\/quem-somos\/empresa-2\/\",\"name\":\"Empresa | Raytech\",\"isPartOf\":{\"@id\":\"https:\/\/svilupporaytech.com\/#website\"},\"primaryImageOfPage\":{\"@id\":\"https:\/\/svilupporaytech.com\/pt-pt\/quem-somos\/empresa-2\/#primaryimage\"},\"image\":{\"@id\":\"https:\/\/svilupporaytech.com\/pt-pt\/quem-somos\/empresa-2\/#primaryimage\"},\"thumbnailUrl\":\"https:\/\/svilupporaytech.com\/wp-content\/uploads\/imq-retina.jpg\",\"datePublished\":\"2015-09-17T08:41:32+00:00\",\"dateModified\":\"2023-12-13T12:30:12+00:00\",\"breadcrumb\":{\"@id\":\"https:\/\/svilupporaytech.com\/pt-pt\/quem-somos\/empresa-2\/#breadcrumb\"},\"inLanguage\":\"pt-PT\",\"potentialAction\":[{\"@type\":\"ReadAction\",\"target\":[\"https:\/\/svilupporaytech.com\/pt-pt\/quem-somos\/empresa-2\/\"]}]},{\"@type\":\"ImageObject\",\"inLanguage\":\"pt-PT\",\"@id\":\"https:\/\/svilupporaytech.com\/pt-pt\/quem-somos\/empresa-2\/#primaryimage\",\"url\":\"https:\/\/svilupporaytech.com\/wp-content\/uploads\/imq-retina.jpg\",\"contentUrl\":\"https:\/\/svilupporaytech.com\/wp-content\/uploads\/imq-retina.jpg\"},{\"@type\":\"BreadcrumbList\",\"@id\":\"https:\/\/svilupporaytech.com\/pt-pt\/quem-somos\/empresa-2\/#breadcrumb\",\"itemListElement\":[{\"@type\":\"ListItem\",\"position\":1,\"name\":\"Home\",\"item\":\"https:\/\/svilupporaytech.com\/pt-pt\/\"},{\"@type\":\"ListItem\",\"position\":2,\"name\":\"Quem somos\",\"item\":\"https:\/\/svilupporaytech.com\/pt-pt\/quem-somos\/\"},{\"@type\":\"ListItem\",\"position\":3,\"name\":\"Empresa\"}]},{\"@type\":\"WebSite\",\"@id\":\"https:\/\/svilupporaytech.com\/#website\",\"url\":\"https:\/\/svilupporaytech.com\/\",\"name\":\"Raytech\",\"description\":\"Cable accessories company\",\"potentialAction\":[{\"@type\":\"SearchAction\",\"target\":{\"@type\":\"EntryPoint\",\"urlTemplate\":\"https:\/\/svilupporaytech.com\/?s={search_term_string}\"},\"query-input\":\"required name=search_term_string\"}],\"inLanguage\":\"pt-PT\"}]}<\/script>\n<!-- \/ Yoast SEO plugin. -->","yoast_head_json":{"title":"Empresa | Raytech","robots":{"index":"index","follow":"follow","max-snippet":"max-snippet:-1","max-image-preview":"max-image-preview:large","max-video-preview":"max-video-preview:-1"},"canonical":"https:\/\/svilupporaytech.com\/pt-pt\/quem-somos\/empresa-2\/","og_locale":"pt_PT","og_type":"article","og_title":"Empresa | Raytech","og_description":"[vc_row css=&#8221;.vc_custom_1564757943622{margin-bottom: 20px !important;}&#8221;][vc_column][vc_custom_heading text=&#8221;Raytech, 25 anos de pesquisa e desenvolvimento&#8221; font_container=&#8221;tag:h1|font_size:32px|text_align:left|color:%23e30613|line_height:38px&#8221; use_theme_fonts=&#8221;yes&#8221; css=&#8221;.vc_custom_1566815596695{margin-bottom: 30px !important;}&#8221;][vc_row_inner][vc_column_inner width=&#8221;1\/4&#8243;][vc_single_image image=&#8221;34716&#8243; img_size=&#8221;full&#8221; add_caption=&#8221;yes&#8221; alignment=&#8221;center&#8221;][vc_btn title=&#8221;Descarregar a certifica\u00e7\u00e3o&#8221; style=&#8221;custom&#8221; custom_background=&#8221;#e30613&#8243; custom_text=&#8221;#ffffff&#8221; shape=&#8221;square&#8221; align=&#8221;center&#8221; i_align=&#8221;right&#8221; [\u2026]","og_url":"https:\/\/svilupporaytech.com\/pt-pt\/quem-somos\/empresa-2\/","og_site_name":"Raytech","article_modified_time":"2023-12-13T12:30:12+00:00","og_image":[{"url":"https:\/\/svilupporaytech.com\/wp-content\/uploads\/imq-retina.jpg"}],"twitter_card":"summary_large_image","twitter_misc":{"Tempo estimado de leitura":"3 minutos"},"schema":{"@context":"https:\/\/schema.org","@graph":[{"@type":"WebPage","@id":"https:\/\/svilupporaytech.com\/pt-pt\/quem-somos\/empresa-2\/","url":"https:\/\/svilupporaytech.com\/pt-pt\/quem-somos\/empresa-2\/","name":"Empresa | Raytech","isPartOf":{"@id":"https:\/\/svilupporaytech.com\/#website"},"primaryImageOfPage":{"@id":"https:\/\/svilupporaytech.com\/pt-pt\/quem-somos\/empresa-2\/#primaryimage"},"image":{"@id":"https:\/\/svilupporaytech.com\/pt-pt\/quem-somos\/empresa-2\/#primaryimage"},"thumbnailUrl":"https:\/\/svilupporaytech.com\/wp-content\/uploads\/imq-retina.jpg","datePublished":"2015-09-17T08:41:32+00:00","dateModified":"2023-12-13T12:30:12+00:00","breadcrumb":{"@id":"https:\/\/svilupporaytech.com\/pt-pt\/quem-somos\/empresa-2\/#breadcrumb"},"inLanguage":"pt-PT","potentialAction":[{"@type":"ReadAction","target":["https:\/\/svilupporaytech.com\/pt-pt\/quem-somos\/empresa-2\/"]}]},{"@type":"ImageObject","inLanguage":"pt-PT","@id":"https:\/\/svilupporaytech.com\/pt-pt\/quem-somos\/empresa-2\/#primaryimage","url":"https:\/\/svilupporaytech.com\/wp-content\/uploads\/imq-retina.jpg","contentUrl":"https:\/\/svilupporaytech.com\/wp-content\/uploads\/imq-retina.jpg"},{"@type":"BreadcrumbList","@id":"https:\/\/svilupporaytech.com\/pt-pt\/quem-somos\/empresa-2\/#breadcrumb","itemListElement":[{"@type":"ListItem","position":1,"name":"Home","item":"https:\/\/svilupporaytech.com\/pt-pt\/"},{"@type":"ListItem","position":2,"name":"Quem somos","item":"https:\/\/svilupporaytech.com\/pt-pt\/quem-somos\/"},{"@type":"ListItem","position":3,"name":"Empresa"}]},{"@type":"WebSite","@id":"https:\/\/svilupporaytech.com\/#website","url":"https:\/\/svilupporaytech.com\/","name":"Raytech","description":"Cable accessories company","potentialAction":[{"@type":"SearchAction","target":{"@type":"EntryPoint","urlTemplate":"https:\/\/svilupporaytech.com\/?s={search_term_string}"},"query-input":"required name=search_term_string"}],"inLanguage":"pt-PT"}]}},"_links":{"self":[{"href":"https:\/\/svilupporaytech.com\/pt-pt\/wp-json\/wp\/v2\/pages\/8442"}],"collection":[{"href":"https:\/\/svilupporaytech.com\/pt-pt\/wp-json\/wp\/v2\/pages"}],"about":[{"href":"https:\/\/svilupporaytech.com\/pt-pt\/wp-json\/wp\/v2\/types\/page"}],"author":[{"embeddable":true,"href":"https:\/\/svilupporaytech.com\/pt-pt\/wp-json\/wp\/v2\/users\/1"}],"replies":[{"embeddable":true,"href":"https:\/\/svilupporaytech.com\/pt-pt\/wp-json\/wp\/v2\/comments?post=8442"}],"version-history":[{"count":3,"href":"https:\/\/svilupporaytech.com\/pt-pt\/wp-json\/wp\/v2\/pages\/8442\/revisions"}],"predecessor-version":[{"id":34741,"href":"https:\/\/svilupporaytech.com\/pt-pt\/wp-json\/wp\/v2\/pages\/8442\/revisions\/34741"}],"up":[{"embeddable":true,"href":"https:\/\/svilupporaytech.com\/pt-pt\/wp-json\/wp\/v2\/pages\/8439"}],"wp:attachment":[{"href":"https:\/\/svilupporaytech.com\/pt-pt\/wp-json\/wp\/v2\/media?parent=8442"}],"curies":[{"name":"wp","href":"https:\/\/api.w.org\/{rel}","templated":true}]}}