{"id":8478,"date":"2015-07-14T09:52:39","date_gmt":"2015-07-14T09:52:39","guid":{"rendered":"http:\/\/raytech.it\/?page_id=8478&#038;lang=pt-pt"},"modified":"2019-12-09T12:20:30","modified_gmt":"2019-12-09T12:20:30","slug":"projectos-em-linha","status":"publish","type":"page","link":"https:\/\/svilupporaytech.com\/pt-pt\/projectos-em-linha\/","title":{"rendered":"Projectos em linha"},"content":{"rendered":"<div class=\"wpb-content-wrapper\"><p>[vc_row css=&#8221;.vc_custom_1565167862357{margin-bottom: 30px !important;}&#8221;][vc_column][vc_custom_heading text=&#8221;Projectos em linha<br \/>\n&#8221; font_container=&#8221;tag:h1|font_size:32px|text_align:left|color:%23e30613|line_height:38px&#8221; use_theme_fonts=&#8221;yes&#8221;][\/vc_column][\/vc_row][vc_row css=&#8221;.vc_custom_1565167873441{margin-bottom: 30px !important;}&#8221;][vc_column][vc_column_text]Preencha o formul\u00e1rio de solicita\u00e7\u00e3o que atende \u00e0s suas necessidades, envie-o \u00e0 Raytech e em breve lhe enviaremos as informa\u00e7\u00f5es sobre o projecto em conjunto com o or\u00e7amento.[\/vc_column_text][\/vc_column][\/vc_row][vc_row css=&#8221;.vc_custom_1575893292871{margin-top: 0px !important;margin-bottom: 20px !important;}&#8221;][vc_column][vc_column_text]Para projectos diferentes dos que se encontram ilustrados, <a href=\"https:\/\/svilupporaytech.com\/pt-pt\/contactos\/\">contacte-nos<\/a>.[\/vc_column_text][\/vc_column][\/vc_row][vc_row][vc_column width=&#8221;1\/4&#8243;]<div class=\"icon_box icon_position_top no_border\"><a class=\"item-progetti-online\" href=\"\/pt-pt\/projectos-em-linha\/rampas\"  ><div class=\"image_wrapper\"><img loading=\"lazy\" decoding=\"async\" src=\"https:\/\/svilupporaytech.com\/wp-content\/uploads\/cavi-scaldanti-rampe-1.jpg\" class=\"scale-with-grid\" alt=\"cavi-scaldanti-rampe\" width=\"600\" height=\"600\"\/><\/div><div class=\"desc_wrapper\"><h4 class=\"title\">Rampas<\/h4><\/div><\/a><\/div>\n[\/vc_column][vc_column width=&#8221;1\/4&#8243;]<div class=\"icon_box icon_position_top no_border\"><a class=\"item-progetti-online\" href=\"\/pt-pt\/projectos-em-linha\/passarelas\"  ><div class=\"image_wrapper\"><img loading=\"lazy\" decoding=\"async\" src=\"https:\/\/svilupporaytech.com\/wp-content\/uploads\/cavi-scaldanti-passaggi-1.jpg\" class=\"scale-with-grid\" alt=\"cavi-scaldanti-passaggi\" width=\"600\" height=\"600\"\/><\/div><div class=\"desc_wrapper\"><h4 class=\"title\">Passarelas<\/h4><\/div><\/a><\/div>\n[\/vc_column][vc_column width=&#8221;1\/4&#8243;]<div class=\"icon_box icon_position_top no_border\"><a class=\"item-progetti-online\" href=\"\/pt-pt\/projectos-em-linha\/caleiras-e-tubos-de-queda-de-aguas-pluviais\"  ><div class=\"image_wrapper\"><img loading=\"lazy\" decoding=\"async\" src=\"https:\/\/svilupporaytech.com\/wp-content\/uploads\/cavi-scaldanti-grondaie-1.jpg\" class=\"scale-with-grid\" alt=\"cavi-scaldanti-grondaie\" width=\"600\" height=\"600\"\/><\/div><div class=\"desc_wrapper\"><h4 class=\"title\">Caleiras e tubos de queda de \u00e1guas pluviais<\/h4><\/div><\/a><\/div>\n[\/vc_column][vc_column width=&#8221;1\/4&#8243;]<div class=\"icon_box icon_position_top no_border\"><a class=\"item-progetti-online\" href=\"\/pt-pt\/projectos-em-linha\/tubos\"  ><div class=\"image_wrapper\"><img loading=\"lazy\" decoding=\"async\" src=\"https:\/\/svilupporaytech.com\/wp-content\/uploads\/cavi-scaldanti-tubazioni.jpg\" class=\"scale-with-grid\" alt=\"cavi-scaldanti-tubazioni\" width=\"600\" height=\"600\"\/><\/div><div class=\"desc_wrapper\"><h4 class=\"title\">Tubos<\/h4><\/div><\/a><\/div>\n[\/vc_column][\/vc_row][vc_row][vc_column width=&#8221;1\/4&#8243;]<div class=\"icon_box icon_position_top no_border\"><a class=\"item-progetti-online\" href=\"\/pt-pt\/projectos-em-linha\/silos-e-reservatorios\"  ><div class=\"image_wrapper\"><img loading=\"lazy\" decoding=\"async\" src=\"https:\/\/svilupporaytech.com\/wp-content\/uploads\/cavi-scaldanti-sili-1.jpg\" class=\"scale-with-grid\" alt=\"cavi-scaldanti-sili\" width=\"600\" height=\"600\"\/><\/div><div class=\"desc_wrapper\"><h4 class=\"title\">Silos e reservat\u00f3rios<\/h4><\/div><\/a><\/div>\n[\/vc_column][vc_column width=&#8221;1\/4&#8243;]<div class=\"icon_box icon_position_top no_border\"><a class=\"item-progetti-online\" href=\"\/pt-pt\/projectos-em-linha\/terracos\"  ><div class=\"image_wrapper\"><img loading=\"lazy\" decoding=\"async\" src=\"https:\/\/svilupporaytech.com\/wp-content\/uploads\/cavi-scaldanti-terrazzi-1.jpg\" class=\"scale-with-grid\" alt=\"cavi-scaldanti-terrazzi\" width=\"600\" height=\"600\"\/><\/div><div class=\"desc_wrapper\"><h4 class=\"title\">Terra\u00e7os<\/h4><\/div><\/a><\/div>\n[\/vc_column][vc_column width=&#8221;1\/4&#8243;]<div class=\"icon_box icon_position_top no_border\"><a class=\"item-progetti-online\" href=\"\/pt-pt\/projectos-em-linha\/degraus-e-escadas\"  ><div class=\"image_wrapper\"><img loading=\"lazy\" decoding=\"async\" src=\"https:\/\/svilupporaytech.com\/wp-content\/uploads\/cavi-scaldanti-gradini-1.jpg\" class=\"scale-with-grid\" alt=\"cavi-scaldanti-gradini\" width=\"600\" height=\"600\"\/><\/div><div class=\"desc_wrapper\"><h4 class=\"title\">Degraus e escadas<\/h4><\/div><\/a><\/div>\n[\/vc_column][vc_column width=&#8221;1\/4&#8243;]<div class=\"icon_box icon_position_top no_border\"><a class=\"item-progetti-online\" href=\"\/pt-pt\/projectos-em-linha\/pisos-internos\"  ><div class=\"image_wrapper\"><img loading=\"lazy\" decoding=\"async\" src=\"https:\/\/svilupporaytech.com\/wp-content\/uploads\/cavi-scaldanti-pavimenti-1.jpg\" class=\"scale-with-grid\" alt=\"cavi-scaldanti-pavimenti\" width=\"600\" height=\"600\"\/><\/div><div class=\"desc_wrapper\"><h4 class=\"title\">Pisos internos<\/h4><\/div><\/a><\/div>\n[\/vc_column][\/vc_row]<\/p>\n<\/div>","protected":false},"excerpt":{"rendered":"<p>[vc_row css=&#8221;.vc_custom_1565167862357{margin-bottom: 30px !important;}&#8221;][vc_column][vc_custom_heading text=&#8221;Projectos em linha &#8221; font_container=&#8221;tag:h1|font_size:32px|text_align:left|color:%23e30613|line_height:38px&#8221; use_theme_fonts=&#8221;yes&#8221;][\/vc_column][\/vc_row][vc_row css=&#8221;.vc_custom_1565167873441{margin-bottom: 30px !important;}&#8221;][vc_column][vc_column_text]Preencha o formul\u00e1rio de solicita\u00e7\u00e3o que atende \u00e0s suas necessidades, envie-o \u00e0 Raytech e em breve lhe enviaremos<span class=\"excerpt-hellip\"> [\u2026]<\/span><\/p>\n","protected":false},"author":1,"featured_media":0,"parent":0,"menu_order":0,"comment_status":"closed","ping_status":"open","template":"page-progetti.php","meta":{"footnotes":""},"yoast_head":"<!-- This site is optimized with the Yoast SEO plugin v22.7 - https:\/\/yoast.com\/wordpress\/plugins\/seo\/ -->\n<title>Cabos de aquecimento - Projectos em linha - Raytech Italia<\/title>\n<meta name=\"description\" content=\"Preencha o formul\u00e1rio de solicita\u00e7\u00e3o que atende \u00e0s suas necessidades, envie-o \u00e0 Raytech e em breve lhe enviaremos as informa\u00e7\u00f5es sobre o projecto em conjunto com o or\u00e7amento.\" \/>\n<meta name=\"robots\" content=\"index, follow, max-snippet:-1, max-image-preview:large, max-video-preview:-1\" \/>\n<link rel=\"canonical\" href=\"https:\/\/svilupporaytech.com\/pt-pt\/projectos-em-linha\/\" \/>\n<meta property=\"og:locale\" content=\"pt_PT\" \/>\n<meta property=\"og:type\" content=\"article\" \/>\n<meta property=\"og:title\" content=\"Cabos de aquecimento - Projectos em linha - Raytech Italia\" \/>\n<meta property=\"og:description\" content=\"Preencha o formul\u00e1rio de solicita\u00e7\u00e3o que atende \u00e0s suas necessidades, envie-o \u00e0 Raytech e em breve lhe enviaremos as informa\u00e7\u00f5es sobre o projecto em conjunto com o or\u00e7amento.\" \/>\n<meta property=\"og:url\" content=\"https:\/\/svilupporaytech.com\/pt-pt\/projectos-em-linha\/\" \/>\n<meta property=\"og:site_name\" content=\"Raytech\" \/>\n<meta property=\"article:modified_time\" content=\"2019-12-09T12:20:30+00:00\" \/>\n<meta property=\"og:image\" content=\"https:\/\/svilupporaytech.com\/wp-content\/uploads\/logo_raytech.png\" \/>\n\t<meta property=\"og:image:width\" content=\"188\" \/>\n\t<meta property=\"og:image:height\" content=\"101\" \/>\n\t<meta property=\"og:image:type\" content=\"image\/png\" \/>\n<meta name=\"twitter:card\" content=\"summary_large_image\" \/>\n<meta name=\"twitter:label1\" content=\"Tempo estimado de leitura\" \/>\n\t<meta name=\"twitter:data1\" content=\"1 minuto\" \/>\n<script type=\"application\/ld+json\" class=\"yoast-schema-graph\">{\"@context\":\"https:\/\/schema.org\",\"@graph\":[{\"@type\":\"WebPage\",\"@id\":\"https:\/\/svilupporaytech.com\/pt-pt\/projectos-em-linha\/\",\"url\":\"https:\/\/svilupporaytech.com\/pt-pt\/projectos-em-linha\/\",\"name\":\"Cabos de aquecimento - Projectos em linha - Raytech Italia\",\"isPartOf\":{\"@id\":\"https:\/\/svilupporaytech.com\/#website\"},\"datePublished\":\"2015-07-14T09:52:39+00:00\",\"dateModified\":\"2019-12-09T12:20:30+00:00\",\"description\":\"Preencha o formul\u00e1rio de solicita\u00e7\u00e3o que atende \u00e0s suas necessidades, envie-o \u00e0 Raytech e em breve lhe enviaremos as informa\u00e7\u00f5es sobre o projecto em conjunto com o or\u00e7amento.\",\"breadcrumb\":{\"@id\":\"https:\/\/svilupporaytech.com\/pt-pt\/projectos-em-linha\/#breadcrumb\"},\"inLanguage\":\"pt-PT\",\"potentialAction\":[{\"@type\":\"ReadAction\",\"target\":[\"https:\/\/svilupporaytech.com\/pt-pt\/projectos-em-linha\/\"]}]},{\"@type\":\"BreadcrumbList\",\"@id\":\"https:\/\/svilupporaytech.com\/pt-pt\/projectos-em-linha\/#breadcrumb\",\"itemListElement\":[{\"@type\":\"ListItem\",\"position\":1,\"name\":\"Home\",\"item\":\"https:\/\/svilupporaytech.com\/pt-pt\/\"},{\"@type\":\"ListItem\",\"position\":2,\"name\":\"Projectos em linha\"}]},{\"@type\":\"WebSite\",\"@id\":\"https:\/\/svilupporaytech.com\/#website\",\"url\":\"https:\/\/svilupporaytech.com\/\",\"name\":\"Raytech\",\"description\":\"Cable accessories company\",\"potentialAction\":[{\"@type\":\"SearchAction\",\"target\":{\"@type\":\"EntryPoint\",\"urlTemplate\":\"https:\/\/svilupporaytech.com\/?s={search_term_string}\"},\"query-input\":\"required name=search_term_string\"}],\"inLanguage\":\"pt-PT\"}]}<\/script>\n<!-- \/ Yoast SEO plugin. -->","yoast_head_json":{"title":"Cabos de aquecimento - Projectos em linha - Raytech Italia","description":"Preencha o formul\u00e1rio de solicita\u00e7\u00e3o que atende \u00e0s suas necessidades, envie-o \u00e0 Raytech e em breve lhe enviaremos as informa\u00e7\u00f5es sobre o projecto em conjunto com o or\u00e7amento.","robots":{"index":"index","follow":"follow","max-snippet":"max-snippet:-1","max-image-preview":"max-image-preview:large","max-video-preview":"max-video-preview:-1"},"canonical":"https:\/\/svilupporaytech.com\/pt-pt\/projectos-em-linha\/","og_locale":"pt_PT","og_type":"article","og_title":"Cabos de aquecimento - Projectos em linha - Raytech Italia","og_description":"Preencha o formul\u00e1rio de solicita\u00e7\u00e3o que atende \u00e0s suas necessidades, envie-o \u00e0 Raytech e em breve lhe enviaremos as informa\u00e7\u00f5es sobre o projecto em conjunto com o or\u00e7amento.","og_url":"https:\/\/svilupporaytech.com\/pt-pt\/projectos-em-linha\/","og_site_name":"Raytech","article_modified_time":"2019-12-09T12:20:30+00:00","og_image":[{"width":188,"height":101,"url":"https:\/\/svilupporaytech.com\/wp-content\/uploads\/logo_raytech.png","type":"image\/png"}],"twitter_card":"summary_large_image","twitter_misc":{"Tempo estimado de leitura":"1 minuto"},"schema":{"@context":"https:\/\/schema.org","@graph":[{"@type":"WebPage","@id":"https:\/\/svilupporaytech.com\/pt-pt\/projectos-em-linha\/","url":"https:\/\/svilupporaytech.com\/pt-pt\/projectos-em-linha\/","name":"Cabos de aquecimento - Projectos em linha - Raytech Italia","isPartOf":{"@id":"https:\/\/svilupporaytech.com\/#website"},"datePublished":"2015-07-14T09:52:39+00:00","dateModified":"2019-12-09T12:20:30+00:00","description":"Preencha o formul\u00e1rio de solicita\u00e7\u00e3o que atende \u00e0s suas necessidades, envie-o \u00e0 Raytech e em breve lhe enviaremos as informa\u00e7\u00f5es sobre o projecto em conjunto com o or\u00e7amento.","breadcrumb":{"@id":"https:\/\/svilupporaytech.com\/pt-pt\/projectos-em-linha\/#breadcrumb"},"inLanguage":"pt-PT","potentialAction":[{"@type":"ReadAction","target":["https:\/\/svilupporaytech.com\/pt-pt\/projectos-em-linha\/"]}]},{"@type":"BreadcrumbList","@id":"https:\/\/svilupporaytech.com\/pt-pt\/projectos-em-linha\/#breadcrumb","itemListElement":[{"@type":"ListItem","position":1,"name":"Home","item":"https:\/\/svilupporaytech.com\/pt-pt\/"},{"@type":"ListItem","position":2,"name":"Projectos em linha"}]},{"@type":"WebSite","@id":"https:\/\/svilupporaytech.com\/#website","url":"https:\/\/svilupporaytech.com\/","name":"Raytech","description":"Cable accessories company","potentialAction":[{"@type":"SearchAction","target":{"@type":"EntryPoint","urlTemplate":"https:\/\/svilupporaytech.com\/?s={search_term_string}"},"query-input":"required name=search_term_string"}],"inLanguage":"pt-PT"}]}},"_links":{"self":[{"href":"https:\/\/svilupporaytech.com\/pt-pt\/wp-json\/wp\/v2\/pages\/8478"}],"collection":[{"href":"https:\/\/svilupporaytech.com\/pt-pt\/wp-json\/wp\/v2\/pages"}],"about":[{"href":"https:\/\/svilupporaytech.com\/pt-pt\/wp-json\/wp\/v2\/types\/page"}],"author":[{"embeddable":true,"href":"https:\/\/svilupporaytech.com\/pt-pt\/wp-json\/wp\/v2\/users\/1"}],"replies":[{"embeddable":true,"href":"https:\/\/svilupporaytech.com\/pt-pt\/wp-json\/wp\/v2\/comments?post=8478"}],"version-history":[{"count":3,"href":"https:\/\/svilupporaytech.com\/pt-pt\/wp-json\/wp\/v2\/pages\/8478\/revisions"}],"predecessor-version":[{"id":21445,"href":"https:\/\/svilupporaytech.com\/pt-pt\/wp-json\/wp\/v2\/pages\/8478\/revisions\/21445"}],"wp:attachment":[{"href":"https:\/\/svilupporaytech.com\/pt-pt\/wp-json\/wp\/v2\/media?parent=8478"}],"curies":[{"name":"wp","href":"https:\/\/api.w.org\/{rel}","templated":true}]}}