{"id":33461,"date":"2023-06-07T14:59:34","date_gmt":"2023-06-07T13:59:34","guid":{"rendered":"https:\/\/svilupporaytech.com\/?post_type=product&#038;p=33461"},"modified":"2023-06-12T17:38:46","modified_gmt":"2023-06-12T16:38:46","slug":"ready-cast","status":"publish","type":"product","link":"https:\/\/svilupporaytech.com\/pt-pt\/produto\/baixa-tensao\/juntas\/pre-vazadas\/ready-cast\/","title":{"rendered":"Ready Cast"},"content":{"rendered":"<h4>A nova junta pr\u00e9-enchida de resina para cabos de isolamento extrudados at\u00e9 1 kV.<\/h4>\n<p>Gra\u00e7as ao seu sistema inovador de entrada de cabos pr\u00e9-inciso e de fratura, o Ready Cast adapta-se r\u00e1pida e facilmente a qualquer di\u00e2metro de cabo dentro dos di\u00e2metros m\u00ednimo e m\u00e1ximo que podem ser acomodados na gama. Com o terminal r\u00e1pido e seguro inclu\u00eddo na embalagem ou com conectores comummente utilizados<br \/>\nque podem sempre ser alojados no pr\u00e1tico separador cruciforme, inclu\u00eddo no kit. O Ready Cast est\u00e1 equipado com um sistema anti-tra\u00e7\u00e3o do cabo, uma vez que<br \/>\npode ser ancorado ao inv\u00f3lucro utilizando as abra\u00e7adeiras fornecidas.<\/p>\n","protected":false},"excerpt":{"rendered":"<p>A nova junta pr\u00e9-enchida de resina para cabos de isolamento extrudados at\u00e9 1 kV. Gra\u00e7as ao seu sistema inovador de entrada de cabos pr\u00e9-inciso e de fratura, o Ready Cast<span class=\"excerpt-hellip\"> [\u2026]<\/span><\/p>\n","protected":false},"featured_media":33526,"template":"","meta":[],"product_cat":[321,323,326],"product_tag":[],"yoast_head":"<!-- This site is optimized with the Yoast SEO plugin v22.7 - https:\/\/yoast.com\/wordpress\/plugins\/seo\/ -->\n<title>Ready Cast - Mini giunti IP68 e IP69K pre-riempiti in gel | Raytech<\/title>\n<meta name=\"robots\" content=\"index, follow, max-snippet:-1, max-image-preview:large, max-video-preview:-1\" \/>\n<link rel=\"canonical\" href=\"https:\/\/svilupporaytech.com\/pt-pt\/produto\/baixa-tensao\/juntas\/pre-vazadas\/ready-cast\/\" \/>\n<meta property=\"og:locale\" content=\"pt_PT\" \/>\n<meta property=\"og:type\" content=\"article\" \/>\n<meta property=\"og:title\" content=\"Ready Cast - Mini giunti IP68 e IP69K pre-riempiti in gel | Raytech\" \/>\n<meta property=\"og:description\" content=\"A nova junta pr\u00e9-enchida de resina para cabos de isolamento extrudados at\u00e9 1 kV. Gra\u00e7as ao seu sistema inovador de entrada de cabos pr\u00e9-inciso e de fratura, o Ready Cast [\u2026]\" \/>\n<meta property=\"og:url\" content=\"https:\/\/svilupporaytech.com\/pt-pt\/produto\/baixa-tensao\/juntas\/pre-vazadas\/ready-cast\/\" \/>\n<meta property=\"og:site_name\" content=\"Raytech\" \/>\n<meta property=\"article:modified_time\" content=\"2023-06-12T16:38:46+00:00\" \/>\n<meta property=\"og:image\" content=\"https:\/\/svilupporaytech.com\/wp-content\/uploads\/ReadyCast.jpg\" \/>\n\t<meta property=\"og:image:width\" content=\"1024\" \/>\n\t<meta property=\"og:image:height\" content=\"1024\" \/>\n\t<meta property=\"og:image:type\" content=\"image\/jpeg\" \/>\n<meta name=\"twitter:card\" content=\"summary_large_image\" \/>\n<meta name=\"twitter:label1\" content=\"Tempo estimado de leitura\" \/>\n\t<meta name=\"twitter:data1\" content=\"1 minuto\" \/>\n<script type=\"application\/ld+json\" class=\"yoast-schema-graph\">{\"@context\":\"https:\/\/schema.org\",\"@graph\":[{\"@type\":\"WebPage\",\"@id\":\"https:\/\/svilupporaytech.com\/pt-pt\/produto\/baixa-tensao\/juntas\/pre-vazadas\/ready-cast\/\",\"url\":\"https:\/\/svilupporaytech.com\/pt-pt\/produto\/baixa-tensao\/juntas\/pre-vazadas\/ready-cast\/\",\"name\":\"Ready Cast - Mini giunti IP68 e IP69K pre-riempiti in gel | Raytech\",\"isPartOf\":{\"@id\":\"https:\/\/svilupporaytech.com\/#website\"},\"primaryImageOfPage\":{\"@id\":\"https:\/\/svilupporaytech.com\/pt-pt\/produto\/baixa-tensao\/juntas\/pre-vazadas\/ready-cast\/#primaryimage\"},\"image\":{\"@id\":\"https:\/\/svilupporaytech.com\/pt-pt\/produto\/baixa-tensao\/juntas\/pre-vazadas\/ready-cast\/#primaryimage\"},\"thumbnailUrl\":\"https:\/\/svilupporaytech.com\/wp-content\/uploads\/ReadyCast.jpg\",\"datePublished\":\"2023-06-07T13:59:34+00:00\",\"dateModified\":\"2023-06-12T16:38:46+00:00\",\"breadcrumb\":{\"@id\":\"https:\/\/svilupporaytech.com\/pt-pt\/produto\/baixa-tensao\/juntas\/pre-vazadas\/ready-cast\/#breadcrumb\"},\"inLanguage\":\"pt-PT\",\"potentialAction\":[{\"@type\":\"ReadAction\",\"target\":[\"https:\/\/svilupporaytech.com\/pt-pt\/produto\/baixa-tensao\/juntas\/pre-vazadas\/ready-cast\/\"]}]},{\"@type\":\"ImageObject\",\"inLanguage\":\"pt-PT\",\"@id\":\"https:\/\/svilupporaytech.com\/pt-pt\/produto\/baixa-tensao\/juntas\/pre-vazadas\/ready-cast\/#primaryimage\",\"url\":\"https:\/\/svilupporaytech.com\/wp-content\/uploads\/ReadyCast.jpg\",\"contentUrl\":\"https:\/\/svilupporaytech.com\/wp-content\/uploads\/ReadyCast.jpg\",\"width\":1024,\"height\":1024},{\"@type\":\"BreadcrumbList\",\"@id\":\"https:\/\/svilupporaytech.com\/pt-pt\/produto\/baixa-tensao\/juntas\/pre-vazadas\/ready-cast\/#breadcrumb\",\"itemListElement\":[{\"@type\":\"ListItem\",\"position\":1,\"name\":\"Home\",\"item\":\"https:\/\/svilupporaytech.com\/pt-pt\/\"},{\"@type\":\"ListItem\",\"position\":2,\"name\":\"Loja\",\"item\":\"https:\/\/svilupporaytech.com\/pt-pt\/loja\/\"},{\"@type\":\"ListItem\",\"position\":3,\"name\":\"Ready Cast\"}]},{\"@type\":\"WebSite\",\"@id\":\"https:\/\/svilupporaytech.com\/#website\",\"url\":\"https:\/\/svilupporaytech.com\/\",\"name\":\"Raytech\",\"description\":\"Cable accessories company\",\"potentialAction\":[{\"@type\":\"SearchAction\",\"target\":{\"@type\":\"EntryPoint\",\"urlTemplate\":\"https:\/\/svilupporaytech.com\/?s={search_term_string}\"},\"query-input\":\"required name=search_term_string\"}],\"inLanguage\":\"pt-PT\"}]}<\/script>\n<!-- \/ Yoast SEO plugin. -->","yoast_head_json":{"title":"Ready Cast - Mini giunti IP68 e IP69K pre-riempiti in gel | Raytech","robots":{"index":"index","follow":"follow","max-snippet":"max-snippet:-1","max-image-preview":"max-image-preview:large","max-video-preview":"max-video-preview:-1"},"canonical":"https:\/\/svilupporaytech.com\/pt-pt\/produto\/baixa-tensao\/juntas\/pre-vazadas\/ready-cast\/","og_locale":"pt_PT","og_type":"article","og_title":"Ready Cast - Mini giunti IP68 e IP69K pre-riempiti in gel | Raytech","og_description":"A nova junta pr\u00e9-enchida de resina para cabos de isolamento extrudados at\u00e9 1 kV. Gra\u00e7as ao seu sistema inovador de entrada de cabos pr\u00e9-inciso e de fratura, o Ready Cast [\u2026]","og_url":"https:\/\/svilupporaytech.com\/pt-pt\/produto\/baixa-tensao\/juntas\/pre-vazadas\/ready-cast\/","og_site_name":"Raytech","article_modified_time":"2023-06-12T16:38:46+00:00","og_image":[{"width":1024,"height":1024,"url":"https:\/\/svilupporaytech.com\/wp-content\/uploads\/ReadyCast.jpg","type":"image\/jpeg"}],"twitter_card":"summary_large_image","twitter_misc":{"Tempo estimado de leitura":"1 minuto"},"schema":{"@context":"https:\/\/schema.org","@graph":[{"@type":"WebPage","@id":"https:\/\/svilupporaytech.com\/pt-pt\/produto\/baixa-tensao\/juntas\/pre-vazadas\/ready-cast\/","url":"https:\/\/svilupporaytech.com\/pt-pt\/produto\/baixa-tensao\/juntas\/pre-vazadas\/ready-cast\/","name":"Ready Cast - Mini giunti IP68 e IP69K pre-riempiti in gel | Raytech","isPartOf":{"@id":"https:\/\/svilupporaytech.com\/#website"},"primaryImageOfPage":{"@id":"https:\/\/svilupporaytech.com\/pt-pt\/produto\/baixa-tensao\/juntas\/pre-vazadas\/ready-cast\/#primaryimage"},"image":{"@id":"https:\/\/svilupporaytech.com\/pt-pt\/produto\/baixa-tensao\/juntas\/pre-vazadas\/ready-cast\/#primaryimage"},"thumbnailUrl":"https:\/\/svilupporaytech.com\/wp-content\/uploads\/ReadyCast.jpg","datePublished":"2023-06-07T13:59:34+00:00","dateModified":"2023-06-12T16:38:46+00:00","breadcrumb":{"@id":"https:\/\/svilupporaytech.com\/pt-pt\/produto\/baixa-tensao\/juntas\/pre-vazadas\/ready-cast\/#breadcrumb"},"inLanguage":"pt-PT","potentialAction":[{"@type":"ReadAction","target":["https:\/\/svilupporaytech.com\/pt-pt\/produto\/baixa-tensao\/juntas\/pre-vazadas\/ready-cast\/"]}]},{"@type":"ImageObject","inLanguage":"pt-PT","@id":"https:\/\/svilupporaytech.com\/pt-pt\/produto\/baixa-tensao\/juntas\/pre-vazadas\/ready-cast\/#primaryimage","url":"https:\/\/svilupporaytech.com\/wp-content\/uploads\/ReadyCast.jpg","contentUrl":"https:\/\/svilupporaytech.com\/wp-content\/uploads\/ReadyCast.jpg","width":1024,"height":1024},{"@type":"BreadcrumbList","@id":"https:\/\/svilupporaytech.com\/pt-pt\/produto\/baixa-tensao\/juntas\/pre-vazadas\/ready-cast\/#breadcrumb","itemListElement":[{"@type":"ListItem","position":1,"name":"Home","item":"https:\/\/svilupporaytech.com\/pt-pt\/"},{"@type":"ListItem","position":2,"name":"Loja","item":"https:\/\/svilupporaytech.com\/pt-pt\/loja\/"},{"@type":"ListItem","position":3,"name":"Ready Cast"}]},{"@type":"WebSite","@id":"https:\/\/svilupporaytech.com\/#website","url":"https:\/\/svilupporaytech.com\/","name":"Raytech","description":"Cable accessories company","potentialAction":[{"@type":"SearchAction","target":{"@type":"EntryPoint","urlTemplate":"https:\/\/svilupporaytech.com\/?s={search_term_string}"},"query-input":"required name=search_term_string"}],"inLanguage":"pt-PT"}]}},"_links":{"self":[{"href":"https:\/\/svilupporaytech.com\/pt-pt\/wp-json\/wp\/v2\/product\/33461"}],"collection":[{"href":"https:\/\/svilupporaytech.com\/pt-pt\/wp-json\/wp\/v2\/product"}],"about":[{"href":"https:\/\/svilupporaytech.com\/pt-pt\/wp-json\/wp\/v2\/types\/product"}],"wp:featuredmedia":[{"embeddable":true,"href":"https:\/\/svilupporaytech.com\/pt-pt\/wp-json\/wp\/v2\/media\/33526"}],"wp:attachment":[{"href":"https:\/\/svilupporaytech.com\/pt-pt\/wp-json\/wp\/v2\/media?parent=33461"}],"wp:term":[{"taxonomy":"product_cat","embeddable":true,"href":"https:\/\/svilupporaytech.com\/pt-pt\/wp-json\/wp\/v2\/product_cat?post=33461"},{"taxonomy":"product_tag","embeddable":true,"href":"https:\/\/svilupporaytech.com\/pt-pt\/wp-json\/wp\/v2\/product_tag?post=33461"}],"curies":[{"name":"wp","href":"https:\/\/api.w.org\/{rel}","templated":true}]}}