{"id":33824,"date":"2023-06-08T10:51:03","date_gmt":"2023-06-08T09:51:03","guid":{"rendered":"https:\/\/svilupporaytech.com\/prodotto\/sem%20categoria\/little-joint-easy"},"modified":"2023-06-12T17:33:39","modified_gmt":"2023-06-12T16:33:39","slug":"little-joint-easy","status":"publish","type":"product","link":"https:\/\/svilupporaytech.com\/pt-pt\/produto\/baixa-tensao\/juntas\/pre-vazadas\/little-joint-easy\/","title":{"rendered":"LITTLE JOINT EASY"},"content":{"rendered":"<h4>As mini-juntas IP68\/IP69K, pr\u00e9-enchidas em gel, completas com conector de alavanca de entrada e sa\u00edda.<\/h4>\n<p>Os prensa-cabos integrados proporcionam o grau de prote\u00e7\u00e3o IP68 e IP69K e, ao mesmo tempo, o acoplamento da junta no cabo. Adequados para todos os tipos de instala\u00e7\u00e3o, mesmo as mais extremas.<\/p>\n<ul>\n<li>Pr\u00e9-preenchido com gel classificado como n\u00e3o perigoso de acordo com a Diretiva CLP e sem prazo de validade.<\/li>\n<li>Extremamente compacta e pronto para instalar.<\/li>\n<li>Ideal para conex\u00f5es em sistemas de ilumina\u00e7\u00e3o para jardins, degraus e escadas, passagens de pe\u00f5es, etc.<\/li>\n<li>Sempre re-utiliz\u00e1vel.<\/li>\n<\/ul>\n","protected":false},"excerpt":{"rendered":"<p>As mini-juntas IP68\/IP69K, pr\u00e9-enchidas em gel, completas com conector de alavanca de entrada e sa\u00edda. Os prensa-cabos integrados proporcionam o grau de prote\u00e7\u00e3o IP68 e IP69K e, ao mesmo tempo,<span class=\"excerpt-hellip\"> [\u2026]<\/span><\/p>\n","protected":false},"featured_media":33742,"template":"","meta":[],"product_cat":[321,323,326],"product_tag":[],"yoast_head":"<!-- This site is optimized with the Yoast SEO plugin v22.7 - https:\/\/yoast.com\/wordpress\/plugins\/seo\/ -->\n<title>LITTLE JOINT EASY - Mini giunti IP68 e IP69K pre-riempiti in gel | Raytech<\/title>\n<meta name=\"robots\" content=\"index, follow, max-snippet:-1, max-image-preview:large, max-video-preview:-1\" \/>\n<link rel=\"canonical\" href=\"https:\/\/svilupporaytech.com\/pt-pt\/produto\/baixa-tensao\/juntas\/pre-vazadas\/little-joint-easy\/\" \/>\n<meta property=\"og:locale\" content=\"pt_PT\" \/>\n<meta property=\"og:type\" content=\"article\" \/>\n<meta property=\"og:title\" content=\"LITTLE JOINT EASY - Mini giunti IP68 e IP69K pre-riempiti in gel | Raytech\" \/>\n<meta property=\"og:description\" content=\"As mini-juntas IP68\/IP69K, pr\u00e9-enchidas em gel, completas com conector de alavanca de entrada e sa\u00edda. Os prensa-cabos integrados proporcionam o grau de prote\u00e7\u00e3o IP68 e IP69K e, ao mesmo tempo, [\u2026]\" \/>\n<meta property=\"og:url\" content=\"https:\/\/svilupporaytech.com\/pt-pt\/produto\/baixa-tensao\/juntas\/pre-vazadas\/little-joint-easy\/\" \/>\n<meta property=\"og:site_name\" content=\"Raytech\" \/>\n<meta property=\"article:modified_time\" content=\"2023-06-12T16:33:39+00:00\" \/>\n<meta property=\"og:image\" content=\"https:\/\/svilupporaytech.com\/wp-content\/uploads\/LittleJoint-EASY.jpg\" \/>\n\t<meta property=\"og:image:width\" content=\"1024\" \/>\n\t<meta property=\"og:image:height\" content=\"1024\" \/>\n\t<meta property=\"og:image:type\" content=\"image\/jpeg\" \/>\n<meta name=\"twitter:card\" content=\"summary_large_image\" \/>\n<meta name=\"twitter:label1\" content=\"Tempo estimado de leitura\" \/>\n\t<meta name=\"twitter:data1\" content=\"1 minuto\" \/>\n<script type=\"application\/ld+json\" class=\"yoast-schema-graph\">{\"@context\":\"https:\/\/schema.org\",\"@graph\":[{\"@type\":\"WebPage\",\"@id\":\"https:\/\/svilupporaytech.com\/pt-pt\/produto\/baixa-tensao\/juntas\/pre-vazadas\/little-joint-easy\/\",\"url\":\"https:\/\/svilupporaytech.com\/pt-pt\/produto\/baixa-tensao\/juntas\/pre-vazadas\/little-joint-easy\/\",\"name\":\"LITTLE JOINT EASY - Mini giunti IP68 e IP69K pre-riempiti in gel | Raytech\",\"isPartOf\":{\"@id\":\"https:\/\/svilupporaytech.com\/#website\"},\"primaryImageOfPage\":{\"@id\":\"https:\/\/svilupporaytech.com\/pt-pt\/produto\/baixa-tensao\/juntas\/pre-vazadas\/little-joint-easy\/#primaryimage\"},\"image\":{\"@id\":\"https:\/\/svilupporaytech.com\/pt-pt\/produto\/baixa-tensao\/juntas\/pre-vazadas\/little-joint-easy\/#primaryimage\"},\"thumbnailUrl\":\"https:\/\/svilupporaytech.com\/wp-content\/uploads\/LittleJoint-EASY.jpg\",\"datePublished\":\"2023-06-08T09:51:03+00:00\",\"dateModified\":\"2023-06-12T16:33:39+00:00\",\"breadcrumb\":{\"@id\":\"https:\/\/svilupporaytech.com\/pt-pt\/produto\/baixa-tensao\/juntas\/pre-vazadas\/little-joint-easy\/#breadcrumb\"},\"inLanguage\":\"pt-PT\",\"potentialAction\":[{\"@type\":\"ReadAction\",\"target\":[\"https:\/\/svilupporaytech.com\/pt-pt\/produto\/baixa-tensao\/juntas\/pre-vazadas\/little-joint-easy\/\"]}]},{\"@type\":\"ImageObject\",\"inLanguage\":\"pt-PT\",\"@id\":\"https:\/\/svilupporaytech.com\/pt-pt\/produto\/baixa-tensao\/juntas\/pre-vazadas\/little-joint-easy\/#primaryimage\",\"url\":\"https:\/\/svilupporaytech.com\/wp-content\/uploads\/LittleJoint-EASY.jpg\",\"contentUrl\":\"https:\/\/svilupporaytech.com\/wp-content\/uploads\/LittleJoint-EASY.jpg\",\"width\":1024,\"height\":1024},{\"@type\":\"BreadcrumbList\",\"@id\":\"https:\/\/svilupporaytech.com\/pt-pt\/produto\/baixa-tensao\/juntas\/pre-vazadas\/little-joint-easy\/#breadcrumb\",\"itemListElement\":[{\"@type\":\"ListItem\",\"position\":1,\"name\":\"Home\",\"item\":\"https:\/\/svilupporaytech.com\/pt-pt\/\"},{\"@type\":\"ListItem\",\"position\":2,\"name\":\"Loja\",\"item\":\"https:\/\/svilupporaytech.com\/pt-pt\/loja\/\"},{\"@type\":\"ListItem\",\"position\":3,\"name\":\"LITTLE JOINT EASY\"}]},{\"@type\":\"WebSite\",\"@id\":\"https:\/\/svilupporaytech.com\/#website\",\"url\":\"https:\/\/svilupporaytech.com\/\",\"name\":\"Raytech\",\"description\":\"Cable accessories company\",\"potentialAction\":[{\"@type\":\"SearchAction\",\"target\":{\"@type\":\"EntryPoint\",\"urlTemplate\":\"https:\/\/svilupporaytech.com\/?s={search_term_string}\"},\"query-input\":\"required name=search_term_string\"}],\"inLanguage\":\"pt-PT\"}]}<\/script>\n<!-- \/ Yoast SEO plugin. -->","yoast_head_json":{"title":"LITTLE JOINT EASY - Mini giunti IP68 e IP69K pre-riempiti in gel | Raytech","robots":{"index":"index","follow":"follow","max-snippet":"max-snippet:-1","max-image-preview":"max-image-preview:large","max-video-preview":"max-video-preview:-1"},"canonical":"https:\/\/svilupporaytech.com\/pt-pt\/produto\/baixa-tensao\/juntas\/pre-vazadas\/little-joint-easy\/","og_locale":"pt_PT","og_type":"article","og_title":"LITTLE JOINT EASY - Mini giunti IP68 e IP69K pre-riempiti in gel | Raytech","og_description":"As mini-juntas IP68\/IP69K, pr\u00e9-enchidas em gel, completas com conector de alavanca de entrada e sa\u00edda. Os prensa-cabos integrados proporcionam o grau de prote\u00e7\u00e3o IP68 e IP69K e, ao mesmo tempo, [\u2026]","og_url":"https:\/\/svilupporaytech.com\/pt-pt\/produto\/baixa-tensao\/juntas\/pre-vazadas\/little-joint-easy\/","og_site_name":"Raytech","article_modified_time":"2023-06-12T16:33:39+00:00","og_image":[{"width":1024,"height":1024,"url":"https:\/\/svilupporaytech.com\/wp-content\/uploads\/LittleJoint-EASY.jpg","type":"image\/jpeg"}],"twitter_card":"summary_large_image","twitter_misc":{"Tempo estimado de leitura":"1 minuto"},"schema":{"@context":"https:\/\/schema.org","@graph":[{"@type":"WebPage","@id":"https:\/\/svilupporaytech.com\/pt-pt\/produto\/baixa-tensao\/juntas\/pre-vazadas\/little-joint-easy\/","url":"https:\/\/svilupporaytech.com\/pt-pt\/produto\/baixa-tensao\/juntas\/pre-vazadas\/little-joint-easy\/","name":"LITTLE JOINT EASY - Mini giunti IP68 e IP69K pre-riempiti in gel | Raytech","isPartOf":{"@id":"https:\/\/svilupporaytech.com\/#website"},"primaryImageOfPage":{"@id":"https:\/\/svilupporaytech.com\/pt-pt\/produto\/baixa-tensao\/juntas\/pre-vazadas\/little-joint-easy\/#primaryimage"},"image":{"@id":"https:\/\/svilupporaytech.com\/pt-pt\/produto\/baixa-tensao\/juntas\/pre-vazadas\/little-joint-easy\/#primaryimage"},"thumbnailUrl":"https:\/\/svilupporaytech.com\/wp-content\/uploads\/LittleJoint-EASY.jpg","datePublished":"2023-06-08T09:51:03+00:00","dateModified":"2023-06-12T16:33:39+00:00","breadcrumb":{"@id":"https:\/\/svilupporaytech.com\/pt-pt\/produto\/baixa-tensao\/juntas\/pre-vazadas\/little-joint-easy\/#breadcrumb"},"inLanguage":"pt-PT","potentialAction":[{"@type":"ReadAction","target":["https:\/\/svilupporaytech.com\/pt-pt\/produto\/baixa-tensao\/juntas\/pre-vazadas\/little-joint-easy\/"]}]},{"@type":"ImageObject","inLanguage":"pt-PT","@id":"https:\/\/svilupporaytech.com\/pt-pt\/produto\/baixa-tensao\/juntas\/pre-vazadas\/little-joint-easy\/#primaryimage","url":"https:\/\/svilupporaytech.com\/wp-content\/uploads\/LittleJoint-EASY.jpg","contentUrl":"https:\/\/svilupporaytech.com\/wp-content\/uploads\/LittleJoint-EASY.jpg","width":1024,"height":1024},{"@type":"BreadcrumbList","@id":"https:\/\/svilupporaytech.com\/pt-pt\/produto\/baixa-tensao\/juntas\/pre-vazadas\/little-joint-easy\/#breadcrumb","itemListElement":[{"@type":"ListItem","position":1,"name":"Home","item":"https:\/\/svilupporaytech.com\/pt-pt\/"},{"@type":"ListItem","position":2,"name":"Loja","item":"https:\/\/svilupporaytech.com\/pt-pt\/loja\/"},{"@type":"ListItem","position":3,"name":"LITTLE JOINT EASY"}]},{"@type":"WebSite","@id":"https:\/\/svilupporaytech.com\/#website","url":"https:\/\/svilupporaytech.com\/","name":"Raytech","description":"Cable accessories company","potentialAction":[{"@type":"SearchAction","target":{"@type":"EntryPoint","urlTemplate":"https:\/\/svilupporaytech.com\/?s={search_term_string}"},"query-input":"required name=search_term_string"}],"inLanguage":"pt-PT"}]}},"_links":{"self":[{"href":"https:\/\/svilupporaytech.com\/pt-pt\/wp-json\/wp\/v2\/product\/33824"}],"collection":[{"href":"https:\/\/svilupporaytech.com\/pt-pt\/wp-json\/wp\/v2\/product"}],"about":[{"href":"https:\/\/svilupporaytech.com\/pt-pt\/wp-json\/wp\/v2\/types\/product"}],"wp:featuredmedia":[{"embeddable":true,"href":"https:\/\/svilupporaytech.com\/pt-pt\/wp-json\/wp\/v2\/media\/33742"}],"wp:attachment":[{"href":"https:\/\/svilupporaytech.com\/pt-pt\/wp-json\/wp\/v2\/media?parent=33824"}],"wp:term":[{"taxonomy":"product_cat","embeddable":true,"href":"https:\/\/svilupporaytech.com\/pt-pt\/wp-json\/wp\/v2\/product_cat?post=33824"},{"taxonomy":"product_tag","embeddable":true,"href":"https:\/\/svilupporaytech.com\/pt-pt\/wp-json\/wp\/v2\/product_tag?post=33824"}],"curies":[{"name":"wp","href":"https:\/\/api.w.org\/{rel}","templated":true}]}}