{"id":8209,"date":"2015-07-15T10:18:23","date_gmt":"2016-01-18T10:29:49","guid":{"rendered":"http:\/\/raytech.it\/?post_type=product&#038;p=8209&#038;lang=pt-pt"},"modified":"2019-08-01T09:01:26","modified_gmt":"2019-08-01T09:01:26","slug":"king-joint","status":"publish","type":"product","link":"https:\/\/svilupporaytech.com\/pt-pt\/produto\/baixa-tensao\/juntas\/pre-vazadas\/king-joint\/","title":{"rendered":"King Joint"},"content":{"rendered":"<h4><span style=\"color: #009832;\">Gama de juntas r\u00e1pidas pr\u00e9-enchidas em gel, de tipo direito e derivado, para cabos multipolares 0,6\/1 kV at\u00e9 5 condutores<\/span><\/h4>\n<p>O isolamento prim\u00e1rio, constitu\u00eddo por um gel pol\u00edmero reticulado e o inv\u00f3lucro pl\u00e1sticoisolante com uma resist\u00eancia excepcional tornam-na numa jun\u00e7\u00e3o de Classe 2, de acordo com as defini\u00e7\u00f5es da norma CEI 64-8. A jun\u00e7\u00e3o, testada de acordo com as principais especifica\u00e7\u00f5es internacionais atrav\u00e9s de repetidos testes de flex\u00e3o e de tor\u00e7\u00e3o e por imers\u00e3o em \u00e1gua, foi declarada em conformidade com as caracter\u00edsticas mec\u00e2nicas, el\u00e9ctricas e selantes exigidas aos acess\u00f3rios para cabos pl\u00e1sticos.<br \/>\nA jun\u00e7\u00e3o e os seus componentes n\u00e3o t\u00eam prazo de validade e s\u00e3o absolutamente seguros porque inertes quimicamente; as liga\u00e7\u00f5es s\u00e3o re-acess\u00edveis mesmo ap\u00f3s longos per\u00edodos de funcionamento. Feita de componentes auto-extingu\u00edveis, a jun\u00e7\u00e3o retarda a chama. Para cabos com temperatura de exerc\u00edcio de +90\u00b0C.<\/p>\n<ul>\n<li><span style=\"color: #009832;\">Para cabos multipolares at\u00e9 5 condutores<\/span><\/li>\n<li><span style=\"color: #009832;\">Espa\u00e7adores de 5 setores para uma conex\u00e3o pentapolar perfeita<\/span><\/li>\n<li><span style=\"color: #009832;\">Com conectores de parafuso<\/span><\/li>\n<li><span style=\"color: #009832;\">Para liga\u00e7\u00f5es direitas ou derivadas tamb\u00e9m de tipo armado<\/span><\/li>\n<li><span style=\"color: #009832;\">Para qualquer tipo de utiliza\u00e7\u00e3o, incluindo submersa<\/span><\/li>\n<li><span style=\"color: #009832;\">Re-acess\u00edveis e sem prazo de validade<\/span><\/li>\n<li><span style=\"color: #009832;\">Retardadores de chama<\/span><\/li>\n<li><span style=\"color: #009832;\">N\u00e3o t\u00f3xicas e seguras<\/span><\/li>\n<\/ul>\n","protected":false},"excerpt":{"rendered":"<p>Gama de juntas r\u00e1pidas pr\u00e9-enchidas em gel, de tipo direito e derivado, para cabos multipolares 0,6\/1 kV at\u00e9 5 condutores O isolamento prim\u00e1rio, constitu\u00eddo por um gel pol\u00edmero reticulado e<span class=\"excerpt-hellip\"> [\u2026]<\/span><\/p>\n","protected":false},"featured_media":2815,"template":"","meta":[],"product_cat":[321,323,326],"product_tag":[],"yoast_head":"<!-- This site is optimized with the Yoast SEO plugin v22.7 - https:\/\/yoast.com\/wordpress\/plugins\/seo\/ -->\n<title>King Joint | Raytech<\/title>\n<meta name=\"robots\" content=\"index, follow, max-snippet:-1, max-image-preview:large, max-video-preview:-1\" \/>\n<link rel=\"canonical\" href=\"https:\/\/svilupporaytech.com\/pt-pt\/produto\/baixa-tensao\/juntas\/pre-vazadas\/king-joint\/\" \/>\n<meta property=\"og:locale\" content=\"pt_PT\" \/>\n<meta property=\"og:type\" content=\"article\" \/>\n<meta property=\"og:title\" content=\"King Joint | Raytech\" \/>\n<meta property=\"og:description\" content=\"Gama de juntas r\u00e1pidas pr\u00e9-enchidas em gel, de tipo direito e derivado, para cabos multipolares 0,6\/1 kV at\u00e9 5 condutores O isolamento prim\u00e1rio, constitu\u00eddo por um gel pol\u00edmero reticulado e [\u2026]\" \/>\n<meta property=\"og:url\" content=\"https:\/\/svilupporaytech.com\/pt-pt\/produto\/baixa-tensao\/juntas\/pre-vazadas\/king-joint\/\" \/>\n<meta property=\"og:site_name\" content=\"Raytech\" \/>\n<meta property=\"article:modified_time\" content=\"2019-08-01T09:01:26+00:00\" \/>\n<meta property=\"og:image\" content=\"https:\/\/svilupporaytech.com\/wp-content\/uploads\/king-joint-1.jpg\" \/>\n\t<meta property=\"og:image:width\" content=\"1024\" \/>\n\t<meta property=\"og:image:height\" content=\"1024\" \/>\n\t<meta property=\"og:image:type\" content=\"image\/jpeg\" \/>\n<meta name=\"twitter:card\" content=\"summary_large_image\" \/>\n<meta name=\"twitter:label1\" content=\"Tempo estimado de leitura\" \/>\n\t<meta name=\"twitter:data1\" content=\"1 minuto\" \/>\n<script type=\"application\/ld+json\" class=\"yoast-schema-graph\">{\"@context\":\"https:\/\/schema.org\",\"@graph\":[{\"@type\":\"WebPage\",\"@id\":\"https:\/\/svilupporaytech.com\/pt-pt\/produto\/baixa-tensao\/juntas\/pre-vazadas\/king-joint\/\",\"url\":\"https:\/\/svilupporaytech.com\/pt-pt\/produto\/baixa-tensao\/juntas\/pre-vazadas\/king-joint\/\",\"name\":\"King Joint | Raytech\",\"isPartOf\":{\"@id\":\"https:\/\/svilupporaytech.com\/#website\"},\"primaryImageOfPage\":{\"@id\":\"https:\/\/svilupporaytech.com\/pt-pt\/produto\/baixa-tensao\/juntas\/pre-vazadas\/king-joint\/#primaryimage\"},\"image\":{\"@id\":\"https:\/\/svilupporaytech.com\/pt-pt\/produto\/baixa-tensao\/juntas\/pre-vazadas\/king-joint\/#primaryimage\"},\"thumbnailUrl\":\"https:\/\/svilupporaytech.com\/wp-content\/uploads\/king-joint-1.jpg\",\"datePublished\":\"2016-01-18T10:29:49+00:00\",\"dateModified\":\"2019-08-01T09:01:26+00:00\",\"breadcrumb\":{\"@id\":\"https:\/\/svilupporaytech.com\/pt-pt\/produto\/baixa-tensao\/juntas\/pre-vazadas\/king-joint\/#breadcrumb\"},\"inLanguage\":\"pt-PT\",\"potentialAction\":[{\"@type\":\"ReadAction\",\"target\":[\"https:\/\/svilupporaytech.com\/pt-pt\/produto\/baixa-tensao\/juntas\/pre-vazadas\/king-joint\/\"]}]},{\"@type\":\"ImageObject\",\"inLanguage\":\"pt-PT\",\"@id\":\"https:\/\/svilupporaytech.com\/pt-pt\/produto\/baixa-tensao\/juntas\/pre-vazadas\/king-joint\/#primaryimage\",\"url\":\"https:\/\/svilupporaytech.com\/wp-content\/uploads\/king-joint-1.jpg\",\"contentUrl\":\"https:\/\/svilupporaytech.com\/wp-content\/uploads\/king-joint-1.jpg\",\"width\":1024,\"height\":1024},{\"@type\":\"BreadcrumbList\",\"@id\":\"https:\/\/svilupporaytech.com\/pt-pt\/produto\/baixa-tensao\/juntas\/pre-vazadas\/king-joint\/#breadcrumb\",\"itemListElement\":[{\"@type\":\"ListItem\",\"position\":1,\"name\":\"Home\",\"item\":\"https:\/\/svilupporaytech.com\/pt-pt\/\"},{\"@type\":\"ListItem\",\"position\":2,\"name\":\"Loja\",\"item\":\"https:\/\/svilupporaytech.com\/pt-pt\/loja\/\"},{\"@type\":\"ListItem\",\"position\":3,\"name\":\"King Joint\"}]},{\"@type\":\"WebSite\",\"@id\":\"https:\/\/svilupporaytech.com\/#website\",\"url\":\"https:\/\/svilupporaytech.com\/\",\"name\":\"Raytech\",\"description\":\"Cable accessories company\",\"potentialAction\":[{\"@type\":\"SearchAction\",\"target\":{\"@type\":\"EntryPoint\",\"urlTemplate\":\"https:\/\/svilupporaytech.com\/?s={search_term_string}\"},\"query-input\":\"required name=search_term_string\"}],\"inLanguage\":\"pt-PT\"}]}<\/script>\n<!-- \/ Yoast SEO plugin. -->","yoast_head_json":{"title":"King Joint | Raytech","robots":{"index":"index","follow":"follow","max-snippet":"max-snippet:-1","max-image-preview":"max-image-preview:large","max-video-preview":"max-video-preview:-1"},"canonical":"https:\/\/svilupporaytech.com\/pt-pt\/produto\/baixa-tensao\/juntas\/pre-vazadas\/king-joint\/","og_locale":"pt_PT","og_type":"article","og_title":"King Joint | Raytech","og_description":"Gama de juntas r\u00e1pidas pr\u00e9-enchidas em gel, de tipo direito e derivado, para cabos multipolares 0,6\/1 kV at\u00e9 5 condutores O isolamento prim\u00e1rio, constitu\u00eddo por um gel pol\u00edmero reticulado e [\u2026]","og_url":"https:\/\/svilupporaytech.com\/pt-pt\/produto\/baixa-tensao\/juntas\/pre-vazadas\/king-joint\/","og_site_name":"Raytech","article_modified_time":"2019-08-01T09:01:26+00:00","og_image":[{"width":1024,"height":1024,"url":"https:\/\/svilupporaytech.com\/wp-content\/uploads\/king-joint-1.jpg","type":"image\/jpeg"}],"twitter_card":"summary_large_image","twitter_misc":{"Tempo estimado de leitura":"1 minuto"},"schema":{"@context":"https:\/\/schema.org","@graph":[{"@type":"WebPage","@id":"https:\/\/svilupporaytech.com\/pt-pt\/produto\/baixa-tensao\/juntas\/pre-vazadas\/king-joint\/","url":"https:\/\/svilupporaytech.com\/pt-pt\/produto\/baixa-tensao\/juntas\/pre-vazadas\/king-joint\/","name":"King Joint | Raytech","isPartOf":{"@id":"https:\/\/svilupporaytech.com\/#website"},"primaryImageOfPage":{"@id":"https:\/\/svilupporaytech.com\/pt-pt\/produto\/baixa-tensao\/juntas\/pre-vazadas\/king-joint\/#primaryimage"},"image":{"@id":"https:\/\/svilupporaytech.com\/pt-pt\/produto\/baixa-tensao\/juntas\/pre-vazadas\/king-joint\/#primaryimage"},"thumbnailUrl":"https:\/\/svilupporaytech.com\/wp-content\/uploads\/king-joint-1.jpg","datePublished":"2016-01-18T10:29:49+00:00","dateModified":"2019-08-01T09:01:26+00:00","breadcrumb":{"@id":"https:\/\/svilupporaytech.com\/pt-pt\/produto\/baixa-tensao\/juntas\/pre-vazadas\/king-joint\/#breadcrumb"},"inLanguage":"pt-PT","potentialAction":[{"@type":"ReadAction","target":["https:\/\/svilupporaytech.com\/pt-pt\/produto\/baixa-tensao\/juntas\/pre-vazadas\/king-joint\/"]}]},{"@type":"ImageObject","inLanguage":"pt-PT","@id":"https:\/\/svilupporaytech.com\/pt-pt\/produto\/baixa-tensao\/juntas\/pre-vazadas\/king-joint\/#primaryimage","url":"https:\/\/svilupporaytech.com\/wp-content\/uploads\/king-joint-1.jpg","contentUrl":"https:\/\/svilupporaytech.com\/wp-content\/uploads\/king-joint-1.jpg","width":1024,"height":1024},{"@type":"BreadcrumbList","@id":"https:\/\/svilupporaytech.com\/pt-pt\/produto\/baixa-tensao\/juntas\/pre-vazadas\/king-joint\/#breadcrumb","itemListElement":[{"@type":"ListItem","position":1,"name":"Home","item":"https:\/\/svilupporaytech.com\/pt-pt\/"},{"@type":"ListItem","position":2,"name":"Loja","item":"https:\/\/svilupporaytech.com\/pt-pt\/loja\/"},{"@type":"ListItem","position":3,"name":"King Joint"}]},{"@type":"WebSite","@id":"https:\/\/svilupporaytech.com\/#website","url":"https:\/\/svilupporaytech.com\/","name":"Raytech","description":"Cable accessories company","potentialAction":[{"@type":"SearchAction","target":{"@type":"EntryPoint","urlTemplate":"https:\/\/svilupporaytech.com\/?s={search_term_string}"},"query-input":"required name=search_term_string"}],"inLanguage":"pt-PT"}]}},"_links":{"self":[{"href":"https:\/\/svilupporaytech.com\/pt-pt\/wp-json\/wp\/v2\/product\/8209"}],"collection":[{"href":"https:\/\/svilupporaytech.com\/pt-pt\/wp-json\/wp\/v2\/product"}],"about":[{"href":"https:\/\/svilupporaytech.com\/pt-pt\/wp-json\/wp\/v2\/types\/product"}],"wp:featuredmedia":[{"embeddable":true,"href":"https:\/\/svilupporaytech.com\/pt-pt\/wp-json\/wp\/v2\/media\/2815"}],"wp:attachment":[{"href":"https:\/\/svilupporaytech.com\/pt-pt\/wp-json\/wp\/v2\/media?parent=8209"}],"wp:term":[{"taxonomy":"product_cat","embeddable":true,"href":"https:\/\/svilupporaytech.com\/pt-pt\/wp-json\/wp\/v2\/product_cat?post=8209"},{"taxonomy":"product_tag","embeddable":true,"href":"https:\/\/svilupporaytech.com\/pt-pt\/wp-json\/wp\/v2\/product_tag?post=8209"}],"curies":[{"name":"wp","href":"https:\/\/api.w.org\/{rel}","templated":true}]}}