{"id":8215,"date":"2015-07-15T12:36:42","date_gmt":"2016-01-18T13:35:09","guid":{"rendered":"http:\/\/raytech.it\/?post_type=product&#038;p=8215&#038;lang=pt-pt"},"modified":"2019-12-21T16:51:38","modified_gmt":"2019-12-21T15:51:38","slug":"gel-cover-line","status":"publish","type":"product","link":"https:\/\/svilupporaytech.com\/pt-pt\/produto\/baixa-tensao\/juntas\/pre-vazadas\/gel-cover-line\/","title":{"rendered":"Gel Cover Line"},"content":{"rendered":"<p>Acess\u00f3rio pr\u00e9-enchido em gel para liga\u00e7\u00f5es direitas para prote\u00e7\u00e3o, coloca\u00e7\u00e3o em seguran\u00e7a e cobertura de liga\u00e7\u00f5es el\u00e9tricas com conectores tipo Mammut (caixas de terminais)<\/p>\n<ul>\n<li><span style=\"color: #009233;\">Para cabos 3 x 1 a 6 mm2, ou de 3 fios isolados<\/span><\/li>\n<li><span style=\"color: #009233;\">Para liga\u00e7\u00f5es dom\u00e9sticas e industriais<\/span><\/li>\n<li><span style=\"color: #009233;\">Para instala\u00e7\u00f5es sistemas dom\u00e9sticos<\/span><\/li>\n<li><span style=\"color: #009233;\">Tamb\u00e9m para uso submergido<\/span><\/li>\n<li><span style=\"color: #009233;\">At\u00f3xico e sem validade<\/span><\/li>\n<\/ul>\n","protected":false},"excerpt":{"rendered":"<p>Acess\u00f3rio pr\u00e9-enchido em gel para liga\u00e7\u00f5es direitas para prote\u00e7\u00e3o, coloca\u00e7\u00e3o em seguran\u00e7a e cobertura de liga\u00e7\u00f5es el\u00e9tricas com conectores tipo Mammut (caixas de terminais) Para cabos 3 x 1 a<span class=\"excerpt-hellip\"> [\u2026]<\/span><\/p>\n","protected":false},"featured_media":8880,"template":"","meta":[],"product_cat":[321,323,326],"product_tag":[],"yoast_head":"<!-- This site is optimized with the Yoast SEO plugin v22.7 - https:\/\/yoast.com\/wordpress\/plugins\/seo\/ -->\n<title>Gel Cover Line | Raytech<\/title>\n<meta name=\"robots\" content=\"index, follow, max-snippet:-1, max-image-preview:large, max-video-preview:-1\" \/>\n<link rel=\"canonical\" href=\"https:\/\/svilupporaytech.com\/pt-pt\/produto\/baixa-tensao\/juntas\/pre-vazadas\/gel-cover-line\/\" \/>\n<meta property=\"og:locale\" content=\"pt_PT\" \/>\n<meta property=\"og:type\" content=\"article\" \/>\n<meta property=\"og:title\" content=\"Gel Cover Line | Raytech\" \/>\n<meta property=\"og:description\" content=\"Acess\u00f3rio pr\u00e9-enchido em gel para liga\u00e7\u00f5es direitas para prote\u00e7\u00e3o, coloca\u00e7\u00e3o em seguran\u00e7a e cobertura de liga\u00e7\u00f5es el\u00e9tricas com conectores tipo Mammut (caixas de terminais) Para cabos 3 x 1 a [\u2026]\" \/>\n<meta property=\"og:url\" content=\"https:\/\/svilupporaytech.com\/pt-pt\/produto\/baixa-tensao\/juntas\/pre-vazadas\/gel-cover-line\/\" \/>\n<meta property=\"og:site_name\" content=\"Raytech\" \/>\n<meta property=\"article:modified_time\" content=\"2019-12-21T15:51:38+00:00\" \/>\n<meta property=\"og:image\" content=\"https:\/\/svilupporaytech.com\/wp-content\/uploads\/Gel-Cover-Line_con-cavo.jpg\" \/>\n\t<meta property=\"og:image:width\" content=\"1000\" \/>\n\t<meta property=\"og:image:height\" content=\"1000\" \/>\n\t<meta property=\"og:image:type\" content=\"image\/jpeg\" \/>\n<meta name=\"twitter:card\" content=\"summary_large_image\" \/>\n<script type=\"application\/ld+json\" class=\"yoast-schema-graph\">{\"@context\":\"https:\/\/schema.org\",\"@graph\":[{\"@type\":\"WebPage\",\"@id\":\"https:\/\/svilupporaytech.com\/pt-pt\/produto\/baixa-tensao\/juntas\/pre-vazadas\/gel-cover-line\/\",\"url\":\"https:\/\/svilupporaytech.com\/pt-pt\/produto\/baixa-tensao\/juntas\/pre-vazadas\/gel-cover-line\/\",\"name\":\"Gel Cover Line | Raytech\",\"isPartOf\":{\"@id\":\"https:\/\/svilupporaytech.com\/#website\"},\"primaryImageOfPage\":{\"@id\":\"https:\/\/svilupporaytech.com\/pt-pt\/produto\/baixa-tensao\/juntas\/pre-vazadas\/gel-cover-line\/#primaryimage\"},\"image\":{\"@id\":\"https:\/\/svilupporaytech.com\/pt-pt\/produto\/baixa-tensao\/juntas\/pre-vazadas\/gel-cover-line\/#primaryimage\"},\"thumbnailUrl\":\"https:\/\/svilupporaytech.com\/wp-content\/uploads\/Gel-Cover-Line_con-cavo.jpg\",\"datePublished\":\"2016-01-18T13:35:09+00:00\",\"dateModified\":\"2019-12-21T15:51:38+00:00\",\"breadcrumb\":{\"@id\":\"https:\/\/svilupporaytech.com\/pt-pt\/produto\/baixa-tensao\/juntas\/pre-vazadas\/gel-cover-line\/#breadcrumb\"},\"inLanguage\":\"pt-PT\",\"potentialAction\":[{\"@type\":\"ReadAction\",\"target\":[\"https:\/\/svilupporaytech.com\/pt-pt\/produto\/baixa-tensao\/juntas\/pre-vazadas\/gel-cover-line\/\"]}]},{\"@type\":\"ImageObject\",\"inLanguage\":\"pt-PT\",\"@id\":\"https:\/\/svilupporaytech.com\/pt-pt\/produto\/baixa-tensao\/juntas\/pre-vazadas\/gel-cover-line\/#primaryimage\",\"url\":\"https:\/\/svilupporaytech.com\/wp-content\/uploads\/Gel-Cover-Line_con-cavo.jpg\",\"contentUrl\":\"https:\/\/svilupporaytech.com\/wp-content\/uploads\/Gel-Cover-Line_con-cavo.jpg\",\"width\":1000,\"height\":1000},{\"@type\":\"BreadcrumbList\",\"@id\":\"https:\/\/svilupporaytech.com\/pt-pt\/produto\/baixa-tensao\/juntas\/pre-vazadas\/gel-cover-line\/#breadcrumb\",\"itemListElement\":[{\"@type\":\"ListItem\",\"position\":1,\"name\":\"Home\",\"item\":\"https:\/\/svilupporaytech.com\/pt-pt\/\"},{\"@type\":\"ListItem\",\"position\":2,\"name\":\"Loja\",\"item\":\"https:\/\/svilupporaytech.com\/pt-pt\/loja\/\"},{\"@type\":\"ListItem\",\"position\":3,\"name\":\"Gel Cover Line\"}]},{\"@type\":\"WebSite\",\"@id\":\"https:\/\/svilupporaytech.com\/#website\",\"url\":\"https:\/\/svilupporaytech.com\/\",\"name\":\"Raytech\",\"description\":\"Cable accessories company\",\"potentialAction\":[{\"@type\":\"SearchAction\",\"target\":{\"@type\":\"EntryPoint\",\"urlTemplate\":\"https:\/\/svilupporaytech.com\/?s={search_term_string}\"},\"query-input\":\"required name=search_term_string\"}],\"inLanguage\":\"pt-PT\"}]}<\/script>\n<!-- \/ Yoast SEO plugin. -->","yoast_head_json":{"title":"Gel Cover Line | Raytech","robots":{"index":"index","follow":"follow","max-snippet":"max-snippet:-1","max-image-preview":"max-image-preview:large","max-video-preview":"max-video-preview:-1"},"canonical":"https:\/\/svilupporaytech.com\/pt-pt\/produto\/baixa-tensao\/juntas\/pre-vazadas\/gel-cover-line\/","og_locale":"pt_PT","og_type":"article","og_title":"Gel Cover Line | Raytech","og_description":"Acess\u00f3rio pr\u00e9-enchido em gel para liga\u00e7\u00f5es direitas para prote\u00e7\u00e3o, coloca\u00e7\u00e3o em seguran\u00e7a e cobertura de liga\u00e7\u00f5es el\u00e9tricas com conectores tipo Mammut (caixas de terminais) Para cabos 3 x 1 a [\u2026]","og_url":"https:\/\/svilupporaytech.com\/pt-pt\/produto\/baixa-tensao\/juntas\/pre-vazadas\/gel-cover-line\/","og_site_name":"Raytech","article_modified_time":"2019-12-21T15:51:38+00:00","og_image":[{"width":1000,"height":1000,"url":"https:\/\/svilupporaytech.com\/wp-content\/uploads\/Gel-Cover-Line_con-cavo.jpg","type":"image\/jpeg"}],"twitter_card":"summary_large_image","schema":{"@context":"https:\/\/schema.org","@graph":[{"@type":"WebPage","@id":"https:\/\/svilupporaytech.com\/pt-pt\/produto\/baixa-tensao\/juntas\/pre-vazadas\/gel-cover-line\/","url":"https:\/\/svilupporaytech.com\/pt-pt\/produto\/baixa-tensao\/juntas\/pre-vazadas\/gel-cover-line\/","name":"Gel Cover Line | Raytech","isPartOf":{"@id":"https:\/\/svilupporaytech.com\/#website"},"primaryImageOfPage":{"@id":"https:\/\/svilupporaytech.com\/pt-pt\/produto\/baixa-tensao\/juntas\/pre-vazadas\/gel-cover-line\/#primaryimage"},"image":{"@id":"https:\/\/svilupporaytech.com\/pt-pt\/produto\/baixa-tensao\/juntas\/pre-vazadas\/gel-cover-line\/#primaryimage"},"thumbnailUrl":"https:\/\/svilupporaytech.com\/wp-content\/uploads\/Gel-Cover-Line_con-cavo.jpg","datePublished":"2016-01-18T13:35:09+00:00","dateModified":"2019-12-21T15:51:38+00:00","breadcrumb":{"@id":"https:\/\/svilupporaytech.com\/pt-pt\/produto\/baixa-tensao\/juntas\/pre-vazadas\/gel-cover-line\/#breadcrumb"},"inLanguage":"pt-PT","potentialAction":[{"@type":"ReadAction","target":["https:\/\/svilupporaytech.com\/pt-pt\/produto\/baixa-tensao\/juntas\/pre-vazadas\/gel-cover-line\/"]}]},{"@type":"ImageObject","inLanguage":"pt-PT","@id":"https:\/\/svilupporaytech.com\/pt-pt\/produto\/baixa-tensao\/juntas\/pre-vazadas\/gel-cover-line\/#primaryimage","url":"https:\/\/svilupporaytech.com\/wp-content\/uploads\/Gel-Cover-Line_con-cavo.jpg","contentUrl":"https:\/\/svilupporaytech.com\/wp-content\/uploads\/Gel-Cover-Line_con-cavo.jpg","width":1000,"height":1000},{"@type":"BreadcrumbList","@id":"https:\/\/svilupporaytech.com\/pt-pt\/produto\/baixa-tensao\/juntas\/pre-vazadas\/gel-cover-line\/#breadcrumb","itemListElement":[{"@type":"ListItem","position":1,"name":"Home","item":"https:\/\/svilupporaytech.com\/pt-pt\/"},{"@type":"ListItem","position":2,"name":"Loja","item":"https:\/\/svilupporaytech.com\/pt-pt\/loja\/"},{"@type":"ListItem","position":3,"name":"Gel Cover Line"}]},{"@type":"WebSite","@id":"https:\/\/svilupporaytech.com\/#website","url":"https:\/\/svilupporaytech.com\/","name":"Raytech","description":"Cable accessories company","potentialAction":[{"@type":"SearchAction","target":{"@type":"EntryPoint","urlTemplate":"https:\/\/svilupporaytech.com\/?s={search_term_string}"},"query-input":"required name=search_term_string"}],"inLanguage":"pt-PT"}]}},"_links":{"self":[{"href":"https:\/\/svilupporaytech.com\/pt-pt\/wp-json\/wp\/v2\/product\/8215"}],"collection":[{"href":"https:\/\/svilupporaytech.com\/pt-pt\/wp-json\/wp\/v2\/product"}],"about":[{"href":"https:\/\/svilupporaytech.com\/pt-pt\/wp-json\/wp\/v2\/types\/product"}],"wp:featuredmedia":[{"embeddable":true,"href":"https:\/\/svilupporaytech.com\/pt-pt\/wp-json\/wp\/v2\/media\/8880"}],"wp:attachment":[{"href":"https:\/\/svilupporaytech.com\/pt-pt\/wp-json\/wp\/v2\/media?parent=8215"}],"wp:term":[{"taxonomy":"product_cat","embeddable":true,"href":"https:\/\/svilupporaytech.com\/pt-pt\/wp-json\/wp\/v2\/product_cat?post=8215"},{"taxonomy":"product_tag","embeddable":true,"href":"https:\/\/svilupporaytech.com\/pt-pt\/wp-json\/wp\/v2\/product_tag?post=8215"}],"curies":[{"name":"wp","href":"https:\/\/api.w.org\/{rel}","templated":true}]}}