{"id":8260,"date":"2015-07-15T14:54:00","date_gmt":"2016-01-22T14:44:05","guid":{"rendered":"http:\/\/raytech.it\/?post_type=product&#038;p=8260&#038;lang=pt-pt"},"modified":"2023-06-16T13:15:44","modified_gmt":"2023-06-16T12:15:44","slug":"magic-fluid","status":"publish","type":"product","link":"https:\/\/svilupporaytech.com\/pt-pt\/produto\/baixa-tensao\/enchimentos\/gel-pt-pt-2\/magic-fluid\/","title":{"rendered":"Magic Fluid"},"content":{"rendered":"<h4><span style=\"color: #009832;\">Fluido isolante e selante em saqueta<\/span><\/h4>\n<p>O fluido isolante e selante Magic Fluid, vertido em inv\u00f3lucros adequados, garante um grau de prote\u00e7\u00e3o IP 68 e pode substituir qualquer tipo de resina. Trata-se de um isolamento auto-selante de tipo polim\u00e9rico, em saqueta bicomponente, com reticula\u00e7\u00e3o a frio, sem validade. Ao remover o separador, os dois componentes misturam-se, dando in\u00edcio \u00e0 reticula\u00e7\u00e3o. Depois de vertido, o isolamento, caracterizado por uma viscosidade muito baixa, engloba e reveste qualquer tipo de material reticulado em menos de 10 minutos. Absolutamente at\u00f3xico, reticula com um pico isot\u00e9rmico muito baixo que n\u00e3o solicita termicamente os materiais com os quais entra em contacto. Reacess\u00edvel mesmo ap\u00f3s longos per\u00edodos de funcionamento.<\/p>\n<ul>\n<li><span style=\"color: #009832;\">Para todas as aplica\u00e7\u00f5es caracterizadas por tens\u00f5es altas e temperaturas altas!<\/span><\/li>\n<li><span style=\"color: #009832;\">Reticula\u00e7\u00e3o r\u00e1pida (apenas 10 minutos)<\/span><\/li>\n<li><span style=\"color: #009832;\">Re-acess\u00edvel mesmo ap\u00f3s longos per\u00edodos de funcionamento<\/span><\/li>\n<li><span style=\"color: #009832;\">At\u00f3xico e seguro, sem validade<\/span><\/li>\n<li><span style=\"color: #009832;\">Viscosidade baixa<\/span><\/li>\n<\/ul>\n<p>&nbsp;<\/p>\n","protected":false},"excerpt":{"rendered":"<p>Fluido isolante e selante em saqueta O fluido isolante e selante Magic Fluid, vertido em inv\u00f3lucros adequados, garante um grau de prote\u00e7\u00e3o IP 68 e pode substituir qualquer tipo de<span class=\"excerpt-hellip\"> [\u2026]<\/span><\/p>\n","protected":false},"featured_media":33096,"template":"","meta":[],"product_cat":[321,340,338],"product_tag":[],"yoast_head":"<!-- This site is optimized with the Yoast SEO plugin v22.7 - https:\/\/yoast.com\/wordpress\/plugins\/seo\/ -->\n<title>Magic Fluid | Raytech<\/title>\n<meta name=\"robots\" content=\"index, follow, max-snippet:-1, max-image-preview:large, max-video-preview:-1\" \/>\n<link rel=\"canonical\" href=\"https:\/\/svilupporaytech.com\/pt-pt\/produto\/baixa-tensao\/enchimentos\/gel-pt-pt-2\/magic-fluid\/\" \/>\n<meta property=\"og:locale\" content=\"pt_PT\" \/>\n<meta property=\"og:type\" content=\"article\" \/>\n<meta property=\"og:title\" content=\"Magic Fluid | Raytech\" \/>\n<meta property=\"og:description\" content=\"Fluido isolante e selante em saqueta O fluido isolante e selante Magic Fluid, vertido em inv\u00f3lucros adequados, garante um grau de prote\u00e7\u00e3o IP 68 e pode substituir qualquer tipo de [\u2026]\" \/>\n<meta property=\"og:url\" content=\"https:\/\/svilupporaytech.com\/pt-pt\/produto\/baixa-tensao\/enchimentos\/gel-pt-pt-2\/magic-fluid\/\" \/>\n<meta property=\"og:site_name\" content=\"Raytech\" \/>\n<meta property=\"article:modified_time\" content=\"2023-06-16T12:15:44+00:00\" \/>\n<meta property=\"og:image\" content=\"https:\/\/svilupporaytech.com\/wp-content\/uploads\/magic-fluid-5.jpg\" \/>\n\t<meta property=\"og:image:width\" content=\"1024\" \/>\n\t<meta property=\"og:image:height\" content=\"1024\" \/>\n\t<meta property=\"og:image:type\" content=\"image\/jpeg\" \/>\n<meta name=\"twitter:card\" content=\"summary_large_image\" \/>\n<meta name=\"twitter:label1\" content=\"Tempo estimado de leitura\" \/>\n\t<meta name=\"twitter:data1\" content=\"1 minuto\" \/>\n<script type=\"application\/ld+json\" class=\"yoast-schema-graph\">{\"@context\":\"https:\/\/schema.org\",\"@graph\":[{\"@type\":\"WebPage\",\"@id\":\"https:\/\/svilupporaytech.com\/pt-pt\/produto\/baixa-tensao\/enchimentos\/gel-pt-pt-2\/magic-fluid\/\",\"url\":\"https:\/\/svilupporaytech.com\/pt-pt\/produto\/baixa-tensao\/enchimentos\/gel-pt-pt-2\/magic-fluid\/\",\"name\":\"Magic Fluid | Raytech\",\"isPartOf\":{\"@id\":\"https:\/\/svilupporaytech.com\/#website\"},\"primaryImageOfPage\":{\"@id\":\"https:\/\/svilupporaytech.com\/pt-pt\/produto\/baixa-tensao\/enchimentos\/gel-pt-pt-2\/magic-fluid\/#primaryimage\"},\"image\":{\"@id\":\"https:\/\/svilupporaytech.com\/pt-pt\/produto\/baixa-tensao\/enchimentos\/gel-pt-pt-2\/magic-fluid\/#primaryimage\"},\"thumbnailUrl\":\"https:\/\/svilupporaytech.com\/wp-content\/uploads\/magic-fluid-5.jpg\",\"datePublished\":\"2016-01-22T14:44:05+00:00\",\"dateModified\":\"2023-06-16T12:15:44+00:00\",\"breadcrumb\":{\"@id\":\"https:\/\/svilupporaytech.com\/pt-pt\/produto\/baixa-tensao\/enchimentos\/gel-pt-pt-2\/magic-fluid\/#breadcrumb\"},\"inLanguage\":\"pt-PT\",\"potentialAction\":[{\"@type\":\"ReadAction\",\"target\":[\"https:\/\/svilupporaytech.com\/pt-pt\/produto\/baixa-tensao\/enchimentos\/gel-pt-pt-2\/magic-fluid\/\"]}]},{\"@type\":\"ImageObject\",\"inLanguage\":\"pt-PT\",\"@id\":\"https:\/\/svilupporaytech.com\/pt-pt\/produto\/baixa-tensao\/enchimentos\/gel-pt-pt-2\/magic-fluid\/#primaryimage\",\"url\":\"https:\/\/svilupporaytech.com\/wp-content\/uploads\/magic-fluid-5.jpg\",\"contentUrl\":\"https:\/\/svilupporaytech.com\/wp-content\/uploads\/magic-fluid-5.jpg\",\"width\":1024,\"height\":1024},{\"@type\":\"BreadcrumbList\",\"@id\":\"https:\/\/svilupporaytech.com\/pt-pt\/produto\/baixa-tensao\/enchimentos\/gel-pt-pt-2\/magic-fluid\/#breadcrumb\",\"itemListElement\":[{\"@type\":\"ListItem\",\"position\":1,\"name\":\"Home\",\"item\":\"https:\/\/svilupporaytech.com\/pt-pt\/\"},{\"@type\":\"ListItem\",\"position\":2,\"name\":\"Loja\",\"item\":\"https:\/\/svilupporaytech.com\/pt-pt\/loja\/\"},{\"@type\":\"ListItem\",\"position\":3,\"name\":\"Magic Fluid\"}]},{\"@type\":\"WebSite\",\"@id\":\"https:\/\/svilupporaytech.com\/#website\",\"url\":\"https:\/\/svilupporaytech.com\/\",\"name\":\"Raytech\",\"description\":\"Cable accessories company\",\"potentialAction\":[{\"@type\":\"SearchAction\",\"target\":{\"@type\":\"EntryPoint\",\"urlTemplate\":\"https:\/\/svilupporaytech.com\/?s={search_term_string}\"},\"query-input\":\"required name=search_term_string\"}],\"inLanguage\":\"pt-PT\"}]}<\/script>\n<!-- \/ Yoast SEO plugin. -->","yoast_head_json":{"title":"Magic Fluid | Raytech","robots":{"index":"index","follow":"follow","max-snippet":"max-snippet:-1","max-image-preview":"max-image-preview:large","max-video-preview":"max-video-preview:-1"},"canonical":"https:\/\/svilupporaytech.com\/pt-pt\/produto\/baixa-tensao\/enchimentos\/gel-pt-pt-2\/magic-fluid\/","og_locale":"pt_PT","og_type":"article","og_title":"Magic Fluid | Raytech","og_description":"Fluido isolante e selante em saqueta O fluido isolante e selante Magic Fluid, vertido em inv\u00f3lucros adequados, garante um grau de prote\u00e7\u00e3o IP 68 e pode substituir qualquer tipo de [\u2026]","og_url":"https:\/\/svilupporaytech.com\/pt-pt\/produto\/baixa-tensao\/enchimentos\/gel-pt-pt-2\/magic-fluid\/","og_site_name":"Raytech","article_modified_time":"2023-06-16T12:15:44+00:00","og_image":[{"width":1024,"height":1024,"url":"https:\/\/svilupporaytech.com\/wp-content\/uploads\/magic-fluid-5.jpg","type":"image\/jpeg"}],"twitter_card":"summary_large_image","twitter_misc":{"Tempo estimado de leitura":"1 minuto"},"schema":{"@context":"https:\/\/schema.org","@graph":[{"@type":"WebPage","@id":"https:\/\/svilupporaytech.com\/pt-pt\/produto\/baixa-tensao\/enchimentos\/gel-pt-pt-2\/magic-fluid\/","url":"https:\/\/svilupporaytech.com\/pt-pt\/produto\/baixa-tensao\/enchimentos\/gel-pt-pt-2\/magic-fluid\/","name":"Magic Fluid | Raytech","isPartOf":{"@id":"https:\/\/svilupporaytech.com\/#website"},"primaryImageOfPage":{"@id":"https:\/\/svilupporaytech.com\/pt-pt\/produto\/baixa-tensao\/enchimentos\/gel-pt-pt-2\/magic-fluid\/#primaryimage"},"image":{"@id":"https:\/\/svilupporaytech.com\/pt-pt\/produto\/baixa-tensao\/enchimentos\/gel-pt-pt-2\/magic-fluid\/#primaryimage"},"thumbnailUrl":"https:\/\/svilupporaytech.com\/wp-content\/uploads\/magic-fluid-5.jpg","datePublished":"2016-01-22T14:44:05+00:00","dateModified":"2023-06-16T12:15:44+00:00","breadcrumb":{"@id":"https:\/\/svilupporaytech.com\/pt-pt\/produto\/baixa-tensao\/enchimentos\/gel-pt-pt-2\/magic-fluid\/#breadcrumb"},"inLanguage":"pt-PT","potentialAction":[{"@type":"ReadAction","target":["https:\/\/svilupporaytech.com\/pt-pt\/produto\/baixa-tensao\/enchimentos\/gel-pt-pt-2\/magic-fluid\/"]}]},{"@type":"ImageObject","inLanguage":"pt-PT","@id":"https:\/\/svilupporaytech.com\/pt-pt\/produto\/baixa-tensao\/enchimentos\/gel-pt-pt-2\/magic-fluid\/#primaryimage","url":"https:\/\/svilupporaytech.com\/wp-content\/uploads\/magic-fluid-5.jpg","contentUrl":"https:\/\/svilupporaytech.com\/wp-content\/uploads\/magic-fluid-5.jpg","width":1024,"height":1024},{"@type":"BreadcrumbList","@id":"https:\/\/svilupporaytech.com\/pt-pt\/produto\/baixa-tensao\/enchimentos\/gel-pt-pt-2\/magic-fluid\/#breadcrumb","itemListElement":[{"@type":"ListItem","position":1,"name":"Home","item":"https:\/\/svilupporaytech.com\/pt-pt\/"},{"@type":"ListItem","position":2,"name":"Loja","item":"https:\/\/svilupporaytech.com\/pt-pt\/loja\/"},{"@type":"ListItem","position":3,"name":"Magic Fluid"}]},{"@type":"WebSite","@id":"https:\/\/svilupporaytech.com\/#website","url":"https:\/\/svilupporaytech.com\/","name":"Raytech","description":"Cable accessories company","potentialAction":[{"@type":"SearchAction","target":{"@type":"EntryPoint","urlTemplate":"https:\/\/svilupporaytech.com\/?s={search_term_string}"},"query-input":"required name=search_term_string"}],"inLanguage":"pt-PT"}]}},"_links":{"self":[{"href":"https:\/\/svilupporaytech.com\/pt-pt\/wp-json\/wp\/v2\/product\/8260"}],"collection":[{"href":"https:\/\/svilupporaytech.com\/pt-pt\/wp-json\/wp\/v2\/product"}],"about":[{"href":"https:\/\/svilupporaytech.com\/pt-pt\/wp-json\/wp\/v2\/types\/product"}],"wp:featuredmedia":[{"embeddable":true,"href":"https:\/\/svilupporaytech.com\/pt-pt\/wp-json\/wp\/v2\/media\/33096"}],"wp:attachment":[{"href":"https:\/\/svilupporaytech.com\/pt-pt\/wp-json\/wp\/v2\/media?parent=8260"}],"wp:term":[{"taxonomy":"product_cat","embeddable":true,"href":"https:\/\/svilupporaytech.com\/pt-pt\/wp-json\/wp\/v2\/product_cat?post=8260"},{"taxonomy":"product_tag","embeddable":true,"href":"https:\/\/svilupporaytech.com\/pt-pt\/wp-json\/wp\/v2\/product_tag?post=8260"}],"curies":[{"name":"wp","href":"https:\/\/api.w.org\/{rel}","templated":true}]}}