{"id":8277,"date":"2015-07-15T15:30:06","date_gmt":"2016-01-22T16:05:04","guid":{"rendered":"http:\/\/raytech.it\/?post_type=product&#038;p=8277&#038;lang=pt-pt"},"modified":"2023-06-16T11:43:36","modified_gmt":"2023-06-16T10:43:36","slug":"wonder-fluid","status":"publish","type":"product","link":"https:\/\/svilupporaytech.com\/pt-pt\/produto\/baixa-tensao\/enchimentos\/gel-pt-pt-2\/wonder-fluid\/","title":{"rendered":"Wonder Fluid"},"content":{"rendered":"<p>Gel fluido isolante monocomponente em cartucho<\/p>\n<ul>\n<li><span style=\"color: #009832;\">Gel fluido pronto para o uso<\/span><\/li>\n<li><span style=\"color: #009832;\">Concebido para o enchimento das novas jun\u00e7\u00f5es Raytech com v\u00e1lvula de reten\u00e7\u00e3o<\/span><\/li>\n<li><span style=\"color: #009832;\">Adequado ao enchimento de caixas<\/span><\/li>\n<li><span style=\"color: #009832;\">Depois de aberto, n\u00e3o solidifica<\/span><\/li>\n<li><span style=\"color: #009832;\">N\u00e3o produz desperd\u00edcio<\/span><\/li>\n<li><span style=\"color: #009832;\">Sem validade<\/span><\/li>\n<\/ul>\n","protected":false},"excerpt":{"rendered":"<p>Gel fluido isolante monocomponente em cartucho Gel fluido pronto para o uso Concebido para o enchimento das novas jun\u00e7\u00f5es Raytech com v\u00e1lvula de reten\u00e7\u00e3o Adequado ao enchimento de caixas Depois<span class=\"excerpt-hellip\"> [\u2026]<\/span><\/p>\n","protected":false},"featured_media":18814,"template":"","meta":[],"product_cat":[321,340,338],"product_tag":[],"yoast_head":"<!-- This site is optimized with the Yoast SEO plugin v22.7 - https:\/\/yoast.com\/wordpress\/plugins\/seo\/ -->\n<title>Wonder Fluid | Raytech<\/title>\n<meta name=\"robots\" content=\"index, follow, max-snippet:-1, max-image-preview:large, max-video-preview:-1\" \/>\n<link rel=\"canonical\" href=\"https:\/\/svilupporaytech.com\/pt-pt\/produto\/baixa-tensao\/enchimentos\/gel-pt-pt-2\/wonder-fluid\/\" \/>\n<meta property=\"og:locale\" content=\"pt_PT\" \/>\n<meta property=\"og:type\" content=\"article\" \/>\n<meta property=\"og:title\" content=\"Wonder Fluid | Raytech\" \/>\n<meta property=\"og:description\" content=\"Gel fluido isolante monocomponente em cartucho Gel fluido pronto para o uso Concebido para o enchimento das novas jun\u00e7\u00f5es Raytech com v\u00e1lvula de reten\u00e7\u00e3o Adequado ao enchimento de caixas Depois [\u2026]\" \/>\n<meta property=\"og:url\" content=\"https:\/\/svilupporaytech.com\/pt-pt\/produto\/baixa-tensao\/enchimentos\/gel-pt-pt-2\/wonder-fluid\/\" \/>\n<meta property=\"og:site_name\" content=\"Raytech\" \/>\n<meta property=\"article:modified_time\" content=\"2023-06-16T10:43:36+00:00\" \/>\n<meta property=\"og:image\" content=\"https:\/\/svilupporaytech.com\/wp-content\/uploads\/wonder-fluid-1-1.jpg\" \/>\n\t<meta property=\"og:image:width\" content=\"1024\" \/>\n\t<meta property=\"og:image:height\" content=\"1024\" \/>\n\t<meta property=\"og:image:type\" content=\"image\/jpeg\" \/>\n<meta name=\"twitter:card\" content=\"summary_large_image\" \/>\n<script type=\"application\/ld+json\" class=\"yoast-schema-graph\">{\"@context\":\"https:\/\/schema.org\",\"@graph\":[{\"@type\":\"WebPage\",\"@id\":\"https:\/\/svilupporaytech.com\/pt-pt\/produto\/baixa-tensao\/enchimentos\/gel-pt-pt-2\/wonder-fluid\/\",\"url\":\"https:\/\/svilupporaytech.com\/pt-pt\/produto\/baixa-tensao\/enchimentos\/gel-pt-pt-2\/wonder-fluid\/\",\"name\":\"Wonder Fluid | Raytech\",\"isPartOf\":{\"@id\":\"https:\/\/svilupporaytech.com\/#website\"},\"primaryImageOfPage\":{\"@id\":\"https:\/\/svilupporaytech.com\/pt-pt\/produto\/baixa-tensao\/enchimentos\/gel-pt-pt-2\/wonder-fluid\/#primaryimage\"},\"image\":{\"@id\":\"https:\/\/svilupporaytech.com\/pt-pt\/produto\/baixa-tensao\/enchimentos\/gel-pt-pt-2\/wonder-fluid\/#primaryimage\"},\"thumbnailUrl\":\"https:\/\/svilupporaytech.com\/wp-content\/uploads\/wonder-fluid-1-1.jpg\",\"datePublished\":\"2016-01-22T16:05:04+00:00\",\"dateModified\":\"2023-06-16T10:43:36+00:00\",\"breadcrumb\":{\"@id\":\"https:\/\/svilupporaytech.com\/pt-pt\/produto\/baixa-tensao\/enchimentos\/gel-pt-pt-2\/wonder-fluid\/#breadcrumb\"},\"inLanguage\":\"pt-PT\",\"potentialAction\":[{\"@type\":\"ReadAction\",\"target\":[\"https:\/\/svilupporaytech.com\/pt-pt\/produto\/baixa-tensao\/enchimentos\/gel-pt-pt-2\/wonder-fluid\/\"]}]},{\"@type\":\"ImageObject\",\"inLanguage\":\"pt-PT\",\"@id\":\"https:\/\/svilupporaytech.com\/pt-pt\/produto\/baixa-tensao\/enchimentos\/gel-pt-pt-2\/wonder-fluid\/#primaryimage\",\"url\":\"https:\/\/svilupporaytech.com\/wp-content\/uploads\/wonder-fluid-1-1.jpg\",\"contentUrl\":\"https:\/\/svilupporaytech.com\/wp-content\/uploads\/wonder-fluid-1-1.jpg\",\"width\":1024,\"height\":1024,\"caption\":\"wonder-fluid\"},{\"@type\":\"BreadcrumbList\",\"@id\":\"https:\/\/svilupporaytech.com\/pt-pt\/produto\/baixa-tensao\/enchimentos\/gel-pt-pt-2\/wonder-fluid\/#breadcrumb\",\"itemListElement\":[{\"@type\":\"ListItem\",\"position\":1,\"name\":\"Home\",\"item\":\"https:\/\/svilupporaytech.com\/pt-pt\/\"},{\"@type\":\"ListItem\",\"position\":2,\"name\":\"Loja\",\"item\":\"https:\/\/svilupporaytech.com\/pt-pt\/loja\/\"},{\"@type\":\"ListItem\",\"position\":3,\"name\":\"Wonder Fluid\"}]},{\"@type\":\"WebSite\",\"@id\":\"https:\/\/svilupporaytech.com\/#website\",\"url\":\"https:\/\/svilupporaytech.com\/\",\"name\":\"Raytech\",\"description\":\"Cable accessories company\",\"potentialAction\":[{\"@type\":\"SearchAction\",\"target\":{\"@type\":\"EntryPoint\",\"urlTemplate\":\"https:\/\/svilupporaytech.com\/?s={search_term_string}\"},\"query-input\":\"required name=search_term_string\"}],\"inLanguage\":\"pt-PT\"}]}<\/script>\n<!-- \/ Yoast SEO plugin. -->","yoast_head_json":{"title":"Wonder Fluid | Raytech","robots":{"index":"index","follow":"follow","max-snippet":"max-snippet:-1","max-image-preview":"max-image-preview:large","max-video-preview":"max-video-preview:-1"},"canonical":"https:\/\/svilupporaytech.com\/pt-pt\/produto\/baixa-tensao\/enchimentos\/gel-pt-pt-2\/wonder-fluid\/","og_locale":"pt_PT","og_type":"article","og_title":"Wonder Fluid | Raytech","og_description":"Gel fluido isolante monocomponente em cartucho Gel fluido pronto para o uso Concebido para o enchimento das novas jun\u00e7\u00f5es Raytech com v\u00e1lvula de reten\u00e7\u00e3o Adequado ao enchimento de caixas Depois [\u2026]","og_url":"https:\/\/svilupporaytech.com\/pt-pt\/produto\/baixa-tensao\/enchimentos\/gel-pt-pt-2\/wonder-fluid\/","og_site_name":"Raytech","article_modified_time":"2023-06-16T10:43:36+00:00","og_image":[{"width":1024,"height":1024,"url":"https:\/\/svilupporaytech.com\/wp-content\/uploads\/wonder-fluid-1-1.jpg","type":"image\/jpeg"}],"twitter_card":"summary_large_image","schema":{"@context":"https:\/\/schema.org","@graph":[{"@type":"WebPage","@id":"https:\/\/svilupporaytech.com\/pt-pt\/produto\/baixa-tensao\/enchimentos\/gel-pt-pt-2\/wonder-fluid\/","url":"https:\/\/svilupporaytech.com\/pt-pt\/produto\/baixa-tensao\/enchimentos\/gel-pt-pt-2\/wonder-fluid\/","name":"Wonder Fluid | Raytech","isPartOf":{"@id":"https:\/\/svilupporaytech.com\/#website"},"primaryImageOfPage":{"@id":"https:\/\/svilupporaytech.com\/pt-pt\/produto\/baixa-tensao\/enchimentos\/gel-pt-pt-2\/wonder-fluid\/#primaryimage"},"image":{"@id":"https:\/\/svilupporaytech.com\/pt-pt\/produto\/baixa-tensao\/enchimentos\/gel-pt-pt-2\/wonder-fluid\/#primaryimage"},"thumbnailUrl":"https:\/\/svilupporaytech.com\/wp-content\/uploads\/wonder-fluid-1-1.jpg","datePublished":"2016-01-22T16:05:04+00:00","dateModified":"2023-06-16T10:43:36+00:00","breadcrumb":{"@id":"https:\/\/svilupporaytech.com\/pt-pt\/produto\/baixa-tensao\/enchimentos\/gel-pt-pt-2\/wonder-fluid\/#breadcrumb"},"inLanguage":"pt-PT","potentialAction":[{"@type":"ReadAction","target":["https:\/\/svilupporaytech.com\/pt-pt\/produto\/baixa-tensao\/enchimentos\/gel-pt-pt-2\/wonder-fluid\/"]}]},{"@type":"ImageObject","inLanguage":"pt-PT","@id":"https:\/\/svilupporaytech.com\/pt-pt\/produto\/baixa-tensao\/enchimentos\/gel-pt-pt-2\/wonder-fluid\/#primaryimage","url":"https:\/\/svilupporaytech.com\/wp-content\/uploads\/wonder-fluid-1-1.jpg","contentUrl":"https:\/\/svilupporaytech.com\/wp-content\/uploads\/wonder-fluid-1-1.jpg","width":1024,"height":1024,"caption":"wonder-fluid"},{"@type":"BreadcrumbList","@id":"https:\/\/svilupporaytech.com\/pt-pt\/produto\/baixa-tensao\/enchimentos\/gel-pt-pt-2\/wonder-fluid\/#breadcrumb","itemListElement":[{"@type":"ListItem","position":1,"name":"Home","item":"https:\/\/svilupporaytech.com\/pt-pt\/"},{"@type":"ListItem","position":2,"name":"Loja","item":"https:\/\/svilupporaytech.com\/pt-pt\/loja\/"},{"@type":"ListItem","position":3,"name":"Wonder Fluid"}]},{"@type":"WebSite","@id":"https:\/\/svilupporaytech.com\/#website","url":"https:\/\/svilupporaytech.com\/","name":"Raytech","description":"Cable accessories company","potentialAction":[{"@type":"SearchAction","target":{"@type":"EntryPoint","urlTemplate":"https:\/\/svilupporaytech.com\/?s={search_term_string}"},"query-input":"required name=search_term_string"}],"inLanguage":"pt-PT"}]}},"_links":{"self":[{"href":"https:\/\/svilupporaytech.com\/pt-pt\/wp-json\/wp\/v2\/product\/8277"}],"collection":[{"href":"https:\/\/svilupporaytech.com\/pt-pt\/wp-json\/wp\/v2\/product"}],"about":[{"href":"https:\/\/svilupporaytech.com\/pt-pt\/wp-json\/wp\/v2\/types\/product"}],"wp:featuredmedia":[{"embeddable":true,"href":"https:\/\/svilupporaytech.com\/pt-pt\/wp-json\/wp\/v2\/media\/18814"}],"wp:attachment":[{"href":"https:\/\/svilupporaytech.com\/pt-pt\/wp-json\/wp\/v2\/media?parent=8277"}],"wp:term":[{"taxonomy":"product_cat","embeddable":true,"href":"https:\/\/svilupporaytech.com\/pt-pt\/wp-json\/wp\/v2\/product_cat?post=8277"},{"taxonomy":"product_tag","embeddable":true,"href":"https:\/\/svilupporaytech.com\/pt-pt\/wp-json\/wp\/v2\/product_tag?post=8277"}],"curies":[{"name":"wp","href":"https:\/\/api.w.org\/{rel}","templated":true}]}}