{"id":8286,"date":"2015-07-15T15:42:09","date_gmt":"2016-01-25T15:40:16","guid":{"rendered":"http:\/\/raytech.it\/?post_type=product&#038;p=8286&#038;lang=pt-pt"},"modified":"2016-01-25T15:42:51","modified_gmt":"2016-01-25T15:42:51","slug":"rayresin","status":"publish","type":"product","link":"https:\/\/svilupporaytech.com\/pt-pt\/produto\/baixa-tensao\/enchimentos\/resina-pt-pt\/rayresin\/","title":{"rendered":"Rayresin"},"content":{"rendered":"<div class=\"page\" title=\"Page 82\">\n<div class=\"layoutArea\">\n<div class=\"column\">\n<h4><span style=\"color: #009832;\">Resina epox\u00eddrica bicomponente para instala\u00e7\u00f5es at\u00e9 1 kV<\/span><\/h4>\n<div class=\"page\" title=\"Page 82\">\n<div class=\"layoutArea\">\n<div class=\"column\">\n<p>Resina para isolamento el\u00e9trico e prote\u00e7\u00e3o de acess\u00f3rios BT e MT de tipo termoendurec\u00edvel. Os dois componentes, resina base e endurecedor, s\u00e3o misturados em estreito contacto para ativar a rea\u00e7\u00e3o de reticula\u00e7\u00e3o. \u00d3tima ades\u00e3o a componentes met\u00e1licos, materiais pl\u00e1sticos e borrachas.<\/p>\n<\/div>\n<\/div>\n<\/div>\n<\/div>\n<\/div>\n<\/div>\n","protected":false},"excerpt":{"rendered":"<p>Resina epox\u00eddrica bicomponente para instala\u00e7\u00f5es at\u00e9 1 kV Resina para isolamento el\u00e9trico e prote\u00e7\u00e3o de acess\u00f3rios BT e MT de tipo termoendurec\u00edvel. Os dois componentes, resina base e endurecedor, s\u00e3o<span class=\"excerpt-hellip\"> [\u2026]<\/span><\/p>\n","protected":false},"featured_media":33039,"template":"","meta":[],"product_cat":[321,340,337],"product_tag":[],"yoast_head":"<!-- This site is optimized with the Yoast SEO plugin v22.7 - https:\/\/yoast.com\/wordpress\/plugins\/seo\/ -->\n<title>Rayresin | Raytech<\/title>\n<meta name=\"robots\" content=\"index, follow, max-snippet:-1, max-image-preview:large, max-video-preview:-1\" \/>\n<link rel=\"canonical\" href=\"https:\/\/svilupporaytech.com\/pt-pt\/produto\/baixa-tensao\/enchimentos\/resina-pt-pt\/rayresin\/\" \/>\n<meta property=\"og:locale\" content=\"pt_PT\" \/>\n<meta property=\"og:type\" content=\"article\" \/>\n<meta property=\"og:title\" content=\"Rayresin | Raytech\" \/>\n<meta property=\"og:description\" content=\"Resina epox\u00eddrica bicomponente para instala\u00e7\u00f5es at\u00e9 1 kV Resina para isolamento el\u00e9trico e prote\u00e7\u00e3o de acess\u00f3rios BT e MT de tipo termoendurec\u00edvel. Os dois componentes, resina base e endurecedor, s\u00e3o [\u2026]\" \/>\n<meta property=\"og:url\" content=\"https:\/\/svilupporaytech.com\/pt-pt\/produto\/baixa-tensao\/enchimentos\/resina-pt-pt\/rayresin\/\" \/>\n<meta property=\"og:site_name\" content=\"Raytech\" \/>\n<meta property=\"article:modified_time\" content=\"2016-01-25T15:42:51+00:00\" \/>\n<meta property=\"og:image\" content=\"https:\/\/svilupporaytech.com\/wp-content\/uploads\/RAYRESIN-5.jpg\" \/>\n\t<meta property=\"og:image:width\" content=\"1024\" \/>\n\t<meta property=\"og:image:height\" content=\"773\" \/>\n\t<meta property=\"og:image:type\" content=\"image\/jpeg\" \/>\n<meta name=\"twitter:card\" content=\"summary_large_image\" \/>\n<script type=\"application\/ld+json\" class=\"yoast-schema-graph\">{\"@context\":\"https:\/\/schema.org\",\"@graph\":[{\"@type\":\"WebPage\",\"@id\":\"https:\/\/svilupporaytech.com\/pt-pt\/produto\/baixa-tensao\/enchimentos\/resina-pt-pt\/rayresin\/\",\"url\":\"https:\/\/svilupporaytech.com\/pt-pt\/produto\/baixa-tensao\/enchimentos\/resina-pt-pt\/rayresin\/\",\"name\":\"Rayresin | Raytech\",\"isPartOf\":{\"@id\":\"https:\/\/svilupporaytech.com\/#website\"},\"primaryImageOfPage\":{\"@id\":\"https:\/\/svilupporaytech.com\/pt-pt\/produto\/baixa-tensao\/enchimentos\/resina-pt-pt\/rayresin\/#primaryimage\"},\"image\":{\"@id\":\"https:\/\/svilupporaytech.com\/pt-pt\/produto\/baixa-tensao\/enchimentos\/resina-pt-pt\/rayresin\/#primaryimage\"},\"thumbnailUrl\":\"https:\/\/svilupporaytech.com\/wp-content\/uploads\/RAYRESIN-5.jpg\",\"datePublished\":\"2016-01-25T15:40:16+00:00\",\"dateModified\":\"2016-01-25T15:42:51+00:00\",\"breadcrumb\":{\"@id\":\"https:\/\/svilupporaytech.com\/pt-pt\/produto\/baixa-tensao\/enchimentos\/resina-pt-pt\/rayresin\/#breadcrumb\"},\"inLanguage\":\"pt-PT\",\"potentialAction\":[{\"@type\":\"ReadAction\",\"target\":[\"https:\/\/svilupporaytech.com\/pt-pt\/produto\/baixa-tensao\/enchimentos\/resina-pt-pt\/rayresin\/\"]}]},{\"@type\":\"ImageObject\",\"inLanguage\":\"pt-PT\",\"@id\":\"https:\/\/svilupporaytech.com\/pt-pt\/produto\/baixa-tensao\/enchimentos\/resina-pt-pt\/rayresin\/#primaryimage\",\"url\":\"https:\/\/svilupporaytech.com\/wp-content\/uploads\/RAYRESIN-5.jpg\",\"contentUrl\":\"https:\/\/svilupporaytech.com\/wp-content\/uploads\/RAYRESIN-5.jpg\",\"width\":1024,\"height\":773},{\"@type\":\"BreadcrumbList\",\"@id\":\"https:\/\/svilupporaytech.com\/pt-pt\/produto\/baixa-tensao\/enchimentos\/resina-pt-pt\/rayresin\/#breadcrumb\",\"itemListElement\":[{\"@type\":\"ListItem\",\"position\":1,\"name\":\"Home\",\"item\":\"https:\/\/svilupporaytech.com\/pt-pt\/\"},{\"@type\":\"ListItem\",\"position\":2,\"name\":\"Loja\",\"item\":\"https:\/\/svilupporaytech.com\/pt-pt\/loja\/\"},{\"@type\":\"ListItem\",\"position\":3,\"name\":\"Rayresin\"}]},{\"@type\":\"WebSite\",\"@id\":\"https:\/\/svilupporaytech.com\/#website\",\"url\":\"https:\/\/svilupporaytech.com\/\",\"name\":\"Raytech\",\"description\":\"Cable accessories company\",\"potentialAction\":[{\"@type\":\"SearchAction\",\"target\":{\"@type\":\"EntryPoint\",\"urlTemplate\":\"https:\/\/svilupporaytech.com\/?s={search_term_string}\"},\"query-input\":\"required name=search_term_string\"}],\"inLanguage\":\"pt-PT\"}]}<\/script>\n<!-- \/ Yoast SEO plugin. -->","yoast_head_json":{"title":"Rayresin | Raytech","robots":{"index":"index","follow":"follow","max-snippet":"max-snippet:-1","max-image-preview":"max-image-preview:large","max-video-preview":"max-video-preview:-1"},"canonical":"https:\/\/svilupporaytech.com\/pt-pt\/produto\/baixa-tensao\/enchimentos\/resina-pt-pt\/rayresin\/","og_locale":"pt_PT","og_type":"article","og_title":"Rayresin | Raytech","og_description":"Resina epox\u00eddrica bicomponente para instala\u00e7\u00f5es at\u00e9 1 kV Resina para isolamento el\u00e9trico e prote\u00e7\u00e3o de acess\u00f3rios BT e MT de tipo termoendurec\u00edvel. Os dois componentes, resina base e endurecedor, s\u00e3o [\u2026]","og_url":"https:\/\/svilupporaytech.com\/pt-pt\/produto\/baixa-tensao\/enchimentos\/resina-pt-pt\/rayresin\/","og_site_name":"Raytech","article_modified_time":"2016-01-25T15:42:51+00:00","og_image":[{"width":1024,"height":773,"url":"https:\/\/svilupporaytech.com\/wp-content\/uploads\/RAYRESIN-5.jpg","type":"image\/jpeg"}],"twitter_card":"summary_large_image","schema":{"@context":"https:\/\/schema.org","@graph":[{"@type":"WebPage","@id":"https:\/\/svilupporaytech.com\/pt-pt\/produto\/baixa-tensao\/enchimentos\/resina-pt-pt\/rayresin\/","url":"https:\/\/svilupporaytech.com\/pt-pt\/produto\/baixa-tensao\/enchimentos\/resina-pt-pt\/rayresin\/","name":"Rayresin | Raytech","isPartOf":{"@id":"https:\/\/svilupporaytech.com\/#website"},"primaryImageOfPage":{"@id":"https:\/\/svilupporaytech.com\/pt-pt\/produto\/baixa-tensao\/enchimentos\/resina-pt-pt\/rayresin\/#primaryimage"},"image":{"@id":"https:\/\/svilupporaytech.com\/pt-pt\/produto\/baixa-tensao\/enchimentos\/resina-pt-pt\/rayresin\/#primaryimage"},"thumbnailUrl":"https:\/\/svilupporaytech.com\/wp-content\/uploads\/RAYRESIN-5.jpg","datePublished":"2016-01-25T15:40:16+00:00","dateModified":"2016-01-25T15:42:51+00:00","breadcrumb":{"@id":"https:\/\/svilupporaytech.com\/pt-pt\/produto\/baixa-tensao\/enchimentos\/resina-pt-pt\/rayresin\/#breadcrumb"},"inLanguage":"pt-PT","potentialAction":[{"@type":"ReadAction","target":["https:\/\/svilupporaytech.com\/pt-pt\/produto\/baixa-tensao\/enchimentos\/resina-pt-pt\/rayresin\/"]}]},{"@type":"ImageObject","inLanguage":"pt-PT","@id":"https:\/\/svilupporaytech.com\/pt-pt\/produto\/baixa-tensao\/enchimentos\/resina-pt-pt\/rayresin\/#primaryimage","url":"https:\/\/svilupporaytech.com\/wp-content\/uploads\/RAYRESIN-5.jpg","contentUrl":"https:\/\/svilupporaytech.com\/wp-content\/uploads\/RAYRESIN-5.jpg","width":1024,"height":773},{"@type":"BreadcrumbList","@id":"https:\/\/svilupporaytech.com\/pt-pt\/produto\/baixa-tensao\/enchimentos\/resina-pt-pt\/rayresin\/#breadcrumb","itemListElement":[{"@type":"ListItem","position":1,"name":"Home","item":"https:\/\/svilupporaytech.com\/pt-pt\/"},{"@type":"ListItem","position":2,"name":"Loja","item":"https:\/\/svilupporaytech.com\/pt-pt\/loja\/"},{"@type":"ListItem","position":3,"name":"Rayresin"}]},{"@type":"WebSite","@id":"https:\/\/svilupporaytech.com\/#website","url":"https:\/\/svilupporaytech.com\/","name":"Raytech","description":"Cable accessories company","potentialAction":[{"@type":"SearchAction","target":{"@type":"EntryPoint","urlTemplate":"https:\/\/svilupporaytech.com\/?s={search_term_string}"},"query-input":"required name=search_term_string"}],"inLanguage":"pt-PT"}]}},"_links":{"self":[{"href":"https:\/\/svilupporaytech.com\/pt-pt\/wp-json\/wp\/v2\/product\/8286"}],"collection":[{"href":"https:\/\/svilupporaytech.com\/pt-pt\/wp-json\/wp\/v2\/product"}],"about":[{"href":"https:\/\/svilupporaytech.com\/pt-pt\/wp-json\/wp\/v2\/types\/product"}],"wp:featuredmedia":[{"embeddable":true,"href":"https:\/\/svilupporaytech.com\/pt-pt\/wp-json\/wp\/v2\/media\/33039"}],"wp:attachment":[{"href":"https:\/\/svilupporaytech.com\/pt-pt\/wp-json\/wp\/v2\/media?parent=8286"}],"wp:term":[{"taxonomy":"product_cat","embeddable":true,"href":"https:\/\/svilupporaytech.com\/pt-pt\/wp-json\/wp\/v2\/product_cat?post=8286"},{"taxonomy":"product_tag","embeddable":true,"href":"https:\/\/svilupporaytech.com\/pt-pt\/wp-json\/wp\/v2\/product_tag?post=8286"}],"curies":[{"name":"wp","href":"https:\/\/api.w.org\/{rel}","templated":true}]}}