{"id":8290,"date":"2015-11-09T10:50:09","date_gmt":"2016-01-25T15:47:03","guid":{"rendered":"http:\/\/raytech.it\/?post_type=product&#038;p=8290&#038;lang=pt-pt"},"modified":"2023-06-16T13:36:58","modified_gmt":"2023-06-16T12:36:58","slug":"techno-gelgum","status":"publish","type":"product","link":"https:\/\/svilupporaytech.com\/pt-pt\/produto\/baixa-tensao\/enchimentos\/gelgum-pt-pt-2\/techno-gelgum\/","title":{"rendered":"Techno GelGum"},"content":{"rendered":"<h4><span style=\"color: #009832;\">Isolante bicomponente em monofrasco com elevadas caracter\u00edsticas diel\u00e9tricas, selantes e t\u00e9rmicas. Imperme\u00e1vel e reacess\u00edvel!<\/span><\/h4>\n<p>TechnoGelGum \u00e9 um elast\u00f3mero flex\u00edvel de forte reten\u00e7\u00e3o cuja f\u00f3rmula foi otimizada para a prote\u00e7\u00e3o de liga\u00e7\u00f5es de CABOS ENERGIA, CABOS DE TELECOMUNICA\u00c7\u00d5ES e de CIRCUITOS ELETR\u00d3NICOS. Uma nova receita que confere ao produto uma surpreendente e original consist\u00eancia que une as caracter\u00edsticas do GEL \u00e0s da BORRACHA, enfatizando as suas caracter\u00edsticas. Assim, \u00e9 el\u00e1stico e flex\u00edvel como um gel, mas ao mesmo tempo resistente e seco como uma borracha.<\/p>\n<ul>\n<li><span style=\"color: #009832;\">Para instala\u00e7\u00f5es at\u00e9 1 kV<\/span><\/li>\n<li><span style=\"color: #009832;\">Adequado a altas temperaturas<\/span><\/li>\n<li><span style=\"color: #009832;\">Adequado tamb\u00e9m sob \u00e1gua a altas profundidades<\/span><\/li>\n<li><span style=\"color: #009832;\">Waterproof &gt; 1 MPa<\/span><\/li>\n<li><span style=\"color: #009832;\">Resistentes aos raios UV<\/span><\/li>\n<li><span style=\"color: #009832;\">Remov\u00edvel<\/span><\/li>\n<li><span style=\"color: #009832;\">Resistente \u00e0s vibra\u00e7\u00f5es, pode atuar como amortecedor<\/span><\/li>\n<li><span style=\"color: #009832;\">Apropriado para instala\u00e7\u00e3o em \u00e1gua salgada (mar) e em \u00e1gua clorada (piscinas)<\/span><\/li>\n<li><span style=\"color: #009832;\">N\u00e3o t\u00f3xico e seguro<\/span><\/li>\n<\/ul>\n","protected":false},"excerpt":{"rendered":"<p>Isolante bicomponente em monofrasco com elevadas caracter\u00edsticas diel\u00e9tricas, selantes e t\u00e9rmicas. Imperme\u00e1vel e reacess\u00edvel! TechnoGelGum \u00e9 um elast\u00f3mero flex\u00edvel de forte reten\u00e7\u00e3o cuja f\u00f3rmula foi otimizada para a prote\u00e7\u00e3o de<span class=\"excerpt-hellip\"> [\u2026]<\/span><\/p>\n","protected":false},"featured_media":4223,"template":"","meta":[],"product_cat":[321,340,339],"product_tag":[],"yoast_head":"<!-- This site is optimized with the Yoast SEO plugin v22.7 - https:\/\/yoast.com\/wordpress\/plugins\/seo\/ -->\n<title>Techno GelGum | Raytech<\/title>\n<meta name=\"robots\" content=\"index, follow, max-snippet:-1, max-image-preview:large, max-video-preview:-1\" \/>\n<link rel=\"canonical\" href=\"https:\/\/svilupporaytech.com\/pt-pt\/produto\/baixa-tensao\/enchimentos\/gelgum-pt-pt-2\/techno-gelgum\/\" \/>\n<meta property=\"og:locale\" content=\"pt_PT\" \/>\n<meta property=\"og:type\" content=\"article\" \/>\n<meta property=\"og:title\" content=\"Techno GelGum | Raytech\" \/>\n<meta property=\"og:description\" content=\"Isolante bicomponente em monofrasco com elevadas caracter\u00edsticas diel\u00e9tricas, selantes e t\u00e9rmicas. Imperme\u00e1vel e reacess\u00edvel! TechnoGelGum \u00e9 um elast\u00f3mero flex\u00edvel de forte reten\u00e7\u00e3o cuja f\u00f3rmula foi otimizada para a prote\u00e7\u00e3o de [\u2026]\" \/>\n<meta property=\"og:url\" content=\"https:\/\/svilupporaytech.com\/pt-pt\/produto\/baixa-tensao\/enchimentos\/gelgum-pt-pt-2\/techno-gelgum\/\" \/>\n<meta property=\"og:site_name\" content=\"Raytech\" \/>\n<meta property=\"article:modified_time\" content=\"2023-06-16T12:36:58+00:00\" \/>\n<meta property=\"og:image\" content=\"https:\/\/svilupporaytech.com\/wp-content\/uploads\/GELGUM-1.jpg\" \/>\n\t<meta property=\"og:image:width\" content=\"1024\" \/>\n\t<meta property=\"og:image:height\" content=\"1024\" \/>\n\t<meta property=\"og:image:type\" content=\"image\/jpeg\" \/>\n<meta name=\"twitter:card\" content=\"summary_large_image\" \/>\n<meta name=\"twitter:label1\" content=\"Tempo estimado de leitura\" \/>\n\t<meta name=\"twitter:data1\" content=\"1 minuto\" \/>\n<script type=\"application\/ld+json\" class=\"yoast-schema-graph\">{\"@context\":\"https:\/\/schema.org\",\"@graph\":[{\"@type\":\"WebPage\",\"@id\":\"https:\/\/svilupporaytech.com\/pt-pt\/produto\/baixa-tensao\/enchimentos\/gelgum-pt-pt-2\/techno-gelgum\/\",\"url\":\"https:\/\/svilupporaytech.com\/pt-pt\/produto\/baixa-tensao\/enchimentos\/gelgum-pt-pt-2\/techno-gelgum\/\",\"name\":\"Techno GelGum | Raytech\",\"isPartOf\":{\"@id\":\"https:\/\/svilupporaytech.com\/#website\"},\"primaryImageOfPage\":{\"@id\":\"https:\/\/svilupporaytech.com\/pt-pt\/produto\/baixa-tensao\/enchimentos\/gelgum-pt-pt-2\/techno-gelgum\/#primaryimage\"},\"image\":{\"@id\":\"https:\/\/svilupporaytech.com\/pt-pt\/produto\/baixa-tensao\/enchimentos\/gelgum-pt-pt-2\/techno-gelgum\/#primaryimage\"},\"thumbnailUrl\":\"https:\/\/svilupporaytech.com\/wp-content\/uploads\/GELGUM-1.jpg\",\"datePublished\":\"2016-01-25T15:47:03+00:00\",\"dateModified\":\"2023-06-16T12:36:58+00:00\",\"breadcrumb\":{\"@id\":\"https:\/\/svilupporaytech.com\/pt-pt\/produto\/baixa-tensao\/enchimentos\/gelgum-pt-pt-2\/techno-gelgum\/#breadcrumb\"},\"inLanguage\":\"pt-PT\",\"potentialAction\":[{\"@type\":\"ReadAction\",\"target\":[\"https:\/\/svilupporaytech.com\/pt-pt\/produto\/baixa-tensao\/enchimentos\/gelgum-pt-pt-2\/techno-gelgum\/\"]}]},{\"@type\":\"ImageObject\",\"inLanguage\":\"pt-PT\",\"@id\":\"https:\/\/svilupporaytech.com\/pt-pt\/produto\/baixa-tensao\/enchimentos\/gelgum-pt-pt-2\/techno-gelgum\/#primaryimage\",\"url\":\"https:\/\/svilupporaytech.com\/wp-content\/uploads\/GELGUM-1.jpg\",\"contentUrl\":\"https:\/\/svilupporaytech.com\/wp-content\/uploads\/GELGUM-1.jpg\",\"width\":1024,\"height\":1024},{\"@type\":\"BreadcrumbList\",\"@id\":\"https:\/\/svilupporaytech.com\/pt-pt\/produto\/baixa-tensao\/enchimentos\/gelgum-pt-pt-2\/techno-gelgum\/#breadcrumb\",\"itemListElement\":[{\"@type\":\"ListItem\",\"position\":1,\"name\":\"Home\",\"item\":\"https:\/\/svilupporaytech.com\/pt-pt\/\"},{\"@type\":\"ListItem\",\"position\":2,\"name\":\"Loja\",\"item\":\"https:\/\/svilupporaytech.com\/pt-pt\/loja\/\"},{\"@type\":\"ListItem\",\"position\":3,\"name\":\"Techno GelGum\"}]},{\"@type\":\"WebSite\",\"@id\":\"https:\/\/svilupporaytech.com\/#website\",\"url\":\"https:\/\/svilupporaytech.com\/\",\"name\":\"Raytech\",\"description\":\"Cable accessories company\",\"potentialAction\":[{\"@type\":\"SearchAction\",\"target\":{\"@type\":\"EntryPoint\",\"urlTemplate\":\"https:\/\/svilupporaytech.com\/?s={search_term_string}\"},\"query-input\":\"required name=search_term_string\"}],\"inLanguage\":\"pt-PT\"}]}<\/script>\n<!-- \/ Yoast SEO plugin. -->","yoast_head_json":{"title":"Techno GelGum | Raytech","robots":{"index":"index","follow":"follow","max-snippet":"max-snippet:-1","max-image-preview":"max-image-preview:large","max-video-preview":"max-video-preview:-1"},"canonical":"https:\/\/svilupporaytech.com\/pt-pt\/produto\/baixa-tensao\/enchimentos\/gelgum-pt-pt-2\/techno-gelgum\/","og_locale":"pt_PT","og_type":"article","og_title":"Techno GelGum | Raytech","og_description":"Isolante bicomponente em monofrasco com elevadas caracter\u00edsticas diel\u00e9tricas, selantes e t\u00e9rmicas. Imperme\u00e1vel e reacess\u00edvel! TechnoGelGum \u00e9 um elast\u00f3mero flex\u00edvel de forte reten\u00e7\u00e3o cuja f\u00f3rmula foi otimizada para a prote\u00e7\u00e3o de [\u2026]","og_url":"https:\/\/svilupporaytech.com\/pt-pt\/produto\/baixa-tensao\/enchimentos\/gelgum-pt-pt-2\/techno-gelgum\/","og_site_name":"Raytech","article_modified_time":"2023-06-16T12:36:58+00:00","og_image":[{"width":1024,"height":1024,"url":"https:\/\/svilupporaytech.com\/wp-content\/uploads\/GELGUM-1.jpg","type":"image\/jpeg"}],"twitter_card":"summary_large_image","twitter_misc":{"Tempo estimado de leitura":"1 minuto"},"schema":{"@context":"https:\/\/schema.org","@graph":[{"@type":"WebPage","@id":"https:\/\/svilupporaytech.com\/pt-pt\/produto\/baixa-tensao\/enchimentos\/gelgum-pt-pt-2\/techno-gelgum\/","url":"https:\/\/svilupporaytech.com\/pt-pt\/produto\/baixa-tensao\/enchimentos\/gelgum-pt-pt-2\/techno-gelgum\/","name":"Techno GelGum | Raytech","isPartOf":{"@id":"https:\/\/svilupporaytech.com\/#website"},"primaryImageOfPage":{"@id":"https:\/\/svilupporaytech.com\/pt-pt\/produto\/baixa-tensao\/enchimentos\/gelgum-pt-pt-2\/techno-gelgum\/#primaryimage"},"image":{"@id":"https:\/\/svilupporaytech.com\/pt-pt\/produto\/baixa-tensao\/enchimentos\/gelgum-pt-pt-2\/techno-gelgum\/#primaryimage"},"thumbnailUrl":"https:\/\/svilupporaytech.com\/wp-content\/uploads\/GELGUM-1.jpg","datePublished":"2016-01-25T15:47:03+00:00","dateModified":"2023-06-16T12:36:58+00:00","breadcrumb":{"@id":"https:\/\/svilupporaytech.com\/pt-pt\/produto\/baixa-tensao\/enchimentos\/gelgum-pt-pt-2\/techno-gelgum\/#breadcrumb"},"inLanguage":"pt-PT","potentialAction":[{"@type":"ReadAction","target":["https:\/\/svilupporaytech.com\/pt-pt\/produto\/baixa-tensao\/enchimentos\/gelgum-pt-pt-2\/techno-gelgum\/"]}]},{"@type":"ImageObject","inLanguage":"pt-PT","@id":"https:\/\/svilupporaytech.com\/pt-pt\/produto\/baixa-tensao\/enchimentos\/gelgum-pt-pt-2\/techno-gelgum\/#primaryimage","url":"https:\/\/svilupporaytech.com\/wp-content\/uploads\/GELGUM-1.jpg","contentUrl":"https:\/\/svilupporaytech.com\/wp-content\/uploads\/GELGUM-1.jpg","width":1024,"height":1024},{"@type":"BreadcrumbList","@id":"https:\/\/svilupporaytech.com\/pt-pt\/produto\/baixa-tensao\/enchimentos\/gelgum-pt-pt-2\/techno-gelgum\/#breadcrumb","itemListElement":[{"@type":"ListItem","position":1,"name":"Home","item":"https:\/\/svilupporaytech.com\/pt-pt\/"},{"@type":"ListItem","position":2,"name":"Loja","item":"https:\/\/svilupporaytech.com\/pt-pt\/loja\/"},{"@type":"ListItem","position":3,"name":"Techno GelGum"}]},{"@type":"WebSite","@id":"https:\/\/svilupporaytech.com\/#website","url":"https:\/\/svilupporaytech.com\/","name":"Raytech","description":"Cable accessories company","potentialAction":[{"@type":"SearchAction","target":{"@type":"EntryPoint","urlTemplate":"https:\/\/svilupporaytech.com\/?s={search_term_string}"},"query-input":"required name=search_term_string"}],"inLanguage":"pt-PT"}]}},"_links":{"self":[{"href":"https:\/\/svilupporaytech.com\/pt-pt\/wp-json\/wp\/v2\/product\/8290"}],"collection":[{"href":"https:\/\/svilupporaytech.com\/pt-pt\/wp-json\/wp\/v2\/product"}],"about":[{"href":"https:\/\/svilupporaytech.com\/pt-pt\/wp-json\/wp\/v2\/types\/product"}],"wp:featuredmedia":[{"embeddable":true,"href":"https:\/\/svilupporaytech.com\/pt-pt\/wp-json\/wp\/v2\/media\/4223"}],"wp:attachment":[{"href":"https:\/\/svilupporaytech.com\/pt-pt\/wp-json\/wp\/v2\/media?parent=8290"}],"wp:term":[{"taxonomy":"product_cat","embeddable":true,"href":"https:\/\/svilupporaytech.com\/pt-pt\/wp-json\/wp\/v2\/product_cat?post=8290"},{"taxonomy":"product_tag","embeddable":true,"href":"https:\/\/svilupporaytech.com\/pt-pt\/wp-json\/wp\/v2\/product_tag?post=8290"}],"curies":[{"name":"wp","href":"https:\/\/api.w.org\/{rel}","templated":true}]}}