{"id":8292,"date":"2015-07-15T15:47:56","date_gmt":"2016-01-25T16:18:11","guid":{"rendered":"http:\/\/raytech.it\/?post_type=product&#038;p=8292&#038;lang=pt-pt"},"modified":"2019-11-11T10:16:59","modified_gmt":"2019-11-11T10:16:59","slug":"power-kit-ip68","status":"publish","type":"product","link":"https:\/\/svilupporaytech.com\/pt-pt\/produto\/baixa-tensao\/caixas\/power-kit-ip68\/","title":{"rendered":"Power Kit IP68"},"content":{"rendered":"<h4><span style=\"color: #009832;\">O \u00fanico KIT IP68 reacess\u00edvel e reutiliz\u00e1vel mesmo que a caixa esteja instalada no teto ou encastrada!<\/span><\/h4>\n<p>Trata-se da solu\u00e7\u00e3o mais vers\u00e1til e segura para as conex\u00f5es em caixa completamente protegidas com grau IP68 gra\u00e7as ao Magic Power, gel de nova concep\u00e7\u00e3o, de r\u00e1pida reticula\u00e7\u00e3o, seguro e fi\u00e1vel, altamente pegajoso, auto-aglomerante, com excelentes caracter\u00edsticas el\u00e9ctricas, t\u00e9rmicas e el\u00e1sticas. A estanquindade \u00e9 assegurada em qualquer condi\u00e7\u00e3o de instala\u00e7\u00e3o, mesmo se submersa. O Power Kit IP68 solution \u00e9 um produto \u00fanico! N\u00e3o apenas porque o isolante pode ser utilizado de duas formas diferentes, quer como um produto tradicional \u201cdespejado\u201d na caixa, quer como um produto \u201creticulado e aplicado\u201d (a reticula\u00e7\u00e3o deve ocorrer anteriormente), mas tamb\u00e9m porque, gra\u00e7as \u00e0 sua acessibilidade e facilidade de reutiliza\u00e7\u00e3o, permite a economia de tempo e dinheiro!<\/p>\n<ul>\n<li><span style=\"color: #009832;\">Kit completo para uma perfeita liga\u00e7\u00e3o IP68<\/span><\/li>\n<li><span style=\"color: #009832;\">Isolado com Magic Power Gel, o inovador gel em mono-frasco auto-aglomerante<\/span><\/li>\n<li><span style=\"color: #009832;\">Utiliz\u00e1vel mesmo em condi\u00e7\u00f5es ambientais exigentes<\/span><\/li>\n<li><span style=\"color: #009832;\">Adequado a alt\u00edssimas profundidades<\/span><\/li>\n<li><span style=\"color: #009832;\">N\u00e3o produz desperd\u00edcio<\/span><\/li>\n<li><span style=\"color: #009832;\">Sem validade<\/span><\/li>\n<\/ul>\n","protected":false},"excerpt":{"rendered":"<p>O \u00fanico KIT IP68 reacess\u00edvel e reutiliz\u00e1vel mesmo que a caixa esteja instalada no teto ou encastrada! Trata-se da solu\u00e7\u00e3o mais vers\u00e1til e segura para as conex\u00f5es em caixa completamente<span class=\"excerpt-hellip\"> [\u2026]<\/span><\/p>\n","protected":false},"featured_media":3339,"template":"","meta":[],"product_cat":[321,331],"product_tag":[],"yoast_head":"<!-- This site is optimized with the Yoast SEO plugin v22.7 - https:\/\/yoast.com\/wordpress\/plugins\/seo\/ -->\n<title>Power Kit IP68 | Raytech<\/title>\n<meta name=\"robots\" content=\"index, follow, max-snippet:-1, max-image-preview:large, max-video-preview:-1\" \/>\n<link rel=\"canonical\" href=\"https:\/\/svilupporaytech.com\/pt-pt\/produto\/baixa-tensao\/caixas\/power-kit-ip68\/\" \/>\n<meta property=\"og:locale\" content=\"pt_PT\" \/>\n<meta property=\"og:type\" content=\"article\" \/>\n<meta property=\"og:title\" content=\"Power Kit IP68 | Raytech\" \/>\n<meta property=\"og:description\" content=\"O \u00fanico KIT IP68 reacess\u00edvel e reutiliz\u00e1vel mesmo que a caixa esteja instalada no teto ou encastrada! Trata-se da solu\u00e7\u00e3o mais vers\u00e1til e segura para as conex\u00f5es em caixa completamente [\u2026]\" \/>\n<meta property=\"og:url\" content=\"https:\/\/svilupporaytech.com\/pt-pt\/produto\/baixa-tensao\/caixas\/power-kit-ip68\/\" \/>\n<meta property=\"og:site_name\" content=\"Raytech\" \/>\n<meta property=\"article:modified_time\" content=\"2019-11-11T10:16:59+00:00\" \/>\n<meta property=\"og:image\" content=\"https:\/\/svilupporaytech.com\/wp-content\/uploads\/power-kit-IP68-2.jpg\" \/>\n\t<meta property=\"og:image:width\" content=\"1024\" \/>\n\t<meta property=\"og:image:height\" content=\"1024\" \/>\n\t<meta property=\"og:image:type\" content=\"image\/jpeg\" \/>\n<meta name=\"twitter:card\" content=\"summary_large_image\" \/>\n<meta name=\"twitter:label1\" content=\"Tempo estimado de leitura\" \/>\n\t<meta name=\"twitter:data1\" content=\"1 minuto\" \/>\n<script type=\"application\/ld+json\" class=\"yoast-schema-graph\">{\"@context\":\"https:\/\/schema.org\",\"@graph\":[{\"@type\":\"WebPage\",\"@id\":\"https:\/\/svilupporaytech.com\/pt-pt\/produto\/baixa-tensao\/caixas\/power-kit-ip68\/\",\"url\":\"https:\/\/svilupporaytech.com\/pt-pt\/produto\/baixa-tensao\/caixas\/power-kit-ip68\/\",\"name\":\"Power Kit IP68 | Raytech\",\"isPartOf\":{\"@id\":\"https:\/\/svilupporaytech.com\/#website\"},\"primaryImageOfPage\":{\"@id\":\"https:\/\/svilupporaytech.com\/pt-pt\/produto\/baixa-tensao\/caixas\/power-kit-ip68\/#primaryimage\"},\"image\":{\"@id\":\"https:\/\/svilupporaytech.com\/pt-pt\/produto\/baixa-tensao\/caixas\/power-kit-ip68\/#primaryimage\"},\"thumbnailUrl\":\"https:\/\/svilupporaytech.com\/wp-content\/uploads\/power-kit-IP68-2.jpg\",\"datePublished\":\"2016-01-25T16:18:11+00:00\",\"dateModified\":\"2019-11-11T10:16:59+00:00\",\"breadcrumb\":{\"@id\":\"https:\/\/svilupporaytech.com\/pt-pt\/produto\/baixa-tensao\/caixas\/power-kit-ip68\/#breadcrumb\"},\"inLanguage\":\"pt-PT\",\"potentialAction\":[{\"@type\":\"ReadAction\",\"target\":[\"https:\/\/svilupporaytech.com\/pt-pt\/produto\/baixa-tensao\/caixas\/power-kit-ip68\/\"]}]},{\"@type\":\"ImageObject\",\"inLanguage\":\"pt-PT\",\"@id\":\"https:\/\/svilupporaytech.com\/pt-pt\/produto\/baixa-tensao\/caixas\/power-kit-ip68\/#primaryimage\",\"url\":\"https:\/\/svilupporaytech.com\/wp-content\/uploads\/power-kit-IP68-2.jpg\",\"contentUrl\":\"https:\/\/svilupporaytech.com\/wp-content\/uploads\/power-kit-IP68-2.jpg\",\"width\":1024,\"height\":1024},{\"@type\":\"BreadcrumbList\",\"@id\":\"https:\/\/svilupporaytech.com\/pt-pt\/produto\/baixa-tensao\/caixas\/power-kit-ip68\/#breadcrumb\",\"itemListElement\":[{\"@type\":\"ListItem\",\"position\":1,\"name\":\"Home\",\"item\":\"https:\/\/svilupporaytech.com\/pt-pt\/\"},{\"@type\":\"ListItem\",\"position\":2,\"name\":\"Loja\",\"item\":\"https:\/\/svilupporaytech.com\/pt-pt\/loja\/\"},{\"@type\":\"ListItem\",\"position\":3,\"name\":\"Power Kit IP68\"}]},{\"@type\":\"WebSite\",\"@id\":\"https:\/\/svilupporaytech.com\/#website\",\"url\":\"https:\/\/svilupporaytech.com\/\",\"name\":\"Raytech\",\"description\":\"Cable accessories company\",\"potentialAction\":[{\"@type\":\"SearchAction\",\"target\":{\"@type\":\"EntryPoint\",\"urlTemplate\":\"https:\/\/svilupporaytech.com\/?s={search_term_string}\"},\"query-input\":\"required name=search_term_string\"}],\"inLanguage\":\"pt-PT\"}]}<\/script>\n<!-- \/ Yoast SEO plugin. -->","yoast_head_json":{"title":"Power Kit IP68 | Raytech","robots":{"index":"index","follow":"follow","max-snippet":"max-snippet:-1","max-image-preview":"max-image-preview:large","max-video-preview":"max-video-preview:-1"},"canonical":"https:\/\/svilupporaytech.com\/pt-pt\/produto\/baixa-tensao\/caixas\/power-kit-ip68\/","og_locale":"pt_PT","og_type":"article","og_title":"Power Kit IP68 | Raytech","og_description":"O \u00fanico KIT IP68 reacess\u00edvel e reutiliz\u00e1vel mesmo que a caixa esteja instalada no teto ou encastrada! Trata-se da solu\u00e7\u00e3o mais vers\u00e1til e segura para as conex\u00f5es em caixa completamente [\u2026]","og_url":"https:\/\/svilupporaytech.com\/pt-pt\/produto\/baixa-tensao\/caixas\/power-kit-ip68\/","og_site_name":"Raytech","article_modified_time":"2019-11-11T10:16:59+00:00","og_image":[{"width":1024,"height":1024,"url":"https:\/\/svilupporaytech.com\/wp-content\/uploads\/power-kit-IP68-2.jpg","type":"image\/jpeg"}],"twitter_card":"summary_large_image","twitter_misc":{"Tempo estimado de leitura":"1 minuto"},"schema":{"@context":"https:\/\/schema.org","@graph":[{"@type":"WebPage","@id":"https:\/\/svilupporaytech.com\/pt-pt\/produto\/baixa-tensao\/caixas\/power-kit-ip68\/","url":"https:\/\/svilupporaytech.com\/pt-pt\/produto\/baixa-tensao\/caixas\/power-kit-ip68\/","name":"Power Kit IP68 | Raytech","isPartOf":{"@id":"https:\/\/svilupporaytech.com\/#website"},"primaryImageOfPage":{"@id":"https:\/\/svilupporaytech.com\/pt-pt\/produto\/baixa-tensao\/caixas\/power-kit-ip68\/#primaryimage"},"image":{"@id":"https:\/\/svilupporaytech.com\/pt-pt\/produto\/baixa-tensao\/caixas\/power-kit-ip68\/#primaryimage"},"thumbnailUrl":"https:\/\/svilupporaytech.com\/wp-content\/uploads\/power-kit-IP68-2.jpg","datePublished":"2016-01-25T16:18:11+00:00","dateModified":"2019-11-11T10:16:59+00:00","breadcrumb":{"@id":"https:\/\/svilupporaytech.com\/pt-pt\/produto\/baixa-tensao\/caixas\/power-kit-ip68\/#breadcrumb"},"inLanguage":"pt-PT","potentialAction":[{"@type":"ReadAction","target":["https:\/\/svilupporaytech.com\/pt-pt\/produto\/baixa-tensao\/caixas\/power-kit-ip68\/"]}]},{"@type":"ImageObject","inLanguage":"pt-PT","@id":"https:\/\/svilupporaytech.com\/pt-pt\/produto\/baixa-tensao\/caixas\/power-kit-ip68\/#primaryimage","url":"https:\/\/svilupporaytech.com\/wp-content\/uploads\/power-kit-IP68-2.jpg","contentUrl":"https:\/\/svilupporaytech.com\/wp-content\/uploads\/power-kit-IP68-2.jpg","width":1024,"height":1024},{"@type":"BreadcrumbList","@id":"https:\/\/svilupporaytech.com\/pt-pt\/produto\/baixa-tensao\/caixas\/power-kit-ip68\/#breadcrumb","itemListElement":[{"@type":"ListItem","position":1,"name":"Home","item":"https:\/\/svilupporaytech.com\/pt-pt\/"},{"@type":"ListItem","position":2,"name":"Loja","item":"https:\/\/svilupporaytech.com\/pt-pt\/loja\/"},{"@type":"ListItem","position":3,"name":"Power Kit IP68"}]},{"@type":"WebSite","@id":"https:\/\/svilupporaytech.com\/#website","url":"https:\/\/svilupporaytech.com\/","name":"Raytech","description":"Cable accessories company","potentialAction":[{"@type":"SearchAction","target":{"@type":"EntryPoint","urlTemplate":"https:\/\/svilupporaytech.com\/?s={search_term_string}"},"query-input":"required name=search_term_string"}],"inLanguage":"pt-PT"}]}},"_links":{"self":[{"href":"https:\/\/svilupporaytech.com\/pt-pt\/wp-json\/wp\/v2\/product\/8292"}],"collection":[{"href":"https:\/\/svilupporaytech.com\/pt-pt\/wp-json\/wp\/v2\/product"}],"about":[{"href":"https:\/\/svilupporaytech.com\/pt-pt\/wp-json\/wp\/v2\/types\/product"}],"wp:featuredmedia":[{"embeddable":true,"href":"https:\/\/svilupporaytech.com\/pt-pt\/wp-json\/wp\/v2\/media\/3339"}],"wp:attachment":[{"href":"https:\/\/svilupporaytech.com\/pt-pt\/wp-json\/wp\/v2\/media?parent=8292"}],"wp:term":[{"taxonomy":"product_cat","embeddable":true,"href":"https:\/\/svilupporaytech.com\/pt-pt\/wp-json\/wp\/v2\/product_cat?post=8292"},{"taxonomy":"product_tag","embeddable":true,"href":"https:\/\/svilupporaytech.com\/pt-pt\/wp-json\/wp\/v2\/product_tag?post=8292"}],"curies":[{"name":"wp","href":"https:\/\/api.w.org\/{rel}","templated":true}]}}