{"id":8303,"date":"2015-07-15T16:01:38","date_gmt":"2016-01-25T16:56:13","guid":{"rendered":"http:\/\/raytech.it\/?post_type=product&#038;p=8303&#038;lang=pt-pt"},"modified":"2019-12-21T16:55:13","modified_gmt":"2019-12-21T15:55:13","slug":"j-box","status":"publish","type":"product","link":"https:\/\/svilupporaytech.com\/pt-pt\/produto\/baixa-tensao\/caixas\/j-box\/","title":{"rendered":"J-Box"},"content":{"rendered":"<div class=\"page\" title=\"Page 91\">\n<div class=\"layoutArea\">\n<div class=\"column\">\n<h4><span style=\"color: #009832;\">Caixas de deriva\u00e7\u00e3o com fecho r\u00e1pido<\/span><\/h4>\n<p>Caixas de deriva\u00e7\u00e3o com fecho da tampa de encaixe, paredes pr\u00e9-perfuradas para um r\u00e1pido alojamento de prensa-cabos ou passa-fios; de elevadas caracter\u00edsticas mec\u00e2nicas e de comportamento com chama. At\u00f3xicas, s\u00e3o reacess\u00edveis apenas com o uso de uma ferramenta. Evitam o uso de parafusos que, ao longo do tempo e na presen\u00e7a de humidade, se oxidam, tornando imposs\u00edvel a posterior reabertura. Disp\u00f5em tamb\u00e9m de tampas de cobertura dos parafusos de fixa\u00e7\u00e3o nas paredes, 3 passa-fios para a entrada dos cabos e permitem o eventual enchimento na vertical.<\/p>\n<ul>\n<li><span style=\"color: #009832;\">Isol\u00e1veis com <strong><em>Magic Power Gel, Magic Gel, Wonder Gel (IP68)<\/em><\/strong><\/span><\/li>\n<li><span style=\"color: #009832;\">Re-acess\u00edvel mesmo ap\u00f3s algum tempo de utiliza\u00e7\u00e3o apenas com utens\u00edlio (cumprimento das normas de seguran\u00e7a)<\/span><\/li>\n<li><span style=\"color: #009832;\">Fecho de mola (sem a utiliza\u00e7\u00e3o de parafusos)<\/span><\/li>\n<li><span style=\"color: #009832;\">Adequadas tamb\u00e9m ao enchimento na vertical<\/span><\/li>\n<li><span style=\"color: #009832;\">\u00d3ptima resist\u00eancia aos choques<\/span><\/li>\n<li><span style=\"color: #009832;\">Sistema de auto-extin\u00e7\u00e3o<\/span><\/li>\n<li><span style=\"color: #009832;\">Sem halog\u00e9neos<\/span><\/li>\n<\/ul>\n<\/div>\n<\/div>\n<\/div>\n","protected":false},"excerpt":{"rendered":"<p>Caixas de deriva\u00e7\u00e3o com fecho r\u00e1pido Caixas de deriva\u00e7\u00e3o com fecho da tampa de encaixe, paredes pr\u00e9-perfuradas para um r\u00e1pido alojamento de prensa-cabos ou passa-fios; de elevadas caracter\u00edsticas mec\u00e2nicas e<span class=\"excerpt-hellip\"> [\u2026]<\/span><\/p>\n","protected":false},"featured_media":1385,"template":"","meta":[],"product_cat":[321,331],"product_tag":[],"yoast_head":"<!-- This site is optimized with the Yoast SEO plugin v22.7 - https:\/\/yoast.com\/wordpress\/plugins\/seo\/ -->\n<title>J-Box | Raytech<\/title>\n<meta name=\"robots\" content=\"index, follow, max-snippet:-1, max-image-preview:large, max-video-preview:-1\" \/>\n<link rel=\"canonical\" href=\"https:\/\/svilupporaytech.com\/pt-pt\/produto\/baixa-tensao\/caixas\/j-box\/\" \/>\n<meta property=\"og:locale\" content=\"pt_PT\" \/>\n<meta property=\"og:type\" content=\"article\" \/>\n<meta property=\"og:title\" content=\"J-Box | Raytech\" \/>\n<meta property=\"og:description\" content=\"Caixas de deriva\u00e7\u00e3o com fecho r\u00e1pido Caixas de deriva\u00e7\u00e3o com fecho da tampa de encaixe, paredes pr\u00e9-perfuradas para um r\u00e1pido alojamento de prensa-cabos ou passa-fios; de elevadas caracter\u00edsticas mec\u00e2nicas e [\u2026]\" \/>\n<meta property=\"og:url\" content=\"https:\/\/svilupporaytech.com\/pt-pt\/produto\/baixa-tensao\/caixas\/j-box\/\" \/>\n<meta property=\"og:site_name\" content=\"Raytech\" \/>\n<meta property=\"article:modified_time\" content=\"2019-12-21T15:55:13+00:00\" \/>\n<meta property=\"og:image\" content=\"https:\/\/svilupporaytech.com\/wp-content\/uploads\/j-box.jpg\" \/>\n\t<meta property=\"og:image:width\" content=\"500\" \/>\n\t<meta property=\"og:image:height\" content=\"500\" \/>\n\t<meta property=\"og:image:type\" content=\"image\/jpeg\" \/>\n<meta name=\"twitter:card\" content=\"summary_large_image\" \/>\n<meta name=\"twitter:label1\" content=\"Tempo estimado de leitura\" \/>\n\t<meta name=\"twitter:data1\" content=\"1 minuto\" \/>\n<script type=\"application\/ld+json\" class=\"yoast-schema-graph\">{\"@context\":\"https:\/\/schema.org\",\"@graph\":[{\"@type\":\"WebPage\",\"@id\":\"https:\/\/svilupporaytech.com\/pt-pt\/produto\/baixa-tensao\/caixas\/j-box\/\",\"url\":\"https:\/\/svilupporaytech.com\/pt-pt\/produto\/baixa-tensao\/caixas\/j-box\/\",\"name\":\"J-Box | Raytech\",\"isPartOf\":{\"@id\":\"https:\/\/svilupporaytech.com\/#website\"},\"primaryImageOfPage\":{\"@id\":\"https:\/\/svilupporaytech.com\/pt-pt\/produto\/baixa-tensao\/caixas\/j-box\/#primaryimage\"},\"image\":{\"@id\":\"https:\/\/svilupporaytech.com\/pt-pt\/produto\/baixa-tensao\/caixas\/j-box\/#primaryimage\"},\"thumbnailUrl\":\"https:\/\/svilupporaytech.com\/wp-content\/uploads\/j-box.jpg\",\"datePublished\":\"2016-01-25T16:56:13+00:00\",\"dateModified\":\"2019-12-21T15:55:13+00:00\",\"breadcrumb\":{\"@id\":\"https:\/\/svilupporaytech.com\/pt-pt\/produto\/baixa-tensao\/caixas\/j-box\/#breadcrumb\"},\"inLanguage\":\"pt-PT\",\"potentialAction\":[{\"@type\":\"ReadAction\",\"target\":[\"https:\/\/svilupporaytech.com\/pt-pt\/produto\/baixa-tensao\/caixas\/j-box\/\"]}]},{\"@type\":\"ImageObject\",\"inLanguage\":\"pt-PT\",\"@id\":\"https:\/\/svilupporaytech.com\/pt-pt\/produto\/baixa-tensao\/caixas\/j-box\/#primaryimage\",\"url\":\"https:\/\/svilupporaytech.com\/wp-content\/uploads\/j-box.jpg\",\"contentUrl\":\"https:\/\/svilupporaytech.com\/wp-content\/uploads\/j-box.jpg\",\"width\":500,\"height\":500},{\"@type\":\"BreadcrumbList\",\"@id\":\"https:\/\/svilupporaytech.com\/pt-pt\/produto\/baixa-tensao\/caixas\/j-box\/#breadcrumb\",\"itemListElement\":[{\"@type\":\"ListItem\",\"position\":1,\"name\":\"Home\",\"item\":\"https:\/\/svilupporaytech.com\/pt-pt\/\"},{\"@type\":\"ListItem\",\"position\":2,\"name\":\"Loja\",\"item\":\"https:\/\/svilupporaytech.com\/pt-pt\/loja\/\"},{\"@type\":\"ListItem\",\"position\":3,\"name\":\"J-Box\"}]},{\"@type\":\"WebSite\",\"@id\":\"https:\/\/svilupporaytech.com\/#website\",\"url\":\"https:\/\/svilupporaytech.com\/\",\"name\":\"Raytech\",\"description\":\"Cable accessories company\",\"potentialAction\":[{\"@type\":\"SearchAction\",\"target\":{\"@type\":\"EntryPoint\",\"urlTemplate\":\"https:\/\/svilupporaytech.com\/?s={search_term_string}\"},\"query-input\":\"required name=search_term_string\"}],\"inLanguage\":\"pt-PT\"}]}<\/script>\n<!-- \/ Yoast SEO plugin. -->","yoast_head_json":{"title":"J-Box | Raytech","robots":{"index":"index","follow":"follow","max-snippet":"max-snippet:-1","max-image-preview":"max-image-preview:large","max-video-preview":"max-video-preview:-1"},"canonical":"https:\/\/svilupporaytech.com\/pt-pt\/produto\/baixa-tensao\/caixas\/j-box\/","og_locale":"pt_PT","og_type":"article","og_title":"J-Box | Raytech","og_description":"Caixas de deriva\u00e7\u00e3o com fecho r\u00e1pido Caixas de deriva\u00e7\u00e3o com fecho da tampa de encaixe, paredes pr\u00e9-perfuradas para um r\u00e1pido alojamento de prensa-cabos ou passa-fios; de elevadas caracter\u00edsticas mec\u00e2nicas e [\u2026]","og_url":"https:\/\/svilupporaytech.com\/pt-pt\/produto\/baixa-tensao\/caixas\/j-box\/","og_site_name":"Raytech","article_modified_time":"2019-12-21T15:55:13+00:00","og_image":[{"width":500,"height":500,"url":"https:\/\/svilupporaytech.com\/wp-content\/uploads\/j-box.jpg","type":"image\/jpeg"}],"twitter_card":"summary_large_image","twitter_misc":{"Tempo estimado de leitura":"1 minuto"},"schema":{"@context":"https:\/\/schema.org","@graph":[{"@type":"WebPage","@id":"https:\/\/svilupporaytech.com\/pt-pt\/produto\/baixa-tensao\/caixas\/j-box\/","url":"https:\/\/svilupporaytech.com\/pt-pt\/produto\/baixa-tensao\/caixas\/j-box\/","name":"J-Box | Raytech","isPartOf":{"@id":"https:\/\/svilupporaytech.com\/#website"},"primaryImageOfPage":{"@id":"https:\/\/svilupporaytech.com\/pt-pt\/produto\/baixa-tensao\/caixas\/j-box\/#primaryimage"},"image":{"@id":"https:\/\/svilupporaytech.com\/pt-pt\/produto\/baixa-tensao\/caixas\/j-box\/#primaryimage"},"thumbnailUrl":"https:\/\/svilupporaytech.com\/wp-content\/uploads\/j-box.jpg","datePublished":"2016-01-25T16:56:13+00:00","dateModified":"2019-12-21T15:55:13+00:00","breadcrumb":{"@id":"https:\/\/svilupporaytech.com\/pt-pt\/produto\/baixa-tensao\/caixas\/j-box\/#breadcrumb"},"inLanguage":"pt-PT","potentialAction":[{"@type":"ReadAction","target":["https:\/\/svilupporaytech.com\/pt-pt\/produto\/baixa-tensao\/caixas\/j-box\/"]}]},{"@type":"ImageObject","inLanguage":"pt-PT","@id":"https:\/\/svilupporaytech.com\/pt-pt\/produto\/baixa-tensao\/caixas\/j-box\/#primaryimage","url":"https:\/\/svilupporaytech.com\/wp-content\/uploads\/j-box.jpg","contentUrl":"https:\/\/svilupporaytech.com\/wp-content\/uploads\/j-box.jpg","width":500,"height":500},{"@type":"BreadcrumbList","@id":"https:\/\/svilupporaytech.com\/pt-pt\/produto\/baixa-tensao\/caixas\/j-box\/#breadcrumb","itemListElement":[{"@type":"ListItem","position":1,"name":"Home","item":"https:\/\/svilupporaytech.com\/pt-pt\/"},{"@type":"ListItem","position":2,"name":"Loja","item":"https:\/\/svilupporaytech.com\/pt-pt\/loja\/"},{"@type":"ListItem","position":3,"name":"J-Box"}]},{"@type":"WebSite","@id":"https:\/\/svilupporaytech.com\/#website","url":"https:\/\/svilupporaytech.com\/","name":"Raytech","description":"Cable accessories company","potentialAction":[{"@type":"SearchAction","target":{"@type":"EntryPoint","urlTemplate":"https:\/\/svilupporaytech.com\/?s={search_term_string}"},"query-input":"required name=search_term_string"}],"inLanguage":"pt-PT"}]}},"_links":{"self":[{"href":"https:\/\/svilupporaytech.com\/pt-pt\/wp-json\/wp\/v2\/product\/8303"}],"collection":[{"href":"https:\/\/svilupporaytech.com\/pt-pt\/wp-json\/wp\/v2\/product"}],"about":[{"href":"https:\/\/svilupporaytech.com\/pt-pt\/wp-json\/wp\/v2\/types\/product"}],"wp:featuredmedia":[{"embeddable":true,"href":"https:\/\/svilupporaytech.com\/pt-pt\/wp-json\/wp\/v2\/media\/1385"}],"wp:attachment":[{"href":"https:\/\/svilupporaytech.com\/pt-pt\/wp-json\/wp\/v2\/media?parent=8303"}],"wp:term":[{"taxonomy":"product_cat","embeddable":true,"href":"https:\/\/svilupporaytech.com\/pt-pt\/wp-json\/wp\/v2\/product_cat?post=8303"},{"taxonomy":"product_tag","embeddable":true,"href":"https:\/\/svilupporaytech.com\/pt-pt\/wp-json\/wp\/v2\/product_tag?post=8303"}],"curies":[{"name":"wp","href":"https:\/\/api.w.org\/{rel}","templated":true}]}}