{"id":8337,"date":"2015-07-15T15:47:32","date_gmt":"2016-01-26T09:30:32","guid":{"rendered":"http:\/\/raytech.it\/?post_type=product&#038;p=8337&#038;lang=pt-pt"},"modified":"2016-01-26T09:30:32","modified_gmt":"2016-01-26T09:30:32","slug":"protecao-de-postes-contra-corrosao","status":"publish","type":"product","link":"https:\/\/svilupporaytech.com\/pt-pt\/produto\/baixa-tensao\/termorretracteis-pt-pt-2\/mangas\/protecao-de-postes\/protecao-de-postes-contra-corrosao\/","title":{"rendered":"Prote\u00e7\u00e3o de postes contra corros\u00e3o"},"content":{"rendered":"<h4><span style=\"color: #009832;\">Prote\u00e7\u00e3o de postes contra corros\u00e3o<\/span><\/h4>\n<p>Num poste instalado, a sec\u00e7\u00e3o mais vulner\u00e1vel \u00e0 corros\u00e3o \u00e9 a imediatamente acima e abaixo do n\u00edvel do terreno. Esta sec\u00e7\u00e3o \u00e9 agredida pelos agentes corrosivos que provocam uma r\u00e1pida deteriora\u00e7\u00e3o do metal com uma significativa redu\u00e7\u00e3o da vida \u00fatil do poste. As mangas termorretr\u00e1cteis revelaram-se tamb\u00e9m adequadas para a prote\u00e7\u00e3o contra a corros\u00e3o dos postes de ilumina\u00e7\u00e3o p\u00fablica, tra\u00e7\u00e3o el\u00e9trica, sem\u00e1foros e sinais de aviso. S\u00e3o constitu\u00eddas por poliolefina reticulada com elevada espessura; a parte interna dos tubos e das faixas \u00e9 revestida por um adesivo termofus\u00edvel adequado que garante uma veda\u00e7\u00e3o perfeita, evitando a entrada de humidade.<\/p>\n<ul>\n<li><span style=\"color: #009832;\">Forte ades\u00e3o<\/span><\/li>\n<li><span style=\"color: #009832;\">Excelentes propriedades el\u00e9tricas<\/span><\/li>\n<li><span style=\"color: #009832;\">Boa resist\u00eancia qu\u00edmica<\/span><\/li>\n<li><span style=\"color: #009832;\">Resist\u00eancia a mofos e microrganismos<\/span><\/li>\n<li><span style=\"color: #009832;\">Prote\u00e7\u00e3o constante contra as correntes el\u00e9tricas vagantes<\/span><\/li>\n<li><span style=\"color: #009832;\">Facilidade de aplica\u00e7\u00e3o<\/span><\/li>\n<li><span style=\"color: #009832;\">Estabilidade em todas as propriedades<\/span><\/li>\n<\/ul>\n","protected":false},"excerpt":{"rendered":"<p>Prote\u00e7\u00e3o de postes contra corros\u00e3o Num poste instalado, a sec\u00e7\u00e3o mais vulner\u00e1vel \u00e0 corros\u00e3o \u00e9 a imediatamente acima e abaixo do n\u00edvel do terreno. Esta sec\u00e7\u00e3o \u00e9 agredida pelos agentes<span class=\"excerpt-hellip\"> [\u2026]<\/span><\/p>\n","protected":false},"featured_media":2288,"template":"","meta":[],"product_cat":[321,330,471,491],"product_tag":[],"yoast_head":"<!-- This site is optimized with the Yoast SEO plugin v22.7 - https:\/\/yoast.com\/wordpress\/plugins\/seo\/ -->\n<title>Prote\u00e7\u00e3o de postes contra corros\u00e3o | Raytech<\/title>\n<meta name=\"robots\" content=\"index, follow, max-snippet:-1, max-image-preview:large, max-video-preview:-1\" \/>\n<link rel=\"canonical\" href=\"https:\/\/svilupporaytech.com\/pt-pt\/produto\/baixa-tensao\/termorretracteis-pt-pt-2\/mangas\/protecao-de-postes\/protecao-de-postes-contra-corrosao\/\" \/>\n<meta property=\"og:locale\" content=\"pt_PT\" \/>\n<meta property=\"og:type\" content=\"article\" \/>\n<meta property=\"og:title\" content=\"Prote\u00e7\u00e3o de postes contra corros\u00e3o | Raytech\" \/>\n<meta property=\"og:description\" content=\"Prote\u00e7\u00e3o de postes contra corros\u00e3o Num poste instalado, a sec\u00e7\u00e3o mais vulner\u00e1vel \u00e0 corros\u00e3o \u00e9 a imediatamente acima e abaixo do n\u00edvel do terreno. Esta sec\u00e7\u00e3o \u00e9 agredida pelos agentes [\u2026]\" \/>\n<meta property=\"og:url\" content=\"https:\/\/svilupporaytech.com\/pt-pt\/produto\/baixa-tensao\/termorretracteis-pt-pt-2\/mangas\/protecao-de-postes\/protecao-de-postes-contra-corrosao\/\" \/>\n<meta property=\"og:site_name\" content=\"Raytech\" \/>\n<meta property=\"og:image\" content=\"https:\/\/svilupporaytech.com\/wp-content\/uploads\/wpc-ltpsm.jpg\" \/>\n\t<meta property=\"og:image:width\" content=\"1024\" \/>\n\t<meta property=\"og:image:height\" content=\"1024\" \/>\n\t<meta property=\"og:image:type\" content=\"image\/jpeg\" \/>\n<meta name=\"twitter:card\" content=\"summary_large_image\" \/>\n<meta name=\"twitter:label1\" content=\"Tempo estimado de leitura\" \/>\n\t<meta name=\"twitter:data1\" content=\"1 minuto\" \/>\n<script type=\"application\/ld+json\" class=\"yoast-schema-graph\">{\"@context\":\"https:\/\/schema.org\",\"@graph\":[{\"@type\":\"WebPage\",\"@id\":\"https:\/\/svilupporaytech.com\/pt-pt\/produto\/baixa-tensao\/termorretracteis-pt-pt-2\/mangas\/protecao-de-postes\/protecao-de-postes-contra-corrosao\/\",\"url\":\"https:\/\/svilupporaytech.com\/pt-pt\/produto\/baixa-tensao\/termorretracteis-pt-pt-2\/mangas\/protecao-de-postes\/protecao-de-postes-contra-corrosao\/\",\"name\":\"Prote\u00e7\u00e3o de postes contra corros\u00e3o | Raytech\",\"isPartOf\":{\"@id\":\"https:\/\/svilupporaytech.com\/#website\"},\"primaryImageOfPage\":{\"@id\":\"https:\/\/svilupporaytech.com\/pt-pt\/produto\/baixa-tensao\/termorretracteis-pt-pt-2\/mangas\/protecao-de-postes\/protecao-de-postes-contra-corrosao\/#primaryimage\"},\"image\":{\"@id\":\"https:\/\/svilupporaytech.com\/pt-pt\/produto\/baixa-tensao\/termorretracteis-pt-pt-2\/mangas\/protecao-de-postes\/protecao-de-postes-contra-corrosao\/#primaryimage\"},\"thumbnailUrl\":\"https:\/\/svilupporaytech.com\/wp-content\/uploads\/wpc-ltpsm.jpg\",\"datePublished\":\"2016-01-26T09:30:32+00:00\",\"dateModified\":\"2016-01-26T09:30:32+00:00\",\"breadcrumb\":{\"@id\":\"https:\/\/svilupporaytech.com\/pt-pt\/produto\/baixa-tensao\/termorretracteis-pt-pt-2\/mangas\/protecao-de-postes\/protecao-de-postes-contra-corrosao\/#breadcrumb\"},\"inLanguage\":\"pt-PT\",\"potentialAction\":[{\"@type\":\"ReadAction\",\"target\":[\"https:\/\/svilupporaytech.com\/pt-pt\/produto\/baixa-tensao\/termorretracteis-pt-pt-2\/mangas\/protecao-de-postes\/protecao-de-postes-contra-corrosao\/\"]}]},{\"@type\":\"ImageObject\",\"inLanguage\":\"pt-PT\",\"@id\":\"https:\/\/svilupporaytech.com\/pt-pt\/produto\/baixa-tensao\/termorretracteis-pt-pt-2\/mangas\/protecao-de-postes\/protecao-de-postes-contra-corrosao\/#primaryimage\",\"url\":\"https:\/\/svilupporaytech.com\/wp-content\/uploads\/wpc-ltpsm.jpg\",\"contentUrl\":\"https:\/\/svilupporaytech.com\/wp-content\/uploads\/wpc-ltpsm.jpg\",\"width\":1024,\"height\":1024},{\"@type\":\"BreadcrumbList\",\"@id\":\"https:\/\/svilupporaytech.com\/pt-pt\/produto\/baixa-tensao\/termorretracteis-pt-pt-2\/mangas\/protecao-de-postes\/protecao-de-postes-contra-corrosao\/#breadcrumb\",\"itemListElement\":[{\"@type\":\"ListItem\",\"position\":1,\"name\":\"Home\",\"item\":\"https:\/\/svilupporaytech.com\/pt-pt\/\"},{\"@type\":\"ListItem\",\"position\":2,\"name\":\"Loja\",\"item\":\"https:\/\/svilupporaytech.com\/pt-pt\/loja\/\"},{\"@type\":\"ListItem\",\"position\":3,\"name\":\"Prote\u00e7\u00e3o de postes contra corros\u00e3o\"}]},{\"@type\":\"WebSite\",\"@id\":\"https:\/\/svilupporaytech.com\/#website\",\"url\":\"https:\/\/svilupporaytech.com\/\",\"name\":\"Raytech\",\"description\":\"Cable accessories company\",\"potentialAction\":[{\"@type\":\"SearchAction\",\"target\":{\"@type\":\"EntryPoint\",\"urlTemplate\":\"https:\/\/svilupporaytech.com\/?s={search_term_string}\"},\"query-input\":\"required name=search_term_string\"}],\"inLanguage\":\"pt-PT\"}]}<\/script>\n<!-- \/ Yoast SEO plugin. -->","yoast_head_json":{"title":"Prote\u00e7\u00e3o de postes contra corros\u00e3o | Raytech","robots":{"index":"index","follow":"follow","max-snippet":"max-snippet:-1","max-image-preview":"max-image-preview:large","max-video-preview":"max-video-preview:-1"},"canonical":"https:\/\/svilupporaytech.com\/pt-pt\/produto\/baixa-tensao\/termorretracteis-pt-pt-2\/mangas\/protecao-de-postes\/protecao-de-postes-contra-corrosao\/","og_locale":"pt_PT","og_type":"article","og_title":"Prote\u00e7\u00e3o de postes contra corros\u00e3o | Raytech","og_description":"Prote\u00e7\u00e3o de postes contra corros\u00e3o Num poste instalado, a sec\u00e7\u00e3o mais vulner\u00e1vel \u00e0 corros\u00e3o \u00e9 a imediatamente acima e abaixo do n\u00edvel do terreno. Esta sec\u00e7\u00e3o \u00e9 agredida pelos agentes [\u2026]","og_url":"https:\/\/svilupporaytech.com\/pt-pt\/produto\/baixa-tensao\/termorretracteis-pt-pt-2\/mangas\/protecao-de-postes\/protecao-de-postes-contra-corrosao\/","og_site_name":"Raytech","og_image":[{"width":1024,"height":1024,"url":"https:\/\/svilupporaytech.com\/wp-content\/uploads\/wpc-ltpsm.jpg","type":"image\/jpeg"}],"twitter_card":"summary_large_image","twitter_misc":{"Tempo estimado de leitura":"1 minuto"},"schema":{"@context":"https:\/\/schema.org","@graph":[{"@type":"WebPage","@id":"https:\/\/svilupporaytech.com\/pt-pt\/produto\/baixa-tensao\/termorretracteis-pt-pt-2\/mangas\/protecao-de-postes\/protecao-de-postes-contra-corrosao\/","url":"https:\/\/svilupporaytech.com\/pt-pt\/produto\/baixa-tensao\/termorretracteis-pt-pt-2\/mangas\/protecao-de-postes\/protecao-de-postes-contra-corrosao\/","name":"Prote\u00e7\u00e3o de postes contra corros\u00e3o | Raytech","isPartOf":{"@id":"https:\/\/svilupporaytech.com\/#website"},"primaryImageOfPage":{"@id":"https:\/\/svilupporaytech.com\/pt-pt\/produto\/baixa-tensao\/termorretracteis-pt-pt-2\/mangas\/protecao-de-postes\/protecao-de-postes-contra-corrosao\/#primaryimage"},"image":{"@id":"https:\/\/svilupporaytech.com\/pt-pt\/produto\/baixa-tensao\/termorretracteis-pt-pt-2\/mangas\/protecao-de-postes\/protecao-de-postes-contra-corrosao\/#primaryimage"},"thumbnailUrl":"https:\/\/svilupporaytech.com\/wp-content\/uploads\/wpc-ltpsm.jpg","datePublished":"2016-01-26T09:30:32+00:00","dateModified":"2016-01-26T09:30:32+00:00","breadcrumb":{"@id":"https:\/\/svilupporaytech.com\/pt-pt\/produto\/baixa-tensao\/termorretracteis-pt-pt-2\/mangas\/protecao-de-postes\/protecao-de-postes-contra-corrosao\/#breadcrumb"},"inLanguage":"pt-PT","potentialAction":[{"@type":"ReadAction","target":["https:\/\/svilupporaytech.com\/pt-pt\/produto\/baixa-tensao\/termorretracteis-pt-pt-2\/mangas\/protecao-de-postes\/protecao-de-postes-contra-corrosao\/"]}]},{"@type":"ImageObject","inLanguage":"pt-PT","@id":"https:\/\/svilupporaytech.com\/pt-pt\/produto\/baixa-tensao\/termorretracteis-pt-pt-2\/mangas\/protecao-de-postes\/protecao-de-postes-contra-corrosao\/#primaryimage","url":"https:\/\/svilupporaytech.com\/wp-content\/uploads\/wpc-ltpsm.jpg","contentUrl":"https:\/\/svilupporaytech.com\/wp-content\/uploads\/wpc-ltpsm.jpg","width":1024,"height":1024},{"@type":"BreadcrumbList","@id":"https:\/\/svilupporaytech.com\/pt-pt\/produto\/baixa-tensao\/termorretracteis-pt-pt-2\/mangas\/protecao-de-postes\/protecao-de-postes-contra-corrosao\/#breadcrumb","itemListElement":[{"@type":"ListItem","position":1,"name":"Home","item":"https:\/\/svilupporaytech.com\/pt-pt\/"},{"@type":"ListItem","position":2,"name":"Loja","item":"https:\/\/svilupporaytech.com\/pt-pt\/loja\/"},{"@type":"ListItem","position":3,"name":"Prote\u00e7\u00e3o de postes contra corros\u00e3o"}]},{"@type":"WebSite","@id":"https:\/\/svilupporaytech.com\/#website","url":"https:\/\/svilupporaytech.com\/","name":"Raytech","description":"Cable accessories company","potentialAction":[{"@type":"SearchAction","target":{"@type":"EntryPoint","urlTemplate":"https:\/\/svilupporaytech.com\/?s={search_term_string}"},"query-input":"required name=search_term_string"}],"inLanguage":"pt-PT"}]}},"_links":{"self":[{"href":"https:\/\/svilupporaytech.com\/pt-pt\/wp-json\/wp\/v2\/product\/8337"}],"collection":[{"href":"https:\/\/svilupporaytech.com\/pt-pt\/wp-json\/wp\/v2\/product"}],"about":[{"href":"https:\/\/svilupporaytech.com\/pt-pt\/wp-json\/wp\/v2\/types\/product"}],"wp:featuredmedia":[{"embeddable":true,"href":"https:\/\/svilupporaytech.com\/pt-pt\/wp-json\/wp\/v2\/media\/2288"}],"wp:attachment":[{"href":"https:\/\/svilupporaytech.com\/pt-pt\/wp-json\/wp\/v2\/media?parent=8337"}],"wp:term":[{"taxonomy":"product_cat","embeddable":true,"href":"https:\/\/svilupporaytech.com\/pt-pt\/wp-json\/wp\/v2\/product_cat?post=8337"},{"taxonomy":"product_tag","embeddable":true,"href":"https:\/\/svilupporaytech.com\/pt-pt\/wp-json\/wp\/v2\/product_tag?post=8337"}],"curies":[{"name":"wp","href":"https:\/\/api.w.org\/{rel}","templated":true}]}}