{"id":8347,"date":"2015-07-16T09:50:39","date_gmt":"2016-01-26T10:19:31","guid":{"rendered":"http:\/\/raytech.it\/?post_type=product&#038;p=8347&#038;lang=pt-pt"},"modified":"2016-01-26T10:19:31","modified_gmt":"2016-01-26T10:19:31","slug":"rayteam","status":"publish","type":"product","link":"https:\/\/svilupporaytech.com\/pt-pt\/produto\/baixa-tensao\/fitas-isolantes\/fitas-autoadesivas-em-pvc\/rayteam\/","title":{"rendered":"Rayteam"},"content":{"rendered":"<h4><span style=\"color: #009832;\">Autoadesivo para uso geral<\/span><\/h4>\n<p>Fita adesiva em PVC para aplica\u00e7\u00f5es el\u00e9ctricas e protec\u00e7\u00e3o mec\u00e2nica para utiliza\u00e7\u00e3o geral. Indicada para isolamento de juntas de baixa tens\u00e3o e como revestimento de cabos, acess\u00f3rios e produtos em geral. Auto-extingu\u00edvel e n\u00e3o propagante de chama. Excelente resist\u00eancia ao envelhecimento, \u00e0 exposi\u00e7\u00e3o aos agentes atmosf\u00e9ricos, hidrocarbonetos e solventes qu\u00edmicos em geral.<\/p>\n","protected":false},"excerpt":{"rendered":"<p>Autoadesivo para uso geral Fita adesiva em PVC para aplica\u00e7\u00f5es el\u00e9ctricas e protec\u00e7\u00e3o mec\u00e2nica para utiliza\u00e7\u00e3o geral. Indicada para isolamento de juntas de baixa tens\u00e3o e como revestimento de cabos,<span class=\"excerpt-hellip\"> [\u2026]<\/span><\/p>\n","protected":false},"featured_media":1392,"template":"","meta":[],"product_cat":[321,332,334],"product_tag":[],"yoast_head":"<!-- This site is optimized with the Yoast SEO plugin v22.7 - https:\/\/yoast.com\/wordpress\/plugins\/seo\/ -->\n<title>Rayteam | Raytech<\/title>\n<meta name=\"robots\" content=\"index, follow, max-snippet:-1, max-image-preview:large, max-video-preview:-1\" \/>\n<link rel=\"canonical\" href=\"https:\/\/svilupporaytech.com\/pt-pt\/produto\/baixa-tensao\/fitas-isolantes\/fitas-autoadesivas-em-pvc\/rayteam\/\" \/>\n<meta property=\"og:locale\" content=\"pt_PT\" \/>\n<meta property=\"og:type\" content=\"article\" \/>\n<meta property=\"og:title\" content=\"Rayteam | Raytech\" \/>\n<meta property=\"og:description\" content=\"Autoadesivo para uso geral Fita adesiva em PVC para aplica\u00e7\u00f5es el\u00e9ctricas e protec\u00e7\u00e3o mec\u00e2nica para utiliza\u00e7\u00e3o geral. Indicada para isolamento de juntas de baixa tens\u00e3o e como revestimento de cabos, [\u2026]\" \/>\n<meta property=\"og:url\" content=\"https:\/\/svilupporaytech.com\/pt-pt\/produto\/baixa-tensao\/fitas-isolantes\/fitas-autoadesivas-em-pvc\/rayteam\/\" \/>\n<meta property=\"og:site_name\" content=\"Raytech\" \/>\n<meta property=\"og:image\" content=\"https:\/\/svilupporaytech.com\/wp-content\/uploads\/rayteam.jpg\" \/>\n\t<meta property=\"og:image:width\" content=\"500\" \/>\n\t<meta property=\"og:image:height\" content=\"500\" \/>\n\t<meta property=\"og:image:type\" content=\"image\/jpeg\" \/>\n<meta name=\"twitter:card\" content=\"summary_large_image\" \/>\n<script type=\"application\/ld+json\" class=\"yoast-schema-graph\">{\"@context\":\"https:\/\/schema.org\",\"@graph\":[{\"@type\":\"WebPage\",\"@id\":\"https:\/\/svilupporaytech.com\/pt-pt\/produto\/baixa-tensao\/fitas-isolantes\/fitas-autoadesivas-em-pvc\/rayteam\/\",\"url\":\"https:\/\/svilupporaytech.com\/pt-pt\/produto\/baixa-tensao\/fitas-isolantes\/fitas-autoadesivas-em-pvc\/rayteam\/\",\"name\":\"Rayteam | Raytech\",\"isPartOf\":{\"@id\":\"https:\/\/svilupporaytech.com\/#website\"},\"primaryImageOfPage\":{\"@id\":\"https:\/\/svilupporaytech.com\/pt-pt\/produto\/baixa-tensao\/fitas-isolantes\/fitas-autoadesivas-em-pvc\/rayteam\/#primaryimage\"},\"image\":{\"@id\":\"https:\/\/svilupporaytech.com\/pt-pt\/produto\/baixa-tensao\/fitas-isolantes\/fitas-autoadesivas-em-pvc\/rayteam\/#primaryimage\"},\"thumbnailUrl\":\"https:\/\/svilupporaytech.com\/wp-content\/uploads\/rayteam.jpg\",\"datePublished\":\"2016-01-26T10:19:31+00:00\",\"dateModified\":\"2016-01-26T10:19:31+00:00\",\"breadcrumb\":{\"@id\":\"https:\/\/svilupporaytech.com\/pt-pt\/produto\/baixa-tensao\/fitas-isolantes\/fitas-autoadesivas-em-pvc\/rayteam\/#breadcrumb\"},\"inLanguage\":\"pt-PT\",\"potentialAction\":[{\"@type\":\"ReadAction\",\"target\":[\"https:\/\/svilupporaytech.com\/pt-pt\/produto\/baixa-tensao\/fitas-isolantes\/fitas-autoadesivas-em-pvc\/rayteam\/\"]}]},{\"@type\":\"ImageObject\",\"inLanguage\":\"pt-PT\",\"@id\":\"https:\/\/svilupporaytech.com\/pt-pt\/produto\/baixa-tensao\/fitas-isolantes\/fitas-autoadesivas-em-pvc\/rayteam\/#primaryimage\",\"url\":\"https:\/\/svilupporaytech.com\/wp-content\/uploads\/rayteam.jpg\",\"contentUrl\":\"https:\/\/svilupporaytech.com\/wp-content\/uploads\/rayteam.jpg\",\"width\":500,\"height\":500},{\"@type\":\"BreadcrumbList\",\"@id\":\"https:\/\/svilupporaytech.com\/pt-pt\/produto\/baixa-tensao\/fitas-isolantes\/fitas-autoadesivas-em-pvc\/rayteam\/#breadcrumb\",\"itemListElement\":[{\"@type\":\"ListItem\",\"position\":1,\"name\":\"Home\",\"item\":\"https:\/\/svilupporaytech.com\/pt-pt\/\"},{\"@type\":\"ListItem\",\"position\":2,\"name\":\"Loja\",\"item\":\"https:\/\/svilupporaytech.com\/pt-pt\/loja\/\"},{\"@type\":\"ListItem\",\"position\":3,\"name\":\"Rayteam\"}]},{\"@type\":\"WebSite\",\"@id\":\"https:\/\/svilupporaytech.com\/#website\",\"url\":\"https:\/\/svilupporaytech.com\/\",\"name\":\"Raytech\",\"description\":\"Cable accessories company\",\"potentialAction\":[{\"@type\":\"SearchAction\",\"target\":{\"@type\":\"EntryPoint\",\"urlTemplate\":\"https:\/\/svilupporaytech.com\/?s={search_term_string}\"},\"query-input\":\"required name=search_term_string\"}],\"inLanguage\":\"pt-PT\"}]}<\/script>\n<!-- \/ Yoast SEO plugin. -->","yoast_head_json":{"title":"Rayteam | Raytech","robots":{"index":"index","follow":"follow","max-snippet":"max-snippet:-1","max-image-preview":"max-image-preview:large","max-video-preview":"max-video-preview:-1"},"canonical":"https:\/\/svilupporaytech.com\/pt-pt\/produto\/baixa-tensao\/fitas-isolantes\/fitas-autoadesivas-em-pvc\/rayteam\/","og_locale":"pt_PT","og_type":"article","og_title":"Rayteam | Raytech","og_description":"Autoadesivo para uso geral Fita adesiva em PVC para aplica\u00e7\u00f5es el\u00e9ctricas e protec\u00e7\u00e3o mec\u00e2nica para utiliza\u00e7\u00e3o geral. Indicada para isolamento de juntas de baixa tens\u00e3o e como revestimento de cabos, [\u2026]","og_url":"https:\/\/svilupporaytech.com\/pt-pt\/produto\/baixa-tensao\/fitas-isolantes\/fitas-autoadesivas-em-pvc\/rayteam\/","og_site_name":"Raytech","og_image":[{"width":500,"height":500,"url":"https:\/\/svilupporaytech.com\/wp-content\/uploads\/rayteam.jpg","type":"image\/jpeg"}],"twitter_card":"summary_large_image","schema":{"@context":"https:\/\/schema.org","@graph":[{"@type":"WebPage","@id":"https:\/\/svilupporaytech.com\/pt-pt\/produto\/baixa-tensao\/fitas-isolantes\/fitas-autoadesivas-em-pvc\/rayteam\/","url":"https:\/\/svilupporaytech.com\/pt-pt\/produto\/baixa-tensao\/fitas-isolantes\/fitas-autoadesivas-em-pvc\/rayteam\/","name":"Rayteam | Raytech","isPartOf":{"@id":"https:\/\/svilupporaytech.com\/#website"},"primaryImageOfPage":{"@id":"https:\/\/svilupporaytech.com\/pt-pt\/produto\/baixa-tensao\/fitas-isolantes\/fitas-autoadesivas-em-pvc\/rayteam\/#primaryimage"},"image":{"@id":"https:\/\/svilupporaytech.com\/pt-pt\/produto\/baixa-tensao\/fitas-isolantes\/fitas-autoadesivas-em-pvc\/rayteam\/#primaryimage"},"thumbnailUrl":"https:\/\/svilupporaytech.com\/wp-content\/uploads\/rayteam.jpg","datePublished":"2016-01-26T10:19:31+00:00","dateModified":"2016-01-26T10:19:31+00:00","breadcrumb":{"@id":"https:\/\/svilupporaytech.com\/pt-pt\/produto\/baixa-tensao\/fitas-isolantes\/fitas-autoadesivas-em-pvc\/rayteam\/#breadcrumb"},"inLanguage":"pt-PT","potentialAction":[{"@type":"ReadAction","target":["https:\/\/svilupporaytech.com\/pt-pt\/produto\/baixa-tensao\/fitas-isolantes\/fitas-autoadesivas-em-pvc\/rayteam\/"]}]},{"@type":"ImageObject","inLanguage":"pt-PT","@id":"https:\/\/svilupporaytech.com\/pt-pt\/produto\/baixa-tensao\/fitas-isolantes\/fitas-autoadesivas-em-pvc\/rayteam\/#primaryimage","url":"https:\/\/svilupporaytech.com\/wp-content\/uploads\/rayteam.jpg","contentUrl":"https:\/\/svilupporaytech.com\/wp-content\/uploads\/rayteam.jpg","width":500,"height":500},{"@type":"BreadcrumbList","@id":"https:\/\/svilupporaytech.com\/pt-pt\/produto\/baixa-tensao\/fitas-isolantes\/fitas-autoadesivas-em-pvc\/rayteam\/#breadcrumb","itemListElement":[{"@type":"ListItem","position":1,"name":"Home","item":"https:\/\/svilupporaytech.com\/pt-pt\/"},{"@type":"ListItem","position":2,"name":"Loja","item":"https:\/\/svilupporaytech.com\/pt-pt\/loja\/"},{"@type":"ListItem","position":3,"name":"Rayteam"}]},{"@type":"WebSite","@id":"https:\/\/svilupporaytech.com\/#website","url":"https:\/\/svilupporaytech.com\/","name":"Raytech","description":"Cable accessories company","potentialAction":[{"@type":"SearchAction","target":{"@type":"EntryPoint","urlTemplate":"https:\/\/svilupporaytech.com\/?s={search_term_string}"},"query-input":"required name=search_term_string"}],"inLanguage":"pt-PT"}]}},"_links":{"self":[{"href":"https:\/\/svilupporaytech.com\/pt-pt\/wp-json\/wp\/v2\/product\/8347"}],"collection":[{"href":"https:\/\/svilupporaytech.com\/pt-pt\/wp-json\/wp\/v2\/product"}],"about":[{"href":"https:\/\/svilupporaytech.com\/pt-pt\/wp-json\/wp\/v2\/types\/product"}],"wp:featuredmedia":[{"embeddable":true,"href":"https:\/\/svilupporaytech.com\/pt-pt\/wp-json\/wp\/v2\/media\/1392"}],"wp:attachment":[{"href":"https:\/\/svilupporaytech.com\/pt-pt\/wp-json\/wp\/v2\/media?parent=8347"}],"wp:term":[{"taxonomy":"product_cat","embeddable":true,"href":"https:\/\/svilupporaytech.com\/pt-pt\/wp-json\/wp\/v2\/product_cat?post=8347"},{"taxonomy":"product_tag","embeddable":true,"href":"https:\/\/svilupporaytech.com\/pt-pt\/wp-json\/wp\/v2\/product_tag?post=8347"}],"curies":[{"name":"wp","href":"https:\/\/api.w.org\/{rel}","templated":true}]}}