{"id":8358,"date":"2015-07-16T09:58:21","date_gmt":"2016-01-26T13:36:16","guid":{"rendered":"http:\/\/raytech.it\/?post_type=product&#038;p=8358&#038;lang=pt-pt"},"modified":"2019-12-21T17:11:33","modified_gmt":"2019-12-21T16:11:33","slug":"raytech-2-3","status":"publish","type":"product","link":"https:\/\/svilupporaytech.com\/pt-pt\/produto\/baixa-tensao\/fitas-isolantes\/aglomerados\/raytech-2-3\/","title":{"rendered":"Raytech 2.3"},"content":{"rendered":"<h4><span style=\"color: #009832;\">Fita de Etileno-Propileno auto-vulcaniz\u00e1vel de Baixa e M\u00e9dia Tens\u00e3o<\/span><\/h4>\n<p>Esta fita de etileno-propileno de auto fus\u00e3o \u00e9 utilizada para isolar e selar juntas el\u00e9ctricas de alta tens\u00e3o para tens\u00f5es at\u00e9 Um 72 kV. Funde-se rapidamente adaptando-se ao produto que recobre formando uma unidade s\u00f3lida sem bolhas. Particularmente resistente as descargas (corona), conservando as caracter\u00edsticas inalteradas no tempo. As juntas devem ser protegidas com uma fita em PVC ou semelhante.<\/p>\n","protected":false},"excerpt":{"rendered":"<p>Fita de Etileno-Propileno auto-vulcaniz\u00e1vel de Baixa e M\u00e9dia Tens\u00e3o Esta fita de etileno-propileno de auto fus\u00e3o \u00e9 utilizada para isolar e selar juntas el\u00e9ctricas de alta tens\u00e3o para tens\u00f5es at\u00e9<span class=\"excerpt-hellip\"> [\u2026]<\/span><\/p>\n","protected":false},"featured_media":1413,"template":"","meta":[],"product_cat":[321,332,335],"product_tag":[],"yoast_head":"<!-- This site is optimized with the Yoast SEO plugin v22.7 - https:\/\/yoast.com\/wordpress\/plugins\/seo\/ -->\n<title>Raytech 2.3 | Raytech<\/title>\n<meta name=\"robots\" content=\"index, follow, max-snippet:-1, max-image-preview:large, max-video-preview:-1\" \/>\n<link rel=\"canonical\" href=\"https:\/\/svilupporaytech.com\/pt-pt\/produto\/baixa-tensao\/fitas-isolantes\/aglomerados\/raytech-2-3\/\" \/>\n<meta property=\"og:locale\" content=\"pt_PT\" \/>\n<meta property=\"og:type\" content=\"article\" \/>\n<meta property=\"og:title\" content=\"Raytech 2.3 | Raytech\" \/>\n<meta property=\"og:description\" content=\"Fita de Etileno-Propileno auto-vulcaniz\u00e1vel de Baixa e M\u00e9dia Tens\u00e3o Esta fita de etileno-propileno de auto fus\u00e3o \u00e9 utilizada para isolar e selar juntas el\u00e9ctricas de alta tens\u00e3o para tens\u00f5es at\u00e9 [\u2026]\" \/>\n<meta property=\"og:url\" content=\"https:\/\/svilupporaytech.com\/pt-pt\/produto\/baixa-tensao\/fitas-isolantes\/aglomerados\/raytech-2-3\/\" \/>\n<meta property=\"og:site_name\" content=\"Raytech\" \/>\n<meta property=\"article:modified_time\" content=\"2019-12-21T16:11:33+00:00\" \/>\n<meta property=\"og:image\" content=\"https:\/\/svilupporaytech.com\/wp-content\/uploads\/raytech-2-3.jpg\" \/>\n\t<meta property=\"og:image:width\" content=\"500\" \/>\n\t<meta property=\"og:image:height\" content=\"500\" \/>\n\t<meta property=\"og:image:type\" content=\"image\/jpeg\" \/>\n<meta name=\"twitter:card\" content=\"summary_large_image\" \/>\n<script type=\"application\/ld+json\" class=\"yoast-schema-graph\">{\"@context\":\"https:\/\/schema.org\",\"@graph\":[{\"@type\":\"WebPage\",\"@id\":\"https:\/\/svilupporaytech.com\/pt-pt\/produto\/baixa-tensao\/fitas-isolantes\/aglomerados\/raytech-2-3\/\",\"url\":\"https:\/\/svilupporaytech.com\/pt-pt\/produto\/baixa-tensao\/fitas-isolantes\/aglomerados\/raytech-2-3\/\",\"name\":\"Raytech 2.3 | Raytech\",\"isPartOf\":{\"@id\":\"https:\/\/svilupporaytech.com\/#website\"},\"primaryImageOfPage\":{\"@id\":\"https:\/\/svilupporaytech.com\/pt-pt\/produto\/baixa-tensao\/fitas-isolantes\/aglomerados\/raytech-2-3\/#primaryimage\"},\"image\":{\"@id\":\"https:\/\/svilupporaytech.com\/pt-pt\/produto\/baixa-tensao\/fitas-isolantes\/aglomerados\/raytech-2-3\/#primaryimage\"},\"thumbnailUrl\":\"https:\/\/svilupporaytech.com\/wp-content\/uploads\/raytech-2-3.jpg\",\"datePublished\":\"2016-01-26T13:36:16+00:00\",\"dateModified\":\"2019-12-21T16:11:33+00:00\",\"breadcrumb\":{\"@id\":\"https:\/\/svilupporaytech.com\/pt-pt\/produto\/baixa-tensao\/fitas-isolantes\/aglomerados\/raytech-2-3\/#breadcrumb\"},\"inLanguage\":\"pt-PT\",\"potentialAction\":[{\"@type\":\"ReadAction\",\"target\":[\"https:\/\/svilupporaytech.com\/pt-pt\/produto\/baixa-tensao\/fitas-isolantes\/aglomerados\/raytech-2-3\/\"]}]},{\"@type\":\"ImageObject\",\"inLanguage\":\"pt-PT\",\"@id\":\"https:\/\/svilupporaytech.com\/pt-pt\/produto\/baixa-tensao\/fitas-isolantes\/aglomerados\/raytech-2-3\/#primaryimage\",\"url\":\"https:\/\/svilupporaytech.com\/wp-content\/uploads\/raytech-2-3.jpg\",\"contentUrl\":\"https:\/\/svilupporaytech.com\/wp-content\/uploads\/raytech-2-3.jpg\",\"width\":500,\"height\":500},{\"@type\":\"BreadcrumbList\",\"@id\":\"https:\/\/svilupporaytech.com\/pt-pt\/produto\/baixa-tensao\/fitas-isolantes\/aglomerados\/raytech-2-3\/#breadcrumb\",\"itemListElement\":[{\"@type\":\"ListItem\",\"position\":1,\"name\":\"Home\",\"item\":\"https:\/\/svilupporaytech.com\/pt-pt\/\"},{\"@type\":\"ListItem\",\"position\":2,\"name\":\"Loja\",\"item\":\"https:\/\/svilupporaytech.com\/pt-pt\/loja\/\"},{\"@type\":\"ListItem\",\"position\":3,\"name\":\"Raytech 2.3\"}]},{\"@type\":\"WebSite\",\"@id\":\"https:\/\/svilupporaytech.com\/#website\",\"url\":\"https:\/\/svilupporaytech.com\/\",\"name\":\"Raytech\",\"description\":\"Cable accessories company\",\"potentialAction\":[{\"@type\":\"SearchAction\",\"target\":{\"@type\":\"EntryPoint\",\"urlTemplate\":\"https:\/\/svilupporaytech.com\/?s={search_term_string}\"},\"query-input\":\"required name=search_term_string\"}],\"inLanguage\":\"pt-PT\"}]}<\/script>\n<!-- \/ Yoast SEO plugin. -->","yoast_head_json":{"title":"Raytech 2.3 | Raytech","robots":{"index":"index","follow":"follow","max-snippet":"max-snippet:-1","max-image-preview":"max-image-preview:large","max-video-preview":"max-video-preview:-1"},"canonical":"https:\/\/svilupporaytech.com\/pt-pt\/produto\/baixa-tensao\/fitas-isolantes\/aglomerados\/raytech-2-3\/","og_locale":"pt_PT","og_type":"article","og_title":"Raytech 2.3 | Raytech","og_description":"Fita de Etileno-Propileno auto-vulcaniz\u00e1vel de Baixa e M\u00e9dia Tens\u00e3o Esta fita de etileno-propileno de auto fus\u00e3o \u00e9 utilizada para isolar e selar juntas el\u00e9ctricas de alta tens\u00e3o para tens\u00f5es at\u00e9 [\u2026]","og_url":"https:\/\/svilupporaytech.com\/pt-pt\/produto\/baixa-tensao\/fitas-isolantes\/aglomerados\/raytech-2-3\/","og_site_name":"Raytech","article_modified_time":"2019-12-21T16:11:33+00:00","og_image":[{"width":500,"height":500,"url":"https:\/\/svilupporaytech.com\/wp-content\/uploads\/raytech-2-3.jpg","type":"image\/jpeg"}],"twitter_card":"summary_large_image","schema":{"@context":"https:\/\/schema.org","@graph":[{"@type":"WebPage","@id":"https:\/\/svilupporaytech.com\/pt-pt\/produto\/baixa-tensao\/fitas-isolantes\/aglomerados\/raytech-2-3\/","url":"https:\/\/svilupporaytech.com\/pt-pt\/produto\/baixa-tensao\/fitas-isolantes\/aglomerados\/raytech-2-3\/","name":"Raytech 2.3 | Raytech","isPartOf":{"@id":"https:\/\/svilupporaytech.com\/#website"},"primaryImageOfPage":{"@id":"https:\/\/svilupporaytech.com\/pt-pt\/produto\/baixa-tensao\/fitas-isolantes\/aglomerados\/raytech-2-3\/#primaryimage"},"image":{"@id":"https:\/\/svilupporaytech.com\/pt-pt\/produto\/baixa-tensao\/fitas-isolantes\/aglomerados\/raytech-2-3\/#primaryimage"},"thumbnailUrl":"https:\/\/svilupporaytech.com\/wp-content\/uploads\/raytech-2-3.jpg","datePublished":"2016-01-26T13:36:16+00:00","dateModified":"2019-12-21T16:11:33+00:00","breadcrumb":{"@id":"https:\/\/svilupporaytech.com\/pt-pt\/produto\/baixa-tensao\/fitas-isolantes\/aglomerados\/raytech-2-3\/#breadcrumb"},"inLanguage":"pt-PT","potentialAction":[{"@type":"ReadAction","target":["https:\/\/svilupporaytech.com\/pt-pt\/produto\/baixa-tensao\/fitas-isolantes\/aglomerados\/raytech-2-3\/"]}]},{"@type":"ImageObject","inLanguage":"pt-PT","@id":"https:\/\/svilupporaytech.com\/pt-pt\/produto\/baixa-tensao\/fitas-isolantes\/aglomerados\/raytech-2-3\/#primaryimage","url":"https:\/\/svilupporaytech.com\/wp-content\/uploads\/raytech-2-3.jpg","contentUrl":"https:\/\/svilupporaytech.com\/wp-content\/uploads\/raytech-2-3.jpg","width":500,"height":500},{"@type":"BreadcrumbList","@id":"https:\/\/svilupporaytech.com\/pt-pt\/produto\/baixa-tensao\/fitas-isolantes\/aglomerados\/raytech-2-3\/#breadcrumb","itemListElement":[{"@type":"ListItem","position":1,"name":"Home","item":"https:\/\/svilupporaytech.com\/pt-pt\/"},{"@type":"ListItem","position":2,"name":"Loja","item":"https:\/\/svilupporaytech.com\/pt-pt\/loja\/"},{"@type":"ListItem","position":3,"name":"Raytech 2.3"}]},{"@type":"WebSite","@id":"https:\/\/svilupporaytech.com\/#website","url":"https:\/\/svilupporaytech.com\/","name":"Raytech","description":"Cable accessories company","potentialAction":[{"@type":"SearchAction","target":{"@type":"EntryPoint","urlTemplate":"https:\/\/svilupporaytech.com\/?s={search_term_string}"},"query-input":"required name=search_term_string"}],"inLanguage":"pt-PT"}]}},"_links":{"self":[{"href":"https:\/\/svilupporaytech.com\/pt-pt\/wp-json\/wp\/v2\/product\/8358"}],"collection":[{"href":"https:\/\/svilupporaytech.com\/pt-pt\/wp-json\/wp\/v2\/product"}],"about":[{"href":"https:\/\/svilupporaytech.com\/pt-pt\/wp-json\/wp\/v2\/types\/product"}],"wp:featuredmedia":[{"embeddable":true,"href":"https:\/\/svilupporaytech.com\/pt-pt\/wp-json\/wp\/v2\/media\/1413"}],"wp:attachment":[{"href":"https:\/\/svilupporaytech.com\/pt-pt\/wp-json\/wp\/v2\/media?parent=8358"}],"wp:term":[{"taxonomy":"product_cat","embeddable":true,"href":"https:\/\/svilupporaytech.com\/pt-pt\/wp-json\/wp\/v2\/product_cat?post=8358"},{"taxonomy":"product_tag","embeddable":true,"href":"https:\/\/svilupporaytech.com\/pt-pt\/wp-json\/wp\/v2\/product_tag?post=8358"}],"curies":[{"name":"wp","href":"https:\/\/api.w.org\/{rel}","templated":true}]}}