{"id":8361,"date":"2015-07-16T10:02:32","date_gmt":"2016-01-26T13:52:18","guid":{"rendered":"http:\/\/raytech.it\/?post_type=product&#038;p=8361&#038;lang=pt-pt"},"modified":"2016-01-26T13:52:18","modified_gmt":"2016-01-26T13:52:18","slug":"raytech-super-23","status":"publish","type":"product","link":"https:\/\/svilupporaytech.com\/pt-pt\/produto\/baixa-tensao\/fitas-isolantes\/aglomerados\/raytech-super-23\/","title":{"rendered":"Raytech Super 23"},"content":{"rendered":"<h4><span style=\"color: #009832;\">Fita isolante autoaglomerante para usos exigentes<\/span><\/h4>\n<p>A fita Raytech Super 23 \u00e9 uma fita elastom\u00e9rica do tipo autofusivel \u00e0 temperatura ambiente: as camadas fundem-se ao simples contacto para formar uma massa compacta com excelentes caracter\u00edsticas f\u00edsicas, t\u00e9rmicas e el\u00e9tricas. Pelas suas not\u00e1veis caracter\u00edsticas de impermeabilidade, \u00e9 ideal para o isolamento e a prote\u00e7\u00e3o de componentes el\u00e9tricos, mesmo na presen\u00e7a de humidade ou quando expostos \u00e0s intemp\u00e9ries. Basta limpar cuidadosamente as superf\u00edcies a revestir e aplicar a fita, arrastando ligeiramente, eliminando o separador.<\/p>\n<ul>\n<li><span style=\"color: #009832;\">Imperme\u00e1vel e repelente da \u00e1gua<\/span><\/li>\n<li><span style=\"color: #009832;\">Excelentes caracter\u00edsticas de resist\u00eancia ao envelhecimento<\/span><\/li>\n<li><span style=\"color: #009832;\">Altamente autofus\u00edvel<\/span><\/li>\n<li><span style=\"color: #009832;\">Altamente mold\u00e1vel<\/span><\/li>\n<li><span style=\"color: #009832;\">Depois de aplicada, mant\u00e9m as caracter\u00edsticas ao longo do tempo<\/span><\/li>\n<li><span style=\"color: #009832;\">Resistente a altas temperaturas<\/span><\/li>\n<\/ul>\n","protected":false},"excerpt":{"rendered":"<p>Fita isolante autoaglomerante para usos exigentes A fita Raytech Super 23 \u00e9 uma fita elastom\u00e9rica do tipo autofusivel \u00e0 temperatura ambiente: as camadas fundem-se ao simples contacto para formar uma<span class=\"excerpt-hellip\"> [\u2026]<\/span><\/p>\n","protected":false},"featured_media":1427,"template":"","meta":[],"product_cat":[321,332,335],"product_tag":[],"yoast_head":"<!-- This site is optimized with the Yoast SEO plugin v22.7 - https:\/\/yoast.com\/wordpress\/plugins\/seo\/ -->\n<title>Raytech Super 23 | Raytech<\/title>\n<meta name=\"robots\" content=\"index, follow, max-snippet:-1, max-image-preview:large, max-video-preview:-1\" \/>\n<link rel=\"canonical\" href=\"https:\/\/svilupporaytech.com\/pt-pt\/produto\/baixa-tensao\/fitas-isolantes\/aglomerados\/raytech-super-23\/\" \/>\n<meta property=\"og:locale\" content=\"pt_PT\" \/>\n<meta property=\"og:type\" content=\"article\" \/>\n<meta property=\"og:title\" content=\"Raytech Super 23 | Raytech\" \/>\n<meta property=\"og:description\" content=\"Fita isolante autoaglomerante para usos exigentes A fita Raytech Super 23 \u00e9 uma fita elastom\u00e9rica do tipo autofusivel \u00e0 temperatura ambiente: as camadas fundem-se ao simples contacto para formar uma [\u2026]\" \/>\n<meta property=\"og:url\" content=\"https:\/\/svilupporaytech.com\/pt-pt\/produto\/baixa-tensao\/fitas-isolantes\/aglomerados\/raytech-super-23\/\" \/>\n<meta property=\"og:site_name\" content=\"Raytech\" \/>\n<meta property=\"og:image\" content=\"https:\/\/svilupporaytech.com\/wp-content\/uploads\/raytech-super-23.jpg\" \/>\n\t<meta property=\"og:image:width\" content=\"500\" \/>\n\t<meta property=\"og:image:height\" content=\"500\" \/>\n\t<meta property=\"og:image:type\" content=\"image\/jpeg\" \/>\n<meta name=\"twitter:card\" content=\"summary_large_image\" \/>\n<meta name=\"twitter:label1\" content=\"Tempo estimado de leitura\" \/>\n\t<meta name=\"twitter:data1\" content=\"1 minuto\" \/>\n<script type=\"application\/ld+json\" class=\"yoast-schema-graph\">{\"@context\":\"https:\/\/schema.org\",\"@graph\":[{\"@type\":\"WebPage\",\"@id\":\"https:\/\/svilupporaytech.com\/pt-pt\/produto\/baixa-tensao\/fitas-isolantes\/aglomerados\/raytech-super-23\/\",\"url\":\"https:\/\/svilupporaytech.com\/pt-pt\/produto\/baixa-tensao\/fitas-isolantes\/aglomerados\/raytech-super-23\/\",\"name\":\"Raytech Super 23 | Raytech\",\"isPartOf\":{\"@id\":\"https:\/\/svilupporaytech.com\/#website\"},\"primaryImageOfPage\":{\"@id\":\"https:\/\/svilupporaytech.com\/pt-pt\/produto\/baixa-tensao\/fitas-isolantes\/aglomerados\/raytech-super-23\/#primaryimage\"},\"image\":{\"@id\":\"https:\/\/svilupporaytech.com\/pt-pt\/produto\/baixa-tensao\/fitas-isolantes\/aglomerados\/raytech-super-23\/#primaryimage\"},\"thumbnailUrl\":\"https:\/\/svilupporaytech.com\/wp-content\/uploads\/raytech-super-23.jpg\",\"datePublished\":\"2016-01-26T13:52:18+00:00\",\"dateModified\":\"2016-01-26T13:52:18+00:00\",\"breadcrumb\":{\"@id\":\"https:\/\/svilupporaytech.com\/pt-pt\/produto\/baixa-tensao\/fitas-isolantes\/aglomerados\/raytech-super-23\/#breadcrumb\"},\"inLanguage\":\"pt-PT\",\"potentialAction\":[{\"@type\":\"ReadAction\",\"target\":[\"https:\/\/svilupporaytech.com\/pt-pt\/produto\/baixa-tensao\/fitas-isolantes\/aglomerados\/raytech-super-23\/\"]}]},{\"@type\":\"ImageObject\",\"inLanguage\":\"pt-PT\",\"@id\":\"https:\/\/svilupporaytech.com\/pt-pt\/produto\/baixa-tensao\/fitas-isolantes\/aglomerados\/raytech-super-23\/#primaryimage\",\"url\":\"https:\/\/svilupporaytech.com\/wp-content\/uploads\/raytech-super-23.jpg\",\"contentUrl\":\"https:\/\/svilupporaytech.com\/wp-content\/uploads\/raytech-super-23.jpg\",\"width\":500,\"height\":500},{\"@type\":\"BreadcrumbList\",\"@id\":\"https:\/\/svilupporaytech.com\/pt-pt\/produto\/baixa-tensao\/fitas-isolantes\/aglomerados\/raytech-super-23\/#breadcrumb\",\"itemListElement\":[{\"@type\":\"ListItem\",\"position\":1,\"name\":\"Home\",\"item\":\"https:\/\/svilupporaytech.com\/pt-pt\/\"},{\"@type\":\"ListItem\",\"position\":2,\"name\":\"Loja\",\"item\":\"https:\/\/svilupporaytech.com\/pt-pt\/loja\/\"},{\"@type\":\"ListItem\",\"position\":3,\"name\":\"Raytech Super 23\"}]},{\"@type\":\"WebSite\",\"@id\":\"https:\/\/svilupporaytech.com\/#website\",\"url\":\"https:\/\/svilupporaytech.com\/\",\"name\":\"Raytech\",\"description\":\"Cable accessories company\",\"potentialAction\":[{\"@type\":\"SearchAction\",\"target\":{\"@type\":\"EntryPoint\",\"urlTemplate\":\"https:\/\/svilupporaytech.com\/?s={search_term_string}\"},\"query-input\":\"required name=search_term_string\"}],\"inLanguage\":\"pt-PT\"}]}<\/script>\n<!-- \/ Yoast SEO plugin. -->","yoast_head_json":{"title":"Raytech Super 23 | Raytech","robots":{"index":"index","follow":"follow","max-snippet":"max-snippet:-1","max-image-preview":"max-image-preview:large","max-video-preview":"max-video-preview:-1"},"canonical":"https:\/\/svilupporaytech.com\/pt-pt\/produto\/baixa-tensao\/fitas-isolantes\/aglomerados\/raytech-super-23\/","og_locale":"pt_PT","og_type":"article","og_title":"Raytech Super 23 | Raytech","og_description":"Fita isolante autoaglomerante para usos exigentes A fita Raytech Super 23 \u00e9 uma fita elastom\u00e9rica do tipo autofusivel \u00e0 temperatura ambiente: as camadas fundem-se ao simples contacto para formar uma [\u2026]","og_url":"https:\/\/svilupporaytech.com\/pt-pt\/produto\/baixa-tensao\/fitas-isolantes\/aglomerados\/raytech-super-23\/","og_site_name":"Raytech","og_image":[{"width":500,"height":500,"url":"https:\/\/svilupporaytech.com\/wp-content\/uploads\/raytech-super-23.jpg","type":"image\/jpeg"}],"twitter_card":"summary_large_image","twitter_misc":{"Tempo estimado de leitura":"1 minuto"},"schema":{"@context":"https:\/\/schema.org","@graph":[{"@type":"WebPage","@id":"https:\/\/svilupporaytech.com\/pt-pt\/produto\/baixa-tensao\/fitas-isolantes\/aglomerados\/raytech-super-23\/","url":"https:\/\/svilupporaytech.com\/pt-pt\/produto\/baixa-tensao\/fitas-isolantes\/aglomerados\/raytech-super-23\/","name":"Raytech Super 23 | Raytech","isPartOf":{"@id":"https:\/\/svilupporaytech.com\/#website"},"primaryImageOfPage":{"@id":"https:\/\/svilupporaytech.com\/pt-pt\/produto\/baixa-tensao\/fitas-isolantes\/aglomerados\/raytech-super-23\/#primaryimage"},"image":{"@id":"https:\/\/svilupporaytech.com\/pt-pt\/produto\/baixa-tensao\/fitas-isolantes\/aglomerados\/raytech-super-23\/#primaryimage"},"thumbnailUrl":"https:\/\/svilupporaytech.com\/wp-content\/uploads\/raytech-super-23.jpg","datePublished":"2016-01-26T13:52:18+00:00","dateModified":"2016-01-26T13:52:18+00:00","breadcrumb":{"@id":"https:\/\/svilupporaytech.com\/pt-pt\/produto\/baixa-tensao\/fitas-isolantes\/aglomerados\/raytech-super-23\/#breadcrumb"},"inLanguage":"pt-PT","potentialAction":[{"@type":"ReadAction","target":["https:\/\/svilupporaytech.com\/pt-pt\/produto\/baixa-tensao\/fitas-isolantes\/aglomerados\/raytech-super-23\/"]}]},{"@type":"ImageObject","inLanguage":"pt-PT","@id":"https:\/\/svilupporaytech.com\/pt-pt\/produto\/baixa-tensao\/fitas-isolantes\/aglomerados\/raytech-super-23\/#primaryimage","url":"https:\/\/svilupporaytech.com\/wp-content\/uploads\/raytech-super-23.jpg","contentUrl":"https:\/\/svilupporaytech.com\/wp-content\/uploads\/raytech-super-23.jpg","width":500,"height":500},{"@type":"BreadcrumbList","@id":"https:\/\/svilupporaytech.com\/pt-pt\/produto\/baixa-tensao\/fitas-isolantes\/aglomerados\/raytech-super-23\/#breadcrumb","itemListElement":[{"@type":"ListItem","position":1,"name":"Home","item":"https:\/\/svilupporaytech.com\/pt-pt\/"},{"@type":"ListItem","position":2,"name":"Loja","item":"https:\/\/svilupporaytech.com\/pt-pt\/loja\/"},{"@type":"ListItem","position":3,"name":"Raytech Super 23"}]},{"@type":"WebSite","@id":"https:\/\/svilupporaytech.com\/#website","url":"https:\/\/svilupporaytech.com\/","name":"Raytech","description":"Cable accessories company","potentialAction":[{"@type":"SearchAction","target":{"@type":"EntryPoint","urlTemplate":"https:\/\/svilupporaytech.com\/?s={search_term_string}"},"query-input":"required name=search_term_string"}],"inLanguage":"pt-PT"}]}},"_links":{"self":[{"href":"https:\/\/svilupporaytech.com\/pt-pt\/wp-json\/wp\/v2\/product\/8361"}],"collection":[{"href":"https:\/\/svilupporaytech.com\/pt-pt\/wp-json\/wp\/v2\/product"}],"about":[{"href":"https:\/\/svilupporaytech.com\/pt-pt\/wp-json\/wp\/v2\/types\/product"}],"wp:featuredmedia":[{"embeddable":true,"href":"https:\/\/svilupporaytech.com\/pt-pt\/wp-json\/wp\/v2\/media\/1427"}],"wp:attachment":[{"href":"https:\/\/svilupporaytech.com\/pt-pt\/wp-json\/wp\/v2\/media?parent=8361"}],"wp:term":[{"taxonomy":"product_cat","embeddable":true,"href":"https:\/\/svilupporaytech.com\/pt-pt\/wp-json\/wp\/v2\/product_cat?post=8361"},{"taxonomy":"product_tag","embeddable":true,"href":"https:\/\/svilupporaytech.com\/pt-pt\/wp-json\/wp\/v2\/product_tag?post=8361"}],"curies":[{"name":"wp","href":"https:\/\/api.w.org\/{rel}","templated":true}]}}