{"id":8371,"date":"2015-07-16T10:22:16","date_gmt":"2016-01-26T14:18:14","guid":{"rendered":"http:\/\/raytech.it\/?post_type=product&#038;p=8371&#038;lang=pt-pt"},"modified":"2019-08-29T12:12:26","modified_gmt":"2019-08-29T12:12:26","slug":"speedy-glass","status":"publish","type":"product","link":"https:\/\/svilupporaytech.com\/pt-pt\/produto\/baixa-tensao\/guias-em-lubrificantes\/speedy-glass\/","title":{"rendered":"Speedy Glass"},"content":{"rendered":"<h4><span style=\"color: #009832;\">Guia de disparo autom\u00e1tico em fibra de vidro \u00d8 3 mm de cabe\u00e7a intercambi\u00e1vel*<\/span><\/h4>\n<p>Indicadas para utiliza\u00e7\u00f5es leves, mesmo em tra\u00e7ados longos, f\u00e1cil de utilizar gra\u00e7as \u00e0 sua elasticidade \u201cnervosa\u201d que facilita a sua coloca\u00e7\u00e3o em tubos e condutas.<\/p>\n<p>* Fornecido com cabe\u00e7a flex\u00edvel de guia curva e olhal tensor<\/p>\n","protected":false},"excerpt":{"rendered":"<p>Guia de disparo autom\u00e1tico em fibra de vidro \u00d8 3 mm de cabe\u00e7a intercambi\u00e1vel* Indicadas para utiliza\u00e7\u00f5es leves, mesmo em tra\u00e7ados longos, f\u00e1cil de utilizar gra\u00e7as \u00e0 sua elasticidade \u201cnervosa\u201d<span class=\"excerpt-hellip\"> [\u2026]<\/span><\/p>\n","protected":false},"featured_media":1497,"template":"","meta":[],"product_cat":[321,341],"product_tag":[],"yoast_head":"<!-- This site is optimized with the Yoast SEO plugin v22.7 - https:\/\/yoast.com\/wordpress\/plugins\/seo\/ -->\n<title>Speedy Glass | Raytech<\/title>\n<meta name=\"robots\" content=\"index, follow, max-snippet:-1, max-image-preview:large, max-video-preview:-1\" \/>\n<link rel=\"canonical\" href=\"https:\/\/svilupporaytech.com\/pt-pt\/produto\/baixa-tensao\/guias-em-lubrificantes\/speedy-glass\/\" \/>\n<meta property=\"og:locale\" content=\"pt_PT\" \/>\n<meta property=\"og:type\" content=\"article\" \/>\n<meta property=\"og:title\" content=\"Speedy Glass | Raytech\" \/>\n<meta property=\"og:description\" content=\"Guia de disparo autom\u00e1tico em fibra de vidro \u00d8 3 mm de cabe\u00e7a intercambi\u00e1vel* Indicadas para utiliza\u00e7\u00f5es leves, mesmo em tra\u00e7ados longos, f\u00e1cil de utilizar gra\u00e7as \u00e0 sua elasticidade \u201cnervosa\u201d [\u2026]\" \/>\n<meta property=\"og:url\" content=\"https:\/\/svilupporaytech.com\/pt-pt\/produto\/baixa-tensao\/guias-em-lubrificantes\/speedy-glass\/\" \/>\n<meta property=\"og:site_name\" content=\"Raytech\" \/>\n<meta property=\"article:modified_time\" content=\"2019-08-29T12:12:26+00:00\" \/>\n<meta property=\"og:image\" content=\"https:\/\/svilupporaytech.com\/wp-content\/uploads\/speedy-glass.jpg\" \/>\n\t<meta property=\"og:image:width\" content=\"500\" \/>\n\t<meta property=\"og:image:height\" content=\"500\" \/>\n\t<meta property=\"og:image:type\" content=\"image\/jpeg\" \/>\n<meta name=\"twitter:card\" content=\"summary_large_image\" \/>\n<script type=\"application\/ld+json\" class=\"yoast-schema-graph\">{\"@context\":\"https:\/\/schema.org\",\"@graph\":[{\"@type\":\"WebPage\",\"@id\":\"https:\/\/svilupporaytech.com\/pt-pt\/produto\/baixa-tensao\/guias-em-lubrificantes\/speedy-glass\/\",\"url\":\"https:\/\/svilupporaytech.com\/pt-pt\/produto\/baixa-tensao\/guias-em-lubrificantes\/speedy-glass\/\",\"name\":\"Speedy Glass | Raytech\",\"isPartOf\":{\"@id\":\"https:\/\/svilupporaytech.com\/#website\"},\"primaryImageOfPage\":{\"@id\":\"https:\/\/svilupporaytech.com\/pt-pt\/produto\/baixa-tensao\/guias-em-lubrificantes\/speedy-glass\/#primaryimage\"},\"image\":{\"@id\":\"https:\/\/svilupporaytech.com\/pt-pt\/produto\/baixa-tensao\/guias-em-lubrificantes\/speedy-glass\/#primaryimage\"},\"thumbnailUrl\":\"https:\/\/svilupporaytech.com\/wp-content\/uploads\/speedy-glass.jpg\",\"datePublished\":\"2016-01-26T14:18:14+00:00\",\"dateModified\":\"2019-08-29T12:12:26+00:00\",\"breadcrumb\":{\"@id\":\"https:\/\/svilupporaytech.com\/pt-pt\/produto\/baixa-tensao\/guias-em-lubrificantes\/speedy-glass\/#breadcrumb\"},\"inLanguage\":\"pt-PT\",\"potentialAction\":[{\"@type\":\"ReadAction\",\"target\":[\"https:\/\/svilupporaytech.com\/pt-pt\/produto\/baixa-tensao\/guias-em-lubrificantes\/speedy-glass\/\"]}]},{\"@type\":\"ImageObject\",\"inLanguage\":\"pt-PT\",\"@id\":\"https:\/\/svilupporaytech.com\/pt-pt\/produto\/baixa-tensao\/guias-em-lubrificantes\/speedy-glass\/#primaryimage\",\"url\":\"https:\/\/svilupporaytech.com\/wp-content\/uploads\/speedy-glass.jpg\",\"contentUrl\":\"https:\/\/svilupporaytech.com\/wp-content\/uploads\/speedy-glass.jpg\",\"width\":500,\"height\":500},{\"@type\":\"BreadcrumbList\",\"@id\":\"https:\/\/svilupporaytech.com\/pt-pt\/produto\/baixa-tensao\/guias-em-lubrificantes\/speedy-glass\/#breadcrumb\",\"itemListElement\":[{\"@type\":\"ListItem\",\"position\":1,\"name\":\"Home\",\"item\":\"https:\/\/svilupporaytech.com\/pt-pt\/\"},{\"@type\":\"ListItem\",\"position\":2,\"name\":\"Loja\",\"item\":\"https:\/\/svilupporaytech.com\/pt-pt\/loja\/\"},{\"@type\":\"ListItem\",\"position\":3,\"name\":\"Speedy Glass\"}]},{\"@type\":\"WebSite\",\"@id\":\"https:\/\/svilupporaytech.com\/#website\",\"url\":\"https:\/\/svilupporaytech.com\/\",\"name\":\"Raytech\",\"description\":\"Cable accessories company\",\"potentialAction\":[{\"@type\":\"SearchAction\",\"target\":{\"@type\":\"EntryPoint\",\"urlTemplate\":\"https:\/\/svilupporaytech.com\/?s={search_term_string}\"},\"query-input\":\"required name=search_term_string\"}],\"inLanguage\":\"pt-PT\"}]}<\/script>\n<!-- \/ Yoast SEO plugin. -->","yoast_head_json":{"title":"Speedy Glass | Raytech","robots":{"index":"index","follow":"follow","max-snippet":"max-snippet:-1","max-image-preview":"max-image-preview:large","max-video-preview":"max-video-preview:-1"},"canonical":"https:\/\/svilupporaytech.com\/pt-pt\/produto\/baixa-tensao\/guias-em-lubrificantes\/speedy-glass\/","og_locale":"pt_PT","og_type":"article","og_title":"Speedy Glass | Raytech","og_description":"Guia de disparo autom\u00e1tico em fibra de vidro \u00d8 3 mm de cabe\u00e7a intercambi\u00e1vel* Indicadas para utiliza\u00e7\u00f5es leves, mesmo em tra\u00e7ados longos, f\u00e1cil de utilizar gra\u00e7as \u00e0 sua elasticidade \u201cnervosa\u201d [\u2026]","og_url":"https:\/\/svilupporaytech.com\/pt-pt\/produto\/baixa-tensao\/guias-em-lubrificantes\/speedy-glass\/","og_site_name":"Raytech","article_modified_time":"2019-08-29T12:12:26+00:00","og_image":[{"width":500,"height":500,"url":"https:\/\/svilupporaytech.com\/wp-content\/uploads\/speedy-glass.jpg","type":"image\/jpeg"}],"twitter_card":"summary_large_image","schema":{"@context":"https:\/\/schema.org","@graph":[{"@type":"WebPage","@id":"https:\/\/svilupporaytech.com\/pt-pt\/produto\/baixa-tensao\/guias-em-lubrificantes\/speedy-glass\/","url":"https:\/\/svilupporaytech.com\/pt-pt\/produto\/baixa-tensao\/guias-em-lubrificantes\/speedy-glass\/","name":"Speedy Glass | Raytech","isPartOf":{"@id":"https:\/\/svilupporaytech.com\/#website"},"primaryImageOfPage":{"@id":"https:\/\/svilupporaytech.com\/pt-pt\/produto\/baixa-tensao\/guias-em-lubrificantes\/speedy-glass\/#primaryimage"},"image":{"@id":"https:\/\/svilupporaytech.com\/pt-pt\/produto\/baixa-tensao\/guias-em-lubrificantes\/speedy-glass\/#primaryimage"},"thumbnailUrl":"https:\/\/svilupporaytech.com\/wp-content\/uploads\/speedy-glass.jpg","datePublished":"2016-01-26T14:18:14+00:00","dateModified":"2019-08-29T12:12:26+00:00","breadcrumb":{"@id":"https:\/\/svilupporaytech.com\/pt-pt\/produto\/baixa-tensao\/guias-em-lubrificantes\/speedy-glass\/#breadcrumb"},"inLanguage":"pt-PT","potentialAction":[{"@type":"ReadAction","target":["https:\/\/svilupporaytech.com\/pt-pt\/produto\/baixa-tensao\/guias-em-lubrificantes\/speedy-glass\/"]}]},{"@type":"ImageObject","inLanguage":"pt-PT","@id":"https:\/\/svilupporaytech.com\/pt-pt\/produto\/baixa-tensao\/guias-em-lubrificantes\/speedy-glass\/#primaryimage","url":"https:\/\/svilupporaytech.com\/wp-content\/uploads\/speedy-glass.jpg","contentUrl":"https:\/\/svilupporaytech.com\/wp-content\/uploads\/speedy-glass.jpg","width":500,"height":500},{"@type":"BreadcrumbList","@id":"https:\/\/svilupporaytech.com\/pt-pt\/produto\/baixa-tensao\/guias-em-lubrificantes\/speedy-glass\/#breadcrumb","itemListElement":[{"@type":"ListItem","position":1,"name":"Home","item":"https:\/\/svilupporaytech.com\/pt-pt\/"},{"@type":"ListItem","position":2,"name":"Loja","item":"https:\/\/svilupporaytech.com\/pt-pt\/loja\/"},{"@type":"ListItem","position":3,"name":"Speedy Glass"}]},{"@type":"WebSite","@id":"https:\/\/svilupporaytech.com\/#website","url":"https:\/\/svilupporaytech.com\/","name":"Raytech","description":"Cable accessories company","potentialAction":[{"@type":"SearchAction","target":{"@type":"EntryPoint","urlTemplate":"https:\/\/svilupporaytech.com\/?s={search_term_string}"},"query-input":"required name=search_term_string"}],"inLanguage":"pt-PT"}]}},"_links":{"self":[{"href":"https:\/\/svilupporaytech.com\/pt-pt\/wp-json\/wp\/v2\/product\/8371"}],"collection":[{"href":"https:\/\/svilupporaytech.com\/pt-pt\/wp-json\/wp\/v2\/product"}],"about":[{"href":"https:\/\/svilupporaytech.com\/pt-pt\/wp-json\/wp\/v2\/types\/product"}],"wp:featuredmedia":[{"embeddable":true,"href":"https:\/\/svilupporaytech.com\/pt-pt\/wp-json\/wp\/v2\/media\/1497"}],"wp:attachment":[{"href":"https:\/\/svilupporaytech.com\/pt-pt\/wp-json\/wp\/v2\/media?parent=8371"}],"wp:term":[{"taxonomy":"product_cat","embeddable":true,"href":"https:\/\/svilupporaytech.com\/pt-pt\/wp-json\/wp\/v2\/product_cat?post=8371"},{"taxonomy":"product_tag","embeddable":true,"href":"https:\/\/svilupporaytech.com\/pt-pt\/wp-json\/wp\/v2\/product_tag?post=8371"}],"curies":[{"name":"wp","href":"https:\/\/api.w.org\/{rel}","templated":true}]}}