{"id":8375,"date":"2015-07-16T12:52:01","date_gmt":"2016-01-26T14:32:41","guid":{"rendered":"http:\/\/raytech.it\/?post_type=product&#038;p=8375&#038;lang=pt-pt"},"modified":"2016-09-22T09:56:46","modified_gmt":"2016-09-22T09:56:46","slug":"barreira-anti-fogo-em-paineis","status":"publish","type":"product","link":"https:\/\/svilupporaytech.com\/pt-pt\/produto\/baixa-tensao\/barreiras-anti-chama\/barreira-anti-fogo-em-paineis\/","title":{"rendered":"Barreira anti fogo em pain\u00e9is"},"content":{"rendered":"<h4><span style=\"color: #009832;\">Fire Stop Panel<br \/>\nBarreira anti fogo em pain\u00e9is<br \/>\n<\/span><\/h4>\n<p>Pain\u00e9is \u00e0 prova de fogo revestidos com m\u00e1stique a veda\u00e7\u00e3o ao fogo dos v\u00e3os de passagem\u00a0de divis\u00f3rias de compartimenta\u00e7\u00e3o. Aplicados de modo a vedar o v\u00e3o de passagem em\u00a0paredes, de forma segura e econ\u00f3mica.<\/p>\n<ul>\n<li><span style=\"color: #009832;\">Embalados com l\u00e3 de rocha<\/span><\/li>\n<li><span style=\"color: #009832;\">Revestido com m\u00e1stique<\/span><\/li>\n<li><span style=\"color: #009832;\">Resistente aos mofos e bact\u00e9rias<\/span><\/li>\n<\/ul>\n","protected":false},"excerpt":{"rendered":"<p>Fire Stop Panel Barreira anti fogo em pain\u00e9is Pain\u00e9is \u00e0 prova de fogo revestidos com m\u00e1stique a veda\u00e7\u00e3o ao fogo dos v\u00e3os de passagem\u00a0de divis\u00f3rias de compartimenta\u00e7\u00e3o. Aplicados de modo<span class=\"excerpt-hellip\"> [\u2026]<\/span><\/p>\n","protected":false},"featured_media":1525,"template":"","meta":[],"product_cat":[321,322],"product_tag":[],"yoast_head":"<!-- This site is optimized with the Yoast SEO plugin v22.7 - https:\/\/yoast.com\/wordpress\/plugins\/seo\/ -->\n<title>Barreira anti fogo em pain\u00e9is | Raytech<\/title>\n<meta name=\"robots\" content=\"index, follow, max-snippet:-1, max-image-preview:large, max-video-preview:-1\" \/>\n<link rel=\"canonical\" href=\"https:\/\/svilupporaytech.com\/pt-pt\/produto\/baixa-tensao\/barreiras-anti-chama\/barreira-anti-fogo-em-paineis\/\" \/>\n<meta property=\"og:locale\" content=\"pt_PT\" \/>\n<meta property=\"og:type\" content=\"article\" \/>\n<meta property=\"og:title\" content=\"Barreira anti fogo em pain\u00e9is | Raytech\" \/>\n<meta property=\"og:description\" content=\"Fire Stop Panel Barreira anti fogo em pain\u00e9is Pain\u00e9is \u00e0 prova de fogo revestidos com m\u00e1stique a veda\u00e7\u00e3o ao fogo dos v\u00e3os de passagem\u00a0de divis\u00f3rias de compartimenta\u00e7\u00e3o. Aplicados de modo [\u2026]\" \/>\n<meta property=\"og:url\" content=\"https:\/\/svilupporaytech.com\/pt-pt\/produto\/baixa-tensao\/barreiras-anti-chama\/barreira-anti-fogo-em-paineis\/\" \/>\n<meta property=\"og:site_name\" content=\"Raytech\" \/>\n<meta property=\"article:modified_time\" content=\"2016-09-22T09:56:46+00:00\" \/>\n<meta property=\"og:image\" content=\"https:\/\/svilupporaytech.com\/wp-content\/uploads\/fire-stop-panel.jpg\" \/>\n\t<meta property=\"og:image:width\" content=\"500\" \/>\n\t<meta property=\"og:image:height\" content=\"500\" \/>\n\t<meta property=\"og:image:type\" content=\"image\/jpeg\" \/>\n<meta name=\"twitter:card\" content=\"summary_large_image\" \/>\n<script type=\"application\/ld+json\" class=\"yoast-schema-graph\">{\"@context\":\"https:\/\/schema.org\",\"@graph\":[{\"@type\":\"WebPage\",\"@id\":\"https:\/\/svilupporaytech.com\/pt-pt\/produto\/baixa-tensao\/barreiras-anti-chama\/barreira-anti-fogo-em-paineis\/\",\"url\":\"https:\/\/svilupporaytech.com\/pt-pt\/produto\/baixa-tensao\/barreiras-anti-chama\/barreira-anti-fogo-em-paineis\/\",\"name\":\"Barreira anti fogo em pain\u00e9is | Raytech\",\"isPartOf\":{\"@id\":\"https:\/\/svilupporaytech.com\/#website\"},\"primaryImageOfPage\":{\"@id\":\"https:\/\/svilupporaytech.com\/pt-pt\/produto\/baixa-tensao\/barreiras-anti-chama\/barreira-anti-fogo-em-paineis\/#primaryimage\"},\"image\":{\"@id\":\"https:\/\/svilupporaytech.com\/pt-pt\/produto\/baixa-tensao\/barreiras-anti-chama\/barreira-anti-fogo-em-paineis\/#primaryimage\"},\"thumbnailUrl\":\"https:\/\/svilupporaytech.com\/wp-content\/uploads\/fire-stop-panel.jpg\",\"datePublished\":\"2016-01-26T14:32:41+00:00\",\"dateModified\":\"2016-09-22T09:56:46+00:00\",\"breadcrumb\":{\"@id\":\"https:\/\/svilupporaytech.com\/pt-pt\/produto\/baixa-tensao\/barreiras-anti-chama\/barreira-anti-fogo-em-paineis\/#breadcrumb\"},\"inLanguage\":\"pt-PT\",\"potentialAction\":[{\"@type\":\"ReadAction\",\"target\":[\"https:\/\/svilupporaytech.com\/pt-pt\/produto\/baixa-tensao\/barreiras-anti-chama\/barreira-anti-fogo-em-paineis\/\"]}]},{\"@type\":\"ImageObject\",\"inLanguage\":\"pt-PT\",\"@id\":\"https:\/\/svilupporaytech.com\/pt-pt\/produto\/baixa-tensao\/barreiras-anti-chama\/barreira-anti-fogo-em-paineis\/#primaryimage\",\"url\":\"https:\/\/svilupporaytech.com\/wp-content\/uploads\/fire-stop-panel.jpg\",\"contentUrl\":\"https:\/\/svilupporaytech.com\/wp-content\/uploads\/fire-stop-panel.jpg\",\"width\":500,\"height\":500},{\"@type\":\"BreadcrumbList\",\"@id\":\"https:\/\/svilupporaytech.com\/pt-pt\/produto\/baixa-tensao\/barreiras-anti-chama\/barreira-anti-fogo-em-paineis\/#breadcrumb\",\"itemListElement\":[{\"@type\":\"ListItem\",\"position\":1,\"name\":\"Home\",\"item\":\"https:\/\/svilupporaytech.com\/pt-pt\/\"},{\"@type\":\"ListItem\",\"position\":2,\"name\":\"Loja\",\"item\":\"https:\/\/svilupporaytech.com\/pt-pt\/loja\/\"},{\"@type\":\"ListItem\",\"position\":3,\"name\":\"Barreira anti fogo em pain\u00e9is\"}]},{\"@type\":\"WebSite\",\"@id\":\"https:\/\/svilupporaytech.com\/#website\",\"url\":\"https:\/\/svilupporaytech.com\/\",\"name\":\"Raytech\",\"description\":\"Cable accessories company\",\"potentialAction\":[{\"@type\":\"SearchAction\",\"target\":{\"@type\":\"EntryPoint\",\"urlTemplate\":\"https:\/\/svilupporaytech.com\/?s={search_term_string}\"},\"query-input\":\"required name=search_term_string\"}],\"inLanguage\":\"pt-PT\"}]}<\/script>\n<!-- \/ Yoast SEO plugin. -->","yoast_head_json":{"title":"Barreira anti fogo em pain\u00e9is | Raytech","robots":{"index":"index","follow":"follow","max-snippet":"max-snippet:-1","max-image-preview":"max-image-preview:large","max-video-preview":"max-video-preview:-1"},"canonical":"https:\/\/svilupporaytech.com\/pt-pt\/produto\/baixa-tensao\/barreiras-anti-chama\/barreira-anti-fogo-em-paineis\/","og_locale":"pt_PT","og_type":"article","og_title":"Barreira anti fogo em pain\u00e9is | Raytech","og_description":"Fire Stop Panel Barreira anti fogo em pain\u00e9is Pain\u00e9is \u00e0 prova de fogo revestidos com m\u00e1stique a veda\u00e7\u00e3o ao fogo dos v\u00e3os de passagem\u00a0de divis\u00f3rias de compartimenta\u00e7\u00e3o. Aplicados de modo [\u2026]","og_url":"https:\/\/svilupporaytech.com\/pt-pt\/produto\/baixa-tensao\/barreiras-anti-chama\/barreira-anti-fogo-em-paineis\/","og_site_name":"Raytech","article_modified_time":"2016-09-22T09:56:46+00:00","og_image":[{"width":500,"height":500,"url":"https:\/\/svilupporaytech.com\/wp-content\/uploads\/fire-stop-panel.jpg","type":"image\/jpeg"}],"twitter_card":"summary_large_image","schema":{"@context":"https:\/\/schema.org","@graph":[{"@type":"WebPage","@id":"https:\/\/svilupporaytech.com\/pt-pt\/produto\/baixa-tensao\/barreiras-anti-chama\/barreira-anti-fogo-em-paineis\/","url":"https:\/\/svilupporaytech.com\/pt-pt\/produto\/baixa-tensao\/barreiras-anti-chama\/barreira-anti-fogo-em-paineis\/","name":"Barreira anti fogo em pain\u00e9is | Raytech","isPartOf":{"@id":"https:\/\/svilupporaytech.com\/#website"},"primaryImageOfPage":{"@id":"https:\/\/svilupporaytech.com\/pt-pt\/produto\/baixa-tensao\/barreiras-anti-chama\/barreira-anti-fogo-em-paineis\/#primaryimage"},"image":{"@id":"https:\/\/svilupporaytech.com\/pt-pt\/produto\/baixa-tensao\/barreiras-anti-chama\/barreira-anti-fogo-em-paineis\/#primaryimage"},"thumbnailUrl":"https:\/\/svilupporaytech.com\/wp-content\/uploads\/fire-stop-panel.jpg","datePublished":"2016-01-26T14:32:41+00:00","dateModified":"2016-09-22T09:56:46+00:00","breadcrumb":{"@id":"https:\/\/svilupporaytech.com\/pt-pt\/produto\/baixa-tensao\/barreiras-anti-chama\/barreira-anti-fogo-em-paineis\/#breadcrumb"},"inLanguage":"pt-PT","potentialAction":[{"@type":"ReadAction","target":["https:\/\/svilupporaytech.com\/pt-pt\/produto\/baixa-tensao\/barreiras-anti-chama\/barreira-anti-fogo-em-paineis\/"]}]},{"@type":"ImageObject","inLanguage":"pt-PT","@id":"https:\/\/svilupporaytech.com\/pt-pt\/produto\/baixa-tensao\/barreiras-anti-chama\/barreira-anti-fogo-em-paineis\/#primaryimage","url":"https:\/\/svilupporaytech.com\/wp-content\/uploads\/fire-stop-panel.jpg","contentUrl":"https:\/\/svilupporaytech.com\/wp-content\/uploads\/fire-stop-panel.jpg","width":500,"height":500},{"@type":"BreadcrumbList","@id":"https:\/\/svilupporaytech.com\/pt-pt\/produto\/baixa-tensao\/barreiras-anti-chama\/barreira-anti-fogo-em-paineis\/#breadcrumb","itemListElement":[{"@type":"ListItem","position":1,"name":"Home","item":"https:\/\/svilupporaytech.com\/pt-pt\/"},{"@type":"ListItem","position":2,"name":"Loja","item":"https:\/\/svilupporaytech.com\/pt-pt\/loja\/"},{"@type":"ListItem","position":3,"name":"Barreira anti fogo em pain\u00e9is"}]},{"@type":"WebSite","@id":"https:\/\/svilupporaytech.com\/#website","url":"https:\/\/svilupporaytech.com\/","name":"Raytech","description":"Cable accessories company","potentialAction":[{"@type":"SearchAction","target":{"@type":"EntryPoint","urlTemplate":"https:\/\/svilupporaytech.com\/?s={search_term_string}"},"query-input":"required name=search_term_string"}],"inLanguage":"pt-PT"}]}},"_links":{"self":[{"href":"https:\/\/svilupporaytech.com\/pt-pt\/wp-json\/wp\/v2\/product\/8375"}],"collection":[{"href":"https:\/\/svilupporaytech.com\/pt-pt\/wp-json\/wp\/v2\/product"}],"about":[{"href":"https:\/\/svilupporaytech.com\/pt-pt\/wp-json\/wp\/v2\/types\/product"}],"wp:featuredmedia":[{"embeddable":true,"href":"https:\/\/svilupporaytech.com\/pt-pt\/wp-json\/wp\/v2\/media\/1525"}],"wp:attachment":[{"href":"https:\/\/svilupporaytech.com\/pt-pt\/wp-json\/wp\/v2\/media?parent=8375"}],"wp:term":[{"taxonomy":"product_cat","embeddable":true,"href":"https:\/\/svilupporaytech.com\/pt-pt\/wp-json\/wp\/v2\/product_cat?post=8375"},{"taxonomy":"product_tag","embeddable":true,"href":"https:\/\/svilupporaytech.com\/pt-pt\/wp-json\/wp\/v2\/product_tag?post=8375"}],"curies":[{"name":"wp","href":"https:\/\/api.w.org\/{rel}","templated":true}]}}