{"id":8376,"date":"2015-07-16T12:54:03","date_gmt":"2016-01-26T14:35:09","guid":{"rendered":"http:\/\/raytech.it\/?post_type=product&#038;p=8376&#038;lang=pt-pt"},"modified":"2017-12-18T10:01:34","modified_gmt":"2017-12-18T10:01:34","slug":"barreira-anti-fogo-em-forma-de-colar-para-o-fecho-de-passagens-de-tubos-plasticos","status":"publish","type":"product","link":"https:\/\/svilupporaytech.com\/pt-pt\/produto\/baixa-tensao\/barreiras-anti-chama\/barreira-anti-fogo-em-forma-de-colar-para-o-fecho-de-passagens-de-tubos-plasticos\/","title":{"rendered":"Barreira anti fogo em forma de colar para o fecho de passagens de tubos pl\u00e1sticos"},"content":{"rendered":"<h4><span style=\"color: #009832;\">Fire Stop Collar<br \/>\nBarreira anti fogo em forma de colar para o fecho de passagens de tubos pla\u0301sticos<\/span><\/h4>\n<p>Colarinhos meta\u0301licos pre\u0301-fabricados para fechar atravessamentos de placas de compartimentac\u0327a\u0303o com espessura mi\u0301nima de 200 mm, com tubos de tipo pla\u0301stico. Disponi\u0301veis em va\u0301rios formatos, sa\u0303o aplicados de forma a circundar o tubo de pla\u0301stico que atravessa as paredes, e sa\u0303o fixados a\u0300 pro\u0301pria parede.<\/p>\n<ul>\n<li><span style=\"color: #009832;\">Embalados em a\u00e7o INOX<\/span><\/li>\n<li><span style=\"color: #009832;\">Apresentam veda\u00e7\u00f5es de m\u00e1stique intumescente no interior<\/span><\/li>\n<\/ul>\n","protected":false},"excerpt":{"rendered":"<p>Fire Stop Collar Barreira anti fogo em forma de colar para o fecho de passagens de tubos pla\u0301sticos Colarinhos meta\u0301licos pre\u0301-fabricados para fechar atravessamentos de placas de compartimentac\u0327a\u0303o com espessura<span class=\"excerpt-hellip\"> [\u2026]<\/span><\/p>\n","protected":false},"featured_media":1532,"template":"","meta":[],"product_cat":[321,322],"product_tag":[],"yoast_head":"<!-- This site is optimized with the Yoast SEO plugin v22.7 - https:\/\/yoast.com\/wordpress\/plugins\/seo\/ -->\n<title>Barreira anti fogo em forma de colar para o fecho de passagens de tubos pl\u00e1sticos | Raytech<\/title>\n<meta name=\"robots\" content=\"index, follow, max-snippet:-1, max-image-preview:large, max-video-preview:-1\" \/>\n<link rel=\"canonical\" href=\"https:\/\/svilupporaytech.com\/pt-pt\/produto\/baixa-tensao\/barreiras-anti-chama\/barreira-anti-fogo-em-forma-de-colar-para-o-fecho-de-passagens-de-tubos-plasticos\/\" \/>\n<meta property=\"og:locale\" content=\"pt_PT\" \/>\n<meta property=\"og:type\" content=\"article\" \/>\n<meta property=\"og:title\" content=\"Barreira anti fogo em forma de colar para o fecho de passagens de tubos pl\u00e1sticos | Raytech\" \/>\n<meta property=\"og:description\" content=\"Fire Stop Collar Barreira anti fogo em forma de colar para o fecho de passagens de tubos pla\u0301sticos Colarinhos meta\u0301licos pre\u0301-fabricados para fechar atravessamentos de placas de compartimentac\u0327a\u0303o com espessura [\u2026]\" \/>\n<meta property=\"og:url\" content=\"https:\/\/svilupporaytech.com\/pt-pt\/produto\/baixa-tensao\/barreiras-anti-chama\/barreira-anti-fogo-em-forma-de-colar-para-o-fecho-de-passagens-de-tubos-plasticos\/\" \/>\n<meta property=\"og:site_name\" content=\"Raytech\" \/>\n<meta property=\"article:modified_time\" content=\"2017-12-18T10:01:34+00:00\" \/>\n<meta property=\"og:image\" content=\"https:\/\/svilupporaytech.com\/wp-content\/uploads\/fire-stop-collar.jpg\" \/>\n\t<meta property=\"og:image:width\" content=\"500\" \/>\n\t<meta property=\"og:image:height\" content=\"500\" \/>\n\t<meta property=\"og:image:type\" content=\"image\/jpeg\" \/>\n<meta name=\"twitter:card\" content=\"summary_large_image\" \/>\n<script type=\"application\/ld+json\" class=\"yoast-schema-graph\">{\"@context\":\"https:\/\/schema.org\",\"@graph\":[{\"@type\":\"WebPage\",\"@id\":\"https:\/\/svilupporaytech.com\/pt-pt\/produto\/baixa-tensao\/barreiras-anti-chama\/barreira-anti-fogo-em-forma-de-colar-para-o-fecho-de-passagens-de-tubos-plasticos\/\",\"url\":\"https:\/\/svilupporaytech.com\/pt-pt\/produto\/baixa-tensao\/barreiras-anti-chama\/barreira-anti-fogo-em-forma-de-colar-para-o-fecho-de-passagens-de-tubos-plasticos\/\",\"name\":\"Barreira anti fogo em forma de colar para o fecho de passagens de tubos pl\u00e1sticos | Raytech\",\"isPartOf\":{\"@id\":\"https:\/\/svilupporaytech.com\/#website\"},\"primaryImageOfPage\":{\"@id\":\"https:\/\/svilupporaytech.com\/pt-pt\/produto\/baixa-tensao\/barreiras-anti-chama\/barreira-anti-fogo-em-forma-de-colar-para-o-fecho-de-passagens-de-tubos-plasticos\/#primaryimage\"},\"image\":{\"@id\":\"https:\/\/svilupporaytech.com\/pt-pt\/produto\/baixa-tensao\/barreiras-anti-chama\/barreira-anti-fogo-em-forma-de-colar-para-o-fecho-de-passagens-de-tubos-plasticos\/#primaryimage\"},\"thumbnailUrl\":\"https:\/\/svilupporaytech.com\/wp-content\/uploads\/fire-stop-collar.jpg\",\"datePublished\":\"2016-01-26T14:35:09+00:00\",\"dateModified\":\"2017-12-18T10:01:34+00:00\",\"breadcrumb\":{\"@id\":\"https:\/\/svilupporaytech.com\/pt-pt\/produto\/baixa-tensao\/barreiras-anti-chama\/barreira-anti-fogo-em-forma-de-colar-para-o-fecho-de-passagens-de-tubos-plasticos\/#breadcrumb\"},\"inLanguage\":\"pt-PT\",\"potentialAction\":[{\"@type\":\"ReadAction\",\"target\":[\"https:\/\/svilupporaytech.com\/pt-pt\/produto\/baixa-tensao\/barreiras-anti-chama\/barreira-anti-fogo-em-forma-de-colar-para-o-fecho-de-passagens-de-tubos-plasticos\/\"]}]},{\"@type\":\"ImageObject\",\"inLanguage\":\"pt-PT\",\"@id\":\"https:\/\/svilupporaytech.com\/pt-pt\/produto\/baixa-tensao\/barreiras-anti-chama\/barreira-anti-fogo-em-forma-de-colar-para-o-fecho-de-passagens-de-tubos-plasticos\/#primaryimage\",\"url\":\"https:\/\/svilupporaytech.com\/wp-content\/uploads\/fire-stop-collar.jpg\",\"contentUrl\":\"https:\/\/svilupporaytech.com\/wp-content\/uploads\/fire-stop-collar.jpg\",\"width\":500,\"height\":500},{\"@type\":\"BreadcrumbList\",\"@id\":\"https:\/\/svilupporaytech.com\/pt-pt\/produto\/baixa-tensao\/barreiras-anti-chama\/barreira-anti-fogo-em-forma-de-colar-para-o-fecho-de-passagens-de-tubos-plasticos\/#breadcrumb\",\"itemListElement\":[{\"@type\":\"ListItem\",\"position\":1,\"name\":\"Home\",\"item\":\"https:\/\/svilupporaytech.com\/pt-pt\/\"},{\"@type\":\"ListItem\",\"position\":2,\"name\":\"Loja\",\"item\":\"https:\/\/svilupporaytech.com\/pt-pt\/loja\/\"},{\"@type\":\"ListItem\",\"position\":3,\"name\":\"Barreira anti fogo em forma de colar para o fecho de passagens de tubos pl\u00e1sticos\"}]},{\"@type\":\"WebSite\",\"@id\":\"https:\/\/svilupporaytech.com\/#website\",\"url\":\"https:\/\/svilupporaytech.com\/\",\"name\":\"Raytech\",\"description\":\"Cable accessories company\",\"potentialAction\":[{\"@type\":\"SearchAction\",\"target\":{\"@type\":\"EntryPoint\",\"urlTemplate\":\"https:\/\/svilupporaytech.com\/?s={search_term_string}\"},\"query-input\":\"required name=search_term_string\"}],\"inLanguage\":\"pt-PT\"}]}<\/script>\n<!-- \/ Yoast SEO plugin. -->","yoast_head_json":{"title":"Barreira anti fogo em forma de colar para o fecho de passagens de tubos pl\u00e1sticos | Raytech","robots":{"index":"index","follow":"follow","max-snippet":"max-snippet:-1","max-image-preview":"max-image-preview:large","max-video-preview":"max-video-preview:-1"},"canonical":"https:\/\/svilupporaytech.com\/pt-pt\/produto\/baixa-tensao\/barreiras-anti-chama\/barreira-anti-fogo-em-forma-de-colar-para-o-fecho-de-passagens-de-tubos-plasticos\/","og_locale":"pt_PT","og_type":"article","og_title":"Barreira anti fogo em forma de colar para o fecho de passagens de tubos pl\u00e1sticos | Raytech","og_description":"Fire Stop Collar Barreira anti fogo em forma de colar para o fecho de passagens de tubos pla\u0301sticos Colarinhos meta\u0301licos pre\u0301-fabricados para fechar atravessamentos de placas de compartimentac\u0327a\u0303o com espessura [\u2026]","og_url":"https:\/\/svilupporaytech.com\/pt-pt\/produto\/baixa-tensao\/barreiras-anti-chama\/barreira-anti-fogo-em-forma-de-colar-para-o-fecho-de-passagens-de-tubos-plasticos\/","og_site_name":"Raytech","article_modified_time":"2017-12-18T10:01:34+00:00","og_image":[{"width":500,"height":500,"url":"https:\/\/svilupporaytech.com\/wp-content\/uploads\/fire-stop-collar.jpg","type":"image\/jpeg"}],"twitter_card":"summary_large_image","schema":{"@context":"https:\/\/schema.org","@graph":[{"@type":"WebPage","@id":"https:\/\/svilupporaytech.com\/pt-pt\/produto\/baixa-tensao\/barreiras-anti-chama\/barreira-anti-fogo-em-forma-de-colar-para-o-fecho-de-passagens-de-tubos-plasticos\/","url":"https:\/\/svilupporaytech.com\/pt-pt\/produto\/baixa-tensao\/barreiras-anti-chama\/barreira-anti-fogo-em-forma-de-colar-para-o-fecho-de-passagens-de-tubos-plasticos\/","name":"Barreira anti fogo em forma de colar para o fecho de passagens de tubos pl\u00e1sticos | Raytech","isPartOf":{"@id":"https:\/\/svilupporaytech.com\/#website"},"primaryImageOfPage":{"@id":"https:\/\/svilupporaytech.com\/pt-pt\/produto\/baixa-tensao\/barreiras-anti-chama\/barreira-anti-fogo-em-forma-de-colar-para-o-fecho-de-passagens-de-tubos-plasticos\/#primaryimage"},"image":{"@id":"https:\/\/svilupporaytech.com\/pt-pt\/produto\/baixa-tensao\/barreiras-anti-chama\/barreira-anti-fogo-em-forma-de-colar-para-o-fecho-de-passagens-de-tubos-plasticos\/#primaryimage"},"thumbnailUrl":"https:\/\/svilupporaytech.com\/wp-content\/uploads\/fire-stop-collar.jpg","datePublished":"2016-01-26T14:35:09+00:00","dateModified":"2017-12-18T10:01:34+00:00","breadcrumb":{"@id":"https:\/\/svilupporaytech.com\/pt-pt\/produto\/baixa-tensao\/barreiras-anti-chama\/barreira-anti-fogo-em-forma-de-colar-para-o-fecho-de-passagens-de-tubos-plasticos\/#breadcrumb"},"inLanguage":"pt-PT","potentialAction":[{"@type":"ReadAction","target":["https:\/\/svilupporaytech.com\/pt-pt\/produto\/baixa-tensao\/barreiras-anti-chama\/barreira-anti-fogo-em-forma-de-colar-para-o-fecho-de-passagens-de-tubos-plasticos\/"]}]},{"@type":"ImageObject","inLanguage":"pt-PT","@id":"https:\/\/svilupporaytech.com\/pt-pt\/produto\/baixa-tensao\/barreiras-anti-chama\/barreira-anti-fogo-em-forma-de-colar-para-o-fecho-de-passagens-de-tubos-plasticos\/#primaryimage","url":"https:\/\/svilupporaytech.com\/wp-content\/uploads\/fire-stop-collar.jpg","contentUrl":"https:\/\/svilupporaytech.com\/wp-content\/uploads\/fire-stop-collar.jpg","width":500,"height":500},{"@type":"BreadcrumbList","@id":"https:\/\/svilupporaytech.com\/pt-pt\/produto\/baixa-tensao\/barreiras-anti-chama\/barreira-anti-fogo-em-forma-de-colar-para-o-fecho-de-passagens-de-tubos-plasticos\/#breadcrumb","itemListElement":[{"@type":"ListItem","position":1,"name":"Home","item":"https:\/\/svilupporaytech.com\/pt-pt\/"},{"@type":"ListItem","position":2,"name":"Loja","item":"https:\/\/svilupporaytech.com\/pt-pt\/loja\/"},{"@type":"ListItem","position":3,"name":"Barreira anti fogo em forma de colar para o fecho de passagens de tubos pl\u00e1sticos"}]},{"@type":"WebSite","@id":"https:\/\/svilupporaytech.com\/#website","url":"https:\/\/svilupporaytech.com\/","name":"Raytech","description":"Cable accessories company","potentialAction":[{"@type":"SearchAction","target":{"@type":"EntryPoint","urlTemplate":"https:\/\/svilupporaytech.com\/?s={search_term_string}"},"query-input":"required name=search_term_string"}],"inLanguage":"pt-PT"}]}},"_links":{"self":[{"href":"https:\/\/svilupporaytech.com\/pt-pt\/wp-json\/wp\/v2\/product\/8376"}],"collection":[{"href":"https:\/\/svilupporaytech.com\/pt-pt\/wp-json\/wp\/v2\/product"}],"about":[{"href":"https:\/\/svilupporaytech.com\/pt-pt\/wp-json\/wp\/v2\/types\/product"}],"wp:featuredmedia":[{"embeddable":true,"href":"https:\/\/svilupporaytech.com\/pt-pt\/wp-json\/wp\/v2\/media\/1532"}],"wp:attachment":[{"href":"https:\/\/svilupporaytech.com\/pt-pt\/wp-json\/wp\/v2\/media?parent=8376"}],"wp:term":[{"taxonomy":"product_cat","embeddable":true,"href":"https:\/\/svilupporaytech.com\/pt-pt\/wp-json\/wp\/v2\/product_cat?post=8376"},{"taxonomy":"product_tag","embeddable":true,"href":"https:\/\/svilupporaytech.com\/pt-pt\/wp-json\/wp\/v2\/product_tag?post=8376"}],"curies":[{"name":"wp","href":"https:\/\/api.w.org\/{rel}","templated":true}]}}