{"id":8379,"date":"2015-07-16T12:57:46","date_gmt":"2016-01-26T15:49:33","guid":{"rendered":"http:\/\/raytech.it\/?post_type=product&#038;p=8379&#038;lang=pt-pt"},"modified":"2017-12-18T10:15:16","modified_gmt":"2017-12-18T10:15:16","slug":"barreira-anti-fogo-em-mastique-vedante-intumescente","status":"publish","type":"product","link":"https:\/\/svilupporaytech.com\/pt-pt\/produto\/baixa-tensao\/barreiras-anti-chama\/barreira-anti-fogo-em-mastique-vedante-intumescente\/","title":{"rendered":"Barreira anti fogo em m\u00e1stique vedante intumescente"},"content":{"rendered":"<h4><span style=\"color: #009832;\">Fire Stop Seal<br \/>\nBarreira anti fogo em m\u00e1stique vedante intumescente<\/span><\/h4>\n<p>M\u00e1stique vedante intumescente para veda\u00e7\u00e3o\/selagem corta fogo de pequenos v\u00e3os de passagem de divis\u00f3rias de compartimenta\u00e7\u00e3o e juntamente com outros tipos de barreira. S\u00e3o aplicados de modo a vedar o v\u00e3o de passagem ou para instalar diques sobre p\u00e1tios.<\/p>\n<ul>\n<li><span style=\"color: #009832;\">Embalado com pol\u00edmeros<\/span><\/li>\n<li><span style=\"color: #009832;\">Fibras incombust\u00edveis e cargas intumescentes em solu\u00e7\u00e3o aquosa<\/span><\/li>\n<li><span style=\"color: #009832;\">N\u00e3o higrosc\u00f3picos e tissotr\u00f3picos<\/span><\/li>\n<li><span style=\"color: #009832;\">Pode ser aplicado com esp\u00e1tula<\/span><\/li>\n<\/ul>\n<h4><span style=\"color: #009832;\">Ma\u0301stique selante intumescente para tubos corrugados.<\/span><\/h4>\n<p>Ma\u0301stique que conte\u0301m grafite altamente sensi\u0301vel ao calor, especi\u0301fica para tubos corrugados utilizados para a passagem de cabos ele\u0301ctricos; a passagem pode conter ate\u0301 2 tubos cor- rugados de 25 mm emparelhados no mesmo furo, com cabos com secc\u0327a\u0303o de ate\u0301 10 mm<sup>2<\/sup>.<\/p>\n","protected":false},"excerpt":{"rendered":"<p>Fire Stop Seal Barreira anti fogo em m\u00e1stique vedante intumescente M\u00e1stique vedante intumescente para veda\u00e7\u00e3o\/selagem corta fogo de pequenos v\u00e3os de passagem de divis\u00f3rias de compartimenta\u00e7\u00e3o e juntamente com outros<span class=\"excerpt-hellip\"> [\u2026]<\/span><\/p>\n","protected":false},"featured_media":1546,"template":"","meta":[],"product_cat":[321,322],"product_tag":[],"yoast_head":"<!-- This site is optimized with the Yoast SEO plugin v22.7 - https:\/\/yoast.com\/wordpress\/plugins\/seo\/ -->\n<title>Barreira anti fogo em m\u00e1stique vedante intumescente | Raytech<\/title>\n<meta name=\"robots\" content=\"index, follow, max-snippet:-1, max-image-preview:large, max-video-preview:-1\" \/>\n<link rel=\"canonical\" href=\"https:\/\/svilupporaytech.com\/pt-pt\/produto\/baixa-tensao\/barreiras-anti-chama\/barreira-anti-fogo-em-mastique-vedante-intumescente\/\" \/>\n<meta property=\"og:locale\" content=\"pt_PT\" \/>\n<meta property=\"og:type\" content=\"article\" \/>\n<meta property=\"og:title\" content=\"Barreira anti fogo em m\u00e1stique vedante intumescente | Raytech\" \/>\n<meta property=\"og:description\" content=\"Fire Stop Seal Barreira anti fogo em m\u00e1stique vedante intumescente M\u00e1stique vedante intumescente para veda\u00e7\u00e3o\/selagem corta fogo de pequenos v\u00e3os de passagem de divis\u00f3rias de compartimenta\u00e7\u00e3o e juntamente com outros [\u2026]\" \/>\n<meta property=\"og:url\" content=\"https:\/\/svilupporaytech.com\/pt-pt\/produto\/baixa-tensao\/barreiras-anti-chama\/barreira-anti-fogo-em-mastique-vedante-intumescente\/\" \/>\n<meta property=\"og:site_name\" content=\"Raytech\" \/>\n<meta property=\"article:modified_time\" content=\"2017-12-18T10:15:16+00:00\" \/>\n<meta property=\"og:image\" content=\"https:\/\/svilupporaytech.com\/wp-content\/uploads\/fire-stop-seal.jpg\" \/>\n\t<meta property=\"og:image:width\" content=\"500\" \/>\n\t<meta property=\"og:image:height\" content=\"500\" \/>\n\t<meta property=\"og:image:type\" content=\"image\/jpeg\" \/>\n<meta name=\"twitter:card\" content=\"summary_large_image\" \/>\n<meta name=\"twitter:label1\" content=\"Tempo estimado de leitura\" \/>\n\t<meta name=\"twitter:data1\" content=\"1 minuto\" \/>\n<script type=\"application\/ld+json\" class=\"yoast-schema-graph\">{\"@context\":\"https:\/\/schema.org\",\"@graph\":[{\"@type\":\"WebPage\",\"@id\":\"https:\/\/svilupporaytech.com\/pt-pt\/produto\/baixa-tensao\/barreiras-anti-chama\/barreira-anti-fogo-em-mastique-vedante-intumescente\/\",\"url\":\"https:\/\/svilupporaytech.com\/pt-pt\/produto\/baixa-tensao\/barreiras-anti-chama\/barreira-anti-fogo-em-mastique-vedante-intumescente\/\",\"name\":\"Barreira anti fogo em m\u00e1stique vedante intumescente | Raytech\",\"isPartOf\":{\"@id\":\"https:\/\/svilupporaytech.com\/#website\"},\"primaryImageOfPage\":{\"@id\":\"https:\/\/svilupporaytech.com\/pt-pt\/produto\/baixa-tensao\/barreiras-anti-chama\/barreira-anti-fogo-em-mastique-vedante-intumescente\/#primaryimage\"},\"image\":{\"@id\":\"https:\/\/svilupporaytech.com\/pt-pt\/produto\/baixa-tensao\/barreiras-anti-chama\/barreira-anti-fogo-em-mastique-vedante-intumescente\/#primaryimage\"},\"thumbnailUrl\":\"https:\/\/svilupporaytech.com\/wp-content\/uploads\/fire-stop-seal.jpg\",\"datePublished\":\"2016-01-26T15:49:33+00:00\",\"dateModified\":\"2017-12-18T10:15:16+00:00\",\"breadcrumb\":{\"@id\":\"https:\/\/svilupporaytech.com\/pt-pt\/produto\/baixa-tensao\/barreiras-anti-chama\/barreira-anti-fogo-em-mastique-vedante-intumescente\/#breadcrumb\"},\"inLanguage\":\"pt-PT\",\"potentialAction\":[{\"@type\":\"ReadAction\",\"target\":[\"https:\/\/svilupporaytech.com\/pt-pt\/produto\/baixa-tensao\/barreiras-anti-chama\/barreira-anti-fogo-em-mastique-vedante-intumescente\/\"]}]},{\"@type\":\"ImageObject\",\"inLanguage\":\"pt-PT\",\"@id\":\"https:\/\/svilupporaytech.com\/pt-pt\/produto\/baixa-tensao\/barreiras-anti-chama\/barreira-anti-fogo-em-mastique-vedante-intumescente\/#primaryimage\",\"url\":\"https:\/\/svilupporaytech.com\/wp-content\/uploads\/fire-stop-seal.jpg\",\"contentUrl\":\"https:\/\/svilupporaytech.com\/wp-content\/uploads\/fire-stop-seal.jpg\",\"width\":500,\"height\":500},{\"@type\":\"BreadcrumbList\",\"@id\":\"https:\/\/svilupporaytech.com\/pt-pt\/produto\/baixa-tensao\/barreiras-anti-chama\/barreira-anti-fogo-em-mastique-vedante-intumescente\/#breadcrumb\",\"itemListElement\":[{\"@type\":\"ListItem\",\"position\":1,\"name\":\"Home\",\"item\":\"https:\/\/svilupporaytech.com\/pt-pt\/\"},{\"@type\":\"ListItem\",\"position\":2,\"name\":\"Loja\",\"item\":\"https:\/\/svilupporaytech.com\/pt-pt\/loja\/\"},{\"@type\":\"ListItem\",\"position\":3,\"name\":\"Barreira anti fogo em m\u00e1stique vedante intumescente\"}]},{\"@type\":\"WebSite\",\"@id\":\"https:\/\/svilupporaytech.com\/#website\",\"url\":\"https:\/\/svilupporaytech.com\/\",\"name\":\"Raytech\",\"description\":\"Cable accessories company\",\"potentialAction\":[{\"@type\":\"SearchAction\",\"target\":{\"@type\":\"EntryPoint\",\"urlTemplate\":\"https:\/\/svilupporaytech.com\/?s={search_term_string}\"},\"query-input\":\"required name=search_term_string\"}],\"inLanguage\":\"pt-PT\"}]}<\/script>\n<!-- \/ Yoast SEO plugin. -->","yoast_head_json":{"title":"Barreira anti fogo em m\u00e1stique vedante intumescente | Raytech","robots":{"index":"index","follow":"follow","max-snippet":"max-snippet:-1","max-image-preview":"max-image-preview:large","max-video-preview":"max-video-preview:-1"},"canonical":"https:\/\/svilupporaytech.com\/pt-pt\/produto\/baixa-tensao\/barreiras-anti-chama\/barreira-anti-fogo-em-mastique-vedante-intumescente\/","og_locale":"pt_PT","og_type":"article","og_title":"Barreira anti fogo em m\u00e1stique vedante intumescente | Raytech","og_description":"Fire Stop Seal Barreira anti fogo em m\u00e1stique vedante intumescente M\u00e1stique vedante intumescente para veda\u00e7\u00e3o\/selagem corta fogo de pequenos v\u00e3os de passagem de divis\u00f3rias de compartimenta\u00e7\u00e3o e juntamente com outros [\u2026]","og_url":"https:\/\/svilupporaytech.com\/pt-pt\/produto\/baixa-tensao\/barreiras-anti-chama\/barreira-anti-fogo-em-mastique-vedante-intumescente\/","og_site_name":"Raytech","article_modified_time":"2017-12-18T10:15:16+00:00","og_image":[{"width":500,"height":500,"url":"https:\/\/svilupporaytech.com\/wp-content\/uploads\/fire-stop-seal.jpg","type":"image\/jpeg"}],"twitter_card":"summary_large_image","twitter_misc":{"Tempo estimado de leitura":"1 minuto"},"schema":{"@context":"https:\/\/schema.org","@graph":[{"@type":"WebPage","@id":"https:\/\/svilupporaytech.com\/pt-pt\/produto\/baixa-tensao\/barreiras-anti-chama\/barreira-anti-fogo-em-mastique-vedante-intumescente\/","url":"https:\/\/svilupporaytech.com\/pt-pt\/produto\/baixa-tensao\/barreiras-anti-chama\/barreira-anti-fogo-em-mastique-vedante-intumescente\/","name":"Barreira anti fogo em m\u00e1stique vedante intumescente | Raytech","isPartOf":{"@id":"https:\/\/svilupporaytech.com\/#website"},"primaryImageOfPage":{"@id":"https:\/\/svilupporaytech.com\/pt-pt\/produto\/baixa-tensao\/barreiras-anti-chama\/barreira-anti-fogo-em-mastique-vedante-intumescente\/#primaryimage"},"image":{"@id":"https:\/\/svilupporaytech.com\/pt-pt\/produto\/baixa-tensao\/barreiras-anti-chama\/barreira-anti-fogo-em-mastique-vedante-intumescente\/#primaryimage"},"thumbnailUrl":"https:\/\/svilupporaytech.com\/wp-content\/uploads\/fire-stop-seal.jpg","datePublished":"2016-01-26T15:49:33+00:00","dateModified":"2017-12-18T10:15:16+00:00","breadcrumb":{"@id":"https:\/\/svilupporaytech.com\/pt-pt\/produto\/baixa-tensao\/barreiras-anti-chama\/barreira-anti-fogo-em-mastique-vedante-intumescente\/#breadcrumb"},"inLanguage":"pt-PT","potentialAction":[{"@type":"ReadAction","target":["https:\/\/svilupporaytech.com\/pt-pt\/produto\/baixa-tensao\/barreiras-anti-chama\/barreira-anti-fogo-em-mastique-vedante-intumescente\/"]}]},{"@type":"ImageObject","inLanguage":"pt-PT","@id":"https:\/\/svilupporaytech.com\/pt-pt\/produto\/baixa-tensao\/barreiras-anti-chama\/barreira-anti-fogo-em-mastique-vedante-intumescente\/#primaryimage","url":"https:\/\/svilupporaytech.com\/wp-content\/uploads\/fire-stop-seal.jpg","contentUrl":"https:\/\/svilupporaytech.com\/wp-content\/uploads\/fire-stop-seal.jpg","width":500,"height":500},{"@type":"BreadcrumbList","@id":"https:\/\/svilupporaytech.com\/pt-pt\/produto\/baixa-tensao\/barreiras-anti-chama\/barreira-anti-fogo-em-mastique-vedante-intumescente\/#breadcrumb","itemListElement":[{"@type":"ListItem","position":1,"name":"Home","item":"https:\/\/svilupporaytech.com\/pt-pt\/"},{"@type":"ListItem","position":2,"name":"Loja","item":"https:\/\/svilupporaytech.com\/pt-pt\/loja\/"},{"@type":"ListItem","position":3,"name":"Barreira anti fogo em m\u00e1stique vedante intumescente"}]},{"@type":"WebSite","@id":"https:\/\/svilupporaytech.com\/#website","url":"https:\/\/svilupporaytech.com\/","name":"Raytech","description":"Cable accessories company","potentialAction":[{"@type":"SearchAction","target":{"@type":"EntryPoint","urlTemplate":"https:\/\/svilupporaytech.com\/?s={search_term_string}"},"query-input":"required name=search_term_string"}],"inLanguage":"pt-PT"}]}},"_links":{"self":[{"href":"https:\/\/svilupporaytech.com\/pt-pt\/wp-json\/wp\/v2\/product\/8379"}],"collection":[{"href":"https:\/\/svilupporaytech.com\/pt-pt\/wp-json\/wp\/v2\/product"}],"about":[{"href":"https:\/\/svilupporaytech.com\/pt-pt\/wp-json\/wp\/v2\/types\/product"}],"wp:featuredmedia":[{"embeddable":true,"href":"https:\/\/svilupporaytech.com\/pt-pt\/wp-json\/wp\/v2\/media\/1546"}],"wp:attachment":[{"href":"https:\/\/svilupporaytech.com\/pt-pt\/wp-json\/wp\/v2\/media?parent=8379"}],"wp:term":[{"taxonomy":"product_cat","embeddable":true,"href":"https:\/\/svilupporaytech.com\/pt-pt\/wp-json\/wp\/v2\/product_cat?post=8379"},{"taxonomy":"product_tag","embeddable":true,"href":"https:\/\/svilupporaytech.com\/pt-pt\/wp-json\/wp\/v2\/product_tag?post=8379"}],"curies":[{"name":"wp","href":"https:\/\/api.w.org\/{rel}","templated":true}]}}