{"id":8383,"date":"2015-07-16T13:07:09","date_gmt":"2016-01-26T15:59:36","guid":{"rendered":"http:\/\/raytech.it\/?post_type=product&#038;p=8383&#038;lang=pt-pt"},"modified":"2016-01-26T15:59:36","modified_gmt":"2016-01-26T15:59:36","slug":"barreira-anti-fogo-para-cobertura-de-projectores","status":"publish","type":"product","link":"https:\/\/svilupporaytech.com\/pt-pt\/produto\/baixa-tensao\/barreiras-anti-chama\/barreira-anti-fogo-para-cobertura-de-projectores\/","title":{"rendered":"Barreira anti fogo para cobertura de projectores"},"content":{"rendered":"<h4><span style=\"color: #009832;\">FSCF<br \/>\nBarreira anti fogo para cobertura de projectores<\/span><\/h4>\n<p>Barreira incombust\u00edvel em c\u00fapula para a cobertura e prote\u00e7\u00e3o de far\u00f3is em tetos falsos; mant\u00e9m a integridade \u00e0 resist\u00eancia ao fogo de tetos e tetos falsos. Impede a propaga\u00e7\u00e3o do fogo e reduz sensivelmente a temperatura nas divis\u00f3rias entre teto falso e placa.<\/p>\n<ul>\n<li><span style=\"color: #009832;\">Embalada com fibras minerais at\u00f3xicas<\/span><\/li>\n<li><span style=\"color: #009832;\">Resistente ao inc\u00eandio e a compostos de expans\u00e3o<\/span><\/li>\n<li><span style=\"color: #009832;\">Evita o sobreaquecimento da l\u00e2mpada<\/span><\/li>\n<li><span style=\"color: #009832;\">Flex\u00edvel, leve e autoportante<\/span><\/li>\n<li><span style=\"color: #009832;\">F\u00e1cil de instalar e remover<\/span><\/li>\n<\/ul>\n","protected":false},"excerpt":{"rendered":"<p>FSCF Barreira anti fogo para cobertura de projectores Barreira incombust\u00edvel em c\u00fapula para a cobertura e prote\u00e7\u00e3o de far\u00f3is em tetos falsos; mant\u00e9m a integridade \u00e0 resist\u00eancia ao fogo de<span class=\"excerpt-hellip\"> [\u2026]<\/span><\/p>\n","protected":false},"featured_media":3980,"template":"","meta":[],"product_cat":[321,322],"product_tag":[],"yoast_head":"<!-- This site is optimized with the Yoast SEO plugin v22.7 - https:\/\/yoast.com\/wordpress\/plugins\/seo\/ -->\n<title>Barreira anti fogo para cobertura de projectores | Raytech<\/title>\n<meta name=\"robots\" content=\"index, follow, max-snippet:-1, max-image-preview:large, max-video-preview:-1\" \/>\n<link rel=\"canonical\" href=\"https:\/\/svilupporaytech.com\/pt-pt\/produto\/baixa-tensao\/barreiras-anti-chama\/barreira-anti-fogo-para-cobertura-de-projectores\/\" \/>\n<meta property=\"og:locale\" content=\"pt_PT\" \/>\n<meta property=\"og:type\" content=\"article\" \/>\n<meta property=\"og:title\" content=\"Barreira anti fogo para cobertura de projectores | Raytech\" \/>\n<meta property=\"og:description\" content=\"FSCF Barreira anti fogo para cobertura de projectores Barreira incombust\u00edvel em c\u00fapula para a cobertura e prote\u00e7\u00e3o de far\u00f3is em tetos falsos; mant\u00e9m a integridade \u00e0 resist\u00eancia ao fogo de [\u2026]\" \/>\n<meta property=\"og:url\" content=\"https:\/\/svilupporaytech.com\/pt-pt\/produto\/baixa-tensao\/barreiras-anti-chama\/barreira-anti-fogo-para-cobertura-de-projectores\/\" \/>\n<meta property=\"og:site_name\" content=\"Raytech\" \/>\n<meta property=\"og:image\" content=\"https:\/\/svilupporaytech.com\/wp-content\/uploads\/fscf-1.jpg\" \/>\n\t<meta property=\"og:image:width\" content=\"1024\" \/>\n\t<meta property=\"og:image:height\" content=\"1024\" \/>\n\t<meta property=\"og:image:type\" content=\"image\/jpeg\" \/>\n<meta name=\"twitter:card\" content=\"summary_large_image\" \/>\n<script type=\"application\/ld+json\" class=\"yoast-schema-graph\">{\"@context\":\"https:\/\/schema.org\",\"@graph\":[{\"@type\":\"WebPage\",\"@id\":\"https:\/\/svilupporaytech.com\/pt-pt\/produto\/baixa-tensao\/barreiras-anti-chama\/barreira-anti-fogo-para-cobertura-de-projectores\/\",\"url\":\"https:\/\/svilupporaytech.com\/pt-pt\/produto\/baixa-tensao\/barreiras-anti-chama\/barreira-anti-fogo-para-cobertura-de-projectores\/\",\"name\":\"Barreira anti fogo para cobertura de projectores | Raytech\",\"isPartOf\":{\"@id\":\"https:\/\/svilupporaytech.com\/#website\"},\"primaryImageOfPage\":{\"@id\":\"https:\/\/svilupporaytech.com\/pt-pt\/produto\/baixa-tensao\/barreiras-anti-chama\/barreira-anti-fogo-para-cobertura-de-projectores\/#primaryimage\"},\"image\":{\"@id\":\"https:\/\/svilupporaytech.com\/pt-pt\/produto\/baixa-tensao\/barreiras-anti-chama\/barreira-anti-fogo-para-cobertura-de-projectores\/#primaryimage\"},\"thumbnailUrl\":\"https:\/\/svilupporaytech.com\/wp-content\/uploads\/fscf-1.jpg\",\"datePublished\":\"2016-01-26T15:59:36+00:00\",\"dateModified\":\"2016-01-26T15:59:36+00:00\",\"breadcrumb\":{\"@id\":\"https:\/\/svilupporaytech.com\/pt-pt\/produto\/baixa-tensao\/barreiras-anti-chama\/barreira-anti-fogo-para-cobertura-de-projectores\/#breadcrumb\"},\"inLanguage\":\"pt-PT\",\"potentialAction\":[{\"@type\":\"ReadAction\",\"target\":[\"https:\/\/svilupporaytech.com\/pt-pt\/produto\/baixa-tensao\/barreiras-anti-chama\/barreira-anti-fogo-para-cobertura-de-projectores\/\"]}]},{\"@type\":\"ImageObject\",\"inLanguage\":\"pt-PT\",\"@id\":\"https:\/\/svilupporaytech.com\/pt-pt\/produto\/baixa-tensao\/barreiras-anti-chama\/barreira-anti-fogo-para-cobertura-de-projectores\/#primaryimage\",\"url\":\"https:\/\/svilupporaytech.com\/wp-content\/uploads\/fscf-1.jpg\",\"contentUrl\":\"https:\/\/svilupporaytech.com\/wp-content\/uploads\/fscf-1.jpg\",\"width\":1024,\"height\":1024},{\"@type\":\"BreadcrumbList\",\"@id\":\"https:\/\/svilupporaytech.com\/pt-pt\/produto\/baixa-tensao\/barreiras-anti-chama\/barreira-anti-fogo-para-cobertura-de-projectores\/#breadcrumb\",\"itemListElement\":[{\"@type\":\"ListItem\",\"position\":1,\"name\":\"Home\",\"item\":\"https:\/\/svilupporaytech.com\/pt-pt\/\"},{\"@type\":\"ListItem\",\"position\":2,\"name\":\"Loja\",\"item\":\"https:\/\/svilupporaytech.com\/pt-pt\/loja\/\"},{\"@type\":\"ListItem\",\"position\":3,\"name\":\"Barreira anti fogo para cobertura de projectores\"}]},{\"@type\":\"WebSite\",\"@id\":\"https:\/\/svilupporaytech.com\/#website\",\"url\":\"https:\/\/svilupporaytech.com\/\",\"name\":\"Raytech\",\"description\":\"Cable accessories company\",\"potentialAction\":[{\"@type\":\"SearchAction\",\"target\":{\"@type\":\"EntryPoint\",\"urlTemplate\":\"https:\/\/svilupporaytech.com\/?s={search_term_string}\"},\"query-input\":\"required name=search_term_string\"}],\"inLanguage\":\"pt-PT\"}]}<\/script>\n<!-- \/ Yoast SEO plugin. -->","yoast_head_json":{"title":"Barreira anti fogo para cobertura de projectores | Raytech","robots":{"index":"index","follow":"follow","max-snippet":"max-snippet:-1","max-image-preview":"max-image-preview:large","max-video-preview":"max-video-preview:-1"},"canonical":"https:\/\/svilupporaytech.com\/pt-pt\/produto\/baixa-tensao\/barreiras-anti-chama\/barreira-anti-fogo-para-cobertura-de-projectores\/","og_locale":"pt_PT","og_type":"article","og_title":"Barreira anti fogo para cobertura de projectores | Raytech","og_description":"FSCF Barreira anti fogo para cobertura de projectores Barreira incombust\u00edvel em c\u00fapula para a cobertura e prote\u00e7\u00e3o de far\u00f3is em tetos falsos; mant\u00e9m a integridade \u00e0 resist\u00eancia ao fogo de [\u2026]","og_url":"https:\/\/svilupporaytech.com\/pt-pt\/produto\/baixa-tensao\/barreiras-anti-chama\/barreira-anti-fogo-para-cobertura-de-projectores\/","og_site_name":"Raytech","og_image":[{"width":1024,"height":1024,"url":"https:\/\/svilupporaytech.com\/wp-content\/uploads\/fscf-1.jpg","type":"image\/jpeg"}],"twitter_card":"summary_large_image","schema":{"@context":"https:\/\/schema.org","@graph":[{"@type":"WebPage","@id":"https:\/\/svilupporaytech.com\/pt-pt\/produto\/baixa-tensao\/barreiras-anti-chama\/barreira-anti-fogo-para-cobertura-de-projectores\/","url":"https:\/\/svilupporaytech.com\/pt-pt\/produto\/baixa-tensao\/barreiras-anti-chama\/barreira-anti-fogo-para-cobertura-de-projectores\/","name":"Barreira anti fogo para cobertura de projectores | Raytech","isPartOf":{"@id":"https:\/\/svilupporaytech.com\/#website"},"primaryImageOfPage":{"@id":"https:\/\/svilupporaytech.com\/pt-pt\/produto\/baixa-tensao\/barreiras-anti-chama\/barreira-anti-fogo-para-cobertura-de-projectores\/#primaryimage"},"image":{"@id":"https:\/\/svilupporaytech.com\/pt-pt\/produto\/baixa-tensao\/barreiras-anti-chama\/barreira-anti-fogo-para-cobertura-de-projectores\/#primaryimage"},"thumbnailUrl":"https:\/\/svilupporaytech.com\/wp-content\/uploads\/fscf-1.jpg","datePublished":"2016-01-26T15:59:36+00:00","dateModified":"2016-01-26T15:59:36+00:00","breadcrumb":{"@id":"https:\/\/svilupporaytech.com\/pt-pt\/produto\/baixa-tensao\/barreiras-anti-chama\/barreira-anti-fogo-para-cobertura-de-projectores\/#breadcrumb"},"inLanguage":"pt-PT","potentialAction":[{"@type":"ReadAction","target":["https:\/\/svilupporaytech.com\/pt-pt\/produto\/baixa-tensao\/barreiras-anti-chama\/barreira-anti-fogo-para-cobertura-de-projectores\/"]}]},{"@type":"ImageObject","inLanguage":"pt-PT","@id":"https:\/\/svilupporaytech.com\/pt-pt\/produto\/baixa-tensao\/barreiras-anti-chama\/barreira-anti-fogo-para-cobertura-de-projectores\/#primaryimage","url":"https:\/\/svilupporaytech.com\/wp-content\/uploads\/fscf-1.jpg","contentUrl":"https:\/\/svilupporaytech.com\/wp-content\/uploads\/fscf-1.jpg","width":1024,"height":1024},{"@type":"BreadcrumbList","@id":"https:\/\/svilupporaytech.com\/pt-pt\/produto\/baixa-tensao\/barreiras-anti-chama\/barreira-anti-fogo-para-cobertura-de-projectores\/#breadcrumb","itemListElement":[{"@type":"ListItem","position":1,"name":"Home","item":"https:\/\/svilupporaytech.com\/pt-pt\/"},{"@type":"ListItem","position":2,"name":"Loja","item":"https:\/\/svilupporaytech.com\/pt-pt\/loja\/"},{"@type":"ListItem","position":3,"name":"Barreira anti fogo para cobertura de projectores"}]},{"@type":"WebSite","@id":"https:\/\/svilupporaytech.com\/#website","url":"https:\/\/svilupporaytech.com\/","name":"Raytech","description":"Cable accessories company","potentialAction":[{"@type":"SearchAction","target":{"@type":"EntryPoint","urlTemplate":"https:\/\/svilupporaytech.com\/?s={search_term_string}"},"query-input":"required name=search_term_string"}],"inLanguage":"pt-PT"}]}},"_links":{"self":[{"href":"https:\/\/svilupporaytech.com\/pt-pt\/wp-json\/wp\/v2\/product\/8383"}],"collection":[{"href":"https:\/\/svilupporaytech.com\/pt-pt\/wp-json\/wp\/v2\/product"}],"about":[{"href":"https:\/\/svilupporaytech.com\/pt-pt\/wp-json\/wp\/v2\/types\/product"}],"wp:featuredmedia":[{"embeddable":true,"href":"https:\/\/svilupporaytech.com\/pt-pt\/wp-json\/wp\/v2\/media\/3980"}],"wp:attachment":[{"href":"https:\/\/svilupporaytech.com\/pt-pt\/wp-json\/wp\/v2\/media?parent=8383"}],"wp:term":[{"taxonomy":"product_cat","embeddable":true,"href":"https:\/\/svilupporaytech.com\/pt-pt\/wp-json\/wp\/v2\/product_cat?post=8383"},{"taxonomy":"product_tag","embeddable":true,"href":"https:\/\/svilupporaytech.com\/pt-pt\/wp-json\/wp\/v2\/product_tag?post=8383"}],"curies":[{"name":"wp","href":"https:\/\/api.w.org\/{rel}","templated":true}]}}