{"id":8387,"date":"2015-07-16T13:17:24","date_gmt":"2016-01-26T16:27:19","guid":{"rendered":"http:\/\/raytech.it\/?post_type=product&#038;p=8387&#038;lang=pt-pt"},"modified":"2019-12-21T16:43:38","modified_gmt":"2019-12-21T15:43:38","slug":"galactic-mammut-security","status":"publish","type":"product","link":"https:\/\/svilupporaytech.com\/pt-pt\/produto\/baixa-tensao\/especiais\/kit-para-sistemas-eletricos\/galactic-mammut-security\/","title":{"rendered":"Galactic Mammut Security"},"content":{"rendered":"<h4><span style=\"color: #009832;\">Kit de liga\u00e7\u00e3o<\/span><\/h4>\n<p>O Galactic Mammut Security \u00e9 um acess\u00f3rio extremamente compacto, adequado para resolver todos os problemas de isolamento, selagem e coloca\u00e7\u00e3o em seguran\u00e7a de liga\u00e7\u00f5es efetuadas com terminais tipo Mammut (caixa de liga\u00e7\u00e3o) ou entran\u00e7ado. \u00c9 fornecido completo com liga\u00e7\u00f5es Mammut de 4 mm\u00b2, para a jun\u00e7\u00e3o r\u00e1pida e segura de condutores. Indicado para qualquer tipo de uso, dom\u00e9stico e industrial, para colocar em condi\u00e7\u00f5es de seguran\u00e7a, os cabos volantes ou at\u00e9 mesmo descobertos, repara\u00e7\u00f5es r\u00e1pidas de cabos e extens\u00f5es danificadas, para a seguran\u00e7a das instala\u00e7\u00f5es nos jardins, nos quadros, por baixo dos eletrodom\u00e9sticos da cozinha, etc.. N\u00e3o t\u00f3xico, sem prazo de validade, facilmente reacess\u00edvel, completamente selado, sem prazo de validade de armazenagem. Uma vez fechada, a liga\u00e7\u00e3o interna \u00e9 imediatamente bloqueada. Tamb\u00e9m na cozinha ou na casa de banho o Galactic Mammut \u00e9 indispens\u00e1vel, especialmente se o local for h\u00famido.<\/p>\n<ul>\n<li><span style=\"color: #009832;\">Acabam-se os n\u00f3s de fios ou conectores descobertos!<\/span><\/li>\n<li><span style=\"color: #009832;\">A solu\u00e7\u00e3o segura, fi\u00e1vel e r\u00e1pida chama-se Galactic Mammut Security<\/span><\/li>\n<\/ul>\n","protected":false},"excerpt":{"rendered":"<p>Kit de liga\u00e7\u00e3o O Galactic Mammut Security \u00e9 um acess\u00f3rio extremamente compacto, adequado para resolver todos os problemas de isolamento, selagem e coloca\u00e7\u00e3o em seguran\u00e7a de liga\u00e7\u00f5es efetuadas com terminais<span class=\"excerpt-hellip\"> [\u2026]<\/span><\/p>\n","protected":false},"featured_media":4053,"template":"","meta":[],"product_cat":[321,342,344],"product_tag":[],"yoast_head":"<!-- This site is optimized with the Yoast SEO plugin v22.7 - https:\/\/yoast.com\/wordpress\/plugins\/seo\/ -->\n<title>Galactic Mammut Security | Raytech<\/title>\n<meta name=\"robots\" content=\"index, follow, max-snippet:-1, max-image-preview:large, max-video-preview:-1\" \/>\n<link rel=\"canonical\" href=\"https:\/\/svilupporaytech.com\/pt-pt\/produto\/baixa-tensao\/especiais\/kit-para-sistemas-eletricos\/galactic-mammut-security\/\" \/>\n<meta property=\"og:locale\" content=\"pt_PT\" \/>\n<meta property=\"og:type\" content=\"article\" \/>\n<meta property=\"og:title\" content=\"Galactic Mammut Security | Raytech\" \/>\n<meta property=\"og:description\" content=\"Kit de liga\u00e7\u00e3o O Galactic Mammut Security \u00e9 um acess\u00f3rio extremamente compacto, adequado para resolver todos os problemas de isolamento, selagem e coloca\u00e7\u00e3o em seguran\u00e7a de liga\u00e7\u00f5es efetuadas com terminais [\u2026]\" \/>\n<meta property=\"og:url\" content=\"https:\/\/svilupporaytech.com\/pt-pt\/produto\/baixa-tensao\/especiais\/kit-para-sistemas-eletricos\/galactic-mammut-security\/\" \/>\n<meta property=\"og:site_name\" content=\"Raytech\" \/>\n<meta property=\"article:modified_time\" content=\"2019-12-21T15:43:38+00:00\" \/>\n<meta property=\"og:image\" content=\"https:\/\/svilupporaytech.com\/wp-content\/uploads\/galactic-mammut-security-1.jpg\" \/>\n\t<meta property=\"og:image:width\" content=\"1024\" \/>\n\t<meta property=\"og:image:height\" content=\"1024\" \/>\n\t<meta property=\"og:image:type\" content=\"image\/jpeg\" \/>\n<meta name=\"twitter:card\" content=\"summary_large_image\" \/>\n<meta name=\"twitter:label1\" content=\"Tempo estimado de leitura\" \/>\n\t<meta name=\"twitter:data1\" content=\"1 minuto\" \/>\n<script type=\"application\/ld+json\" class=\"yoast-schema-graph\">{\"@context\":\"https:\/\/schema.org\",\"@graph\":[{\"@type\":\"WebPage\",\"@id\":\"https:\/\/svilupporaytech.com\/pt-pt\/produto\/baixa-tensao\/especiais\/kit-para-sistemas-eletricos\/galactic-mammut-security\/\",\"url\":\"https:\/\/svilupporaytech.com\/pt-pt\/produto\/baixa-tensao\/especiais\/kit-para-sistemas-eletricos\/galactic-mammut-security\/\",\"name\":\"Galactic Mammut Security | Raytech\",\"isPartOf\":{\"@id\":\"https:\/\/svilupporaytech.com\/#website\"},\"primaryImageOfPage\":{\"@id\":\"https:\/\/svilupporaytech.com\/pt-pt\/produto\/baixa-tensao\/especiais\/kit-para-sistemas-eletricos\/galactic-mammut-security\/#primaryimage\"},\"image\":{\"@id\":\"https:\/\/svilupporaytech.com\/pt-pt\/produto\/baixa-tensao\/especiais\/kit-para-sistemas-eletricos\/galactic-mammut-security\/#primaryimage\"},\"thumbnailUrl\":\"https:\/\/svilupporaytech.com\/wp-content\/uploads\/galactic-mammut-security-1.jpg\",\"datePublished\":\"2016-01-26T16:27:19+00:00\",\"dateModified\":\"2019-12-21T15:43:38+00:00\",\"breadcrumb\":{\"@id\":\"https:\/\/svilupporaytech.com\/pt-pt\/produto\/baixa-tensao\/especiais\/kit-para-sistemas-eletricos\/galactic-mammut-security\/#breadcrumb\"},\"inLanguage\":\"pt-PT\",\"potentialAction\":[{\"@type\":\"ReadAction\",\"target\":[\"https:\/\/svilupporaytech.com\/pt-pt\/produto\/baixa-tensao\/especiais\/kit-para-sistemas-eletricos\/galactic-mammut-security\/\"]}]},{\"@type\":\"ImageObject\",\"inLanguage\":\"pt-PT\",\"@id\":\"https:\/\/svilupporaytech.com\/pt-pt\/produto\/baixa-tensao\/especiais\/kit-para-sistemas-eletricos\/galactic-mammut-security\/#primaryimage\",\"url\":\"https:\/\/svilupporaytech.com\/wp-content\/uploads\/galactic-mammut-security-1.jpg\",\"contentUrl\":\"https:\/\/svilupporaytech.com\/wp-content\/uploads\/galactic-mammut-security-1.jpg\",\"width\":1024,\"height\":1024},{\"@type\":\"BreadcrumbList\",\"@id\":\"https:\/\/svilupporaytech.com\/pt-pt\/produto\/baixa-tensao\/especiais\/kit-para-sistemas-eletricos\/galactic-mammut-security\/#breadcrumb\",\"itemListElement\":[{\"@type\":\"ListItem\",\"position\":1,\"name\":\"Home\",\"item\":\"https:\/\/svilupporaytech.com\/pt-pt\/\"},{\"@type\":\"ListItem\",\"position\":2,\"name\":\"Loja\",\"item\":\"https:\/\/svilupporaytech.com\/pt-pt\/loja\/\"},{\"@type\":\"ListItem\",\"position\":3,\"name\":\"Galactic Mammut Security\"}]},{\"@type\":\"WebSite\",\"@id\":\"https:\/\/svilupporaytech.com\/#website\",\"url\":\"https:\/\/svilupporaytech.com\/\",\"name\":\"Raytech\",\"description\":\"Cable accessories company\",\"potentialAction\":[{\"@type\":\"SearchAction\",\"target\":{\"@type\":\"EntryPoint\",\"urlTemplate\":\"https:\/\/svilupporaytech.com\/?s={search_term_string}\"},\"query-input\":\"required name=search_term_string\"}],\"inLanguage\":\"pt-PT\"}]}<\/script>\n<!-- \/ Yoast SEO plugin. -->","yoast_head_json":{"title":"Galactic Mammut Security | Raytech","robots":{"index":"index","follow":"follow","max-snippet":"max-snippet:-1","max-image-preview":"max-image-preview:large","max-video-preview":"max-video-preview:-1"},"canonical":"https:\/\/svilupporaytech.com\/pt-pt\/produto\/baixa-tensao\/especiais\/kit-para-sistemas-eletricos\/galactic-mammut-security\/","og_locale":"pt_PT","og_type":"article","og_title":"Galactic Mammut Security | Raytech","og_description":"Kit de liga\u00e7\u00e3o O Galactic Mammut Security \u00e9 um acess\u00f3rio extremamente compacto, adequado para resolver todos os problemas de isolamento, selagem e coloca\u00e7\u00e3o em seguran\u00e7a de liga\u00e7\u00f5es efetuadas com terminais [\u2026]","og_url":"https:\/\/svilupporaytech.com\/pt-pt\/produto\/baixa-tensao\/especiais\/kit-para-sistemas-eletricos\/galactic-mammut-security\/","og_site_name":"Raytech","article_modified_time":"2019-12-21T15:43:38+00:00","og_image":[{"width":1024,"height":1024,"url":"https:\/\/svilupporaytech.com\/wp-content\/uploads\/galactic-mammut-security-1.jpg","type":"image\/jpeg"}],"twitter_card":"summary_large_image","twitter_misc":{"Tempo estimado de leitura":"1 minuto"},"schema":{"@context":"https:\/\/schema.org","@graph":[{"@type":"WebPage","@id":"https:\/\/svilupporaytech.com\/pt-pt\/produto\/baixa-tensao\/especiais\/kit-para-sistemas-eletricos\/galactic-mammut-security\/","url":"https:\/\/svilupporaytech.com\/pt-pt\/produto\/baixa-tensao\/especiais\/kit-para-sistemas-eletricos\/galactic-mammut-security\/","name":"Galactic Mammut Security | Raytech","isPartOf":{"@id":"https:\/\/svilupporaytech.com\/#website"},"primaryImageOfPage":{"@id":"https:\/\/svilupporaytech.com\/pt-pt\/produto\/baixa-tensao\/especiais\/kit-para-sistemas-eletricos\/galactic-mammut-security\/#primaryimage"},"image":{"@id":"https:\/\/svilupporaytech.com\/pt-pt\/produto\/baixa-tensao\/especiais\/kit-para-sistemas-eletricos\/galactic-mammut-security\/#primaryimage"},"thumbnailUrl":"https:\/\/svilupporaytech.com\/wp-content\/uploads\/galactic-mammut-security-1.jpg","datePublished":"2016-01-26T16:27:19+00:00","dateModified":"2019-12-21T15:43:38+00:00","breadcrumb":{"@id":"https:\/\/svilupporaytech.com\/pt-pt\/produto\/baixa-tensao\/especiais\/kit-para-sistemas-eletricos\/galactic-mammut-security\/#breadcrumb"},"inLanguage":"pt-PT","potentialAction":[{"@type":"ReadAction","target":["https:\/\/svilupporaytech.com\/pt-pt\/produto\/baixa-tensao\/especiais\/kit-para-sistemas-eletricos\/galactic-mammut-security\/"]}]},{"@type":"ImageObject","inLanguage":"pt-PT","@id":"https:\/\/svilupporaytech.com\/pt-pt\/produto\/baixa-tensao\/especiais\/kit-para-sistemas-eletricos\/galactic-mammut-security\/#primaryimage","url":"https:\/\/svilupporaytech.com\/wp-content\/uploads\/galactic-mammut-security-1.jpg","contentUrl":"https:\/\/svilupporaytech.com\/wp-content\/uploads\/galactic-mammut-security-1.jpg","width":1024,"height":1024},{"@type":"BreadcrumbList","@id":"https:\/\/svilupporaytech.com\/pt-pt\/produto\/baixa-tensao\/especiais\/kit-para-sistemas-eletricos\/galactic-mammut-security\/#breadcrumb","itemListElement":[{"@type":"ListItem","position":1,"name":"Home","item":"https:\/\/svilupporaytech.com\/pt-pt\/"},{"@type":"ListItem","position":2,"name":"Loja","item":"https:\/\/svilupporaytech.com\/pt-pt\/loja\/"},{"@type":"ListItem","position":3,"name":"Galactic Mammut Security"}]},{"@type":"WebSite","@id":"https:\/\/svilupporaytech.com\/#website","url":"https:\/\/svilupporaytech.com\/","name":"Raytech","description":"Cable accessories company","potentialAction":[{"@type":"SearchAction","target":{"@type":"EntryPoint","urlTemplate":"https:\/\/svilupporaytech.com\/?s={search_term_string}"},"query-input":"required name=search_term_string"}],"inLanguage":"pt-PT"}]}},"_links":{"self":[{"href":"https:\/\/svilupporaytech.com\/pt-pt\/wp-json\/wp\/v2\/product\/8387"}],"collection":[{"href":"https:\/\/svilupporaytech.com\/pt-pt\/wp-json\/wp\/v2\/product"}],"about":[{"href":"https:\/\/svilupporaytech.com\/pt-pt\/wp-json\/wp\/v2\/types\/product"}],"wp:featuredmedia":[{"embeddable":true,"href":"https:\/\/svilupporaytech.com\/pt-pt\/wp-json\/wp\/v2\/media\/4053"}],"wp:attachment":[{"href":"https:\/\/svilupporaytech.com\/pt-pt\/wp-json\/wp\/v2\/media?parent=8387"}],"wp:term":[{"taxonomy":"product_cat","embeddable":true,"href":"https:\/\/svilupporaytech.com\/pt-pt\/wp-json\/wp\/v2\/product_cat?post=8387"},{"taxonomy":"product_tag","embeddable":true,"href":"https:\/\/svilupporaytech.com\/pt-pt\/wp-json\/wp\/v2\/product_tag?post=8387"}],"curies":[{"name":"wp","href":"https:\/\/api.w.org\/{rel}","templated":true}]}}